{"id":3044,"date":"2025-05-13T14:17:35","date_gmt":"2025-05-13T06:17:35","guid":{"rendered":"https:\/\/jblcorten.com\/?post_type=product&#038;p=3044"},"modified":"2025-05-13T14:19:35","modified_gmt":"2025-05-13T06:19:35","slug":"jardinera-alta-de-acero-corten","status":"publish","type":"product","link":"https:\/\/jblcorten.com\/es\/tall-corten-steel-planter\/","title":{"rendered":"Jardinera alta de acero corten"},"content":{"rendered":"<h2 style=\"text-align: center;\"><span style=\"font-size: 14pt;\">Jardinera alta de acero corten<\/span><\/h2>\n<p>Las macetas tradicionales son en su mayor\u00eda redondas o cortas y gordas, mientras que esta jardinera alta de acero corten adopta un dise\u00f1o cuadrado con la misma anchura en las bocas superior e inferior, lo que resulta m\u00e1s vertical y potente visualmente. La estructura alta le permite retener m\u00e1s tierra, lo que favorece el crecimiento de plantas con sistemas radiculares profundos. Es especialmente adecuado para plantar plantas verdes como bamb\u00fa, arbustos, \u00e1rboles peque\u00f1os y enredaderas que tienen ciertos requisitos de espacio y profundidad del suelo. Al mismo tiempo, esta forma facilita la colocaci\u00f3n y combinaci\u00f3n de las macetas, que pueden disponerse estrechamente para formar un efecto paisaj\u00edstico sim\u00e9trico o dispuesto, muy moderno y ordenado.<\/p>\n<p><strong><span style=\"font-size: 14pt;\">Especificaci\u00f3n del producto:<\/span><\/strong><\/p>\n<table style=\"border-collapse: collapse; width: 100%; height: 265px;\">\n<tbody>\n<tr style=\"height: 53px;\">\n<td style=\"width: 22.0269%; background-color: #f5f5f5; height: 53px;\">Nombre del producto<\/td>\n<td style=\"width: 77.9731%; background-color: #f5f5f5; height: 53px;\">Jardinera alta de acero corten<\/td>\n<\/tr>\n<tr style=\"height: 53px;\">\n<td style=\"width: 22.0269%; height: 53px;\">Material<\/td>\n<td style=\"width: 77.9731%; height: 53px;\">Acero corten\/acero resistente a la intemperie<\/td>\n<\/tr>\n<tr style=\"height: 53px;\">\n<td style=\"width: 22.0269%; height: 53px; background-color: #f5f5f5;\">Talla<\/td>\n<td style=\"width: 77.9731%; height: 53px; background-color: #f5f5f5;\">Largo 32\u00d7 Ancho 32 \u00d7 Alto 75 cm<\/td>\n<\/tr>\n<tr style=\"height: 53px;\">\n<td style=\"width: 22.0269%; height: 53px;\">Espesor<\/td>\n<td style=\"width: 77.9731%; height: 53px;\">3 mm<\/td>\n<\/tr>\n<tr style=\"height: 53px;\">\n<td style=\"width: 22.0269%; height: 53px; background-color: #f5f5f5;\">Agujero de drenaje<\/td>\n<td style=\"width: 77.9731%; height: 53px; background-color: #f5f5f5;\">S\u00ed<\/td>\n<\/tr>\n<\/tbody>\n<\/table>\n<p><strong><span style=\"font-size: 14pt;\">Acero corten:<\/span><\/strong><\/p>\n<p>El material utilizado para esta jardinera alta es acero resistente a la intemperie. El acero resistente a la intemperie, tambi\u00e9n conocido como \"acero corten\" o \"acero resistente al \u00f3xido\", es un acero de baja aleaci\u00f3n que contiene una peque\u00f1a cantidad de elementos de aleaci\u00f3n como cobre, cromo y n\u00edquel. En el entorno natural, se forma una capa de \u00f3xido estable y densa en la superficie del acero corten. Esta capa de \u00f3xido no s\u00f3lo evita la corrosi\u00f3n posterior, sino que tambi\u00e9n tiene un fuerte efecto decorativo, presentando un c\u00e1lido tono rojo \u00f3xido, con una textura \u00fanica y art\u00edstica. En comparaci\u00f3n con el acero ordinario, el acero de intemperie tiene una vida \u00fatil m\u00e1s larga y menores costes de mantenimiento.<\/p>\n<p><img fetchpriority=\"high\" decoding=\"async\" class=\"alignnone size-full wp-image-2519\" src=\"https:\/\/jblcorten.com\/wp-content\/uploads\/2025\/03\/corten-steel-material.jpg\" alt=\"\" width=\"750\" height=\"321\" title=\"\" srcset=\"https:\/\/jblcorten.com\/wp-content\/uploads\/2025\/03\/corten-steel-material.jpg 750w, https:\/\/jblcorten.com\/wp-content\/uploads\/2025\/03\/corten-steel-material-600x257.jpg 600w, https:\/\/jblcorten.com\/wp-content\/uploads\/2025\/03\/corten-steel-material-300x128.jpg 300w, https:\/\/jblcorten.com\/wp-content\/uploads\/2025\/03\/corten-steel-material-18x8.jpg 18w\" sizes=\"(max-width: 750px) 100vw, 750px\" \/><\/p>\n<p><strong><span style=\"font-size: 14pt;\">Nuestro servicio:<\/span><\/strong><\/p>\n<p>Esta jardinera alta de acero corten admite tama\u00f1os y tratamientos de superficie personalizados. Ya sea de 1 metro o 1,5 metros de altura, puede procesarse de forma flexible seg\u00fan las necesidades del cliente para adaptarse a diferentes requisitos de espacio. La superficie tambi\u00e9n puede oxidarse de forma natural o preoxidarse seg\u00fan la atm\u00f3sfera ambiental, e incluso puede rociarse pintura antioxidante o una capa protectora transparente para retrasar el proceso de oxidaci\u00f3n de la superficie.<\/p>\n<p><img decoding=\"async\" class=\"alignnone wp-image-3051\" src=\"https:\/\/jblcorten.com\/wp-content\/uploads\/2025\/05\/tall-corten-steel-planter-1.jpg\" alt=\"jardinera alta de acero corten\" width=\"750\" height=\"563\" title=\"\" srcset=\"https:\/\/jblcorten.com\/wp-content\/uploads\/2025\/05\/tall-corten-steel-planter-1.jpg 1000w, https:\/\/jblcorten.com\/wp-content\/uploads\/2025\/05\/tall-corten-steel-planter-1-600x450.jpg 600w, https:\/\/jblcorten.com\/wp-content\/uploads\/2025\/05\/tall-corten-steel-planter-1-300x225.jpg 300w, https:\/\/jblcorten.com\/wp-content\/uploads\/2025\/05\/tall-corten-steel-planter-1-768x576.jpg 768w, https:\/\/jblcorten.com\/wp-content\/uploads\/2025\/05\/tall-corten-steel-planter-1-16x12.jpg 16w\" sizes=\"(max-width: 750px) 100vw, 750px\" \/><\/p>\n<p><img decoding=\"async\" class=\"alignnone size-full wp-image-3052\" src=\"https:\/\/jblcorten.com\/wp-content\/uploads\/2025\/05\/tall-flower-pots-outdoor.jpg\" alt=\"macetas altas de exterior\" width=\"750\" height=\"562\" title=\"\" srcset=\"https:\/\/jblcorten.com\/wp-content\/uploads\/2025\/05\/tall-flower-pots-outdoor.jpg 750w, https:\/\/jblcorten.com\/wp-content\/uploads\/2025\/05\/tall-flower-pots-outdoor-600x450.jpg 600w, https:\/\/jblcorten.com\/wp-content\/uploads\/2025\/05\/tall-flower-pots-outdoor-300x225.jpg 300w, https:\/\/jblcorten.com\/wp-content\/uploads\/2025\/05\/tall-flower-pots-outdoor-16x12.jpg 16w\" sizes=\"(max-width: 750px) 100vw, 750px\" \/><\/p>\n<p><img loading=\"lazy\" decoding=\"async\" class=\"alignnone size-full wp-image-3053\" src=\"https:\/\/jblcorten.com\/wp-content\/uploads\/2025\/05\/tall-planter-box-outdoor.png\" alt=\"jardinera alta de exterior\" width=\"750\" height=\"501\" title=\"\" srcset=\"https:\/\/jblcorten.com\/wp-content\/uploads\/2025\/05\/tall-planter-box-outdoor.png 750w, https:\/\/jblcorten.com\/wp-content\/uploads\/2025\/05\/tall-planter-box-outdoor-600x401.png 600w, https:\/\/jblcorten.com\/wp-content\/uploads\/2025\/05\/tall-planter-box-outdoor-300x200.png 300w, https:\/\/jblcorten.com\/wp-content\/uploads\/2025\/05\/tall-planter-box-outdoor-18x12.png 18w\" sizes=\"(max-width: 750px) 100vw, 750px\" \/><\/p>","protected":false},"excerpt":{"rendered":"<p>Esta jardinera alta de acero corten admite tama\u00f1os y tratamientos de superficie personalizados, y puede procesarse con flexibilidad seg\u00fan las necesidades del cliente para adaptarse a diferentes requisitos de espacio.<\/p>\n<p>La superficie tambi\u00e9n puede oxidarse de forma natural o preoxidarse en funci\u00f3n del entorno, e incluso puede rociarse con pintura antioxidante o una capa protectora transparente para retrasar el proceso de oxidaci\u00f3n superficial.<\/p>","protected":false},"featured_media":3046,"template":"","meta":{"site-sidebar-layout":"default","site-content-layout":"","ast-site-content-layout":"default","site-content-style":"default","site-sidebar-style":"default","ast-global-header-display":"","ast-banner-title-visibility":"","ast-main-header-display":"","ast-hfb-above-header-display":"","ast-hfb-below-header-display":"","ast-hfb-mobile-header-display":"","site-post-title":"","ast-breadcrumbs-content":"","ast-featured-img":"","footer-sml-layout":"","ast-disable-related-posts":"","theme-transparent-header-meta":"default","adv-header-id-meta":"","stick-header-meta":"","header-above-stick-meta":"","header-main-stick-meta":"","header-below-stick-meta":"","astra-migrate-meta-layouts":"set","ast-page-background-enabled":"default","ast-page-background-meta":{"desktop":{"background-color":"var(--ast-global-color-4)","background-image":"","background-repeat":"repeat","background-position":"center center","background-size":"auto","background-attachment":"scroll","background-type":"","background-media":"","overlay-type":"","overlay-color":"","overlay-opacity":"","overlay-gradient":""},"tablet":{"background-color":"","background-image":"","background-repeat":"repeat","background-position":"center center","background-size":"auto","background-attachment":"scroll","background-type":"","background-media":"","overlay-type":"","overlay-color":"","overlay-opacity":"","overlay-gradient":""},"mobile":{"background-color":"","background-image":"","background-repeat":"repeat","background-position":"center center","background-size":"auto","background-attachment":"scroll","background-type":"","background-media":"","overlay-type":"","overlay-color":"","overlay-opacity":"","overlay-gradient":""}},"ast-content-background-meta":{"desktop":{"background-color":"var(--ast-global-color-5)","background-image":"","background-repeat":"repeat","background-position":"center center","background-size":"auto","background-attachment":"scroll","background-type":"","background-media":"","overlay-type":"","overlay-color":"","overlay-opacity":"","overlay-gradient":""},"tablet":{"background-color":"var(--ast-global-color-5)","background-image":"","background-repeat":"repeat","background-position":"center center","background-size":"auto","background-attachment":"scroll","background-type":"","background-media":"","overlay-type":"","overlay-color":"","overlay-opacity":"","overlay-gradient":""},"mobile":{"background-color":"var(--ast-global-color-5)","background-image":"","background-repeat":"repeat","background-position":"center center","background-size":"auto","background-attachment":"scroll","background-type":"","background-media":"","overlay-type":"","overlay-color":"","overlay-opacity":"","overlay-gradient":""}}},"product_brand":[],"product_cat":[34],"product_tag":[],"class_list":{"0":"post-3044","1":"product","2":"type-product","3":"status-publish","4":"has-post-thumbnail","6":"product_cat-planter-pots","7":"desktop-align-center","8":"tablet-align-left","9":"mobile-align-left","11":"first","12":"instock","13":"shipping-taxable","14":"product-type-simple"},"_links":{"self":[{"href":"https:\/\/jblcorten.com\/es\/wp-json\/wp\/v2\/product\/3044","targetHints":{"allow":["GET"]}}],"collection":[{"href":"https:\/\/jblcorten.com\/es\/wp-json\/wp\/v2\/product"}],"about":[{"href":"https:\/\/jblcorten.com\/es\/wp-json\/wp\/v2\/types\/product"}],"wp:featuredmedia":[{"embeddable":true,"href":"https:\/\/jblcorten.com\/es\/wp-json\/wp\/v2\/media\/3046"}],"wp:attachment":[{"href":"https:\/\/jblcorten.com\/es\/wp-json\/wp\/v2\/media?parent=3044"}],"wp:term":[{"taxonomy":"product_brand","embeddable":true,"href":"https:\/\/jblcorten.com\/es\/wp-json\/wp\/v2\/product_brand?post=3044"},{"taxonomy":"product_cat","embeddable":true,"href":"https:\/\/jblcorten.com\/es\/wp-json\/wp\/v2\/product_cat?post=3044"},{"taxonomy":"product_tag","embeddable":true,"href":"https:\/\/jblcorten.com\/es\/wp-json\/wp\/v2\/product_tag?post=3044"}],"curies":[{"name":"wp","href":"https:\/\/api.w.org\/{rel}","templated":true}]}}