{"id":3031,"date":"2025-05-12T15:21:52","date_gmt":"2025-05-12T07:21:52","guid":{"rendered":"https:\/\/jblcorten.com\/?post_type=product&#038;p=3031"},"modified":"2025-05-12T15:24:07","modified_gmt":"2025-05-12T07:24:07","slug":"jardinera-conica-de-acero-corten","status":"publish","type":"product","link":"https:\/\/jblcorten.com\/es\/corten-steel-tapered-planter\/","title":{"rendered":"Jardinera c\u00f3nica de acero corten"},"content":{"rendered":"<h2 style=\"text-align: center;\"><span style=\"font-size: 14pt;\">Jardinera c\u00f3nica de acero corten<\/span><\/h2>\n<p>La jardinera c\u00f3nica de acero corten est\u00e1 fabricada con acero corten como material principal, que tiene una gran resistencia a la intemperie y un aspecto \u00fanico. La forma general es un cono alto, con un fondo estrecho que se ensancha gradualmente hacia arriba. Combina la estructura geom\u00e9trica del cuadrado exterior y el cono interior, y tiene claras l\u00edneas angulares en el borde, lo que hace que presente un efecto visual resistente, erguido y potente. Esta jardinera c\u00f3nica de acero corten puede colocarse en zonas comerciales, patios de villas, plazas p\u00fablicas, entradas de hoteles o terrazas.<\/p>\n<p>La jardinera c\u00f3nica m\u00e1s alta no s\u00f3lo hace que las plantas se centren m\u00e1s visualmente en el paisaje general, sino que tambi\u00e9n forma una divisi\u00f3n y gu\u00eda natural en el espacio. Es adecuada para zonas funcionales como la gu\u00eda de carreteras, ambos lados de canales visuales y zonas de se\u00f1alizaci\u00f3n de entrada en grandes espacios abiertos. El dise\u00f1o de posici\u00f3n alta tambi\u00e9n ayuda a evitar que la vegetaci\u00f3n se vea perturbada por el suelo h\u00famedo o las plagas, y facilita el mantenimiento diario.<\/p>\n<p><strong><span style=\"font-size: 14pt;\">Especificaci\u00f3n del producto:<\/span><\/strong><\/p>\n<table style=\"border-collapse: collapse; width: 100%;\">\n<tbody>\n<tr>\n<td style=\"width: 26.8886%; background-color: #f5f5f5;\">Nombre del producto<\/td>\n<td style=\"width: 73.1114%; background-color: #f5f5f5;\">Jardinera c\u00f3nica de acero corten<\/td>\n<\/tr>\n<tr>\n<td style=\"width: 26.8886%;\">Material<\/td>\n<td style=\"width: 73.1114%;\">Acero corten\/Acero resistente a la intemperie<\/td>\n<\/tr>\n<tr>\n<td style=\"width: 26.8886%; background-color: #f5f5f5;\">Forma<\/td>\n<td style=\"width: 73.1114%; background-color: #f5f5f5;\">Cuadrado c\u00f3nico<\/td>\n<\/tr>\n<tr>\n<td style=\"width: 26.8886%;\">Dimensiones<\/td>\n<td style=\"width: 73.1114%;\">L 40\u00d7An 40\u00d7Al 90 cm<\/td>\n<\/tr>\n<tr>\n<td style=\"width: 26.8886%; background-color: #f5f5f5;\">Peso<\/td>\n<td style=\"width: 73.1114%; background-color: #f5f5f5;\">25 kg<\/td>\n<\/tr>\n<\/tbody>\n<\/table>\n<p><strong><span style=\"font-size: 14pt;\">Caracter\u00edsticas del producto:<\/span><\/strong><\/p>\n<p>1. Material duradero<br \/>\nEl acero resistente a la intemperie tiene una resistencia a la corrosi\u00f3n extremadamente fuerte y puede generar de forma natural una capa protectora de \u00f3xido en un entorno de viento y lluvia. No solo es resistente y duradero, sino que tambi\u00e9n tiene funciones de protecci\u00f3n natural, no requiere revestimiento adicional y tiene bajos costes de mantenimiento.<\/p>\n<p>2. Aspecto \u00fanico<br \/>\nLa superficie cambia con el tiempo y presenta un tono rojo \u00f3xido natural, con una textura tranquila y ricas capas de color.<\/p>\n<p>3. Dise\u00f1o c\u00f3nico<br \/>\nLa forma que se expande gradualmente de abajo a arriba y el contorno cuadrado exterior hacen que la maceta sea sencilla y poderosa en su conjunto, con un fuerte sentido de la est\u00e9tica arquitect\u00f3nica.<\/p>\n<p>4. Estructura de jardinera alta, gran aprovechamiento del espacio<br \/>\nLa ventaja de la altura lo hace adecuado para plantar plantas con ra\u00edces profundas y cuerpos altos, lo que ayuda a construir niveles paisaj\u00edsticos, y tambi\u00e9n favorece el drenaje y el desag\u00fce, mejorando la calidad del entorno de crecimiento de las plantas.<\/p>\n<p>5. Sistema de drenaje<br \/>\nDe acuerdo con las necesidades de crecimiento de las distintas plantas, se han dise\u00f1ado orificios de drenaje en el fondo de la maceta para facilitar la evacuaci\u00f3n del agua y evitar su acumulaci\u00f3n, al tiempo que se favorece el desarrollo saludable de las ra\u00edces de las plantas.<\/p>\n<p><strong><span style=\"font-size: 14pt;\">\u00bfQu\u00e9 es el acero corten?<\/span><\/strong><\/p>\n<p>El acero corten (resistente a la intemperie), tambi\u00e9n conocido como acero resistente a la corrosi\u00f3n atmosf\u00e9rica, es un acero especial que mejora su capacidad antioxidante a\u00f1adiendo trazas de elementos de aleaci\u00f3n (como cobre, cromo y n\u00edquel). La mayor ventaja de este material es que puede formar gradualmente una densa capa de \u00f3xido de color rojo \u00f3xido en la superficie en condiciones clim\u00e1ticas naturales. Esta capa no s\u00f3lo tiene una excelente adherencia y estabilidad, sino que tambi\u00e9n puede bloquear la corrosi\u00f3n posterior del metal interno por el aire y la humedad.<\/p>\n<p><img fetchpriority=\"high\" decoding=\"async\" class=\"alignnone size-full wp-image-2519\" src=\"https:\/\/jblcorten.com\/wp-content\/uploads\/2025\/03\/corten-steel-material.jpg\" alt=\"\" width=\"750\" height=\"321\" title=\"\" srcset=\"https:\/\/jblcorten.com\/wp-content\/uploads\/2025\/03\/corten-steel-material.jpg 750w, https:\/\/jblcorten.com\/wp-content\/uploads\/2025\/03\/corten-steel-material-600x257.jpg 600w, https:\/\/jblcorten.com\/wp-content\/uploads\/2025\/03\/corten-steel-material-300x128.jpg 300w, https:\/\/jblcorten.com\/wp-content\/uploads\/2025\/03\/corten-steel-material-18x8.jpg 18w\" sizes=\"(max-width: 750px) 100vw, 750px\" \/><\/p>\n<p><strong><span style=\"font-size: 14pt;\">Im\u00e1genes del producto:<\/span><\/strong><\/p>\n<p><img decoding=\"async\" class=\"alignnone size-full wp-image-3037\" src=\"https:\/\/jblcorten.com\/wp-content\/uploads\/2025\/05\/tall-tapered-planter-pot-for-sale.jpg\" alt=\"venta de macetas altas c\u00f3nicas\" width=\"750\" height=\"641\" title=\"\" srcset=\"https:\/\/jblcorten.com\/wp-content\/uploads\/2025\/05\/tall-tapered-planter-pot-for-sale.jpg 750w, https:\/\/jblcorten.com\/wp-content\/uploads\/2025\/05\/tall-tapered-planter-pot-for-sale-600x513.jpg 600w, https:\/\/jblcorten.com\/wp-content\/uploads\/2025\/05\/tall-tapered-planter-pot-for-sale-300x256.jpg 300w, https:\/\/jblcorten.com\/wp-content\/uploads\/2025\/05\/tall-tapered-planter-pot-for-sale-14x12.jpg 14w\" sizes=\"(max-width: 750px) 100vw, 750px\" \/><\/p>\n<p><img decoding=\"async\" class=\"alignnone size-full wp-image-3036\" src=\"https:\/\/jblcorten.com\/wp-content\/uploads\/2025\/05\/Corten-Steel-Tapered-Planter-1.jpg\" alt=\"Jardinera c\u00f3nica de acero corten\" width=\"750\" height=\"750\" title=\"\" srcset=\"https:\/\/jblcorten.com\/wp-content\/uploads\/2025\/05\/Corten-Steel-Tapered-Planter-1.jpg 750w, https:\/\/jblcorten.com\/wp-content\/uploads\/2025\/05\/Corten-Steel-Tapered-Planter-1-600x600.jpg 600w, https:\/\/jblcorten.com\/wp-content\/uploads\/2025\/05\/Corten-Steel-Tapered-Planter-1-100x100.jpg 100w, https:\/\/jblcorten.com\/wp-content\/uploads\/2025\/05\/Corten-Steel-Tapered-Planter-1-300x300.jpg 300w, https:\/\/jblcorten.com\/wp-content\/uploads\/2025\/05\/Corten-Steel-Tapered-Planter-1-150x150.jpg 150w, https:\/\/jblcorten.com\/wp-content\/uploads\/2025\/05\/Corten-Steel-Tapered-Planter-1-12x12.jpg 12w\" sizes=\"(max-width: 750px) 100vw, 750px\" \/><\/p>\n<p><strong><span style=\"font-size: 14pt;\">PREGUNTAS FRECUENTES:<\/span><\/strong><\/p>\n<p>1. \u00bfCu\u00e1nto tarda el acero corten en oxidarse?<br \/>\nSuele tardar entre 4 y 10 meses, dependiendo de las condiciones meteorol\u00f3gicas.<\/p>\n<p>2. \u00bfPuedo acelerar el proceso de oxidaci\u00f3n?<br \/>\nS\u00ed, utilizar una soluci\u00f3n de vinagre, sal y agua puede ayudar a acelerar la oxidaci\u00f3n. (Somos fabricantes de macetas de acero corten, y tambi\u00e9n podemos oxidar las macetas).<\/p>\n<p>3. \u00bfLas macetas de acero corten son seguras para las plantas?<br \/>\nPor supuesto, una vez que el \u00f3xido est\u00e1 completamente formado, no son t\u00f3xicos y son seguros para las plantas. El \u00f3xido inicial puede liberar hierro en el suelo, pero en general es inofensivo.<\/p>","protected":false},"excerpt":{"rendered":"<p>La jardinera c\u00f3nica superior de acero corten es adecuada para zonas funcionales como la gu\u00eda de carreteras, ambos lados de canales visuales y se\u00f1ales de entrada de grandes espacios abiertos.<\/p>\n<p>El dise\u00f1o de posici\u00f3n alta tambi\u00e9n ayuda a evitar que la vegetaci\u00f3n se vea alterada por el suelo h\u00famedo o las plagas, y facilita el mantenimiento diario.<\/p>","protected":false},"featured_media":3032,"template":"","meta":{"site-sidebar-layout":"default","site-content-layout":"","ast-site-content-layout":"default","site-content-style":"default","site-sidebar-style":"default","ast-global-header-display":"","ast-banner-title-visibility":"","ast-main-header-display":"","ast-hfb-above-header-display":"","ast-hfb-below-header-display":"","ast-hfb-mobile-header-display":"","site-post-title":"","ast-breadcrumbs-content":"","ast-featured-img":"","footer-sml-layout":"","ast-disable-related-posts":"","theme-transparent-header-meta":"default","adv-header-id-meta":"","stick-header-meta":"","header-above-stick-meta":"","header-main-stick-meta":"","header-below-stick-meta":"","astra-migrate-meta-layouts":"set","ast-page-background-enabled":"default","ast-page-background-meta":{"desktop":{"background-color":"var(--ast-global-color-4)","background-image":"","background-repeat":"repeat","background-position":"center center","background-size":"auto","background-attachment":"scroll","background-type":"","background-media":"","overlay-type":"","overlay-color":"","overlay-opacity":"","overlay-gradient":""},"tablet":{"background-color":"","background-image":"","background-repeat":"repeat","background-position":"center center","background-size":"auto","background-attachment":"scroll","background-type":"","background-media":"","overlay-type":"","overlay-color":"","overlay-opacity":"","overlay-gradient":""},"mobile":{"background-color":"","background-image":"","background-repeat":"repeat","background-position":"center center","background-size":"auto","background-attachment":"scroll","background-type":"","background-media":"","overlay-type":"","overlay-color":"","overlay-opacity":"","overlay-gradient":""}},"ast-content-background-meta":{"desktop":{"background-color":"var(--ast-global-color-5)","background-image":"","background-repeat":"repeat","background-position":"center center","background-size":"auto","background-attachment":"scroll","background-type":"","background-media":"","overlay-type":"","overlay-color":"","overlay-opacity":"","overlay-gradient":""},"tablet":{"background-color":"var(--ast-global-color-5)","background-image":"","background-repeat":"repeat","background-position":"center center","background-size":"auto","background-attachment":"scroll","background-type":"","background-media":"","overlay-type":"","overlay-color":"","overlay-opacity":"","overlay-gradient":""},"mobile":{"background-color":"var(--ast-global-color-5)","background-image":"","background-repeat":"repeat","background-position":"center center","background-size":"auto","background-attachment":"scroll","background-type":"","background-media":"","overlay-type":"","overlay-color":"","overlay-opacity":"","overlay-gradient":""}}},"product_brand":[],"product_cat":[34],"product_tag":[],"class_list":{"0":"post-3031","1":"product","2":"type-product","3":"status-publish","4":"has-post-thumbnail","6":"product_cat-planter-pots","7":"desktop-align-center","8":"tablet-align-left","9":"mobile-align-left","11":"first","12":"instock","13":"shipping-taxable","14":"product-type-simple"},"_links":{"self":[{"href":"https:\/\/jblcorten.com\/es\/wp-json\/wp\/v2\/product\/3031","targetHints":{"allow":["GET"]}}],"collection":[{"href":"https:\/\/jblcorten.com\/es\/wp-json\/wp\/v2\/product"}],"about":[{"href":"https:\/\/jblcorten.com\/es\/wp-json\/wp\/v2\/types\/product"}],"wp:featuredmedia":[{"embeddable":true,"href":"https:\/\/jblcorten.com\/es\/wp-json\/wp\/v2\/media\/3032"}],"wp:attachment":[{"href":"https:\/\/jblcorten.com\/es\/wp-json\/wp\/v2\/media?parent=3031"}],"wp:term":[{"taxonomy":"product_brand","embeddable":true,"href":"https:\/\/jblcorten.com\/es\/wp-json\/wp\/v2\/product_brand?post=3031"},{"taxonomy":"product_cat","embeddable":true,"href":"https:\/\/jblcorten.com\/es\/wp-json\/wp\/v2\/product_cat?post=3031"},{"taxonomy":"product_tag","embeddable":true,"href":"https:\/\/jblcorten.com\/es\/wp-json\/wp\/v2\/product_tag?post=3031"}],"curies":[{"name":"wp","href":"https:\/\/api.w.org\/{rel}","templated":true}]}}