{"id":2971,"date":"2025-05-07T16:54:26","date_gmt":"2025-05-07T08:54:26","guid":{"rendered":"https:\/\/jblcorten.com\/?post_type=product&#038;p=2971"},"modified":"2025-05-07T16:54:27","modified_gmt":"2025-05-07T08:54:27","slug":"hoguera-de-acero-envejecido","status":"publish","type":"product","link":"https:\/\/jblcorten.com\/es\/weathered-steel-fire-pit\/","title":{"rendered":"Hoguera de acero envejecido"},"content":{"rendered":"<h2 style=\"text-align: center;\"><span style=\"font-size: 14pt;\">Hoguera de acero envejecido<\/span><\/h2>\n<p>La hoguera de acero envejecido es una herramienta de calefacci\u00f3n para exteriores que combina el estilo natural con funciones pr\u00e1cticas. Se compone de dos partes principales: un hogar de le\u00f1a de gran capacidad y un soporte estable de tres patas. El pebetero est\u00e1 fabricado en acero de alta resistencia y ha sido sometido a un tratamiento especial de oxidaci\u00f3n. La superficie presenta un efecto \u00fanico de \u00f3xido a la intemperie, como si hubiera sido bautizada por los a\u00f1os, y tiene un valor decorativo muy elevado. Este color \u00f3xido no s\u00f3lo confiere al pozo de fuego un aspecto original y natural, sino que tambi\u00e9n mejora su resistencia a la intemperie en entornos exteriores.<\/p>\n<p>El dise\u00f1o general de la hoguera de acero envejecido es un sencillo dise\u00f1o en forma de cuenco con una estructura estable, que puede concentrar eficazmente el calor y mantener la combusti\u00f3n uniforme de la llama. El soporte de tres patas de abajo se puede desmontar o montar r\u00e1pidamente, lo que es conveniente para el transporte, el almacenamiento y el movimiento in situ. Es muy adecuado para actividades al aire libre como acampadas, fiestas en el patio, picnics, etc. El soporte adopta un dise\u00f1o estructural a juego con el recipiente para el fuego, que no s\u00f3lo es estable, sino que tambi\u00e9n acent\u00faa a\u00fan m\u00e1s el estilo \"envejecido\" general, de modo que todo el producto consigue un buen equilibrio entre practicidad y belleza.<\/p>\n<p><strong><span style=\"font-size: 14pt;\">Especificaci\u00f3n del producto:<\/span><\/strong><\/p>\n<table style=\"width: 100%;\">\n<tbody>\n<tr>\n<td style=\"width: 21.6904%;\">Nombre del producto<\/td>\n<td style=\"width: 78.2349%;\" width=\"414\">Hoguera de acero envejecido<\/td>\n<\/tr>\n<tr>\n<td style=\"width: 21.6904%;\">Talla<\/td>\n<td style=\"width: 78.2349%;\" width=\"414\">Dia.73cm H: 40cm<\/td>\n<\/tr>\n<tr>\n<td style=\"width: 21.6904%;\">Peso<\/td>\n<td style=\"width: 78.2349%;\" width=\"414\">8,9 kg<\/td>\n<\/tr>\n<tr>\n<td style=\"width: 21.6904%;\">Material<\/td>\n<td style=\"width: 78.2349%;\" width=\"414\">Acero corten<\/td>\n<\/tr>\n<tr>\n<td style=\"width: 21.6904%;\">Montaje<\/td>\n<td style=\"width: 78.2349%;\" width=\"414\">S\u00ed<\/td>\n<\/tr>\n<tr>\n<td style=\"width: 21.6904%;\">Personalizaci\u00f3n<\/td>\n<td style=\"width: 78.2349%;\">Logotipo, motivos, tama\u00f1o, embalaje y acabado personalizados<\/td>\n<\/tr>\n<tr>\n<td style=\"width: 21.6904%;\">Combustible<\/td>\n<td style=\"width: 78.2349%;\">Le\u00f1a, carb\u00f3n vegetal<\/td>\n<\/tr>\n<\/tbody>\n<\/table>\n<p><strong><span style=\"font-size: 14pt;\">Caracter\u00edsticas del producto:<\/span><\/strong><\/p>\n<p>1. Estructura desmontable: Consta de dos partes principales: un hogar semicircular de le\u00f1a y un soporte de tres patas, f\u00e1cil de montar.<br \/>\n2. Aspecto oxidado: La superficie presenta un efecto de \u00f3xido erosionado de forma natural, que tiene un impacto visual y un sentido art\u00edstico \u00fanicos.<br \/>\n3. Material de acero: El cuerpo del pozo de fuego est\u00e1 hecho de acero de alta resistencia, que tiene buena resistencia al calor y una estructura s\u00f3lida, adecuada para la quema de le\u00f1a a largo plazo.<br \/>\n4. Dise\u00f1o de apariencia: La cuenca de fuego tiene una forma cl\u00e1sica, puede concentrar el calor de la llama, y tiene una alta eficiencia de combusti\u00f3n.<br \/>\n5. Base: La estructura de soporte de tres patas garantiza que el pozo de fuego pueda permanecer estable en diferentes entornos de suelo, mejorando la seguridad durante su uso.<\/p>\n<p><img fetchpriority=\"high\" decoding=\"async\" class=\"alignnone size-full wp-image-2977\" src=\"https:\/\/jblcorten.com\/wp-content\/uploads\/2025\/05\/cheap-fire-pit.jpg\" alt=\"hoguera barata\" width=\"750\" height=\"500\" title=\"\" srcset=\"https:\/\/jblcorten.com\/wp-content\/uploads\/2025\/05\/cheap-fire-pit.jpg 750w, https:\/\/jblcorten.com\/wp-content\/uploads\/2025\/05\/cheap-fire-pit-600x400.jpg 600w, https:\/\/jblcorten.com\/wp-content\/uploads\/2025\/05\/cheap-fire-pit-300x200.jpg 300w, https:\/\/jblcorten.com\/wp-content\/uploads\/2025\/05\/cheap-fire-pit-18x12.jpg 18w\" sizes=\"(max-width: 750px) 100vw, 750px\" \/><img decoding=\"async\" class=\"alignnone size-full wp-image-2978\" src=\"https:\/\/jblcorten.com\/wp-content\/uploads\/2025\/05\/custom-fire-pits.jpg\" alt=\"hogueras personalizadas\" width=\"750\" height=\"500\" title=\"\" srcset=\"https:\/\/jblcorten.com\/wp-content\/uploads\/2025\/05\/custom-fire-pits.jpg 750w, https:\/\/jblcorten.com\/wp-content\/uploads\/2025\/05\/custom-fire-pits-600x400.jpg 600w, https:\/\/jblcorten.com\/wp-content\/uploads\/2025\/05\/custom-fire-pits-300x200.jpg 300w, https:\/\/jblcorten.com\/wp-content\/uploads\/2025\/05\/custom-fire-pits-18x12.jpg 18w\" sizes=\"(max-width: 750px) 100vw, 750px\" \/><img decoding=\"async\" class=\"alignnone size-full wp-image-2976\" src=\"https:\/\/jblcorten.com\/wp-content\/uploads\/2025\/05\/corten-fire-pit-in-stock.jpg\" alt=\"corten fire pit en stock\" width=\"750\" height=\"562\" title=\"\" srcset=\"https:\/\/jblcorten.com\/wp-content\/uploads\/2025\/05\/corten-fire-pit-in-stock.jpg 750w, https:\/\/jblcorten.com\/wp-content\/uploads\/2025\/05\/corten-fire-pit-in-stock-600x450.jpg 600w, https:\/\/jblcorten.com\/wp-content\/uploads\/2025\/05\/corten-fire-pit-in-stock-300x225.jpg 300w, https:\/\/jblcorten.com\/wp-content\/uploads\/2025\/05\/corten-fire-pit-in-stock-16x12.jpg 16w\" sizes=\"(max-width: 750px) 100vw, 750px\" \/><\/p>","protected":false},"excerpt":{"rendered":"<p>La hoguera de acero envejecido es una herramienta de calefacci\u00f3n para exteriores que combina el estilo natural con funciones pr\u00e1cticas. Se compone de dos partes principales: un hogar de le\u00f1a de gran capacidad y un soporte estable de tres patas.<\/p>","protected":false},"featured_media":2975,"template":"","meta":{"site-sidebar-layout":"default","site-content-layout":"","ast-site-content-layout":"default","site-content-style":"default","site-sidebar-style":"default","ast-global-header-display":"","ast-banner-title-visibility":"","ast-main-header-display":"","ast-hfb-above-header-display":"","ast-hfb-below-header-display":"","ast-hfb-mobile-header-display":"","site-post-title":"","ast-breadcrumbs-content":"","ast-featured-img":"","footer-sml-layout":"","ast-disable-related-posts":"","theme-transparent-header-meta":"default","adv-header-id-meta":"","stick-header-meta":"","header-above-stick-meta":"","header-main-stick-meta":"","header-below-stick-meta":"","astra-migrate-meta-layouts":"set","ast-page-background-enabled":"default","ast-page-background-meta":{"desktop":{"background-color":"var(--ast-global-color-4)","background-image":"","background-repeat":"repeat","background-position":"center center","background-size":"auto","background-attachment":"scroll","background-type":"","background-media":"","overlay-type":"","overlay-color":"","overlay-opacity":"","overlay-gradient":""},"tablet":{"background-color":"","background-image":"","background-repeat":"repeat","background-position":"center center","background-size":"auto","background-attachment":"scroll","background-type":"","background-media":"","overlay-type":"","overlay-color":"","overlay-opacity":"","overlay-gradient":""},"mobile":{"background-color":"","background-image":"","background-repeat":"repeat","background-position":"center center","background-size":"auto","background-attachment":"scroll","background-type":"","background-media":"","overlay-type":"","overlay-color":"","overlay-opacity":"","overlay-gradient":""}},"ast-content-background-meta":{"desktop":{"background-color":"var(--ast-global-color-5)","background-image":"","background-repeat":"repeat","background-position":"center center","background-size":"auto","background-attachment":"scroll","background-type":"","background-media":"","overlay-type":"","overlay-color":"","overlay-opacity":"","overlay-gradient":""},"tablet":{"background-color":"var(--ast-global-color-5)","background-image":"","background-repeat":"repeat","background-position":"center center","background-size":"auto","background-attachment":"scroll","background-type":"","background-media":"","overlay-type":"","overlay-color":"","overlay-opacity":"","overlay-gradient":""},"mobile":{"background-color":"var(--ast-global-color-5)","background-image":"","background-repeat":"repeat","background-position":"center center","background-size":"auto","background-attachment":"scroll","background-type":"","background-media":"","overlay-type":"","overlay-color":"","overlay-opacity":"","overlay-gradient":""}}},"product_brand":[],"product_cat":[29,45],"product_tag":[],"class_list":{"0":"post-2971","1":"product","2":"type-product","3":"status-publish","4":"has-post-thumbnail","6":"product_cat-fire-pit","7":"product_cat-wood-burning-fire-pit","8":"desktop-align-center","9":"tablet-align-left","10":"mobile-align-left","12":"first","13":"instock","14":"shipping-taxable","15":"product-type-simple"},"_links":{"self":[{"href":"https:\/\/jblcorten.com\/es\/wp-json\/wp\/v2\/product\/2971","targetHints":{"allow":["GET"]}}],"collection":[{"href":"https:\/\/jblcorten.com\/es\/wp-json\/wp\/v2\/product"}],"about":[{"href":"https:\/\/jblcorten.com\/es\/wp-json\/wp\/v2\/types\/product"}],"wp:featuredmedia":[{"embeddable":true,"href":"https:\/\/jblcorten.com\/es\/wp-json\/wp\/v2\/media\/2975"}],"wp:attachment":[{"href":"https:\/\/jblcorten.com\/es\/wp-json\/wp\/v2\/media?parent=2971"}],"wp:term":[{"taxonomy":"product_brand","embeddable":true,"href":"https:\/\/jblcorten.com\/es\/wp-json\/wp\/v2\/product_brand?post=2971"},{"taxonomy":"product_cat","embeddable":true,"href":"https:\/\/jblcorten.com\/es\/wp-json\/wp\/v2\/product_cat?post=2971"},{"taxonomy":"product_tag","embeddable":true,"href":"https:\/\/jblcorten.com\/es\/wp-json\/wp\/v2\/product_tag?post=2971"}],"curies":[{"name":"wp","href":"https:\/\/api.w.org\/{rel}","templated":true}]}}