{"id":2950,"date":"2025-05-07T10:41:03","date_gmt":"2025-05-07T02:41:03","guid":{"rendered":"https:\/\/jblcorten.com\/?post_type=product&#038;p=2950"},"modified":"2025-05-07T10:41:03","modified_gmt":"2025-05-07T02:41:03","slug":"fuego-de-lena-de-acero-negro","status":"publish","type":"product","link":"https:\/\/jblcorten.com\/es\/black-steel-wood-burning-fire-pit\/","title":{"rendered":"Chimenea de acero negro"},"content":{"rendered":"<h2 style=\"text-align: center;\"><span style=\"font-size: 14pt;\">Chimenea de acero negro<\/span><\/h2>\n<p>El aspecto de esta chimenea de acero negro para quemar le\u00f1a est\u00e1 tratado con un revestimiento negro resistente a altas temperaturas, lo que no solo le da a la chimenea un efecto visual discreto y tranquilo, sino que tambi\u00e9n mejora su rendimiento a prueba de \u00f3xido y resistente a la intemperie, lo que la hace adecuada para su uso al aire libre en diversas condiciones clim\u00e1ticas. El aspecto negro y la textura del propio material met\u00e1lico hacen que la chimenea tenga un aspecto moderno e industrial, al tiempo que mantiene la coordinaci\u00f3n con el ambiente natural del exterior. Es una herramienta de calefacci\u00f3n indispensable en jardines, terrazas, campamentos y otros espacios.<\/p>\n<p>El producto consta de tres partes:<\/p>\n<ul>\n<li>El cuerpo principal del brasero semicircular: el dise\u00f1o de ranura profunda permite alojar m\u00e1s le\u00f1a para garantizar el tiempo de combusti\u00f3n.;<\/li>\n<li>La rejilla interna desmontable: mejora la eficiencia de la combusti\u00f3n y es m\u00e1s f\u00e1cil de limpiar.;<\/li>\n<li>El tr\u00edpode: proporciona un soporte estable y se puede desmontar y guardar f\u00e1cilmente despu\u00e9s de su uso.<\/li>\n<\/ul>\n<p><strong><span style=\"font-size: 14pt;\">Especificaci\u00f3n del producto:<\/span><\/strong><\/p>\n<table style=\"width: 100%;\">\n<tbody>\n<tr>\n<td style=\"width: 24.4577%; background-color: #f5f5f5;\">Nombre del producto<\/td>\n<td style=\"width: 75.4675%; background-color: #f5f5f5;\" width=\"414\">Chimenea de acero negro<\/td>\n<\/tr>\n<tr>\n<td style=\"width: 24.4577%;\">Talla<\/td>\n<td style=\"width: 75.4675%;\" width=\"414\">Di\u00e1metro: 56 cm (22\u2033)  Altura: 23 cm (9\u2033)<\/td>\n<\/tr>\n<tr>\n<td style=\"width: 24.4577%; background-color: #f5f5f5;\">Peso<\/td>\n<td style=\"width: 75.4675%; background-color: #f5f5f5;\" width=\"414\">6,1 kg<\/td>\n<\/tr>\n<tr>\n<td style=\"width: 24.4577%;\">Material<\/td>\n<td style=\"width: 75.4675%;\" width=\"414\">Hoguera de acero al carbono, con patas de acero.<\/td>\n<\/tr>\n<tr>\n<td style=\"width: 24.4577%; background-color: #f5f5f5;\">Montaje<\/td>\n<td style=\"width: 75.4675%; background-color: #f5f5f5;\" width=\"414\">S\u00ed<\/td>\n<\/tr>\n<tr>\n<td style=\"width: 24.4577%;\">Acabado<\/td>\n<td style=\"width: 75.4675%;\">Recubrimiento en polvo para altas temperaturas<\/td>\n<\/tr>\n<tr>\n<td style=\"width: 24.4577%; background-color: #f5f5f5;\">Personalizaci\u00f3n<\/td>\n<td style=\"width: 75.4675%; background-color: #f5f5f5;\">Logotipo, motivos, tama\u00f1o, embalaje y acabado personalizados<\/td>\n<\/tr>\n<tr>\n<td style=\"width: 24.4577%;\">Combustible<\/td>\n<td style=\"width: 75.4675%;\">Le\u00f1a, carb\u00f3n vegetal<\/td>\n<\/tr>\n<\/tbody>\n<\/table>\n<p><strong><span style=\"font-size: 14pt;\">\u00bfPor qu\u00e9 elegir la chimenea de le\u00f1a de acero negro?<\/span><\/strong><\/p>\n<p>1. Estructura de acero resistente y duradera.<\/p>\n<ul>\n<li>El brasero est\u00e1 fabricado en acero al carbono de alta resistencia y ha sido pulverizado a alta temperatura, lo que le confiere una excelente resistencia a la oxidaci\u00f3n y a la corrosi\u00f3n.<\/li>\n<li>El revestimiento negro de la superficie no solo mejora la belleza visual, sino que tambi\u00e9n aumenta su resistencia a la intemperie en exteriores.<\/li>\n<\/ul>\n<p>2. Dise\u00f1o extra\u00edble, c\u00f3modo y pr\u00e1ctico.<\/p>\n<ul>\n<li>Todos los componentes (rejilla y soporte) son desmontables para facilitar su transporte, limpieza y almacenamiento.<\/li>\n<li>Una vez retirada la abrazadera, el cuerpo principal del brasero se puede colocar directamente sobre el suelo para adaptarse a diferentes situaciones de uso.<\/li>\n<\/ul>\n<p>3. Estructura estable y segura.<\/p>\n<ul>\n<li>El soporte del tr\u00edpode tiene una estructura estable y evita eficazmente que la hoguera se vuelque.<\/li>\n<li>La rejilla ayuda a mantener una distancia razonable entre la llama y la le\u00f1a, lo que reduce el riesgo de combusti\u00f3n incompleta.<\/li>\n<\/ul>\n<p><img fetchpriority=\"high\" decoding=\"async\" class=\"alignnone size-full wp-image-2957\" src=\"https:\/\/jblcorten.com\/wp-content\/uploads\/2025\/05\/metal-wood-burning-fire-pit.jpg\" alt=\"Hoguera de metal para quemar madera\" width=\"750\" height=\"500\" title=\"\" srcset=\"https:\/\/jblcorten.com\/wp-content\/uploads\/2025\/05\/metal-wood-burning-fire-pit.jpg 750w, https:\/\/jblcorten.com\/wp-content\/uploads\/2025\/05\/metal-wood-burning-fire-pit-600x400.jpg 600w, https:\/\/jblcorten.com\/wp-content\/uploads\/2025\/05\/metal-wood-burning-fire-pit-300x200.jpg 300w, https:\/\/jblcorten.com\/wp-content\/uploads\/2025\/05\/metal-wood-burning-fire-pit-18x12.jpg 18w\" sizes=\"(max-width: 750px) 100vw, 750px\" \/><\/p>\n<p><strong><span style=\"font-size: 14pt;\">Consejos:<\/span><\/strong><\/p>\n<ul>\n<li>Antes del primer uso, aseg\u00farese de que la hoguera se coloque sobre una superficie estable, resistente al calor y no inflamable.;<\/li>\n<li>Se recomienda utilizar le\u00f1a seca como combustible, ya que tiene una mayor eficiencia de combusti\u00f3n y produce menos humo y polvo.;<\/li>\n<li>Despu\u00e9s de su uso, espere a que se enfr\u00ede completamente antes de limpiarlo y guardarlo.;<\/li>\n<li>No lo utilice con vientos fuertes ni en espacios cerrados para garantizar la ventilaci\u00f3n y la seguridad.<\/li>\n<\/ul>\n<p><strong><span style=\"font-size: 14pt;\">M\u00e1s im\u00e1genes:<\/span><\/strong><\/p>\n<p><img decoding=\"async\" class=\"alignnone size-full wp-image-2958\" src=\"https:\/\/jblcorten.com\/wp-content\/uploads\/2025\/05\/steel-wood-burning-fire-pit-1.jpg\" alt=\"Hoguera de acero para quemar le\u00f1a\" width=\"750\" height=\"500\" title=\"\" srcset=\"https:\/\/jblcorten.com\/wp-content\/uploads\/2025\/05\/steel-wood-burning-fire-pit-1.jpg 750w, https:\/\/jblcorten.com\/wp-content\/uploads\/2025\/05\/steel-wood-burning-fire-pit-1-600x400.jpg 600w, https:\/\/jblcorten.com\/wp-content\/uploads\/2025\/05\/steel-wood-burning-fire-pit-1-300x200.jpg 300w, https:\/\/jblcorten.com\/wp-content\/uploads\/2025\/05\/steel-wood-burning-fire-pit-1-18x12.jpg 18w\" sizes=\"(max-width: 750px) 100vw, 750px\" \/><\/p>\n<p><img decoding=\"async\" class=\"alignnone size-full wp-image-2952\" src=\"https:\/\/jblcorten.com\/wp-content\/uploads\/2025\/05\/Black-Steel-Wood-Burning-Fire-Pit.jpg\" alt=\"Chimenea de acero negro\" width=\"750\" height=\"750\" title=\"\" srcset=\"https:\/\/jblcorten.com\/wp-content\/uploads\/2025\/05\/Black-Steel-Wood-Burning-Fire-Pit.jpg 750w, https:\/\/jblcorten.com\/wp-content\/uploads\/2025\/05\/Black-Steel-Wood-Burning-Fire-Pit-600x600.jpg 600w, https:\/\/jblcorten.com\/wp-content\/uploads\/2025\/05\/Black-Steel-Wood-Burning-Fire-Pit-100x100.jpg 100w, https:\/\/jblcorten.com\/wp-content\/uploads\/2025\/05\/Black-Steel-Wood-Burning-Fire-Pit-300x300.jpg 300w, https:\/\/jblcorten.com\/wp-content\/uploads\/2025\/05\/Black-Steel-Wood-Burning-Fire-Pit-150x150.jpg 150w, https:\/\/jblcorten.com\/wp-content\/uploads\/2025\/05\/Black-Steel-Wood-Burning-Fire-Pit-12x12.jpg 12w\" sizes=\"(max-width: 750px) 100vw, 750px\" \/><\/p>","protected":false},"excerpt":{"rendered":"<p>La estructura desmontable ofrece mayor portabilidad y flexibilidad de almacenamiento, lo que resulta ideal para desplazamientos frecuentes o construcciones temporales. Elegir esta chimenea de acero negro para quemar le\u00f1a significa optar por un estilo de vida al aire libre m\u00e1s c\u00e1lido y con m\u00e1s textura.<\/p>","protected":false},"featured_media":2952,"template":"","meta":{"site-sidebar-layout":"default","site-content-layout":"","ast-site-content-layout":"default","site-content-style":"default","site-sidebar-style":"default","ast-global-header-display":"","ast-banner-title-visibility":"","ast-main-header-display":"","ast-hfb-above-header-display":"","ast-hfb-below-header-display":"","ast-hfb-mobile-header-display":"","site-post-title":"","ast-breadcrumbs-content":"","ast-featured-img":"","footer-sml-layout":"","ast-disable-related-posts":"","theme-transparent-header-meta":"default","adv-header-id-meta":"","stick-header-meta":"","header-above-stick-meta":"","header-main-stick-meta":"","header-below-stick-meta":"","astra-migrate-meta-layouts":"set","ast-page-background-enabled":"default","ast-page-background-meta":{"desktop":{"background-color":"var(--ast-global-color-4)","background-image":"","background-repeat":"repeat","background-position":"center center","background-size":"auto","background-attachment":"scroll","background-type":"","background-media":"","overlay-type":"","overlay-color":"","overlay-opacity":"","overlay-gradient":""},"tablet":{"background-color":"","background-image":"","background-repeat":"repeat","background-position":"center center","background-size":"auto","background-attachment":"scroll","background-type":"","background-media":"","overlay-type":"","overlay-color":"","overlay-opacity":"","overlay-gradient":""},"mobile":{"background-color":"","background-image":"","background-repeat":"repeat","background-position":"center center","background-size":"auto","background-attachment":"scroll","background-type":"","background-media":"","overlay-type":"","overlay-color":"","overlay-opacity":"","overlay-gradient":""}},"ast-content-background-meta":{"desktop":{"background-color":"var(--ast-global-color-5)","background-image":"","background-repeat":"repeat","background-position":"center center","background-size":"auto","background-attachment":"scroll","background-type":"","background-media":"","overlay-type":"","overlay-color":"","overlay-opacity":"","overlay-gradient":""},"tablet":{"background-color":"var(--ast-global-color-5)","background-image":"","background-repeat":"repeat","background-position":"center center","background-size":"auto","background-attachment":"scroll","background-type":"","background-media":"","overlay-type":"","overlay-color":"","overlay-opacity":"","overlay-gradient":""},"mobile":{"background-color":"var(--ast-global-color-5)","background-image":"","background-repeat":"repeat","background-position":"center center","background-size":"auto","background-attachment":"scroll","background-type":"","background-media":"","overlay-type":"","overlay-color":"","overlay-opacity":"","overlay-gradient":""}}},"product_brand":[],"product_cat":[29,45],"product_tag":[],"class_list":{"0":"post-2950","1":"product","2":"type-product","3":"status-publish","4":"has-post-thumbnail","6":"product_cat-fire-pit","7":"product_cat-wood-burning-fire-pit","8":"desktop-align-center","9":"tablet-align-left","10":"mobile-align-left","12":"first","13":"instock","14":"shipping-taxable","15":"product-type-simple"},"_links":{"self":[{"href":"https:\/\/jblcorten.com\/es\/wp-json\/wp\/v2\/product\/2950","targetHints":{"allow":["GET"]}}],"collection":[{"href":"https:\/\/jblcorten.com\/es\/wp-json\/wp\/v2\/product"}],"about":[{"href":"https:\/\/jblcorten.com\/es\/wp-json\/wp\/v2\/types\/product"}],"wp:featuredmedia":[{"embeddable":true,"href":"https:\/\/jblcorten.com\/es\/wp-json\/wp\/v2\/media\/2952"}],"wp:attachment":[{"href":"https:\/\/jblcorten.com\/es\/wp-json\/wp\/v2\/media?parent=2950"}],"wp:term":[{"taxonomy":"product_brand","embeddable":true,"href":"https:\/\/jblcorten.com\/es\/wp-json\/wp\/v2\/product_brand?post=2950"},{"taxonomy":"product_cat","embeddable":true,"href":"https:\/\/jblcorten.com\/es\/wp-json\/wp\/v2\/product_cat?post=2950"},{"taxonomy":"product_tag","embeddable":true,"href":"https:\/\/jblcorten.com\/es\/wp-json\/wp\/v2\/product_tag?post=2950"}],"curies":[{"name":"wp","href":"https:\/\/api.w.org\/{rel}","templated":true}]}}