{"id":2935,"date":"2025-04-30T16:52:36","date_gmt":"2025-04-30T08:52:36","guid":{"rendered":"https:\/\/jblcorten.com\/?post_type=product&#038;p=2935"},"modified":"2025-04-30T16:55:55","modified_gmt":"2025-04-30T08:55:55","slug":"modernos-juegos-de-agua-para-exteriores","status":"publish","type":"product","link":"https:\/\/jblcorten.com\/es\/modern-outdoor-water-features\/","title":{"rendered":"Fuentes modernas para exteriores"},"content":{"rendered":"<h2 style=\"text-align: center;\"><span style=\"font-size: 14pt;\">Fuentes modernas para exteriores<\/span><\/h2>\n<p>La forma de esta moderna fuente de agua para exteriores es sencilla pero llena de sentido del dise\u00f1o. La estructura general se compone de un espejo de agua circular arriba y un estanque cuadrado abajo. La fuente circular est\u00e1 situada arriba, como suspendida en el espacio, y el agua fluye lentamente desde el borde del c\u00edrculo, como una llovizna que cae, tranquila y suave. La piscina cuadrada de abajo presenta una belleza de contraste geom\u00e9trico, haciendo que la estructura general est\u00e9 ingeniosamente equilibrada entre el c\u00edrculo y el cuadrado. El c\u00edrculo simboliza el cielo y el cuadrado representa la tierra. Esta forma no s\u00f3lo se ajusta a la concepci\u00f3n art\u00edstica de la filosof\u00eda oriental, sino que tambi\u00e9n satisface la b\u00fasqueda de belleza formal de la gente moderna.<\/p>\n<p>Merece la pena mencionar que la piscina cuadrada inferior no es s\u00f3lo un espacio portante de la masa de agua, sino que tambi\u00e9n tiene una gran capacidad de personalizaci\u00f3n y sentido de la participaci\u00f3n. Los usuarios pueden colocar distintos tipos de piedras en la piscina seg\u00fan sus preferencias personales, como guijarros, rocas volc\u00e1nicas negras, piedras de cristal de colores, etc., para decorar el fondo y los bordes de la piscina, haciendo que el elemento acu\u00e1tico tenga un estilo m\u00e1s natural o una belleza art\u00edstica.<\/p>\n<p>Para mejorar el efecto visual y la creaci\u00f3n de ambiente por la noche, la moderna fuente de agua exterior tambi\u00e9n reserva la posici\u00f3n de instalaci\u00f3n del sistema de iluminaci\u00f3n. Mediante la disposici\u00f3n de luces LED de colores o luces c\u00e1lidas en la piscina, no s\u00f3lo puede iluminar la trayectoria din\u00e1mica del flujo de agua, sino tambi\u00e9n crear una atm\u00f3sfera de espacio tranquilo y de ensue\u00f1o por la noche. La luz y el reflejo de la superficie del agua se funden para formar una escena po\u00e9tica y pintoresca, que realza enormemente el valor ornamental y el arte del paisaje en general.<\/p>\n<p><strong><span style=\"font-size: 14pt;\">Especificaci\u00f3n del producto:<\/span><\/strong><\/p>\n<table style=\"border-collapse: collapse; width: 100%; height: 265px;\">\n<tbody>\n<tr style=\"height: 53px;\">\n<td style=\"width: 21.2042%; background-color: #f5f5f5; height: 53px;\">Nombre del producto<\/td>\n<td style=\"width: 78.7958%; background-color: #f5f5f5; height: 53px;\">Fuentes modernas para exteriores<\/td>\n<\/tr>\n<tr style=\"height: 53px;\">\n<td style=\"width: 21.2042%; height: 53px;\">Material<\/td>\n<td style=\"width: 78.7958%; height: 53px;\">Acero corten\/ Acero para intemperie<\/td>\n<\/tr>\n<tr style=\"height: 53px;\">\n<td style=\"width: 21.2042%; height: 53px; background-color: #f5f5f5;\">Color<\/td>\n<td style=\"width: 78.7958%; height: 53px; background-color: #f5f5f5;\">Rusty<\/td>\n<\/tr>\n<tr style=\"height: 53px;\">\n<td style=\"width: 21.2042%; height: 53px;\">Talla<\/td>\n<td style=\"width: 78.7958%; height: 53px;\">1500(H)*1500(W)*450(D)<\/td>\n<\/tr>\n<tr style=\"height: 53px;\">\n<td style=\"width: 21.2042%; height: 53px; background-color: #f5f5f5;\">Efecto de luz<\/td>\n<td style=\"width: 78.7958%; height: 53px; background-color: #f5f5f5;\">S\u00ed<\/td>\n<\/tr>\n<\/tbody>\n<\/table>\n<p><strong><span style=\"font-size: 14pt;\">Caracter\u00edsticas principales:<\/span><\/strong><\/p>\n<p>1. 2. Material: Acero corten\/acero resistente a la intemperie<\/p>\n<ul>\n<li>Altamente resistente a la corrosi\u00f3n, no requiere mantenimiento;<\/li>\n<li>La capa de protecci\u00f3n contra el \u00f3xido se forma de forma natural en la superficie, y el color evoluciona con el tiempo;<\/li>\n<\/ul>\n<p>2. F\u00e1cil de instalar y mantener<\/p>\n<ul>\n<li>Dise\u00f1o integrado, f\u00e1cil de transportar y montaje r\u00e1pido in situ;<\/li>\n<li>Interfaces reservadas para el sistema de v\u00edas navegables y circuitos, construcci\u00f3n c\u00f3moda.<\/li>\n<\/ul>\n<p>3. Tama\u00f1o y color personalizables<\/p>\n<ul>\n<li>Personalice la altura, el di\u00e1metro y la profundidad de la piscina seg\u00fan los requisitos del proyecto;<\/li>\n<\/ul>\n<p><img fetchpriority=\"high\" decoding=\"async\" class=\"alignnone size-full wp-image-2944\" src=\"https:\/\/jblcorten.com\/wp-content\/uploads\/2025\/04\/garden-fountains-for-sale.png\" alt=\"\" width=\"750\" height=\"427\" title=\"\" srcset=\"https:\/\/jblcorten.com\/wp-content\/uploads\/2025\/04\/garden-fountains-for-sale.png 750w, https:\/\/jblcorten.com\/wp-content\/uploads\/2025\/04\/garden-fountains-for-sale-600x342.png 600w, https:\/\/jblcorten.com\/wp-content\/uploads\/2025\/04\/garden-fountains-for-sale-300x171.png 300w, https:\/\/jblcorten.com\/wp-content\/uploads\/2025\/04\/garden-fountains-for-sale-18x10.png 18w\" sizes=\"(max-width: 750px) 100vw, 750px\" \/><\/p>\n<p><img decoding=\"async\" class=\"alignnone size-full wp-image-2945\" src=\"https:\/\/jblcorten.com\/wp-content\/uploads\/2025\/04\/modern-outdoor-water-features.png\" alt=\"\" width=\"750\" height=\"424\" title=\"\" srcset=\"https:\/\/jblcorten.com\/wp-content\/uploads\/2025\/04\/modern-outdoor-water-features.png 750w, https:\/\/jblcorten.com\/wp-content\/uploads\/2025\/04\/modern-outdoor-water-features-600x339.png 600w, https:\/\/jblcorten.com\/wp-content\/uploads\/2025\/04\/modern-outdoor-water-features-300x170.png 300w, https:\/\/jblcorten.com\/wp-content\/uploads\/2025\/04\/modern-outdoor-water-features-18x10.png 18w\" sizes=\"(max-width: 750px) 100vw, 750px\" \/><\/p>\n<p><strong><span style=\"font-size: 14pt;\">Qui\u00e9nes somos:<\/span><\/strong><\/p>\n<p>HNJBL se fund\u00f3 en 2008. Nuestra empresa es un fabricante y proveedor de productos de jard\u00edn de acero corten.<\/p>\n<p>Nuestros productos incluyen hogueras, barbacoas, chimeneas, pantallas decorativas, maceteros met\u00e1licos, fuentes met\u00e1licas, etc.<\/p>\n<p><img decoding=\"async\" class=\"alignnone size-full wp-image-2947\" src=\"https:\/\/jblcorten.com\/wp-content\/uploads\/2025\/04\/water-feature-supplier.jpg\" alt=\"proveedor de juegos de agua\" width=\"750\" height=\"562\" title=\"\" srcset=\"https:\/\/jblcorten.com\/wp-content\/uploads\/2025\/04\/water-feature-supplier.jpg 750w, https:\/\/jblcorten.com\/wp-content\/uploads\/2025\/04\/water-feature-supplier-600x450.jpg 600w, https:\/\/jblcorten.com\/wp-content\/uploads\/2025\/04\/water-feature-supplier-300x225.jpg 300w, https:\/\/jblcorten.com\/wp-content\/uploads\/2025\/04\/water-feature-supplier-16x12.jpg 16w\" sizes=\"(max-width: 750px) 100vw, 750px\" \/><\/p>\n<p><img loading=\"lazy\" decoding=\"async\" class=\"alignnone wp-image-2704\" src=\"https:\/\/jblcorten.com\/wp-content\/uploads\/2025\/04\/patio-privacy-screen.jpg\" alt=\"\" width=\"750\" height=\"810\" title=\"\" srcset=\"https:\/\/jblcorten.com\/wp-content\/uploads\/2025\/04\/patio-privacy-screen.jpg 735w, https:\/\/jblcorten.com\/wp-content\/uploads\/2025\/04\/patio-privacy-screen-600x648.jpg 600w, https:\/\/jblcorten.com\/wp-content\/uploads\/2025\/04\/patio-privacy-screen-278x300.jpg 278w, https:\/\/jblcorten.com\/wp-content\/uploads\/2025\/04\/patio-privacy-screen-11x12.jpg 11w\" sizes=\"(max-width: 750px) 100vw, 750px\" \/><\/p>\n<p style=\"padding-left: 200px;\"><span style=\"color: #99cc00;\"><strong><span style=\"font-size: 14pt;\">\u00a0 \u00a0<span style=\"color: #11bf4e;\">\u00a0 \u00a0 \u00a0\u00a0<a href=\"\/es\/contacto\/\"> Contacte con nosotros<\/a><\/span><\/span><\/strong><\/span><\/p>","protected":false},"excerpt":{"rendered":"<p>Los modernos juegos de agua para exteriores demuestran plenamente el concepto de integraci\u00f3n del dise\u00f1o moderno y los elementos naturales con su forma geom\u00e9trica de gran belleza, la textura natural \u00fanica del acero envejecido, la decoraci\u00f3n de piedra libremente combinada y el sistema de iluminaci\u00f3n flexible.<\/p>","protected":false},"featured_media":2942,"template":"","meta":{"site-sidebar-layout":"default","site-content-layout":"","ast-site-content-layout":"default","site-content-style":"default","site-sidebar-style":"default","ast-global-header-display":"","ast-banner-title-visibility":"","ast-main-header-display":"","ast-hfb-above-header-display":"","ast-hfb-below-header-display":"","ast-hfb-mobile-header-display":"","site-post-title":"","ast-breadcrumbs-content":"","ast-featured-img":"","footer-sml-layout":"","ast-disable-related-posts":"","theme-transparent-header-meta":"default","adv-header-id-meta":"","stick-header-meta":"","header-above-stick-meta":"","header-main-stick-meta":"","header-below-stick-meta":"","astra-migrate-meta-layouts":"set","ast-page-background-enabled":"default","ast-page-background-meta":{"desktop":{"background-color":"var(--ast-global-color-4)","background-image":"","background-repeat":"repeat","background-position":"center center","background-size":"auto","background-attachment":"scroll","background-type":"","background-media":"","overlay-type":"","overlay-color":"","overlay-opacity":"","overlay-gradient":""},"tablet":{"background-color":"","background-image":"","background-repeat":"repeat","background-position":"center center","background-size":"auto","background-attachment":"scroll","background-type":"","background-media":"","overlay-type":"","overlay-color":"","overlay-opacity":"","overlay-gradient":""},"mobile":{"background-color":"","background-image":"","background-repeat":"repeat","background-position":"center center","background-size":"auto","background-attachment":"scroll","background-type":"","background-media":"","overlay-type":"","overlay-color":"","overlay-opacity":"","overlay-gradient":""}},"ast-content-background-meta":{"desktop":{"background-color":"var(--ast-global-color-5)","background-image":"","background-repeat":"repeat","background-position":"center center","background-size":"auto","background-attachment":"scroll","background-type":"","background-media":"","overlay-type":"","overlay-color":"","overlay-opacity":"","overlay-gradient":""},"tablet":{"background-color":"var(--ast-global-color-5)","background-image":"","background-repeat":"repeat","background-position":"center center","background-size":"auto","background-attachment":"scroll","background-type":"","background-media":"","overlay-type":"","overlay-color":"","overlay-opacity":"","overlay-gradient":""},"mobile":{"background-color":"var(--ast-global-color-5)","background-image":"","background-repeat":"repeat","background-position":"center center","background-size":"auto","background-attachment":"scroll","background-type":"","background-media":"","overlay-type":"","overlay-color":"","overlay-opacity":"","overlay-gradient":""}}},"product_brand":[],"product_cat":[40],"product_tag":[],"class_list":{"0":"post-2935","1":"product","2":"type-product","3":"status-publish","4":"has-post-thumbnail","6":"product_cat-water-feature","7":"desktop-align-center","8":"tablet-align-left","9":"mobile-align-left","11":"first","12":"instock","13":"shipping-taxable","14":"product-type-simple"},"_links":{"self":[{"href":"https:\/\/jblcorten.com\/es\/wp-json\/wp\/v2\/product\/2935","targetHints":{"allow":["GET"]}}],"collection":[{"href":"https:\/\/jblcorten.com\/es\/wp-json\/wp\/v2\/product"}],"about":[{"href":"https:\/\/jblcorten.com\/es\/wp-json\/wp\/v2\/types\/product"}],"wp:featuredmedia":[{"embeddable":true,"href":"https:\/\/jblcorten.com\/es\/wp-json\/wp\/v2\/media\/2942"}],"wp:attachment":[{"href":"https:\/\/jblcorten.com\/es\/wp-json\/wp\/v2\/media?parent=2935"}],"wp:term":[{"taxonomy":"product_brand","embeddable":true,"href":"https:\/\/jblcorten.com\/es\/wp-json\/wp\/v2\/product_brand?post=2935"},{"taxonomy":"product_cat","embeddable":true,"href":"https:\/\/jblcorten.com\/es\/wp-json\/wp\/v2\/product_cat?post=2935"},{"taxonomy":"product_tag","embeddable":true,"href":"https:\/\/jblcorten.com\/es\/wp-json\/wp\/v2\/product_tag?post=2935"}],"curies":[{"name":"wp","href":"https:\/\/api.w.org\/{rel}","templated":true}]}}