{"id":2913,"date":"2025-04-25T16:03:52","date_gmt":"2025-04-25T08:03:52","guid":{"rendered":"https:\/\/jblcorten.com\/?post_type=product&#038;p=2913"},"modified":"2025-04-25T16:05:02","modified_gmt":"2025-04-25T08:05:02","slug":"esfera-de-metal-hoguera","status":"publish","type":"product","link":"https:\/\/jblcorten.com\/es\/metal-sphere-fire-pit\/","title":{"rendered":"Pozo de metal"},"content":{"rendered":"<h2 style=\"text-align: center;\"><span style=\"font-size: 14pt;\">Pozo de metal<\/span><\/h2>\n<p>La apariencia del pozo de fuego de esfera met\u00e1lica adopta un dise\u00f1o esf\u00e9rico \u00fanico. El conjunto est\u00e1 fabricado en acero resistente a la intemperie. La superficie presenta una textura de color rojo \u00f3xido tras la oxidaci\u00f3n natural. Con el tiempo, formar\u00e1 gradualmente una capa protectora estable y hermosa. No s\u00f3lo no requiere mantenimiento adicional, sino que tambi\u00e9n puede mostrar una textura retro \u00fanica con el paso de los a\u00f1os. La superficie de la esfera para hoguera est\u00e1 grabada con complejos e imaginativos patrones huecos. Estos patrones son pintados a mano por artesanos experimentados y luego grabados uno a uno mediante tecnolog\u00eda de corte por l\u00e1ser de alta precisi\u00f3n. Cada detalle est\u00e1 lleno de ingenio, como si se tratara de una obra de arte escult\u00f3rica de exterior.<\/p>\n<p><img fetchpriority=\"high\" decoding=\"async\" class=\"alignnone wp-image-2923\" src=\"https:\/\/jblcorten.com\/wp-content\/uploads\/2025\/04\/laser-cutting-fire-pit.jpg\" alt=\"cortafuegos con l\u00e1ser\" width=\"750\" height=\"375\" title=\"\" srcset=\"https:\/\/jblcorten.com\/wp-content\/uploads\/2025\/04\/laser-cutting-fire-pit.jpg 1000w, https:\/\/jblcorten.com\/wp-content\/uploads\/2025\/04\/laser-cutting-fire-pit-600x300.jpg 600w, https:\/\/jblcorten.com\/wp-content\/uploads\/2025\/04\/laser-cutting-fire-pit-300x150.jpg 300w, https:\/\/jblcorten.com\/wp-content\/uploads\/2025\/04\/laser-cutting-fire-pit-768x384.jpg 768w, https:\/\/jblcorten.com\/wp-content\/uploads\/2025\/04\/laser-cutting-fire-pit-18x9.jpg 18w\" sizes=\"(max-width: 750px) 100vw, 750px\" \/><\/p>\n<p><strong><span style=\"font-size: 14pt;\">Especificaci\u00f3n del producto:<\/span><\/strong><\/p>\n<table>\n<tbody>\n<tr>\n<td style=\"background-color: #f5f5f5;\">Nombre del producto<\/td>\n<td style=\"background-color: #f5f5f5;\">Pozo de metal<\/td>\n<\/tr>\n<tr>\n<td>Material<\/td>\n<td>Acero corten\/acero para intemperie<\/td>\n<\/tr>\n<tr>\n<td style=\"background-color: #f5f5f5;\">Acabado<\/td>\n<td style=\"background-color: #f5f5f5;\">Oxidado, con recubrimiento en polvo, natural<\/td>\n<\/tr>\n<tr>\n<td>Talla<\/td>\n<td>600*600,800*800,900*900,1000*1000<\/td>\n<\/tr>\n<tr>\n<td style=\"background-color: #f5f5f5;\">Espesor<\/td>\n<td style=\"background-color: #f5f5f5;\">3 mm<\/td>\n<\/tr>\n<tr>\n<td>Paquete<\/td>\n<td>Interior : Papel de espuma antidesgaste Exterior : Caja de madera contrachapada<\/td>\n<\/tr>\n<tr>\n<td style=\"background-color: #f5f5f5;\">OEM Y ODM<\/td>\n<td style=\"background-color: #f5f5f5;\">Se ofrece un servicio personalizado.<\/td>\n<\/tr>\n<\/tbody>\n<\/table>\n<p><strong><span style=\"font-size: 14pt;\">Detalles del producto:<\/span><\/strong><\/p>\n<p>Durante el d\u00eda, este hogar de esfera met\u00e1lica se alza silencioso en un rinc\u00f3n del jard\u00edn, el patio o la terraza, y se convierte en el centro visual del espacio con su aspecto escultural. Su estructura esf\u00e9rica y sus exquisitos patrones proyectan luces y sombras moteadas bajo la luz del sol, y es hermoso desde cualquier \u00e1ngulo. No es s\u00f3lo un pozo de fuego, sino m\u00e1s bien una escultura, que puede a\u00f1adir una atm\u00f3sfera art\u00edstica \u00fanica y elegante al espacio, haciendo que el paisaje del patio sea m\u00e1s estratificado y art\u00edstico.<\/p>\n<p><img decoding=\"async\" class=\"alignnone wp-image-2921 size-full\" src=\"https:\/\/jblcorten.com\/wp-content\/uploads\/2025\/04\/fire-pit-spheres-for-sale-1.jpg\" alt=\"esfera de metal hoguera \" width=\"750\" height=\"500\" title=\"\" srcset=\"https:\/\/jblcorten.com\/wp-content\/uploads\/2025\/04\/fire-pit-spheres-for-sale-1.jpg 750w, https:\/\/jblcorten.com\/wp-content\/uploads\/2025\/04\/fire-pit-spheres-for-sale-1-600x400.jpg 600w, https:\/\/jblcorten.com\/wp-content\/uploads\/2025\/04\/fire-pit-spheres-for-sale-1-300x200.jpg 300w, https:\/\/jblcorten.com\/wp-content\/uploads\/2025\/04\/fire-pit-spheres-for-sale-1-18x12.jpg 18w\" sizes=\"(max-width: 750px) 100vw, 750px\" \/><\/p>\n<p>Por la noche, cuando se enciende la le\u00f1a dentro del hogar, las llamas ardientes saltan lentamente a trav\u00e9s del patr\u00f3n hueco tallado, y la c\u00e1lida luz del fuego se proyecta por todas partes, formando una imagen din\u00e1mica de luces y sombras. La forma y la distribuci\u00f3n del patr\u00f3n est\u00e1n ingeniosamente dise\u00f1adas para transformar el ritmo de la llama interna en una proyecci\u00f3n art\u00edstica de la luz del fuego en el exterior, que no s\u00f3lo a\u00f1ade calidez y romanticismo a las reuniones al aire libre, sino que tambi\u00e9n realza enormemente la belleza visual del ambiente nocturno. Esta doble experiencia de ser como una escultura durante el d\u00eda y como una luz por la noche convierte al pozo de fuego Fireball en un foco decorativo para muchos espacios exteriores.<\/p>\n<p><img decoding=\"async\" class=\"alignnone wp-image-2922\" src=\"https:\/\/jblcorten.com\/wp-content\/uploads\/2025\/04\/fire-pit.jpg\" alt=\"foso de fuego\" width=\"750\" height=\"507\" title=\"\" srcset=\"https:\/\/jblcorten.com\/wp-content\/uploads\/2025\/04\/fire-pit.jpg 1000w, https:\/\/jblcorten.com\/wp-content\/uploads\/2025\/04\/fire-pit-600x406.jpg 600w, https:\/\/jblcorten.com\/wp-content\/uploads\/2025\/04\/fire-pit-300x203.jpg 300w, https:\/\/jblcorten.com\/wp-content\/uploads\/2025\/04\/fire-pit-768x519.jpg 768w, https:\/\/jblcorten.com\/wp-content\/uploads\/2025\/04\/fire-pit-18x12.jpg 18w\" sizes=\"(max-width: 750px) 100vw, 750px\" \/><\/p>\n<p>Al estar fabricada con acero de alta resistencia a la intemperie, la esfera met\u00e1lica para hoguera tiene una excelente resistencia a la corrosi\u00f3n y a las altas temperaturas. Puede soportar el viento y la lluvia en el entorno exterior durante mucho tiempo sin oxidarse ni deformarse, y es adecuado para su uso en todas las estaciones. La estructura esf\u00e9rica mejora eficazmente la capacidad de carga y la estabilidad general, y puede formar convecci\u00f3n natural durante el proceso de combusti\u00f3n, mejorar la eficiencia de la combusti\u00f3n y hacer que la le\u00f1a arda de forma m\u00e1s completa y duradera. Los usuarios pueden quemar una gran variedad de le\u00f1a seg\u00fan sus necesidades, que puede utilizarse para calefacci\u00f3n o como fuente de fuego para crear ambiente.<\/p>\n<p><img loading=\"lazy\" decoding=\"async\" class=\"alignnone size-full wp-image-2924\" src=\"https:\/\/jblcorten.com\/wp-content\/uploads\/2025\/04\/fire-ball-fire-pit.jpg\" alt=\"bola de fuego hoguera\" width=\"750\" height=\"500\" title=\"\" srcset=\"https:\/\/jblcorten.com\/wp-content\/uploads\/2025\/04\/fire-ball-fire-pit.jpg 750w, https:\/\/jblcorten.com\/wp-content\/uploads\/2025\/04\/fire-ball-fire-pit-600x400.jpg 600w, https:\/\/jblcorten.com\/wp-content\/uploads\/2025\/04\/fire-ball-fire-pit-300x200.jpg 300w, https:\/\/jblcorten.com\/wp-content\/uploads\/2025\/04\/fire-ball-fire-pit-18x12.jpg 18w\" sizes=\"(max-width: 750px) 100vw, 750px\" \/><\/p>\n<p><img loading=\"lazy\" decoding=\"async\" class=\"alignnone size-full wp-image-2925\" src=\"https:\/\/jblcorten.com\/wp-content\/uploads\/2025\/04\/spherical-fire-pit.jpg\" alt=\"hoguera esf\u00e9rica\" width=\"750\" height=\"500\" title=\"\" srcset=\"https:\/\/jblcorten.com\/wp-content\/uploads\/2025\/04\/spherical-fire-pit.jpg 750w, https:\/\/jblcorten.com\/wp-content\/uploads\/2025\/04\/spherical-fire-pit-600x400.jpg 600w, https:\/\/jblcorten.com\/wp-content\/uploads\/2025\/04\/spherical-fire-pit-300x200.jpg 300w, https:\/\/jblcorten.com\/wp-content\/uploads\/2025\/04\/spherical-fire-pit-18x12.jpg 18w\" sizes=\"(max-width: 750px) 100vw, 750px\" \/><\/p>","protected":false},"excerpt":{"rendered":"<p>La estructura esf\u00e9rica del hogar de esfera met\u00e1lica mejora eficazmente la capacidad de carga y la estabilidad general. Durante el proceso de combusti\u00f3n puede formarse convecci\u00f3n natural, lo que mejora la eficacia de la combusti\u00f3n y hace que la le\u00f1a arda m\u00e1s plenamente y dure m\u00e1s tiempo.<\/p>\n<p>Podemos quemar una gran variedad de maderas seg\u00fan las distintas necesidades, que pueden utilizarse para calefacci\u00f3n o como fuente de fuego para crear ambiente.<\/p>","protected":false},"featured_media":2914,"template":"","meta":{"site-sidebar-layout":"default","site-content-layout":"","ast-site-content-layout":"default","site-content-style":"default","site-sidebar-style":"default","ast-global-header-display":"","ast-banner-title-visibility":"","ast-main-header-display":"","ast-hfb-above-header-display":"","ast-hfb-below-header-display":"","ast-hfb-mobile-header-display":"","site-post-title":"","ast-breadcrumbs-content":"","ast-featured-img":"","footer-sml-layout":"","ast-disable-related-posts":"","theme-transparent-header-meta":"default","adv-header-id-meta":"","stick-header-meta":"","header-above-stick-meta":"","header-main-stick-meta":"","header-below-stick-meta":"","astra-migrate-meta-layouts":"set","ast-page-background-enabled":"default","ast-page-background-meta":{"desktop":{"background-color":"var(--ast-global-color-4)","background-image":"","background-repeat":"repeat","background-position":"center center","background-size":"auto","background-attachment":"scroll","background-type":"","background-media":"","overlay-type":"","overlay-color":"","overlay-opacity":"","overlay-gradient":""},"tablet":{"background-color":"","background-image":"","background-repeat":"repeat","background-position":"center center","background-size":"auto","background-attachment":"scroll","background-type":"","background-media":"","overlay-type":"","overlay-color":"","overlay-opacity":"","overlay-gradient":""},"mobile":{"background-color":"","background-image":"","background-repeat":"repeat","background-position":"center center","background-size":"auto","background-attachment":"scroll","background-type":"","background-media":"","overlay-type":"","overlay-color":"","overlay-opacity":"","overlay-gradient":""}},"ast-content-background-meta":{"desktop":{"background-color":"var(--ast-global-color-5)","background-image":"","background-repeat":"repeat","background-position":"center center","background-size":"auto","background-attachment":"scroll","background-type":"","background-media":"","overlay-type":"","overlay-color":"","overlay-opacity":"","overlay-gradient":""},"tablet":{"background-color":"var(--ast-global-color-5)","background-image":"","background-repeat":"repeat","background-position":"center center","background-size":"auto","background-attachment":"scroll","background-type":"","background-media":"","overlay-type":"","overlay-color":"","overlay-opacity":"","overlay-gradient":""},"mobile":{"background-color":"var(--ast-global-color-5)","background-image":"","background-repeat":"repeat","background-position":"center center","background-size":"auto","background-attachment":"scroll","background-type":"","background-media":"","overlay-type":"","overlay-color":"","overlay-opacity":"","overlay-gradient":""}}},"product_brand":[],"product_cat":[29,45],"product_tag":[],"class_list":{"0":"post-2913","1":"product","2":"type-product","3":"status-publish","4":"has-post-thumbnail","6":"product_cat-fire-pit","7":"product_cat-wood-burning-fire-pit","8":"desktop-align-center","9":"tablet-align-left","10":"mobile-align-left","12":"first","13":"instock","14":"shipping-taxable","15":"product-type-simple"},"_links":{"self":[{"href":"https:\/\/jblcorten.com\/es\/wp-json\/wp\/v2\/product\/2913","targetHints":{"allow":["GET"]}}],"collection":[{"href":"https:\/\/jblcorten.com\/es\/wp-json\/wp\/v2\/product"}],"about":[{"href":"https:\/\/jblcorten.com\/es\/wp-json\/wp\/v2\/types\/product"}],"wp:featuredmedia":[{"embeddable":true,"href":"https:\/\/jblcorten.com\/es\/wp-json\/wp\/v2\/media\/2914"}],"wp:attachment":[{"href":"https:\/\/jblcorten.com\/es\/wp-json\/wp\/v2\/media?parent=2913"}],"wp:term":[{"taxonomy":"product_brand","embeddable":true,"href":"https:\/\/jblcorten.com\/es\/wp-json\/wp\/v2\/product_brand?post=2913"},{"taxonomy":"product_cat","embeddable":true,"href":"https:\/\/jblcorten.com\/es\/wp-json\/wp\/v2\/product_cat?post=2913"},{"taxonomy":"product_tag","embeddable":true,"href":"https:\/\/jblcorten.com\/es\/wp-json\/wp\/v2\/product_tag?post=2913"}],"curies":[{"name":"wp","href":"https:\/\/api.w.org\/{rel}","templated":true}]}}