{"id":2904,"date":"2025-04-25T14:42:42","date_gmt":"2025-04-25T06:42:42","guid":{"rendered":"https:\/\/jblcorten.com\/?post_type=product&#038;p=2904"},"modified":"2025-04-25T16:07:00","modified_gmt":"2025-04-25T08:07:00","slug":"chimenea-de-lena-bbq-grill","status":"publish","type":"product","link":"https:\/\/jblcorten.com\/es\/wood-burning-fire-pit-bbq-grill\/","title":{"rendered":"Barbacoa de le\u00f1a"},"content":{"rendered":"<h2 style=\"text-align: center;\"><span style=\"font-size: 14pt;\">Barbacoa de le\u00f1a<\/span><\/h2>\n<p>La parrilla de le\u00f1a para barbacoa es un equipo de barbacoa de exterior que es a la vez ornamental y pr\u00e1ctico. Est\u00e1 fabricada en metal negro de alta calidad y tiene un aspecto sencillo y elegante. Su superficie est\u00e1 grabada con exquisitos dibujos huecos. Cuando est\u00e1 en uso, las llamas que arden en su interior brillan a trav\u00e9s de estos dibujos, creando un efecto visual con un fuerte sentido de la atm\u00f3sfera, que no s\u00f3lo mejora la experiencia de la barbacoa, sino que tambi\u00e9n a\u00f1ade un toque de calidez y romanticismo a las reuniones al aire libre por la noche.<\/p>\n<p>Lo m\u00e1s destacado de esta barbacoa de le\u00f1a es su dise\u00f1o multifuncional. Es a la vez un pozo de fuego y una barbacoa. Por la noche, se puede utilizar como un pozo de fuego al aire libre para proporcionar calor continuo y la luz para la gente sentada alrededor; y cuando se necesita para cocinar deliciosos alimentos, s\u00f3lo tiene que instalar la parrilla equipada en la parte superior para cambiar f\u00e1cilmente al modo de barbacoa. Podemos utilizar le\u00f1a como combustible principal y disfrutar del aroma ahumado \u00fanico que aporta la combusti\u00f3n natural. Ya sea barbacoa, marisco o verduras, podr\u00e1 experimentar el sabor original del aire libre.<\/p>\n<p>El pozo de fuego est\u00e1 fabricado con metal de precisi\u00f3n de alta calidad, con una resistencia al calor y a la intemperie extremadamente altas. No s\u00f3lo puede soportar la combusti\u00f3n prolongada de llamas abiertas a alta temperatura, sino que tambi\u00e9n resiste eficazmente el viento, el sol y la lluvia en el entorno exterior, y tiene una larga vida \u00fatil. La superficie pintada con spray negro no s\u00f3lo realza la textura general, sino que tambi\u00e9n es m\u00e1s f\u00e1cil de limpiar y mantener. Basta con pasarle un pa\u00f1o despu\u00e9s de cada uso para mantenerla como nueva.<\/p>\n<p><strong><span style=\"font-size: 14pt;\">Especificaci\u00f3n del producto:<\/span><\/strong><\/p>\n<table style=\"width: 100%; height: 621px;\">\n<tbody>\n<tr style=\"height: 69px;\">\n<td style=\"height: 69px; background-color: #f5f5f5;\" width=\"169\">Nombre del producto<\/td>\n<td style=\"height: 69px; background-color: #f5f5f5;\" width=\"580\">Barbacoa de le\u00f1a<\/td>\n<\/tr>\n<tr style=\"height: 69px;\">\n<td style=\"height: 69px;\" width=\"169\">Material<\/td>\n<td style=\"height: 69px;\" width=\"580\">Metal<\/td>\n<\/tr>\n<tr style=\"height: 69px;\">\n<td style=\"height: 69px; background-color: #f5f5f5;\" width=\"169\">Acabado<\/td>\n<td style=\"height: 69px; background-color: #f5f5f5;\" width=\"580\">Galvanizado<\/td>\n<\/tr>\n<tr style=\"height: 69px;\">\n<td style=\"height: 69px;\" width=\"169\">Color<\/td>\n<td style=\"height: 69px;\" width=\"580\">Negro<\/td>\n<\/tr>\n<tr style=\"height: 69px;\">\n<td style=\"height: 69px; background-color: #f5f5f5;\" width=\"169\">Combustible<\/td>\n<td style=\"height: 69px; background-color: #f5f5f5;\" width=\"580\">Madera<\/td>\n<\/tr>\n<tr style=\"height: 69px;\">\n<td style=\"height: 69px;\" width=\"169\">Talla<\/td>\n<td style=\"height: 69px;\" width=\"580\">68.0*30.5*69.5cm<\/td>\n<\/tr>\n<tr style=\"height: 69px;\">\n<td style=\"height: 69px; background-color: #f5f5f5;\" width=\"169\">Dispositivo de seguridad<\/td>\n<td style=\"height: 69px; background-color: #f5f5f5;\" width=\"580\">Dispositivo de seguridad contra llamas<\/td>\n<\/tr>\n<tr style=\"height: 69px;\">\n<td style=\"height: 69px;\" width=\"169\">Caracter\u00edstica<\/td>\n<td style=\"height: 69px;\" width=\"580\">F\u00e1cil de montar, f\u00e1cil de limpiar,f\u00e1cil de limpiar<\/td>\n<\/tr>\n<tr style=\"height: 69px;\">\n<td style=\"height: 69px;\" colspan=\"2\" width=\"750\"><strong><span style=\"color: #e64747;\">Nuestras hogueras son personalizables.<\/span><\/strong><\/td>\n<\/tr>\n<\/tbody>\n<\/table>\n<p><strong><span style=\"font-size: 14pt;\">Detalles del producto:<\/span><\/strong><\/p>\n<p><img fetchpriority=\"high\" decoding=\"async\" class=\"alignnone size-full wp-image-2906\" src=\"https:\/\/jblcorten.com\/wp-content\/uploads\/2025\/04\/fire-pit-bbq.png\" alt=\"hoguera bbq\" width=\"750\" height=\"500\" title=\"\" srcset=\"https:\/\/jblcorten.com\/wp-content\/uploads\/2025\/04\/fire-pit-bbq.png 750w, https:\/\/jblcorten.com\/wp-content\/uploads\/2025\/04\/fire-pit-bbq-600x400.png 600w, https:\/\/jblcorten.com\/wp-content\/uploads\/2025\/04\/fire-pit-bbq-300x200.png 300w, https:\/\/jblcorten.com\/wp-content\/uploads\/2025\/04\/fire-pit-bbq-18x12.png 18w\" sizes=\"(max-width: 750px) 100vw, 750px\" \/><\/p>\n<p><img decoding=\"async\" class=\"alignnone size-full wp-image-2912\" src=\"https:\/\/jblcorten.com\/wp-content\/uploads\/2025\/04\/wood-fire-pit-grill.png\" alt=\"parrilla de le\u00f1a\" width=\"750\" height=\"500\" title=\"\" srcset=\"https:\/\/jblcorten.com\/wp-content\/uploads\/2025\/04\/wood-fire-pit-grill.png 750w, https:\/\/jblcorten.com\/wp-content\/uploads\/2025\/04\/wood-fire-pit-grill-600x400.png 600w, https:\/\/jblcorten.com\/wp-content\/uploads\/2025\/04\/wood-fire-pit-grill-300x200.png 300w, https:\/\/jblcorten.com\/wp-content\/uploads\/2025\/04\/wood-fire-pit-grill-18x12.png 18w\" sizes=\"(max-width: 750px) 100vw, 750px\" \/><\/p>\n<p><img decoding=\"async\" class=\"alignnone size-full wp-image-2908\" src=\"https:\/\/jblcorten.com\/wp-content\/uploads\/2025\/04\/wood-burning-fire-pit-table-with-lid.png\" alt=\"mesa de le\u00f1a con tapa\" width=\"750\" height=\"500\" title=\"\" srcset=\"https:\/\/jblcorten.com\/wp-content\/uploads\/2025\/04\/wood-burning-fire-pit-table-with-lid.png 750w, https:\/\/jblcorten.com\/wp-content\/uploads\/2025\/04\/wood-burning-fire-pit-table-with-lid-600x400.png 600w, https:\/\/jblcorten.com\/wp-content\/uploads\/2025\/04\/wood-burning-fire-pit-table-with-lid-300x200.png 300w, https:\/\/jblcorten.com\/wp-content\/uploads\/2025\/04\/wood-burning-fire-pit-table-with-lid-18x12.png 18w\" sizes=\"(max-width: 750px) 100vw, 750px\" \/><\/p>\n<p><strong><span style=\"font-size: 14pt;\">PREGUNTAS FRECUENTES:<\/span><\/strong><\/p>\n<p>1.\u00bfSe puede personalizar el tama\u00f1o y el color de las hogueras?<br \/>\nPor supuesto.<\/p>\n<p>2.\u00bfSe puede utilizar este pozo de fuego como parrilla?<br \/>\nS\u00ed, este pozo de fuego viene con una parrilla que se puede instalar f\u00e1cilmente.<\/p>\n<p><a href=\"\/es\/contacto\/\"><!--more--><\/a><\/p>","protected":false},"excerpt":{"rendered":"<p>El dise\u00f1o estructural de esta parrilla bbq de le\u00f1a tiene en cuenta la necesidad de portabilidad. Es ligera, f\u00e1cil de transportar y montar, lo que facilita enormemente la organizaci\u00f3n flexible de actividades al aire libre.<\/p>","protected":false},"featured_media":2905,"template":"","meta":{"site-sidebar-layout":"default","site-content-layout":"","ast-site-content-layout":"default","site-content-style":"default","site-sidebar-style":"default","ast-global-header-display":"","ast-banner-title-visibility":"","ast-main-header-display":"","ast-hfb-above-header-display":"","ast-hfb-below-header-display":"","ast-hfb-mobile-header-display":"","site-post-title":"","ast-breadcrumbs-content":"","ast-featured-img":"","footer-sml-layout":"","ast-disable-related-posts":"","theme-transparent-header-meta":"default","adv-header-id-meta":"","stick-header-meta":"","header-above-stick-meta":"","header-main-stick-meta":"","header-below-stick-meta":"","astra-migrate-meta-layouts":"set","ast-page-background-enabled":"default","ast-page-background-meta":{"desktop":{"background-color":"var(--ast-global-color-4)","background-image":"","background-repeat":"repeat","background-position":"center center","background-size":"auto","background-attachment":"scroll","background-type":"","background-media":"","overlay-type":"","overlay-color":"","overlay-opacity":"","overlay-gradient":""},"tablet":{"background-color":"","background-image":"","background-repeat":"repeat","background-position":"center center","background-size":"auto","background-attachment":"scroll","background-type":"","background-media":"","overlay-type":"","overlay-color":"","overlay-opacity":"","overlay-gradient":""},"mobile":{"background-color":"","background-image":"","background-repeat":"repeat","background-position":"center center","background-size":"auto","background-attachment":"scroll","background-type":"","background-media":"","overlay-type":"","overlay-color":"","overlay-opacity":"","overlay-gradient":""}},"ast-content-background-meta":{"desktop":{"background-color":"var(--ast-global-color-5)","background-image":"","background-repeat":"repeat","background-position":"center center","background-size":"auto","background-attachment":"scroll","background-type":"","background-media":"","overlay-type":"","overlay-color":"","overlay-opacity":"","overlay-gradient":""},"tablet":{"background-color":"var(--ast-global-color-5)","background-image":"","background-repeat":"repeat","background-position":"center center","background-size":"auto","background-attachment":"scroll","background-type":"","background-media":"","overlay-type":"","overlay-color":"","overlay-opacity":"","overlay-gradient":""},"mobile":{"background-color":"var(--ast-global-color-5)","background-image":"","background-repeat":"repeat","background-position":"center center","background-size":"auto","background-attachment":"scroll","background-type":"","background-media":"","overlay-type":"","overlay-color":"","overlay-opacity":"","overlay-gradient":""}}},"product_brand":[],"product_cat":[29,45],"product_tag":[],"class_list":{"0":"post-2904","1":"product","2":"type-product","3":"status-publish","4":"has-post-thumbnail","6":"product_cat-fire-pit","7":"product_cat-wood-burning-fire-pit","8":"desktop-align-center","9":"tablet-align-left","10":"mobile-align-left","12":"first","13":"instock","14":"shipping-taxable","15":"product-type-simple"},"_links":{"self":[{"href":"https:\/\/jblcorten.com\/es\/wp-json\/wp\/v2\/product\/2904","targetHints":{"allow":["GET"]}}],"collection":[{"href":"https:\/\/jblcorten.com\/es\/wp-json\/wp\/v2\/product"}],"about":[{"href":"https:\/\/jblcorten.com\/es\/wp-json\/wp\/v2\/types\/product"}],"wp:featuredmedia":[{"embeddable":true,"href":"https:\/\/jblcorten.com\/es\/wp-json\/wp\/v2\/media\/2905"}],"wp:attachment":[{"href":"https:\/\/jblcorten.com\/es\/wp-json\/wp\/v2\/media?parent=2904"}],"wp:term":[{"taxonomy":"product_brand","embeddable":true,"href":"https:\/\/jblcorten.com\/es\/wp-json\/wp\/v2\/product_brand?post=2904"},{"taxonomy":"product_cat","embeddable":true,"href":"https:\/\/jblcorten.com\/es\/wp-json\/wp\/v2\/product_cat?post=2904"},{"taxonomy":"product_tag","embeddable":true,"href":"https:\/\/jblcorten.com\/es\/wp-json\/wp\/v2\/product_tag?post=2904"}],"curies":[{"name":"wp","href":"https:\/\/api.w.org\/{rel}","templated":true}]}}