{"id":2897,"date":"2025-04-25T10:55:07","date_gmt":"2025-04-25T02:55:07","guid":{"rendered":"https:\/\/jblcorten.com\/?post_type=product&#038;p=2897"},"modified":"2025-04-25T10:55:07","modified_gmt":"2025-04-25T02:55:07","slug":"barbacoa-de-lena-para-exteriores","status":"publish","type":"product","link":"https:\/\/jblcorten.com\/es\/outdoor-wood-burning-bbq-grill\/","title":{"rendered":"Barbacoa de le\u00f1a exterior"},"content":{"rendered":"<h2 style=\"text-align: center;\"><span style=\"font-size: 14pt;\">Barbacoa de le\u00f1a exterior<\/span><\/h2>\n<p>La barbacoa de le\u00f1a para exteriores es un equipo de asado de alto rendimiento dise\u00f1ado para personas que aman la naturaleza y persiguen la calidad de vida. Utiliza acero inoxidable como material principal. No s\u00f3lo tiene una textura natural \u00fanica de color rojo \u00f3xido, sino que tambi\u00e9n es muy resistente a la corrosi\u00f3n y a las altas temperaturas, y puede utilizarse al aire libre durante mucho tiempo. Con el paso del tiempo, se formar\u00e1 una capa protectora de \u00f3xido estable en la superficie del acero para intemperie, que no s\u00f3lo tiene un importante efecto antioxidante, sino que tambi\u00e9n confiere a la parrilla una belleza rugosa de a\u00f1os de precipitaciones, que se integra perfectamente en diversos entornos exteriores, como patios, terrazas y jardines.<\/p>\n<p><strong><span style=\"font-size: 14pt;\">Especificaci\u00f3n del producto:<\/span><\/strong><\/p>\n<table>\n<tbody>\n<tr>\n<td width=\"87\">Art\u00edculo<\/td>\n<td width=\"662\">Barbacoa de le\u00f1a exterior<\/td>\n<\/tr>\n<tr>\n<td width=\"87\">Material<\/td>\n<td width=\"662\">Acero corten \/ Acero para intemperie<\/td>\n<\/tr>\n<tr>\n<td width=\"87\">Espesor<\/td>\n<td width=\"662\">2mm, Placa de la parrilla: 10mm<\/td>\n<\/tr>\n<tr>\n<td width=\"87\">Paquete<\/td>\n<td width=\"662\">Interior: Papel de espuma antidesgaste, Exterior: Caja de cart\u00f3n<\/td>\n<\/tr>\n<tr>\n<td width=\"87\">Superficie<\/td>\n<td width=\"662\">Preoxidado, personalizable<\/td>\n<\/tr>\n<\/tbody>\n<\/table>\n<p><strong><span style=\"font-size: 14pt;\">\u00bfPor qu\u00e9 elegir la barbacoa de le\u00f1a para exteriores?<\/span><\/strong><\/p>\n<p><strong>1.Parrilla de acero al carbono<\/strong><\/p>\n<p>Esta barbacoa de le\u00f1a para exteriores est\u00e1 equipada con una parrilla de acero al carbono de alta calidad con buena conductividad t\u00e9rmica y capacidad de almacenamiento de calor. El material de acero al carbono permite que la parrilla se caliente r\u00e1pidamente y permanezca estable durante el proceso de calentamiento, garantizando que los ingredientes se puedan calentar uniformemente. Tanto si se trata de filetes de corte grueso, muslos de pollo o verduras y marisco, pueden asarse en poco tiempo para que queden crujientes por fuera y tiernos por dentro, con buen color, aroma y sabor. Comparado con el acero inoxidable ordinario o las parrillas cromadas, el acero al carbono no es f\u00e1cil de deformar a altas temperaturas y es duradero.<\/p>\n<p><img fetchpriority=\"high\" decoding=\"async\" class=\"alignnone size-full wp-image-2900\" src=\"https:\/\/jblcorten.com\/wp-content\/uploads\/2025\/04\/outdoor-wood-burning-bbq-grill.png\" alt=\"barbacoa de le\u00f1a para exteriores\" width=\"750\" height=\"499\" title=\"\" srcset=\"https:\/\/jblcorten.com\/wp-content\/uploads\/2025\/04\/outdoor-wood-burning-bbq-grill.png 750w, https:\/\/jblcorten.com\/wp-content\/uploads\/2025\/04\/outdoor-wood-burning-bbq-grill-600x399.png 600w, https:\/\/jblcorten.com\/wp-content\/uploads\/2025\/04\/outdoor-wood-burning-bbq-grill-300x200.png 300w, https:\/\/jblcorten.com\/wp-content\/uploads\/2025\/04\/outdoor-wood-burning-bbq-grill-18x12.png 18w\" sizes=\"(max-width: 750px) 100vw, 750px\" \/><\/p>\n<p><strong>2.Combustible - Madera<\/strong><\/p>\n<p>La barbacoa utiliza le\u00f1a como combustible principal. Al arder, la le\u00f1a desprende un aroma ahumado natural, que puede a\u00f1adir un sabor \u00fanico a la comida, incomparable al de las barbacoas de gas o el\u00e9ctricas. Los usuarios pueden elegir distintos tipos de le\u00f1a seg\u00fan sus preferencias personales, como roble, manzano, cerezo, etc. El humo producido por diferentes especies de madera tiene diferentes aromas, que es adecuado para asar diferentes tipos de ingredientes y mejora a\u00fan m\u00e1s el nivel de sabor de la barbacoa. Adem\u00e1s, la le\u00f1a tiene una gran potencia de fuego y dura mucho tiempo, lo que hace que el proceso de la barbacoa sea m\u00e1s eficiente y estable, adecuado para barbacoas de larga duraci\u00f3n y reuniones de varias personas.<\/p>\n<p><strong>3.Totalmente funcional<\/strong><\/p>\n<p>Con el fin de mejorar la experiencia del usuario, la barbacoa de le\u00f1a para exteriores tambi\u00e9n est\u00e1 equipada con pr\u00e1cticas herramientas como palas para ayudar a los usuarios a voltear los ingredientes, ajustar el carb\u00f3n y limpiar las cenizas de forma m\u00e1s c\u00f3moda, mejorando la comodidad y la seguridad de la operaci\u00f3n en general. Estos utensilios se guardan de forma uniforme, limpia y ordenada, lo que facilita el proceso de la barbacoa. El dise\u00f1o tambi\u00e9n reserva un armario de almacenamiento de le\u00f1a, que se puede utilizar para almacenar le\u00f1a de repuesto y tambi\u00e9n se puede utilizar como mesa de operaciones auxiliar, aumentando la funcionalidad y el espacio de almacenamiento de la barbacoa. No s\u00f3lo eso, el armario de almacenamiento de madera tambi\u00e9n desempe\u00f1a un papel en la decoraci\u00f3n est\u00e9tica, haciendo que toda la parrilla de barbacoa tenga un aspecto m\u00e1s profesional y elegante.<\/p>\n<p><img decoding=\"async\" class=\"alignnone size-full wp-image-2899\" src=\"https:\/\/jblcorten.com\/wp-content\/uploads\/2025\/04\/bbq-grill.jpg\" alt=\"\" width=\"750\" height=\"400\" title=\"\" srcset=\"https:\/\/jblcorten.com\/wp-content\/uploads\/2025\/04\/bbq-grill.jpg 750w, https:\/\/jblcorten.com\/wp-content\/uploads\/2025\/04\/bbq-grill-600x320.jpg 600w, https:\/\/jblcorten.com\/wp-content\/uploads\/2025\/04\/bbq-grill-300x160.jpg 300w, https:\/\/jblcorten.com\/wp-content\/uploads\/2025\/04\/bbq-grill-18x10.jpg 18w\" sizes=\"(max-width: 750px) 100vw, 750px\" \/><\/p>\n<p><strong><span style=\"font-size: 14pt;\">Paquete del producto:<\/span><\/strong><\/p>\n<p><img decoding=\"async\" class=\"alignnone size-full wp-image-2461\" src=\"https:\/\/jblcorten.com\/wp-content\/uploads\/2024\/08\/wood-burning-stove-grill.jpg\" alt=\"estufa de le\u00f1a grill\" width=\"750\" height=\"285\" title=\"\" srcset=\"https:\/\/jblcorten.com\/wp-content\/uploads\/2024\/08\/wood-burning-stove-grill.jpg 750w, https:\/\/jblcorten.com\/wp-content\/uploads\/2024\/08\/wood-burning-stove-grill-600x228.jpg 600w, https:\/\/jblcorten.com\/wp-content\/uploads\/2024\/08\/wood-burning-stove-grill-300x114.jpg 300w, https:\/\/jblcorten.com\/wp-content\/uploads\/2024\/08\/wood-burning-stove-grill-18x7.jpg 18w\" sizes=\"(max-width: 750px) 100vw, 750px\" \/><\/p>\n<p><strong><span style=\"font-size: 14pt;\">M\u00e1s im\u00e1genes:<\/span><\/strong><\/p>\n<p><img loading=\"lazy\" decoding=\"async\" class=\"alignnone size-full wp-image-2903\" src=\"https:\/\/jblcorten.com\/wp-content\/uploads\/2025\/04\/wood-burning-bbq-grills-for-sale.jpg\" alt=\"venta de barbacoa de le\u00f1a\" width=\"750\" height=\"421\" title=\"\" srcset=\"https:\/\/jblcorten.com\/wp-content\/uploads\/2025\/04\/wood-burning-bbq-grills-for-sale.jpg 750w, https:\/\/jblcorten.com\/wp-content\/uploads\/2025\/04\/wood-burning-bbq-grills-for-sale-600x337.jpg 600w, https:\/\/jblcorten.com\/wp-content\/uploads\/2025\/04\/wood-burning-bbq-grills-for-sale-300x168.jpg 300w, https:\/\/jblcorten.com\/wp-content\/uploads\/2025\/04\/wood-burning-bbq-grills-for-sale-18x10.jpg 18w\" sizes=\"(max-width: 750px) 100vw, 750px\" \/><\/p>\n<p><img loading=\"lazy\" decoding=\"async\" class=\"alignnone size-full wp-image-2902\" src=\"https:\/\/jblcorten.com\/wp-content\/uploads\/2025\/04\/wood-burning-bbq-grill.jpg\" alt=\"barbacoa de le\u00f1a\" width=\"750\" height=\"421\" title=\"\" srcset=\"https:\/\/jblcorten.com\/wp-content\/uploads\/2025\/04\/wood-burning-bbq-grill.jpg 750w, https:\/\/jblcorten.com\/wp-content\/uploads\/2025\/04\/wood-burning-bbq-grill-600x337.jpg 600w, https:\/\/jblcorten.com\/wp-content\/uploads\/2025\/04\/wood-burning-bbq-grill-300x168.jpg 300w, https:\/\/jblcorten.com\/wp-content\/uploads\/2025\/04\/wood-burning-bbq-grill-18x10.jpg 18w\" sizes=\"(max-width: 750px) 100vw, 750px\" \/><\/p>\n<p><img loading=\"lazy\" decoding=\"async\" class=\"alignnone size-full wp-image-2901\" src=\"https:\/\/jblcorten.com\/wp-content\/uploads\/2025\/04\/best-wood-burning-bbq-grill.jpg\" alt=\"la mejor barbacoa de le\u00f1a\" width=\"750\" height=\"421\" title=\"\" srcset=\"https:\/\/jblcorten.com\/wp-content\/uploads\/2025\/04\/best-wood-burning-bbq-grill.jpg 750w, https:\/\/jblcorten.com\/wp-content\/uploads\/2025\/04\/best-wood-burning-bbq-grill-600x337.jpg 600w, https:\/\/jblcorten.com\/wp-content\/uploads\/2025\/04\/best-wood-burning-bbq-grill-300x168.jpg 300w, https:\/\/jblcorten.com\/wp-content\/uploads\/2025\/04\/best-wood-burning-bbq-grill-18x10.jpg 18w\" sizes=\"(max-width: 750px) 100vw, 750px\" \/><\/p>","protected":false},"excerpt":{"rendered":"<p>La barbacoa de le\u00f1a para exteriores adopta un dise\u00f1o de calentamiento abierto, y el calor puede distribuirse uniformemente por toda la parrilla, evitando el sobrecalentamiento local o el centro poco hecho habituales en las barbacoas tradicionales.<\/p>\n<p>Los usuarios pueden ajustar la posici\u00f3n de apilamiento y la potencia de la le\u00f1a seg\u00fan sus necesidades, para controlar de forma flexible la temperatura de distintas zonas y conseguir el efecto de cocinar varios ingredientes al mismo tiempo.<\/p>","protected":false},"featured_media":2456,"template":"","meta":{"site-sidebar-layout":"default","site-content-layout":"","ast-site-content-layout":"default","site-content-style":"default","site-sidebar-style":"default","ast-global-header-display":"","ast-banner-title-visibility":"","ast-main-header-display":"","ast-hfb-above-header-display":"","ast-hfb-below-header-display":"","ast-hfb-mobile-header-display":"","site-post-title":"","ast-breadcrumbs-content":"","ast-featured-img":"","footer-sml-layout":"","ast-disable-related-posts":"","theme-transparent-header-meta":"default","adv-header-id-meta":"","stick-header-meta":"","header-above-stick-meta":"","header-main-stick-meta":"","header-below-stick-meta":"","astra-migrate-meta-layouts":"set","ast-page-background-enabled":"default","ast-page-background-meta":{"desktop":{"background-color":"var(--ast-global-color-4)","background-image":"","background-repeat":"repeat","background-position":"center center","background-size":"auto","background-attachment":"scroll","background-type":"","background-media":"","overlay-type":"","overlay-color":"","overlay-opacity":"","overlay-gradient":""},"tablet":{"background-color":"","background-image":"","background-repeat":"repeat","background-position":"center center","background-size":"auto","background-attachment":"scroll","background-type":"","background-media":"","overlay-type":"","overlay-color":"","overlay-opacity":"","overlay-gradient":""},"mobile":{"background-color":"","background-image":"","background-repeat":"repeat","background-position":"center center","background-size":"auto","background-attachment":"scroll","background-type":"","background-media":"","overlay-type":"","overlay-color":"","overlay-opacity":"","overlay-gradient":""}},"ast-content-background-meta":{"desktop":{"background-color":"var(--ast-global-color-5)","background-image":"","background-repeat":"repeat","background-position":"center center","background-size":"auto","background-attachment":"scroll","background-type":"","background-media":"","overlay-type":"","overlay-color":"","overlay-opacity":"","overlay-gradient":""},"tablet":{"background-color":"var(--ast-global-color-5)","background-image":"","background-repeat":"repeat","background-position":"center center","background-size":"auto","background-attachment":"scroll","background-type":"","background-media":"","overlay-type":"","overlay-color":"","overlay-opacity":"","overlay-gradient":""},"mobile":{"background-color":"var(--ast-global-color-5)","background-image":"","background-repeat":"repeat","background-position":"center center","background-size":"auto","background-attachment":"scroll","background-type":"","background-media":"","overlay-type":"","overlay-color":"","overlay-opacity":"","overlay-gradient":""}}},"product_brand":[],"product_cat":[25],"product_tag":[],"class_list":{"0":"post-2897","1":"product","2":"type-product","3":"status-publish","4":"has-post-thumbnail","6":"product_cat-bbq-grill","7":"desktop-align-center","8":"tablet-align-left","9":"mobile-align-left","11":"first","12":"instock","13":"shipping-taxable","14":"product-type-simple"},"_links":{"self":[{"href":"https:\/\/jblcorten.com\/es\/wp-json\/wp\/v2\/product\/2897","targetHints":{"allow":["GET"]}}],"collection":[{"href":"https:\/\/jblcorten.com\/es\/wp-json\/wp\/v2\/product"}],"about":[{"href":"https:\/\/jblcorten.com\/es\/wp-json\/wp\/v2\/types\/product"}],"wp:featuredmedia":[{"embeddable":true,"href":"https:\/\/jblcorten.com\/es\/wp-json\/wp\/v2\/media\/2456"}],"wp:attachment":[{"href":"https:\/\/jblcorten.com\/es\/wp-json\/wp\/v2\/media?parent=2897"}],"wp:term":[{"taxonomy":"product_brand","embeddable":true,"href":"https:\/\/jblcorten.com\/es\/wp-json\/wp\/v2\/product_brand?post=2897"},{"taxonomy":"product_cat","embeddable":true,"href":"https:\/\/jblcorten.com\/es\/wp-json\/wp\/v2\/product_cat?post=2897"},{"taxonomy":"product_tag","embeddable":true,"href":"https:\/\/jblcorten.com\/es\/wp-json\/wp\/v2\/product_tag?post=2897"}],"curies":[{"name":"wp","href":"https:\/\/api.w.org\/{rel}","templated":true}]}}