{"id":2854,"date":"2025-04-18T15:14:38","date_gmt":"2025-04-18T07:14:38","guid":{"rendered":"https:\/\/jblcorten.com\/?post_type=product&#038;p=2854"},"modified":"2025-04-18T15:14:39","modified_gmt":"2025-04-18T07:14:39","slug":"chimenea-de-lena-suspendida","status":"publish","type":"product","link":"https:\/\/jblcorten.com\/es\/suspended-wood-burning-fireplace\/","title":{"rendered":"Chimenea de le\u00f1a suspendida"},"content":{"rendered":"<h2 style=\"text-align: center;\"><span style=\"font-size: 14pt;\">Chimenea de le\u00f1a suspendida<\/span><\/h2>\n<p>La chimenea de le\u00f1a suspendida es un producto de chimenea que combina una est\u00e9tica moderna con funciones de calefacci\u00f3n eficientes. Su estructura central est\u00e1 hecha de acero al carbono de alta calidad, mostrando excelentes prestaciones de robustez, resistencia a altas temperaturas y durabilidad. A diferencia de las chimeneas tradicionales de pie o empotradas, esta chimenea est\u00e1 dise\u00f1ada de forma \u201csuspendida\u201d. El conjunto est\u00e1 suspendido del techo, y el quemador est\u00e1 suspendido en el aire, lo que no s\u00f3lo ahorra espacio en el suelo, sino que tambi\u00e9n aporta una sensaci\u00f3n de arte visualmente impactante al espacio interior. No es s\u00f3lo un dispositivo de calefacci\u00f3n, sino tambi\u00e9n una obra de arte distintiva, que realza enormemente el estilo y la modernidad del espacio.<\/p>\n<p><strong><span style=\"font-size: 14pt;\">Especificaci\u00f3n del producto:<\/span><\/strong><\/p>\n<table>\n<tbody>\n<tr>\n<td style=\"background-color: #f8f8ff;\"><strong><b>Nombre<\/b><\/strong><\/td>\n<td style=\"background-color: #f8f8ff;\">Chimenea de le\u00f1a suspendida<\/td>\n<\/tr>\n<tr>\n<td><strong><b>Material<\/b><\/strong><\/td>\n<td>Acero al carbono<\/td>\n<\/tr>\n<tr>\n<td style=\"background-color: #f8f8ff;\"><strong><b>Color<\/b><\/strong><\/td>\n<td style=\"background-color: #f8f8ff;\">Blanco o negro<\/td>\n<\/tr>\n<tr>\n<td><strong><b>Talla<\/b><\/strong><\/td>\n<td>600\/800\/1000\/1200 mm o personalizado<\/td>\n<\/tr>\n<tr>\n<td style=\"background-color: #f8f8ff;\"><strong><b>Combustible<\/b><\/strong><\/td>\n<td style=\"background-color: #f8f8ff;\">madera o alcohol et\u00edlico<\/td>\n<\/tr>\n<tr>\n<td><strong><b>Opci\u00f3n Fire Core<\/b><\/strong><\/td>\n<td>Alcohol\/madera\/agua nebulizada\/electr\u00f3nica<\/td>\n<\/tr>\n<tr>\n<td style=\"background-color: #f8f8ff;\"><strong><b>Aplicaci\u00f3n<\/b><\/strong><\/td>\n<td style=\"background-color: #f8f8ff;\">Decoraci\u00f3n y calentamiento de interiores<\/td>\n<\/tr>\n<tr>\n<td><strong><b>OEM\/ODM<\/b><\/strong><\/td>\n<td>Disponible<\/td>\n<\/tr>\n<\/tbody>\n<\/table>\n<p><strong><span style=\"font-size: 14pt;\">\u00bfPor qu\u00e9 elegirnos?<\/span><\/strong><\/p>\n<p>En t\u00e9rminos de dise\u00f1o estructural, la chimenea de le\u00f1a suspendida tiene un alto grado de flexibilidad de personalizaci\u00f3n. En primer lugar, el tubo del horno (es decir, el tubo colgante que conecta el techo y el quemador) se puede personalizar en longitud de acuerdo a la altura del suelo de diferentes espacios. Si se trata de una sala de estar de techo alto, un espacio d\u00faplex, o una residencia familiar en general, la longitud del tubo del horno m\u00e1s adecuado se puede seleccionar de acuerdo con el entorno de instalaci\u00f3n espec\u00edfica para garantizar la proporci\u00f3n visual global de la chimenea est\u00e1 coordinado y la instalaci\u00f3n es segura y fiable.<\/p>\n<p>En segundo lugar, como n\u00facleo visual y funcional de toda la chimenea, el quemador tambi\u00e9n tiene una amplia gama de posibilidades de personalizaci\u00f3n. Los usuarios pueden elegir el tama\u00f1o adecuado del quemador seg\u00fan el tama\u00f1o del espacio y las necesidades de calefacci\u00f3n, desde estilos peque\u00f1os y exquisitos hasta quemadores de gran di\u00e1metro y gran almacenamiento de calor, para satisfacer las necesidades de diferentes escenarios. Al mismo tiempo, el color del horno colgante tambi\u00e9n puede personalizarse. Ya sea el cl\u00e1sico negro mate o los atrevidos rojo y blanco, puede combinarse seg\u00fan el estilo general de dise\u00f1o interior del usuario, para que la chimenea se integre perfectamente en el espacio y se convierta en el punto culminante del dise\u00f1o interior.<\/p>\n<p>Cabe mencionar que la chimenea de le\u00f1a suspendida tiene una funci\u00f3n de rotaci\u00f3n de 360 grados. En otras palabras, los usuarios pueden girar el quemador en cualquier direcci\u00f3n manualmente o a trav\u00e9s de dispositivos mec\u00e1nicos en cualquier momento de acuerdo con su ubicaci\u00f3n y las necesidades reales de calefacci\u00f3n, de modo que la llama se puede ver desde cualquier \u00e1ngulo de la habitaci\u00f3n, y el calor se puede distribuir de manera m\u00e1s uniforme en el espacio interior. Este dise\u00f1o no s\u00f3lo mejora la eficacia de la calefacci\u00f3n, sino que tambi\u00e9n mejora enormemente la experiencia interactiva del usuario.<\/p>\n<p><img fetchpriority=\"high\" decoding=\"async\" class=\"alignnone wp-image-2862\" src=\"https:\/\/jblcorten.com\/wp-content\/uploads\/2025\/04\/suspended-wood-burning-fireplace.jpg\" alt=\"chimenea de le\u00f1a suspendida\" width=\"750\" height=\"525\" title=\"\" srcset=\"https:\/\/jblcorten.com\/wp-content\/uploads\/2025\/04\/suspended-wood-burning-fireplace.jpg 1000w, https:\/\/jblcorten.com\/wp-content\/uploads\/2025\/04\/suspended-wood-burning-fireplace-600x420.jpg 600w, https:\/\/jblcorten.com\/wp-content\/uploads\/2025\/04\/suspended-wood-burning-fireplace-300x210.jpg 300w, https:\/\/jblcorten.com\/wp-content\/uploads\/2025\/04\/suspended-wood-burning-fireplace-768x538.jpg 768w, https:\/\/jblcorten.com\/wp-content\/uploads\/2025\/04\/suspended-wood-burning-fireplace-18x12.jpg 18w\" sizes=\"(max-width: 750px) 100vw, 750px\" \/><\/p>\n<p><strong><span style=\"font-size: 14pt;\">Dise\u00f1o humanizado:<\/span><\/strong><\/p>\n<p>En cuanto a las funciones detalladas, esta chimenea tambi\u00e9n admite la instalaci\u00f3n personalizada de puertas correderas de cristal. En comparaci\u00f3n con las chimeneas abiertas tradicionales, el dise\u00f1o con puertas de cristal es m\u00e1s seguro y puede evitar eficazmente que salten chispas y se derrame el humo, especialmente adecuado para familias con ni\u00f1os o mascotas. Al mismo tiempo, la presencia de la puerta de cristal ayuda a mejorar la eficiencia de la combusti\u00f3n, controlar la cantidad de entrada de aire, hacer que la madera se queme m\u00e1s completamente, reducir el desperdicio de energ\u00eda y mejorar la tasa de utilizaci\u00f3n de la energ\u00eda t\u00e9rmica en general. El dise\u00f1o de la estructura push-pull tiene en cuenta tanto la comodidad como la est\u00e9tica, y los usuarios pueden operar m\u00e1s f\u00e1cilmente al a\u00f1adir le\u00f1a o limpiar el horno.<\/p>\n<p>Como producto de chimenea centrado en la calidad de vida moderna, la chimenea de le\u00f1a suspendida no s\u00f3lo satisface las necesidades de calefacci\u00f3n, ahorro de energ\u00eda y seguridad del usuario en t\u00e9rminos de funci\u00f3n, sino que tambi\u00e9n a\u00f1ade arte y sensaci\u00f3n de alta gama a la vida dom\u00e9stica con su forma \u00fanica y dise\u00f1o personalizado personalizable. Tanto si se utiliza en una sala de estar familiar como en el vest\u00edbulo de un hotel o en un restaurante especializado, puede convertirse f\u00e1cilmente en el centro visual y el n\u00facleo de la atm\u00f3sfera del espacio.<\/p>\n<p><img decoding=\"async\" class=\"alignnone wp-image-2861\" src=\"https:\/\/jblcorten.com\/wp-content\/uploads\/2025\/04\/suspended-wood-burner.jpg\" alt=\"estufa de le\u00f1a suspendida\" width=\"750\" height=\"525\" title=\"\" srcset=\"https:\/\/jblcorten.com\/wp-content\/uploads\/2025\/04\/suspended-wood-burner.jpg 1000w, https:\/\/jblcorten.com\/wp-content\/uploads\/2025\/04\/suspended-wood-burner-600x420.jpg 600w, https:\/\/jblcorten.com\/wp-content\/uploads\/2025\/04\/suspended-wood-burner-300x210.jpg 300w, https:\/\/jblcorten.com\/wp-content\/uploads\/2025\/04\/suspended-wood-burner-768x538.jpg 768w, https:\/\/jblcorten.com\/wp-content\/uploads\/2025\/04\/suspended-wood-burner-18x12.jpg 18w\" sizes=\"(max-width: 750px) 100vw, 750px\" \/><\/p>\n<p><strong><span style=\"font-size: 14pt;\">Paquete del producto:<\/span><\/strong><\/p>\n<p>Para proteger el producto, primero lo embalamos con una gruesa pel\u00edcula protectora y luego utilizamos cajas de madera para el embalaje exterior.<\/p>\n<p><img decoding=\"async\" class=\"alignnone wp-image-2866\" src=\"https:\/\/jblcorten.com\/wp-content\/uploads\/2025\/04\/buy-suspended-fireplace.jpg\" alt=\"comprar chimenea suspendida\" width=\"750\" height=\"589\" title=\"\" srcset=\"https:\/\/jblcorten.com\/wp-content\/uploads\/2025\/04\/buy-suspended-fireplace.jpg 1000w, https:\/\/jblcorten.com\/wp-content\/uploads\/2025\/04\/buy-suspended-fireplace-600x472.jpg 600w, https:\/\/jblcorten.com\/wp-content\/uploads\/2025\/04\/buy-suspended-fireplace-300x236.jpg 300w, https:\/\/jblcorten.com\/wp-content\/uploads\/2025\/04\/buy-suspended-fireplace-768x604.jpg 768w, https:\/\/jblcorten.com\/wp-content\/uploads\/2025\/04\/buy-suspended-fireplace-15x12.jpg 15w\" sizes=\"(max-width: 750px) 100vw, 750px\" \/><\/p>\n<p><img loading=\"lazy\" decoding=\"async\" class=\"alignnone wp-image-2867\" src=\"https:\/\/jblcorten.com\/wp-content\/uploads\/2025\/04\/wood-burning-suspended-fireplace.jpg\" alt=\"chimenea suspendida de le\u00f1a\" width=\"750\" height=\"506\" title=\"\" srcset=\"https:\/\/jblcorten.com\/wp-content\/uploads\/2025\/04\/wood-burning-suspended-fireplace.jpg 1000w, https:\/\/jblcorten.com\/wp-content\/uploads\/2025\/04\/wood-burning-suspended-fireplace-600x405.jpg 600w, https:\/\/jblcorten.com\/wp-content\/uploads\/2025\/04\/wood-burning-suspended-fireplace-300x203.jpg 300w, https:\/\/jblcorten.com\/wp-content\/uploads\/2025\/04\/wood-burning-suspended-fireplace-768x518.jpg 768w, https:\/\/jblcorten.com\/wp-content\/uploads\/2025\/04\/wood-burning-suspended-fireplace-18x12.jpg 18w\" sizes=\"(max-width: 750px) 100vw, 750px\" \/><\/p>\n<p><img loading=\"lazy\" decoding=\"async\" class=\"alignnone wp-image-2863 size-full\" src=\"https:\/\/jblcorten.com\/wp-content\/uploads\/2025\/04\/Hanging-Fireplace.jpg\" alt=\"Chimenea colgante\" width=\"750\" height=\"562\" title=\"\" srcset=\"https:\/\/jblcorten.com\/wp-content\/uploads\/2025\/04\/Hanging-Fireplace.jpg 750w, https:\/\/jblcorten.com\/wp-content\/uploads\/2025\/04\/Hanging-Fireplace-600x450.jpg 600w, https:\/\/jblcorten.com\/wp-content\/uploads\/2025\/04\/Hanging-Fireplace-300x225.jpg 300w, https:\/\/jblcorten.com\/wp-content\/uploads\/2025\/04\/Hanging-Fireplace-16x12.jpg 16w\" sizes=\"(max-width: 750px) 100vw, 750px\" \/><\/p>","protected":false},"excerpt":{"rendered":"<p>La chimenea de le\u00f1a suspendida es un material a base de acero al carbono con una serie de dise\u00f1os humanizados, como la longitud personalizada del tubo del horno, el tama\u00f1o y el color personalizados del cabezal del horno, la funci\u00f3n de rotaci\u00f3n de 360 grados y la puerta corredera de cristal opcional.<\/p>\n<p>No s\u00f3lo responde a la b\u00fasqueda del usuario moderno de un estilo de vida c\u00f3modo, respetuoso con el medio ambiente y personalizado, sino que tambi\u00e9n muestra una nueva interpretaci\u00f3n de la chimenea en la est\u00e9tica del hogar contempor\u00e1neo.<\/p>","protected":false},"featured_media":2855,"template":"","meta":{"site-sidebar-layout":"default","site-content-layout":"","ast-site-content-layout":"default","site-content-style":"default","site-sidebar-style":"default","ast-global-header-display":"","ast-banner-title-visibility":"","ast-main-header-display":"","ast-hfb-above-header-display":"","ast-hfb-below-header-display":"","ast-hfb-mobile-header-display":"","site-post-title":"","ast-breadcrumbs-content":"","ast-featured-img":"","footer-sml-layout":"","ast-disable-related-posts":"","theme-transparent-header-meta":"default","adv-header-id-meta":"","stick-header-meta":"","header-above-stick-meta":"","header-main-stick-meta":"","header-below-stick-meta":"","astra-migrate-meta-layouts":"set","ast-page-background-enabled":"default","ast-page-background-meta":{"desktop":{"background-color":"var(--ast-global-color-4)","background-image":"","background-repeat":"repeat","background-position":"center center","background-size":"auto","background-attachment":"scroll","background-type":"","background-media":"","overlay-type":"","overlay-color":"","overlay-opacity":"","overlay-gradient":""},"tablet":{"background-color":"","background-image":"","background-repeat":"repeat","background-position":"center center","background-size":"auto","background-attachment":"scroll","background-type":"","background-media":"","overlay-type":"","overlay-color":"","overlay-opacity":"","overlay-gradient":""},"mobile":{"background-color":"","background-image":"","background-repeat":"repeat","background-position":"center center","background-size":"auto","background-attachment":"scroll","background-type":"","background-media":"","overlay-type":"","overlay-color":"","overlay-opacity":"","overlay-gradient":""}},"ast-content-background-meta":{"desktop":{"background-color":"var(--ast-global-color-5)","background-image":"","background-repeat":"repeat","background-position":"center center","background-size":"auto","background-attachment":"scroll","background-type":"","background-media":"","overlay-type":"","overlay-color":"","overlay-opacity":"","overlay-gradient":""},"tablet":{"background-color":"var(--ast-global-color-5)","background-image":"","background-repeat":"repeat","background-position":"center center","background-size":"auto","background-attachment":"scroll","background-type":"","background-media":"","overlay-type":"","overlay-color":"","overlay-opacity":"","overlay-gradient":""},"mobile":{"background-color":"var(--ast-global-color-5)","background-image":"","background-repeat":"repeat","background-position":"center center","background-size":"auto","background-attachment":"scroll","background-type":"","background-media":"","overlay-type":"","overlay-color":"","overlay-opacity":"","overlay-gradient":""}}},"product_brand":[],"product_cat":[30],"product_tag":[],"class_list":{"0":"post-2854","1":"product","2":"type-product","3":"status-publish","4":"has-post-thumbnail","6":"product_cat-fireplace","7":"desktop-align-center","8":"tablet-align-left","9":"mobile-align-left","11":"first","12":"instock","13":"shipping-taxable","14":"product-type-simple"},"_links":{"self":[{"href":"https:\/\/jblcorten.com\/es\/wp-json\/wp\/v2\/product\/2854","targetHints":{"allow":["GET"]}}],"collection":[{"href":"https:\/\/jblcorten.com\/es\/wp-json\/wp\/v2\/product"}],"about":[{"href":"https:\/\/jblcorten.com\/es\/wp-json\/wp\/v2\/types\/product"}],"wp:featuredmedia":[{"embeddable":true,"href":"https:\/\/jblcorten.com\/es\/wp-json\/wp\/v2\/media\/2855"}],"wp:attachment":[{"href":"https:\/\/jblcorten.com\/es\/wp-json\/wp\/v2\/media?parent=2854"}],"wp:term":[{"taxonomy":"product_brand","embeddable":true,"href":"https:\/\/jblcorten.com\/es\/wp-json\/wp\/v2\/product_brand?post=2854"},{"taxonomy":"product_cat","embeddable":true,"href":"https:\/\/jblcorten.com\/es\/wp-json\/wp\/v2\/product_cat?post=2854"},{"taxonomy":"product_tag","embeddable":true,"href":"https:\/\/jblcorten.com\/es\/wp-json\/wp\/v2\/product_tag?post=2854"}],"curies":[{"name":"wp","href":"https:\/\/api.w.org\/{rel}","templated":true}]}}