{"id":2721,"date":"2025-04-15T15:01:07","date_gmt":"2025-04-15T07:01:07","guid":{"rendered":"https:\/\/jblcorten.com\/?post_type=product&#038;p=2721"},"modified":"2025-04-15T15:03:40","modified_gmt":"2025-04-15T07:03:40","slug":"cuchilla-en-cascada-de-acero-corten","status":"publish","type":"product","link":"https:\/\/jblcorten.com\/es\/corten-steel-waterfall-blade-cascade\/","title":{"rendered":"Cascada de hojas de acero corten"},"content":{"rendered":"<h2 style=\"text-align: center;\"><span style=\"font-size: 14pt;\">Cascada de hojas de acero corten<\/span><\/h2>\n<p>La cascada de l\u00e1minas de acero corten es un elemento acu\u00e1tico moderno que combina arte y practicidad, y se utiliza a menudo en patios, jardines y dise\u00f1os paisaj\u00edsticos. El dispositivo est\u00e1 fabricado en acero corten, que forma de forma natural una capa de \u00f3xido estable cuando se expone al aire y la humedad, lo que no s\u00f3lo le confiere un profundo tono marr\u00f3n rojizo natural, sino que tambi\u00e9n evita eficazmente la corrosi\u00f3n posterior, alargando as\u00ed su vida \u00fatil. A diferencia de las cortinas de agua tradicionales de acero inoxidable o pl\u00e1stico, el efecto de \u00f3xido natural del acero corten hace que el agua fluya sobre su superficie con una belleza visual y una textura natural \u00fanicas, a\u00f1adiendo una fuerte atm\u00f3sfera ecol\u00f3gica original al entorno.<\/p>\n<p><strong><span style=\"font-size: 14pt;\">Especificaci\u00f3n del producto:<\/span><\/strong><\/p>\n<table style=\"width: 100%; height: 360px;\">\n<tbody>\n<tr style=\"height: 42px;\">\n<td style=\"background-color: #e8e8e8; height: 42px;\">Art\u00edculo<\/td>\n<td style=\"height: 42px;\">Cascada de hojas de acero corten<\/td>\n<\/tr>\n<tr style=\"height: 53px;\">\n<td style=\"background-color: #e8e8e8; height: 53px;\">Material<\/td>\n<td style=\"height: 53px;\">Acero corten\/Acero resistente a la intemperie<\/td>\n<\/tr>\n<tr style=\"height: 53px;\">\n<td style=\"background-color: #e8e8e8; height: 53px;\">Tama\u00f1o est\u00e1ndar<\/td>\n<td style=\"height: 53px;\">Al 1500 * An1200 * Pr600 mm\/personalizado<\/td>\n<\/tr>\n<tr style=\"height: 53px;\">\n<td style=\"background-color: #e8e8e8; height: 53px;\">Peso<\/td>\n<td style=\"height: 53px;\">100 kg<\/td>\n<\/tr>\n<tr style=\"height: 53px;\">\n<td style=\"background-color: #e8e8e8; height: 53px;\">Superficie<\/td>\n<td style=\"height: 53px;\">Preoxidado\/Preteorizado, personalizable<\/td>\n<\/tr>\n<tr style=\"height: 53px;\">\n<td style=\"background-color: #e8e8e8; height: 53px;\">Embalaje<\/td>\n<td style=\"height: 53px;\">Interior : Papel de espuma antidesgaste; Exterior : Paleta de madera<\/td>\n<\/tr>\n<tr style=\"height: 53px;\">\n<td style=\"background-color: #e8e8e8; height: 53px;\">Servicio personalizado<\/td>\n<td style=\"height: 53px;\">Patr\u00f3n, tama\u00f1o y tratamiento superficial; ODM y OEM disponibles<\/td>\n<\/tr>\n<\/tbody>\n<\/table>\n<p>La cascada de l\u00e1minas de acero corten suele estar dise\u00f1ada con una salida horizontal estrecha, desde la que el agua fluye uniformemente, formando una cortina de agua plana y continua que puede utilizarse como elemento paisaj\u00edstico. Puede instalarse en combinaci\u00f3n con un muro, una columna decorativa o una estructura independiente para satisfacer diversas necesidades de dise\u00f1o paisaj\u00edstico.\u00a0\u00a0<img fetchpriority=\"high\" decoding=\"async\" class=\"alignnone wp-image-2751\" src=\"https:\/\/jblcorten.com\/wp-content\/uploads\/2025\/04\/water-feature-manufacturer.jpg\" alt=\"fabricante de fuentes\" width=\"750\" height=\"300\" title=\"\" srcset=\"https:\/\/jblcorten.com\/wp-content\/uploads\/2025\/04\/water-feature-manufacturer.jpg 1000w, https:\/\/jblcorten.com\/wp-content\/uploads\/2025\/04\/water-feature-manufacturer-600x240.jpg 600w, https:\/\/jblcorten.com\/wp-content\/uploads\/2025\/04\/water-feature-manufacturer-300x120.jpg 300w, https:\/\/jblcorten.com\/wp-content\/uploads\/2025\/04\/water-feature-manufacturer-768x307.jpg 768w, https:\/\/jblcorten.com\/wp-content\/uploads\/2025\/04\/water-feature-manufacturer-18x7.jpg 18w\" sizes=\"(max-width: 750px) 100vw, 750px\" \/><\/p>\n<p>No es s\u00f3lo un dispositivo acu\u00e1tico, sino tambi\u00e9n una escultura viva que revela gradualmente las bellas huellas del tiempo a medida que \u00e9ste pasa, creando un espacio exterior tranquilo, relajante y art\u00edstico.<\/p>\n<p><strong><span style=\"font-size: 14pt;\">Expositor de productos:<\/span><\/strong><\/p>\n<p><img decoding=\"async\" class=\"alignnone wp-image-2752 size-full\" src=\"https:\/\/jblcorten.com\/wp-content\/uploads\/2025\/04\/corten-water-blade.jpg\" alt=\"cuchilla de agua corten\" width=\"750\" height=\"500\" title=\"\" srcset=\"https:\/\/jblcorten.com\/wp-content\/uploads\/2025\/04\/corten-water-blade.jpg 750w, https:\/\/jblcorten.com\/wp-content\/uploads\/2025\/04\/corten-water-blade-600x400.jpg 600w, https:\/\/jblcorten.com\/wp-content\/uploads\/2025\/04\/corten-water-blade-300x200.jpg 300w, https:\/\/jblcorten.com\/wp-content\/uploads\/2025\/04\/corten-water-blade-18x12.jpg 18w\" sizes=\"(max-width: 750px) 100vw, 750px\" \/><\/p>\n<p><img decoding=\"async\" class=\"alignnone size-full wp-image-2753\" src=\"https:\/\/jblcorten.com\/wp-content\/uploads\/2025\/04\/corten-steel-pond.jpg\" alt=\"estanque de acero corten\" width=\"750\" height=\"750\" title=\"\" srcset=\"https:\/\/jblcorten.com\/wp-content\/uploads\/2025\/04\/corten-steel-pond.jpg 750w, https:\/\/jblcorten.com\/wp-content\/uploads\/2025\/04\/corten-steel-pond-600x600.jpg 600w, https:\/\/jblcorten.com\/wp-content\/uploads\/2025\/04\/corten-steel-pond-100x100.jpg 100w, https:\/\/jblcorten.com\/wp-content\/uploads\/2025\/04\/corten-steel-pond-300x300.jpg 300w, https:\/\/jblcorten.com\/wp-content\/uploads\/2025\/04\/corten-steel-pond-150x150.jpg 150w, https:\/\/jblcorten.com\/wp-content\/uploads\/2025\/04\/corten-steel-pond-12x12.jpg 12w\" sizes=\"(max-width: 750px) 100vw, 750px\" \/><\/p>\n<p><img loading=\"lazy\" decoding=\"async\" class=\"alignnone size-full wp-image-2754\" src=\"https:\/\/jblcorten.com\/wp-content\/uploads\/2025\/04\/rusted-metal-water-features.jpg\" alt=\"juegos de agua de metal oxidado\" width=\"750\" height=\"750\" title=\"\" srcset=\"https:\/\/jblcorten.com\/wp-content\/uploads\/2025\/04\/rusted-metal-water-features.jpg 750w, https:\/\/jblcorten.com\/wp-content\/uploads\/2025\/04\/rusted-metal-water-features-600x600.jpg 600w, https:\/\/jblcorten.com\/wp-content\/uploads\/2025\/04\/rusted-metal-water-features-100x100.jpg 100w, https:\/\/jblcorten.com\/wp-content\/uploads\/2025\/04\/rusted-metal-water-features-300x300.jpg 300w, https:\/\/jblcorten.com\/wp-content\/uploads\/2025\/04\/rusted-metal-water-features-150x150.jpg 150w, https:\/\/jblcorten.com\/wp-content\/uploads\/2025\/04\/rusted-metal-water-features-12x12.jpg 12w\" sizes=\"(max-width: 750px) 100vw, 750px\" \/><\/p>","protected":false},"excerpt":{"rendered":"<p>La cascada de l\u00e1minas de acero corten suele estar dise\u00f1ada con una salida horizontal estrecha, desde la que el agua fluye uniformemente, formando una cortina de agua plana y continua que puede utilizarse como elemento paisaj\u00edstico. Puede instalarse en combinaci\u00f3n con un muro, una columna decorativa o una estructura independiente para satisfacer diversas necesidades de dise\u00f1o paisaj\u00edstico.<\/p>","protected":false},"featured_media":2745,"template":"","meta":{"site-sidebar-layout":"default","site-content-layout":"","ast-site-content-layout":"default","site-content-style":"default","site-sidebar-style":"default","ast-global-header-display":"","ast-banner-title-visibility":"","ast-main-header-display":"","ast-hfb-above-header-display":"","ast-hfb-below-header-display":"","ast-hfb-mobile-header-display":"","site-post-title":"","ast-breadcrumbs-content":"","ast-featured-img":"","footer-sml-layout":"","ast-disable-related-posts":"","theme-transparent-header-meta":"default","adv-header-id-meta":"","stick-header-meta":"","header-above-stick-meta":"","header-main-stick-meta":"","header-below-stick-meta":"","astra-migrate-meta-layouts":"set","ast-page-background-enabled":"default","ast-page-background-meta":{"desktop":{"background-color":"var(--ast-global-color-4)","background-image":"","background-repeat":"repeat","background-position":"center center","background-size":"auto","background-attachment":"scroll","background-type":"","background-media":"","overlay-type":"","overlay-color":"","overlay-opacity":"","overlay-gradient":""},"tablet":{"background-color":"","background-image":"","background-repeat":"repeat","background-position":"center center","background-size":"auto","background-attachment":"scroll","background-type":"","background-media":"","overlay-type":"","overlay-color":"","overlay-opacity":"","overlay-gradient":""},"mobile":{"background-color":"","background-image":"","background-repeat":"repeat","background-position":"center center","background-size":"auto","background-attachment":"scroll","background-type":"","background-media":"","overlay-type":"","overlay-color":"","overlay-opacity":"","overlay-gradient":""}},"ast-content-background-meta":{"desktop":{"background-color":"var(--ast-global-color-5)","background-image":"","background-repeat":"repeat","background-position":"center center","background-size":"auto","background-attachment":"scroll","background-type":"","background-media":"","overlay-type":"","overlay-color":"","overlay-opacity":"","overlay-gradient":""},"tablet":{"background-color":"var(--ast-global-color-5)","background-image":"","background-repeat":"repeat","background-position":"center center","background-size":"auto","background-attachment":"scroll","background-type":"","background-media":"","overlay-type":"","overlay-color":"","overlay-opacity":"","overlay-gradient":""},"mobile":{"background-color":"var(--ast-global-color-5)","background-image":"","background-repeat":"repeat","background-position":"center center","background-size":"auto","background-attachment":"scroll","background-type":"","background-media":"","overlay-type":"","overlay-color":"","overlay-opacity":"","overlay-gradient":""}}},"product_brand":[],"product_cat":[40],"product_tag":[],"class_list":{"0":"post-2721","1":"product","2":"type-product","3":"status-publish","4":"has-post-thumbnail","6":"product_cat-water-feature","7":"desktop-align-center","8":"tablet-align-left","9":"mobile-align-left","11":"first","12":"instock","13":"shipping-taxable","14":"product-type-simple"},"_links":{"self":[{"href":"https:\/\/jblcorten.com\/es\/wp-json\/wp\/v2\/product\/2721","targetHints":{"allow":["GET"]}}],"collection":[{"href":"https:\/\/jblcorten.com\/es\/wp-json\/wp\/v2\/product"}],"about":[{"href":"https:\/\/jblcorten.com\/es\/wp-json\/wp\/v2\/types\/product"}],"wp:featuredmedia":[{"embeddable":true,"href":"https:\/\/jblcorten.com\/es\/wp-json\/wp\/v2\/media\/2745"}],"wp:attachment":[{"href":"https:\/\/jblcorten.com\/es\/wp-json\/wp\/v2\/media?parent=2721"}],"wp:term":[{"taxonomy":"product_brand","embeddable":true,"href":"https:\/\/jblcorten.com\/es\/wp-json\/wp\/v2\/product_brand?post=2721"},{"taxonomy":"product_cat","embeddable":true,"href":"https:\/\/jblcorten.com\/es\/wp-json\/wp\/v2\/product_cat?post=2721"},{"taxonomy":"product_tag","embeddable":true,"href":"https:\/\/jblcorten.com\/es\/wp-json\/wp\/v2\/product_tag?post=2721"}],"curies":[{"name":"wp","href":"https:\/\/api.w.org\/{rel}","templated":true}]}}