{"id":2695,"date":"2025-04-09T07:24:55","date_gmt":"2025-04-09T07:24:55","guid":{"rendered":"https:\/\/jblcorten.com\/?post_type=product&#038;p=2695"},"modified":"2025-04-09T07:24:56","modified_gmt":"2025-04-09T07:24:56","slug":"pantallas-de-acero-corten","status":"publish","type":"product","link":"https:\/\/jblcorten.com\/es\/corten-steel-screens\/","title":{"rendered":"Pantallas de acero corten"},"content":{"rendered":"<h2 style=\"text-align: center;\"><span style=\"font-size: 14pt;\">Pantallas de acero corten<\/span><\/h2>\n<p>Las pantallas de acero corten son una opci\u00f3n popular y de moda para aplicaciones decorativas de interior y exterior, ya que combinan belleza y funcionalidad pr\u00e1ctica. Fabricadas en acero corten, estas pantallas adquieren una p\u00e1tina de \u00f3xido estable tras una exposici\u00f3n prolongada a la intemperie. Este proceso de oxidaci\u00f3n natural no s\u00f3lo confiere a las pantallas un aspecto \u00fanico y terroso, sino que tambi\u00e9n act\u00faa como una capa protectora, haciendo que el acero sea m\u00e1s resistente a la corrosi\u00f3n que el acero ordinario. Como resultado, las pantallas de acero corten son especialmente adecuadas para su uso a largo plazo en exteriores, sin necesidad de pintura ni mantenimiento peri\u00f3dico.<\/p>\n<p>Estas pantallas se utilizan mucho en jardines, patios, vallas, fachadas y elementos arquitect\u00f3nicos. Se pueden utilizar para diversos fines, como proporcionar privacidad, mejorar el paisajismo, dividir espacios o simplemente como elemento visual llamativo. Con sofisticados dise\u00f1os cortados con l\u00e1ser y patrones personalizables, las pantallas de acero corten a\u00f1aden textura y profundidad a cualquier entorno, ya sea de estilo moderno o r\u00fastico. Disponemos de pantallas en una gran variedad de tama\u00f1os y dise\u00f1os.<\/p>\n<p><img fetchpriority=\"high\" decoding=\"async\" class=\"alignnone wp-image-2697\" src=\"https:\/\/jblcorten.com\/wp-content\/uploads\/2025\/04\/screen-panels.jpg\" alt=\"paneles de pantalla\" width=\"750\" height=\"350\" title=\"\" srcset=\"https:\/\/jblcorten.com\/wp-content\/uploads\/2025\/04\/screen-panels.jpg 711w, https:\/\/jblcorten.com\/wp-content\/uploads\/2025\/04\/screen-panels-600x280.jpg 600w, https:\/\/jblcorten.com\/wp-content\/uploads\/2025\/04\/screen-panels-300x140.jpg 300w, https:\/\/jblcorten.com\/wp-content\/uploads\/2025\/04\/screen-panels-18x8.jpg 18w\" sizes=\"(max-width: 750px) 100vw, 750px\" \/><\/p>\n<p><strong><span style=\"font-size: 14pt;\">Especificaci\u00f3n del producto:<\/span><\/strong><\/p>\n<table class=\"has-title hight-light-first-column all magic-15\" style=\"width: 100%;\">\n<tbody>\n<tr style=\"background-color: #cfcfcf;\">\n<td style=\"width: 27.8983%;\">\n<div class=\"magic-19\"><span data-spm-anchor-id=\"a2700.details.0.i74.512894f1kKuIok\">Art\u00edculo<\/span><\/div>\n<\/td>\n<td style=\"width: 72.0269%;\">\n<div class=\"magic-20\">Pantallas de acero corten<\/div>\n<\/td>\n<\/tr>\n<tr>\n<td style=\"width: 27.8983%;\">\n<div class=\"magic-19\">Material<\/div>\n<\/td>\n<td style=\"width: 72.0269%;\">\n<div class=\"magic-20\">Acero corten\/Acero resistente a la intemperie<\/div>\n<\/td>\n<\/tr>\n<tr style=\"background-color: #cfcfcf;\">\n<td style=\"width: 27.8983%;\">\n<div class=\"magic-19\">Espesor<\/div>\n<\/td>\n<td style=\"width: 72.0269%;\">\n<div class=\"magic-20\">3 mm<\/div>\n<\/td>\n<\/tr>\n<tr>\n<td style=\"width: 27.8983%;\">\n<div class=\"magic-19\">Tama\u00f1o est\u00e1ndar<\/div>\n<\/td>\n<td style=\"width: 72.0269%;\">\n<div class=\"magic-20\">600*1200mm \/900*1800mm. Otro tama\u00f1o modificado para requisitos particulares.<\/div>\n<\/td>\n<\/tr>\n<tr style=\"background-color: #cfcfcf;\">\n<td style=\"width: 27.8983%;\">\n<div class=\"magic-19\">Tratamiento de superficies<\/div>\n<\/td>\n<td style=\"width: 72.0269%;\">\n<div class=\"magic-20\">Preoxidado\/Preteorizado, personalizable<\/div>\n<\/td>\n<\/tr>\n<tr>\n<td style=\"width: 27.8983%;\">\n<div class=\"magic-19\">Embalaje<\/div>\n<\/td>\n<td style=\"width: 72.0269%;\">\n<div class=\"magic-20\">Interior : Papel de espuma antidesgaste; Exterior : Paleta de madera<\/div>\n<\/td>\n<\/tr>\n<\/tbody>\n<\/table>\n<p><strong><span style=\"font-size: 14pt;\">Nuestra f\u00e1brica:<\/span><\/strong><\/p>\n<p><img decoding=\"async\" class=\"alignnone wp-image-2704\" src=\"https:\/\/jblcorten.com\/wp-content\/uploads\/2025\/04\/patio-privacy-screen.jpg\" alt=\"mosquitera para patio\" width=\"750\" height=\"810\" title=\"\" srcset=\"https:\/\/jblcorten.com\/wp-content\/uploads\/2025\/04\/patio-privacy-screen.jpg 735w, https:\/\/jblcorten.com\/wp-content\/uploads\/2025\/04\/patio-privacy-screen-600x648.jpg 600w, https:\/\/jblcorten.com\/wp-content\/uploads\/2025\/04\/patio-privacy-screen-278x300.jpg 278w, https:\/\/jblcorten.com\/wp-content\/uploads\/2025\/04\/patio-privacy-screen-11x12.jpg 11w\" sizes=\"(max-width: 750px) 100vw, 750px\" \/><\/p>\n<p><strong><span style=\"font-size: 14pt;\">Paquete del producto:<\/span><\/strong><\/p>\n<p><img decoding=\"async\" class=\"alignnone wp-image-2703\" src=\"https:\/\/jblcorten.com\/wp-content\/uploads\/2025\/04\/laser-cut-screens.jpg\" alt=\"pantallas cortadas por l\u00e1ser\" width=\"750\" height=\"375\" title=\"\" srcset=\"https:\/\/jblcorten.com\/wp-content\/uploads\/2025\/04\/laser-cut-screens.jpg 1000w, https:\/\/jblcorten.com\/wp-content\/uploads\/2025\/04\/laser-cut-screens-600x300.jpg 600w, https:\/\/jblcorten.com\/wp-content\/uploads\/2025\/04\/laser-cut-screens-300x150.jpg 300w, https:\/\/jblcorten.com\/wp-content\/uploads\/2025\/04\/laser-cut-screens-768x384.jpg 768w, https:\/\/jblcorten.com\/wp-content\/uploads\/2025\/04\/laser-cut-screens-18x9.jpg 18w\" sizes=\"(max-width: 750px) 100vw, 750px\" \/><\/p>","protected":false},"excerpt":{"rendered":"<p>Con sofisticados dise\u00f1os cortados con l\u00e1ser y patrones personalizables, las pantallas de acero corten a\u00f1aden textura y profundidad a cualquier entorno, ya sea de estilo moderno o r\u00fastico. Disponemos de mosquiteras en una gran variedad de tama\u00f1os y patrones.<\/p>","protected":false},"featured_media":2699,"template":"","meta":{"site-sidebar-layout":"default","site-content-layout":"","ast-site-content-layout":"default","site-content-style":"default","site-sidebar-style":"default","ast-global-header-display":"","ast-banner-title-visibility":"","ast-main-header-display":"","ast-hfb-above-header-display":"","ast-hfb-below-header-display":"","ast-hfb-mobile-header-display":"","site-post-title":"","ast-breadcrumbs-content":"","ast-featured-img":"","footer-sml-layout":"","ast-disable-related-posts":"","theme-transparent-header-meta":"default","adv-header-id-meta":"","stick-header-meta":"","header-above-stick-meta":"","header-main-stick-meta":"","header-below-stick-meta":"","astra-migrate-meta-layouts":"set","ast-page-background-enabled":"default","ast-page-background-meta":{"desktop":{"background-color":"var(--ast-global-color-4)","background-image":"","background-repeat":"repeat","background-position":"center center","background-size":"auto","background-attachment":"scroll","background-type":"","background-media":"","overlay-type":"","overlay-color":"","overlay-opacity":"","overlay-gradient":""},"tablet":{"background-color":"","background-image":"","background-repeat":"repeat","background-position":"center center","background-size":"auto","background-attachment":"scroll","background-type":"","background-media":"","overlay-type":"","overlay-color":"","overlay-opacity":"","overlay-gradient":""},"mobile":{"background-color":"","background-image":"","background-repeat":"repeat","background-position":"center center","background-size":"auto","background-attachment":"scroll","background-type":"","background-media":"","overlay-type":"","overlay-color":"","overlay-opacity":"","overlay-gradient":""}},"ast-content-background-meta":{"desktop":{"background-color":"var(--ast-global-color-5)","background-image":"","background-repeat":"repeat","background-position":"center center","background-size":"auto","background-attachment":"scroll","background-type":"","background-media":"","overlay-type":"","overlay-color":"","overlay-opacity":"","overlay-gradient":""},"tablet":{"background-color":"var(--ast-global-color-5)","background-image":"","background-repeat":"repeat","background-position":"center center","background-size":"auto","background-attachment":"scroll","background-type":"","background-media":"","overlay-type":"","overlay-color":"","overlay-opacity":"","overlay-gradient":""},"mobile":{"background-color":"var(--ast-global-color-5)","background-image":"","background-repeat":"repeat","background-position":"center center","background-size":"auto","background-attachment":"scroll","background-type":"","background-media":"","overlay-type":"","overlay-color":"","overlay-opacity":"","overlay-gradient":""}}},"product_brand":[],"product_cat":[31],"product_tag":[],"class_list":{"0":"post-2695","1":"product","2":"type-product","3":"status-publish","4":"has-post-thumbnail","6":"product_cat-garden-screens","7":"desktop-align-center","8":"tablet-align-left","9":"mobile-align-left","11":"first","12":"instock","13":"shipping-taxable","14":"product-type-simple"},"_links":{"self":[{"href":"https:\/\/jblcorten.com\/es\/wp-json\/wp\/v2\/product\/2695","targetHints":{"allow":["GET"]}}],"collection":[{"href":"https:\/\/jblcorten.com\/es\/wp-json\/wp\/v2\/product"}],"about":[{"href":"https:\/\/jblcorten.com\/es\/wp-json\/wp\/v2\/types\/product"}],"wp:featuredmedia":[{"embeddable":true,"href":"https:\/\/jblcorten.com\/es\/wp-json\/wp\/v2\/media\/2699"}],"wp:attachment":[{"href":"https:\/\/jblcorten.com\/es\/wp-json\/wp\/v2\/media?parent=2695"}],"wp:term":[{"taxonomy":"product_brand","embeddable":true,"href":"https:\/\/jblcorten.com\/es\/wp-json\/wp\/v2\/product_brand?post=2695"},{"taxonomy":"product_cat","embeddable":true,"href":"https:\/\/jblcorten.com\/es\/wp-json\/wp\/v2\/product_cat?post=2695"},{"taxonomy":"product_tag","embeddable":true,"href":"https:\/\/jblcorten.com\/es\/wp-json\/wp\/v2\/product_tag?post=2695"}],"curies":[{"name":"wp","href":"https:\/\/api.w.org\/{rel}","templated":true}]}}