{"id":2687,"date":"2025-04-09T06:36:40","date_gmt":"2025-04-09T06:36:40","guid":{"rendered":"https:\/\/jblcorten.com\/?post_type=product&#038;p=2687"},"modified":"2025-04-09T06:37:37","modified_gmt":"2025-04-09T06:37:37","slug":"paneles-de-pantalla-de-acero-corten","status":"publish","type":"product","link":"https:\/\/jblcorten.com\/es\/corten-steel-screen-panels\/","title":{"rendered":"Paneles de pantalla de acero corten"},"content":{"rendered":"<h2 style=\"text-align: center;\"><span style=\"font-size: 14pt;\"><strong><span style=\"font-family: arial, helvetica, sans-serif;\">Paneles de pantalla de acero corten<\/span><\/strong><\/span><\/h2>\n<p>Los paneles de pantalla de acero corten son un acento arquitect\u00f3nico popular y elegante que mejora la funcionalidad y la belleza de los espacios interiores y exteriores. Fabricados en acero corten (tambi\u00e9n conocido como acero resistente a la intemperie), estos paneles desarrollan una p\u00e1tina estable similar al \u00f3xido cuando se exponen a la intemperie, lo que no s\u00f3lo les da un aspecto industrial \u00fanico, sino que tambi\u00e9n act\u00faa como una capa protectora para evitar una mayor corrosi\u00f3n. Este proceso de oxidaci\u00f3n natural los hace excepcionalmente duraderos.<\/p>\n<p>Ampliamente utilizados en jardines, patios, balcones y fachadas comerciales, estos paneles pueden usarse como pantallas de privacidad, vallas, tabiques decorativos y arte mural. Sus intrincados patrones de recorte van desde formas geom\u00e9tricas a dise\u00f1os inspirados en la naturaleza, a\u00f1adiendo inter\u00e9s visual a la vez que promueven el flujo de luz y aire manteniendo la privacidad.<\/p>\n<p><img fetchpriority=\"high\" decoding=\"async\" class=\"alignnone wp-image-2688\" src=\"https:\/\/jblcorten.com\/wp-content\/uploads\/2025\/04\/corten-screen-panels.jpg\" alt=\"paneles de pantalla corten\" width=\"750\" height=\"471\" title=\"\" srcset=\"https:\/\/jblcorten.com\/wp-content\/uploads\/2025\/04\/corten-screen-panels.jpg 766w, https:\/\/jblcorten.com\/wp-content\/uploads\/2025\/04\/corten-screen-panels-600x377.jpg 600w, https:\/\/jblcorten.com\/wp-content\/uploads\/2025\/04\/corten-screen-panels-300x188.jpg 300w, https:\/\/jblcorten.com\/wp-content\/uploads\/2025\/04\/corten-screen-panels-18x12.jpg 18w\" sizes=\"(max-width: 750px) 100vw, 750px\" \/><\/p>\n<p>Adem\u00e1s de ser decorativos, los paneles de pantalla de acero corten requieren poco mantenimiento y son respetuosos con el medio ambiente, ya que no necesitan pintura ni tratamientos qu\u00edmicos para resistir a la intemperie. El aspecto del acero cambia con el tiempo, lo que confiere a cada panel una personalidad \u00fanica que se integra con naturalidad en su entorno. Tanto si se utilizan en entornos residenciales como comerciales, estas mamparas son a la vez pr\u00e1cticas y art\u00edsticas, y transforman espacios ordinarios en espacios agradables y funcionales.<\/p>\n<p><strong><span style=\"font-size: 14pt;\">Especificaci\u00f3n del producto:<\/span><\/strong><\/p>\n<table class=\"has-title hight-light-first-column all magic-15\" style=\"width: 100%;\">\n<tbody>\n<tr>\n<td style=\"width: 21.8399%;\">\n<div class=\"magic-19\"><span style=\"color: #000000;\" data-spm-anchor-id=\"a2700.details.0.i74.512894f1kKuIok\">Art\u00edculo<\/span><\/div>\n<\/td>\n<td style=\"width: 78.0853%;\">\n<div class=\"magic-20\">Paneles de pantalla de acero corten<\/div>\n<\/td>\n<\/tr>\n<tr>\n<td style=\"width: 21.8399%;\">\n<div class=\"magic-19\"><span style=\"color: #000000;\">Material<\/span><\/div>\n<\/td>\n<td style=\"width: 78.0853%;\">\n<div class=\"magic-20\"><span style=\"color: #000000;\">Acero corten\/Acero resistente a la intemperie<\/span><\/div>\n<\/td>\n<\/tr>\n<tr>\n<td style=\"width: 21.8399%;\">\n<div class=\"magic-19\"><span style=\"color: #000000;\">Tama\u00f1o est\u00e1ndar<\/span><\/div>\n<\/td>\n<td style=\"width: 78.0853%;\">\n<div class=\"magic-20\"><span style=\"color: #000000;\">H:2000 W:1200 mm, Grosor: 3 mm<\/span><\/div>\n<\/td>\n<\/tr>\n<tr>\n<td style=\"width: 21.8399%;\">\n<div class=\"magic-19\"><span style=\"color: #000000;\">Tratamiento de superficies<\/span><\/div>\n<\/td>\n<td style=\"width: 78.0853%;\">\n<div class=\"magic-20\"><span style=\"color: #000000;\">Preoxidado\/Preteorizado, personalizable<\/span><\/div>\n<\/td>\n<\/tr>\n<tr>\n<td style=\"width: 21.8399%;\">\n<div class=\"magic-19\"><span style=\"color: #000000;\">Embalaje<\/span><\/div>\n<\/td>\n<td style=\"width: 78.0853%;\">\n<div class=\"magic-20\"><span style=\"color: #000000;\">Interior : Papel de espuma antidesgaste; Exterior : Paleta de madera<\/span><\/div>\n<\/td>\n<\/tr>\n<\/tbody>\n<\/table>\n<p><strong><span style=\"font-size: 14pt;\">\u00bfC\u00f3mo instalar paneles de pantalla de acero corten?<\/span><\/strong><\/p>\n<p>1.Antes de instalar los paneles de pantalla de acero corten, primero debe medir el tama\u00f1o de la ubicaci\u00f3n de instalaci\u00f3n de acuerdo con el entorno in situ para asegurarse de que el tama\u00f1o de la pantalla coincide con la altura y la anchura del espacio, y reservar un espacio de instalaci\u00f3n adecuado.<\/p>\n<p>2.A continuaci\u00f3n, debe elegir el m\u00e9todo de fijaci\u00f3n adecuado en funci\u00f3n del material del suelo o la pared.<\/p>\n<ul>\n<li>Si se instala en el suelo, puede utilizar piezas empotradas o tornillos de expansi\u00f3n para fijar la base, y utilizar soldaduras o pernos para unir firmemente la pantalla a la base;<\/li>\n<li>Si se instala en la pared, es necesario utilizar pernos de expansi\u00f3n profesionales o anclajes qu\u00edmicos para fijar firmemente la mampara a la estructura de soporte de la pared y garantizar su estabilidad.<\/li>\n<\/ul>\n<p>Durante el proceso de instalaci\u00f3n, preste especial atenci\u00f3n a mantener el panel de la pantalla en posici\u00f3n vertical y horizontal. Se recomienda utilizar una regla de nivel para ayudar en el posicionamiento. Para mejorar el efecto general y la vida \u00fatil, las soldaduras y juntas pueden tratarse con anticorrosi\u00f3n despu\u00e9s de la instalaci\u00f3n, o puede realizarse un tratamiento unificado de mantenimiento de la oxidaci\u00f3n de la superficie para dar a la pantalla una textura de \u00f3xido natural.<\/p>\n<p><img decoding=\"async\" class=\"alignnone wp-image-2429 size-full\" src=\"https:\/\/jblcorten.com\/wp-content\/uploads\/2024\/09\/bamboo-privacy-screen.png\" alt=\"mosquitera de bamb\u00fa\" width=\"750\" height=\"484\" title=\"\" srcset=\"https:\/\/jblcorten.com\/wp-content\/uploads\/2024\/09\/bamboo-privacy-screen.png 750w, https:\/\/jblcorten.com\/wp-content\/uploads\/2024\/09\/bamboo-privacy-screen-600x387.png 600w, https:\/\/jblcorten.com\/wp-content\/uploads\/2024\/09\/bamboo-privacy-screen-300x194.png 300w, https:\/\/jblcorten.com\/wp-content\/uploads\/2024\/09\/bamboo-privacy-screen-18x12.png 18w\" sizes=\"(max-width: 750px) 100vw, 750px\" \/><\/p>\n<p><strong><span style=\"font-size: 14pt;\">Embalaje del producto:<\/span><\/strong><\/p>\n<p><img decoding=\"async\" class=\"alignnone size-full wp-image-2693\" src=\"https:\/\/jblcorten.com\/wp-content\/uploads\/2025\/04\/corten-steel-decorative-screens.png\" alt=\"paquete de pantallas decorativas de acero corten\" width=\"750\" height=\"750\" title=\"\" srcset=\"https:\/\/jblcorten.com\/wp-content\/uploads\/2025\/04\/corten-steel-decorative-screens.png 750w, https:\/\/jblcorten.com\/wp-content\/uploads\/2025\/04\/corten-steel-decorative-screens-600x600.png 600w, https:\/\/jblcorten.com\/wp-content\/uploads\/2025\/04\/corten-steel-decorative-screens-100x100.png 100w, https:\/\/jblcorten.com\/wp-content\/uploads\/2025\/04\/corten-steel-decorative-screens-300x300.png 300w, https:\/\/jblcorten.com\/wp-content\/uploads\/2025\/04\/corten-steel-decorative-screens-150x150.png 150w, https:\/\/jblcorten.com\/wp-content\/uploads\/2025\/04\/corten-steel-decorative-screens-12x12.png 12w\" sizes=\"(max-width: 750px) 100vw, 750px\" \/><\/p>\n<p><strong><span style=\"font-size: 14pt;\">PREGUNTAS FRECUENTES:<\/span><\/strong><\/p>\n<div class=\"kche-t202-tit\">\n<p>1.\u00bfEs usted una f\u00e1brica o un comerciante?<br \/>\nSomos fabricantes y tenemos nuestra propia f\u00e1brica.<\/p>\n<p>2.\u00bfLos patrones de sus pantallas se cortan con l\u00e1ser?<br \/>\nS\u00ed.<\/p>\n<p>3.\u00bfPueden personalizarse los motivos de su valla mosquitera?<br \/>\nPor supuesto, apoyamos OEM y ODM. Nuestros patrones de valla de pantalla se pueden hacer de acuerdo a los requerimientos del cliente.<\/p>\n<\/div>","protected":false},"excerpt":{"rendered":"<p>Muy utilizados en jardines, patios, balcones y fachadas comerciales, estos paneles de pantalla de acero corten pueden utilizarse como pantallas de privacidad, vallas, tabiques decorativos y arte mural.<\/p>\n<p>Sus intrincados motivos recortados abarcan desde formas geom\u00e9tricas hasta dise\u00f1os inspirados en la naturaleza, a\u00f1adiendo inter\u00e9s visual a la vez que favorecen el flujo de luz y aire manteniendo la privacidad.<\/p>","protected":false},"featured_media":2689,"template":"","meta":{"site-sidebar-layout":"default","site-content-layout":"","ast-site-content-layout":"default","site-content-style":"default","site-sidebar-style":"default","ast-global-header-display":"","ast-banner-title-visibility":"","ast-main-header-display":"","ast-hfb-above-header-display":"","ast-hfb-below-header-display":"","ast-hfb-mobile-header-display":"","site-post-title":"","ast-breadcrumbs-content":"","ast-featured-img":"","footer-sml-layout":"","ast-disable-related-posts":"","theme-transparent-header-meta":"default","adv-header-id-meta":"","stick-header-meta":"","header-above-stick-meta":"","header-main-stick-meta":"","header-below-stick-meta":"","astra-migrate-meta-layouts":"set","ast-page-background-enabled":"default","ast-page-background-meta":{"desktop":{"background-color":"var(--ast-global-color-4)","background-image":"","background-repeat":"repeat","background-position":"center center","background-size":"auto","background-attachment":"scroll","background-type":"","background-media":"","overlay-type":"","overlay-color":"","overlay-opacity":"","overlay-gradient":""},"tablet":{"background-color":"","background-image":"","background-repeat":"repeat","background-position":"center center","background-size":"auto","background-attachment":"scroll","background-type":"","background-media":"","overlay-type":"","overlay-color":"","overlay-opacity":"","overlay-gradient":""},"mobile":{"background-color":"","background-image":"","background-repeat":"repeat","background-position":"center center","background-size":"auto","background-attachment":"scroll","background-type":"","background-media":"","overlay-type":"","overlay-color":"","overlay-opacity":"","overlay-gradient":""}},"ast-content-background-meta":{"desktop":{"background-color":"var(--ast-global-color-5)","background-image":"","background-repeat":"repeat","background-position":"center center","background-size":"auto","background-attachment":"scroll","background-type":"","background-media":"","overlay-type":"","overlay-color":"","overlay-opacity":"","overlay-gradient":""},"tablet":{"background-color":"var(--ast-global-color-5)","background-image":"","background-repeat":"repeat","background-position":"center center","background-size":"auto","background-attachment":"scroll","background-type":"","background-media":"","overlay-type":"","overlay-color":"","overlay-opacity":"","overlay-gradient":""},"mobile":{"background-color":"var(--ast-global-color-5)","background-image":"","background-repeat":"repeat","background-position":"center center","background-size":"auto","background-attachment":"scroll","background-type":"","background-media":"","overlay-type":"","overlay-color":"","overlay-opacity":"","overlay-gradient":""}}},"product_brand":[],"product_cat":[31],"product_tag":[],"class_list":{"0":"post-2687","1":"product","2":"type-product","3":"status-publish","4":"has-post-thumbnail","6":"product_cat-garden-screens","7":"desktop-align-center","8":"tablet-align-left","9":"mobile-align-left","11":"first","12":"instock","13":"shipping-taxable","14":"product-type-simple"},"_links":{"self":[{"href":"https:\/\/jblcorten.com\/es\/wp-json\/wp\/v2\/product\/2687","targetHints":{"allow":["GET"]}}],"collection":[{"href":"https:\/\/jblcorten.com\/es\/wp-json\/wp\/v2\/product"}],"about":[{"href":"https:\/\/jblcorten.com\/es\/wp-json\/wp\/v2\/types\/product"}],"wp:featuredmedia":[{"embeddable":true,"href":"https:\/\/jblcorten.com\/es\/wp-json\/wp\/v2\/media\/2689"}],"wp:attachment":[{"href":"https:\/\/jblcorten.com\/es\/wp-json\/wp\/v2\/media?parent=2687"}],"wp:term":[{"taxonomy":"product_brand","embeddable":true,"href":"https:\/\/jblcorten.com\/es\/wp-json\/wp\/v2\/product_brand?post=2687"},{"taxonomy":"product_cat","embeddable":true,"href":"https:\/\/jblcorten.com\/es\/wp-json\/wp\/v2\/product_cat?post=2687"},{"taxonomy":"product_tag","embeddable":true,"href":"https:\/\/jblcorten.com\/es\/wp-json\/wp\/v2\/product_tag?post=2687"}],"curies":[{"name":"wp","href":"https:\/\/api.w.org\/{rel}","templated":true}]}}