{"id":2590,"date":"2025-03-27T08:44:40","date_gmt":"2025-03-27T08:44:40","guid":{"rendered":"https:\/\/jblcorten.com\/?post_type=product&#038;p=2590"},"modified":"2025-03-27T08:44:40","modified_gmt":"2025-03-27T08:44:40","slug":"chimenea-colgante-moderna","status":"publish","type":"product","link":"https:\/\/jblcorten.com\/es\/modern-hanging-fireplace\/","title":{"rendered":"Chimenea colgante moderna"},"content":{"rendered":"<h2 style=\"text-align: center;\"><span style=\"font-size: 14pt;\">Chimenea colgante moderna<\/span><\/h2>\n<p>A diferencia de las chimeneas tradicionales, esta moderna chimenea colgante est\u00e1 suspendida del techo, creando un efecto flotante que a\u00f1ade un toque de sofisticaci\u00f3n moderna. Muchos la adoran por su dise\u00f1o minimalista, su eficiente capacidad de calefacci\u00f3n y su estructura que ahorra espacio.<\/p>\n<p>La moderna chimenea colgante permite una visi\u00f3n de 360 grados de las llamas. Al estar suspendida del techo, se puede girar para orientarla en distintas direcciones, lo que permite personalizar la experiencia de calefacci\u00f3n. Este dise\u00f1o garantiza que el calor y el ambiente se distribuyan uniformemente por toda la habitaci\u00f3n, lo que resulta perfecto para salones di\u00e1fanos, lofts e interiores modernos.<\/p>\n<p><strong><span style=\"font-size: 14pt;\">Especificaci\u00f3n del producto:<\/span><\/strong><\/p>\n<table>\n<tbody>\n<tr>\n<td style=\"background-color: #e8e8e8;\"><strong><b>Nombre<\/b><\/strong><\/td>\n<td style=\"background-color: #e8e8e8;\">Chimenea colgante moderna<\/td>\n<\/tr>\n<tr>\n<td><strong><b>Material<\/b><\/strong><\/td>\n<td>Acero al carbono y acero inoxidable 316<\/td>\n<\/tr>\n<tr>\n<td style=\"background-color: #e8e8e8;\"><strong><b>Color<\/b><\/strong><\/td>\n<td style=\"background-color: #e8e8e8;\">Blanco o negro<\/td>\n<\/tr>\n<tr>\n<td><strong><b>Talla<\/b><\/strong><\/td>\n<td>600\/800\/1000\/1200 mm o personalizado<\/td>\n<\/tr>\n<tr>\n<td style=\"background-color: #e8e8e8;\"><strong><b>Combustible<\/b><\/strong><\/td>\n<td style=\"background-color: #e8e8e8;\">madera o alcohol et\u00edlico<\/td>\n<\/tr>\n<tr>\n<td><strong><b>Opci\u00f3n Fire Core<\/b><\/strong><\/td>\n<td>Alcohol\/madera\/agua nebulizada\/electr\u00f3nica<\/td>\n<\/tr>\n<tr>\n<td style=\"background-color: #e8e8e8;\"><strong><b>Configuraci\u00f3n est\u00e1ndar<\/b><\/strong><\/td>\n<td style=\"background-color: #e8e8e8;\">N\u00facleo de estufa,Tubo<\/td>\n<\/tr>\n<tr>\n<td><strong><b>Aplicaci\u00f3n<\/b><\/strong><\/td>\n<td>Decoraci\u00f3n y calentamiento de interiores<\/td>\n<\/tr>\n<tr>\n<td style=\"background-color: #e8e8e8;\"><strong><b>OEM\/ODM<\/b><\/strong><\/td>\n<td style=\"background-color: #e8e8e8;\">Disponible<\/td>\n<\/tr>\n<\/tbody>\n<\/table>\n<p><strong><span style=\"font-size: 14pt;\">Detalles del producto:<\/span><\/strong><\/p>\n<p>El quemador de esta chimenea colgante es de acero al carbono. El n\u00facleo del fuego puede seleccionarse seg\u00fan las necesidades del cliente (alcohol\/madera\/agua nebulizada\/electr\u00f3nico), y tambi\u00e9n puede seleccionarse el material del tubo del horno (acero al carbono o acero inoxidable).<\/p>\n<p><img fetchpriority=\"high\" decoding=\"async\" class=\"alignnone wp-image-2598\" src=\"https:\/\/jblcorten.com\/wp-content\/uploads\/2025\/03\/suspended-wood-burning-fireplace.jpg\" alt=\"\" width=\"750\" height=\"657\" title=\"\" srcset=\"https:\/\/jblcorten.com\/wp-content\/uploads\/2025\/03\/suspended-wood-burning-fireplace.jpg 652w, https:\/\/jblcorten.com\/wp-content\/uploads\/2025\/03\/suspended-wood-burning-fireplace-600x525.jpg 600w, https:\/\/jblcorten.com\/wp-content\/uploads\/2025\/03\/suspended-wood-burning-fireplace-300x263.jpg 300w, https:\/\/jblcorten.com\/wp-content\/uploads\/2025\/03\/suspended-wood-burning-fireplace-14x12.jpg 14w\" sizes=\"(max-width: 750px) 100vw, 750px\" \/><\/p>\n<p><img decoding=\"async\" class=\"alignnone wp-image-2600\" src=\"https:\/\/jblcorten.com\/wp-content\/uploads\/2025\/03\/suspended-fire-place.jpg\" alt=\"\" width=\"750\" height=\"563\" title=\"\" srcset=\"https:\/\/jblcorten.com\/wp-content\/uploads\/2025\/03\/suspended-fire-place.jpg 840w, https:\/\/jblcorten.com\/wp-content\/uploads\/2025\/03\/suspended-fire-place-600x450.jpg 600w, https:\/\/jblcorten.com\/wp-content\/uploads\/2025\/03\/suspended-fire-place-300x225.jpg 300w, https:\/\/jblcorten.com\/wp-content\/uploads\/2025\/03\/suspended-fire-place-768x576.jpg 768w, https:\/\/jblcorten.com\/wp-content\/uploads\/2025\/03\/suspended-fire-place-16x12.jpg 16w\" sizes=\"(max-width: 750px) 100vw, 750px\" \/><\/p>\n<p><img decoding=\"async\" class=\"alignnone wp-image-2601\" src=\"https:\/\/jblcorten.com\/wp-content\/uploads\/2025\/03\/suspended-wood-fireplace.jpg\" alt=\"\" width=\"750\" height=\"438\" title=\"\" srcset=\"https:\/\/jblcorten.com\/wp-content\/uploads\/2025\/03\/suspended-wood-fireplace.jpg 960w, https:\/\/jblcorten.com\/wp-content\/uploads\/2025\/03\/suspended-wood-fireplace-600x351.jpg 600w, https:\/\/jblcorten.com\/wp-content\/uploads\/2025\/03\/suspended-wood-fireplace-300x175.jpg 300w, https:\/\/jblcorten.com\/wp-content\/uploads\/2025\/03\/suspended-wood-fireplace-768x449.jpg 768w, https:\/\/jblcorten.com\/wp-content\/uploads\/2025\/03\/suspended-wood-fireplace-18x12.jpg 18w\" sizes=\"(max-width: 750px) 100vw, 750px\" \/><\/p>\n<p>&nbsp;<\/p>","protected":false},"excerpt":{"rendered":"<p>La moderna chimenea colgante se fija al techo con un robusto sistema de suspensi\u00f3n, que garantiza su estabilidad y seguridad. La altura se puede ajustar para adaptarse al tama\u00f1o del techo, por lo que es adecuada para diferentes configuraciones de habitaciones.<\/p>\n<p>Adem\u00e1s, esta chimenea cuenta con una funci\u00f3n de giro ajustable, que permite girar la chimenea en diferentes \u00e1ngulos para distribuir mejor el calor y mejorar la experiencia visual.<\/p>","protected":false},"featured_media":2591,"template":"","meta":{"site-sidebar-layout":"default","site-content-layout":"","ast-site-content-layout":"default","site-content-style":"default","site-sidebar-style":"default","ast-global-header-display":"","ast-banner-title-visibility":"","ast-main-header-display":"","ast-hfb-above-header-display":"","ast-hfb-below-header-display":"","ast-hfb-mobile-header-display":"","site-post-title":"","ast-breadcrumbs-content":"","ast-featured-img":"","footer-sml-layout":"","ast-disable-related-posts":"","theme-transparent-header-meta":"default","adv-header-id-meta":"","stick-header-meta":"","header-above-stick-meta":"","header-main-stick-meta":"","header-below-stick-meta":"","astra-migrate-meta-layouts":"set","ast-page-background-enabled":"default","ast-page-background-meta":{"desktop":{"background-color":"var(--ast-global-color-4)","background-image":"","background-repeat":"repeat","background-position":"center center","background-size":"auto","background-attachment":"scroll","background-type":"","background-media":"","overlay-type":"","overlay-color":"","overlay-opacity":"","overlay-gradient":""},"tablet":{"background-color":"","background-image":"","background-repeat":"repeat","background-position":"center center","background-size":"auto","background-attachment":"scroll","background-type":"","background-media":"","overlay-type":"","overlay-color":"","overlay-opacity":"","overlay-gradient":""},"mobile":{"background-color":"","background-image":"","background-repeat":"repeat","background-position":"center center","background-size":"auto","background-attachment":"scroll","background-type":"","background-media":"","overlay-type":"","overlay-color":"","overlay-opacity":"","overlay-gradient":""}},"ast-content-background-meta":{"desktop":{"background-color":"var(--ast-global-color-5)","background-image":"","background-repeat":"repeat","background-position":"center center","background-size":"auto","background-attachment":"scroll","background-type":"","background-media":"","overlay-type":"","overlay-color":"","overlay-opacity":"","overlay-gradient":""},"tablet":{"background-color":"var(--ast-global-color-5)","background-image":"","background-repeat":"repeat","background-position":"center center","background-size":"auto","background-attachment":"scroll","background-type":"","background-media":"","overlay-type":"","overlay-color":"","overlay-opacity":"","overlay-gradient":""},"mobile":{"background-color":"var(--ast-global-color-5)","background-image":"","background-repeat":"repeat","background-position":"center center","background-size":"auto","background-attachment":"scroll","background-type":"","background-media":"","overlay-type":"","overlay-color":"","overlay-opacity":"","overlay-gradient":""}}},"product_brand":[],"product_cat":[30],"product_tag":[],"class_list":{"0":"post-2590","1":"product","2":"type-product","3":"status-publish","4":"has-post-thumbnail","6":"product_cat-fireplace","7":"desktop-align-center","8":"tablet-align-left","9":"mobile-align-left","11":"first","12":"instock","13":"shipping-taxable","14":"product-type-simple"},"_links":{"self":[{"href":"https:\/\/jblcorten.com\/es\/wp-json\/wp\/v2\/product\/2590","targetHints":{"allow":["GET"]}}],"collection":[{"href":"https:\/\/jblcorten.com\/es\/wp-json\/wp\/v2\/product"}],"about":[{"href":"https:\/\/jblcorten.com\/es\/wp-json\/wp\/v2\/types\/product"}],"wp:featuredmedia":[{"embeddable":true,"href":"https:\/\/jblcorten.com\/es\/wp-json\/wp\/v2\/media\/2591"}],"wp:attachment":[{"href":"https:\/\/jblcorten.com\/es\/wp-json\/wp\/v2\/media?parent=2590"}],"wp:term":[{"taxonomy":"product_brand","embeddable":true,"href":"https:\/\/jblcorten.com\/es\/wp-json\/wp\/v2\/product_brand?post=2590"},{"taxonomy":"product_cat","embeddable":true,"href":"https:\/\/jblcorten.com\/es\/wp-json\/wp\/v2\/product_cat?post=2590"},{"taxonomy":"product_tag","embeddable":true,"href":"https:\/\/jblcorten.com\/es\/wp-json\/wp\/v2\/product_tag?post=2590"}],"curies":[{"name":"wp","href":"https:\/\/api.w.org\/{rel}","templated":true}]}}