{"id":2578,"date":"2025-03-27T07:47:52","date_gmt":"2025-03-27T07:47:52","guid":{"rendered":"https:\/\/jblcorten.com\/?post_type=product&#038;p=2578"},"modified":"2025-04-18T15:57:01","modified_gmt":"2025-04-18T07:57:01","slug":"hoguera-de-gas-rectangular-negra","status":"publish","type":"product","link":"https:\/\/jblcorten.com\/es\/black-rectangle-gas-fire-pit\/","title":{"rendered":"Chimenea de gas rectangular negra"},"content":{"rendered":"<h2 style=\"text-align: center;\"><span style=\"font-size: 14pt;\">Chimenea de gas rectangular negra<\/span><\/h2>\n<p>La chimenea de gas rectangular negra est\u00e1 hecha de acero corten de alta calidad para una durabilidad excepcional, resistencia a la intemperie y un elegante acabado negro. La forma rectangular proporciona un amplio espacio para las llamas para crear un efecto visual impresionante.<\/p>\n<p>La v\u00e1lvula de control se encuentra en el lateral de la chimenea de gas rectangular negra, lo que facilita el encendido del fuego. Con un simple giro de un bot\u00f3n, el pozo de fuego est\u00e1 listo para proporcionar calor y ambiente. Este bot\u00f3n o sistema de encendido electr\u00f3nico elimina la necesidad de pilotar, almacenar le\u00f1a o limpiar las cenizas, proporcionando una alternativa m\u00e1s conveniente a los pozos de fuego tradicionales.<\/p>\n<p>El pozo de fuego est\u00e1 dise\u00f1ado con un amplio espacio para almacenar discretamente la fuente de combustible en el interior, manteniendo un aspecto limpio y despejado. Este dise\u00f1o no solo mejora la seguridad al proteger el dep\u00f3sito de gas de los elementos exteriores, sino que tambi\u00e9n garantiza una integraci\u00f3n perfecta en cualquier entorno interior o exterior.<\/p>\n<p><strong><span style=\"font-size: 14pt;\">Especificaci\u00f3n del producto:<\/span><\/strong><\/p>\n<table>\n<tbody>\n<tr>\n<td width=\"181\">Nombre del producto<\/td>\n<td width=\"385\">Chimenea de gas rectangular negra<\/td>\n<\/tr>\n<tr>\n<td width=\"181\">Material<\/td>\n<td width=\"385\">Acero corten<\/td>\n<\/tr>\n<tr>\n<td width=\"181\">Color<\/td>\n<td width=\"385\">Rojo \u00f3xido y negro<\/td>\n<\/tr>\n<tr>\n<td width=\"181\">Tipo<\/td>\n<td width=\"385\">Hoguera Morden<\/td>\n<\/tr>\n<tr>\n<td width=\"181\">Talla<\/td>\n<td width=\"385\">1200*500*600mm o personalizado<\/td>\n<\/tr>\n<tr>\n<td width=\"181\">Tecnolog\u00eda<\/td>\n<td width=\"385\">Doblado y soldadura y pre-superficie<\/td>\n<\/tr>\n<tr>\n<td width=\"181\">Usado<\/td>\n<td width=\"385\">Hogar, jard\u00edn, parques y exteriores<\/td>\n<\/tr>\n<\/tbody>\n<\/table>\n<p><strong><span style=\"font-size: 14pt;\">Im\u00e1genes del producto:<\/span><\/strong><\/p>\n<p><img fetchpriority=\"high\" decoding=\"async\" class=\"alignnone wp-image-2586 size-full\" src=\"https:\/\/jblcorten.com\/wp-content\/uploads\/2025\/03\/black-rectangular-propane-fire-pit.jpg\" alt=\"\" width=\"750\" height=\"500\" title=\"\" srcset=\"https:\/\/jblcorten.com\/wp-content\/uploads\/2025\/03\/black-rectangular-propane-fire-pit.jpg 750w, https:\/\/jblcorten.com\/wp-content\/uploads\/2025\/03\/black-rectangular-propane-fire-pit-600x400.jpg 600w, https:\/\/jblcorten.com\/wp-content\/uploads\/2025\/03\/black-rectangular-propane-fire-pit-300x200.jpg 300w, https:\/\/jblcorten.com\/wp-content\/uploads\/2025\/03\/black-rectangular-propane-fire-pit-18x12.jpg 18w\" sizes=\"(max-width: 750px) 100vw, 750px\" \/><br \/>\n<img decoding=\"async\" class=\"alignleft wp-image-2587 size-full\" src=\"https:\/\/jblcorten.com\/wp-content\/uploads\/2025\/03\/rectangle-natural-gas-fire-table.jpg\" alt=\"\" width=\"750\" height=\"500\" title=\"\" srcset=\"https:\/\/jblcorten.com\/wp-content\/uploads\/2025\/03\/rectangle-natural-gas-fire-table.jpg 750w, https:\/\/jblcorten.com\/wp-content\/uploads\/2025\/03\/rectangle-natural-gas-fire-table-600x400.jpg 600w, https:\/\/jblcorten.com\/wp-content\/uploads\/2025\/03\/rectangle-natural-gas-fire-table-300x200.jpg 300w, https:\/\/jblcorten.com\/wp-content\/uploads\/2025\/03\/rectangle-natural-gas-fire-table-18x12.jpg 18w\" sizes=\"(max-width: 750px) 100vw, 750px\" \/><br \/>\n<img decoding=\"async\" class=\"alignnone size-full wp-image-2588\" src=\"https:\/\/jblcorten.com\/wp-content\/uploads\/2025\/03\/fire-pit-propane-rectangle.jpg\" alt=\"\" width=\"750\" height=\"500\" title=\"\" srcset=\"https:\/\/jblcorten.com\/wp-content\/uploads\/2025\/03\/fire-pit-propane-rectangle.jpg 750w, https:\/\/jblcorten.com\/wp-content\/uploads\/2025\/03\/fire-pit-propane-rectangle-600x400.jpg 600w, https:\/\/jblcorten.com\/wp-content\/uploads\/2025\/03\/fire-pit-propane-rectangle-300x200.jpg 300w, https:\/\/jblcorten.com\/wp-content\/uploads\/2025\/03\/fire-pit-propane-rectangle-18x12.jpg 18w\" sizes=\"(max-width: 750px) 100vw, 750px\" \/><\/p>\n<p><strong><span style=\"font-size: 14pt;\">Embalaje del producto:<\/span><\/strong><\/p>\n<p><img loading=\"lazy\" decoding=\"async\" class=\"alignnone wp-image-2576\" src=\"https:\/\/jblcorten.com\/wp-content\/uploads\/2025\/03\/fire-pit-gas-rectangle.jpg\" alt=\"\" width=\"750\" height=\"1125\" title=\"\" srcset=\"https:\/\/jblcorten.com\/wp-content\/uploads\/2025\/03\/fire-pit-gas-rectangle.jpg 1000w, https:\/\/jblcorten.com\/wp-content\/uploads\/2025\/03\/fire-pit-gas-rectangle-600x900.jpg 600w, https:\/\/jblcorten.com\/wp-content\/uploads\/2025\/03\/fire-pit-gas-rectangle-200x300.jpg 200w, https:\/\/jblcorten.com\/wp-content\/uploads\/2025\/03\/fire-pit-gas-rectangle-683x1024.jpg 683w, https:\/\/jblcorten.com\/wp-content\/uploads\/2025\/03\/fire-pit-gas-rectangle-768x1152.jpg 768w, https:\/\/jblcorten.com\/wp-content\/uploads\/2025\/03\/fire-pit-gas-rectangle-8x12.jpg 8w\" sizes=\"(max-width: 750px) 100vw, 750px\" \/><\/p>\n<p><strong><span style=\"font-size: 14pt;\">PREGUNTAS FRECUENTES:<\/span><\/strong><\/p>\n<p>1.P:\u00bfEs usted una empresa comercial o un fabricante?<br \/>\nR: Tenemos nuestra propia f\u00e1brica.<\/p>\n<p>2.P:\u00bfAceptan OEM?<br \/>\nR: S\u00ed, lo hacemos, muchos dise\u00f1os est\u00e1n disponibles y si usted necesita personalizar, no es ning\u00fan problema.<\/p>\n<p>3.P: Todas las hogueras son para uso con gas natural, \u00bfvienen con un kit de conversi\u00f3n de propano?<br \/>\nR: S\u00ed, si lo necesita, podemos ofrec\u00e9rselo.<\/p>","protected":false},"excerpt":{"rendered":"<p>La chimenea de gas rectangular negra est\u00e1 hecha de acero corten de alta calidad para una durabilidad excepcional, resistencia a la intemperie y un elegante acabado negro. La forma rectangular proporciona un amplio espacio para las llamas para crear un efecto visual impresionante.<\/p>","protected":false},"featured_media":2581,"template":"","meta":{"site-sidebar-layout":"default","site-content-layout":"","ast-site-content-layout":"default","site-content-style":"default","site-sidebar-style":"default","ast-global-header-display":"","ast-banner-title-visibility":"","ast-main-header-display":"","ast-hfb-above-header-display":"","ast-hfb-below-header-display":"","ast-hfb-mobile-header-display":"","site-post-title":"","ast-breadcrumbs-content":"","ast-featured-img":"","footer-sml-layout":"","ast-disable-related-posts":"","theme-transparent-header-meta":"default","adv-header-id-meta":"","stick-header-meta":"","header-above-stick-meta":"","header-main-stick-meta":"","header-below-stick-meta":"","astra-migrate-meta-layouts":"set","ast-page-background-enabled":"default","ast-page-background-meta":{"desktop":{"background-color":"var(--ast-global-color-4)","background-image":"","background-repeat":"repeat","background-position":"center center","background-size":"auto","background-attachment":"scroll","background-type":"","background-media":"","overlay-type":"","overlay-color":"","overlay-opacity":"","overlay-gradient":""},"tablet":{"background-color":"","background-image":"","background-repeat":"repeat","background-position":"center center","background-size":"auto","background-attachment":"scroll","background-type":"","background-media":"","overlay-type":"","overlay-color":"","overlay-opacity":"","overlay-gradient":""},"mobile":{"background-color":"","background-image":"","background-repeat":"repeat","background-position":"center center","background-size":"auto","background-attachment":"scroll","background-type":"","background-media":"","overlay-type":"","overlay-color":"","overlay-opacity":"","overlay-gradient":""}},"ast-content-background-meta":{"desktop":{"background-color":"var(--ast-global-color-5)","background-image":"","background-repeat":"repeat","background-position":"center center","background-size":"auto","background-attachment":"scroll","background-type":"","background-media":"","overlay-type":"","overlay-color":"","overlay-opacity":"","overlay-gradient":""},"tablet":{"background-color":"var(--ast-global-color-5)","background-image":"","background-repeat":"repeat","background-position":"center center","background-size":"auto","background-attachment":"scroll","background-type":"","background-media":"","overlay-type":"","overlay-color":"","overlay-opacity":"","overlay-gradient":""},"mobile":{"background-color":"var(--ast-global-color-5)","background-image":"","background-repeat":"repeat","background-position":"center center","background-size":"auto","background-attachment":"scroll","background-type":"","background-media":"","overlay-type":"","overlay-color":"","overlay-opacity":"","overlay-gradient":""}}},"product_brand":[],"product_cat":[29,47],"product_tag":[],"class_list":{"0":"post-2578","1":"product","2":"type-product","3":"status-publish","4":"has-post-thumbnail","6":"product_cat-fire-pit","7":"product_cat-gas-fire-pit","8":"desktop-align-center","9":"tablet-align-left","10":"mobile-align-left","12":"first","13":"instock","14":"shipping-taxable","15":"product-type-simple"},"_links":{"self":[{"href":"https:\/\/jblcorten.com\/es\/wp-json\/wp\/v2\/product\/2578","targetHints":{"allow":["GET"]}}],"collection":[{"href":"https:\/\/jblcorten.com\/es\/wp-json\/wp\/v2\/product"}],"about":[{"href":"https:\/\/jblcorten.com\/es\/wp-json\/wp\/v2\/types\/product"}],"wp:featuredmedia":[{"embeddable":true,"href":"https:\/\/jblcorten.com\/es\/wp-json\/wp\/v2\/media\/2581"}],"wp:attachment":[{"href":"https:\/\/jblcorten.com\/es\/wp-json\/wp\/v2\/media?parent=2578"}],"wp:term":[{"taxonomy":"product_brand","embeddable":true,"href":"https:\/\/jblcorten.com\/es\/wp-json\/wp\/v2\/product_brand?post=2578"},{"taxonomy":"product_cat","embeddable":true,"href":"https:\/\/jblcorten.com\/es\/wp-json\/wp\/v2\/product_cat?post=2578"},{"taxonomy":"product_tag","embeddable":true,"href":"https:\/\/jblcorten.com\/es\/wp-json\/wp\/v2\/product_tag?post=2578"}],"curies":[{"name":"wp","href":"https:\/\/api.w.org\/{rel}","templated":true}]}}