{"id":2565,"date":"2025-03-27T07:03:56","date_gmt":"2025-03-27T07:03:56","guid":{"rendered":"https:\/\/jblcorten.com\/?post_type=product&#038;p=2565"},"modified":"2025-03-27T07:21:37","modified_gmt":"2025-03-27T07:21:37","slug":"mesa-rectangular-para-hoguera-de-gas","status":"publish","type":"product","link":"https:\/\/jblcorten.com\/es\/rectangular-gas-fire-pit-table\/","title":{"rendered":"Mesa rectangular para hoguera de gas"},"content":{"rendered":"<h2 style=\"text-align: center;\"><strong><span style=\"font-size: 14pt;\">Mesa rectangular para hoguera de gas<\/span><\/strong><\/h2>\n<p>La mesa rectangular para hoguera de gas es una hoguera moderna adecuada tanto para interiores como para exteriores. Esta mesa para hoguera presenta un elegante dise\u00f1o rectangular y una fuente de combustible de gas natural de combusti\u00f3n limpia. A diferencia de las chimeneas de le\u00f1a tradicionales, este modelo proporciona una experiencia sin humos, sin suciedad y f\u00e1cil de usar.<\/p>\n<p>Un quemador de acero inoxidable de alta calidad est\u00e1 instalado en el centro de esta mesa rectangular de gas para hoguera. El acero inoxidable es conocido por su durabilidad, resistencia al calor y resistencia a la corrosi\u00f3n, lo que garantiza una experiencia de combusti\u00f3n duradera y eficiente. El quemador puede distribuir uniformemente las llamas, creando un espect\u00e1culo de llamas fascinante y consistente. Adem\u00e1s, los usuarios pueden personalizar el aspecto del hogar a\u00f1adiendo rocas volc\u00e1nicas u otros materiales decorativos para el fuego en la zona del quemador, realzando la belleza y creando un efecto de llama \u00fanico y elegante.<\/p>\n<p><img fetchpriority=\"high\" decoding=\"async\" class=\"alignnone wp-image-2572 size-full\" src=\"https:\/\/jblcorten.com\/wp-content\/uploads\/2025\/03\/rectangular-gas-fire-pit-table.jpg\" alt=\"\" width=\"750\" height=\"500\" title=\"\" srcset=\"https:\/\/jblcorten.com\/wp-content\/uploads\/2025\/03\/rectangular-gas-fire-pit-table.jpg 750w, https:\/\/jblcorten.com\/wp-content\/uploads\/2025\/03\/rectangular-gas-fire-pit-table-600x400.jpg 600w, https:\/\/jblcorten.com\/wp-content\/uploads\/2025\/03\/rectangular-gas-fire-pit-table-300x200.jpg 300w, https:\/\/jblcorten.com\/wp-content\/uploads\/2025\/03\/rectangular-gas-fire-pit-table-18x12.jpg 18w\" sizes=\"(max-width: 750px) 100vw, 750px\" \/><\/p>\n<p><strong><span style=\"font-size: 14pt;\">Especificaci\u00f3n del producto:<\/span><\/strong><\/p>\n<table>\n<tbody>\n<tr>\n<td style=\"background-color: #e8e8e8;\" width=\"181\">Nombre del producto<\/td>\n<td style=\"background-color: #e8e8e8;\" width=\"385\">Mesa rectangular para hoguera de gas<\/td>\n<\/tr>\n<tr>\n<td width=\"181\">Material<\/td>\n<td width=\"385\">Acero corten<\/td>\n<\/tr>\n<tr>\n<td style=\"background-color: #e8e8e8;\" width=\"181\">Color<\/td>\n<td style=\"background-color: #e8e8e8;\" width=\"385\">Rojo \u00f3xido y negro<\/td>\n<\/tr>\n<tr>\n<td width=\"181\">Tipo<\/td>\n<td width=\"385\">Hoguera Morden<\/td>\n<\/tr>\n<tr>\n<td style=\"background-color: #e8e8e8;\" width=\"181\">Talla<\/td>\n<td style=\"background-color: #e8e8e8;\" width=\"385\">1200*500*600mm o personalizado<\/td>\n<\/tr>\n<tr>\n<td width=\"181\">Tecnolog\u00eda<\/td>\n<td width=\"385\">Doblado y soldadura y pre-superficie<\/td>\n<\/tr>\n<tr>\n<td style=\"background-color: #e8e8e8;\" width=\"181\">Usado<\/td>\n<td style=\"background-color: #e8e8e8;\" width=\"385\">Hogar, jard\u00edn, parques y exteriores<\/td>\n<\/tr>\n<\/tbody>\n<\/table>\n<p><strong><span style=\"font-size: 14pt;\">Detalles del producto:<\/span><\/strong><\/p>\n<p>Para realzar a\u00fan m\u00e1s su moderno dise\u00f1o, la mesa rectangular para hoguera de gas est\u00e1 rodeada de cristal transparente, que no s\u00f3lo mejora la seguridad, sino que tambi\u00e9n a\u00f1ade un toque moderno a su aspecto general. El panel de cristal act\u00faa como cortavientos, ayudando a mantener una llama estable incluso en exteriores. Esta caracter\u00edstica hace que la mesa sea ideal para balcones, patios o jardines abiertos, donde el viento podr\u00eda afectar al rendimiento de la llama. Adem\u00e1s, la cubierta de cristal crea un impresionante efecto visual cuando las llamas se reflejan en la superficie transparente, proporcionando un llamativo punto focal en cualquier entorno.<\/p>\n<p><img decoding=\"async\" class=\"alignnone wp-image-2546\" src=\"https:\/\/jblcorten.com\/wp-content\/uploads\/2025\/03\/burner-decoration.jpg\" alt=\"\" width=\"750\" height=\"242\" title=\"\" srcset=\"https:\/\/jblcorten.com\/wp-content\/uploads\/2025\/03\/burner-decoration.jpg 693w, https:\/\/jblcorten.com\/wp-content\/uploads\/2025\/03\/burner-decoration-600x194.jpg 600w, https:\/\/jblcorten.com\/wp-content\/uploads\/2025\/03\/burner-decoration-300x97.jpg 300w, https:\/\/jblcorten.com\/wp-content\/uploads\/2025\/03\/burner-decoration-18x6.jpg 18w\" sizes=\"(max-width: 750px) 100vw, 750px\" \/><\/p>\n<p><img decoding=\"async\" class=\"alignnone wp-image-2574 size-full\" src=\"https:\/\/jblcorten.com\/wp-content\/uploads\/2025\/03\/rectangular-propane-fire-pit-with-tank-inside.jpg\" alt=\"\" width=\"750\" height=\"499\" title=\"\" srcset=\"https:\/\/jblcorten.com\/wp-content\/uploads\/2025\/03\/rectangular-propane-fire-pit-with-tank-inside.jpg 750w, https:\/\/jblcorten.com\/wp-content\/uploads\/2025\/03\/rectangular-propane-fire-pit-with-tank-inside-600x399.jpg 600w, https:\/\/jblcorten.com\/wp-content\/uploads\/2025\/03\/rectangular-propane-fire-pit-with-tank-inside-300x200.jpg 300w, https:\/\/jblcorten.com\/wp-content\/uploads\/2025\/03\/rectangular-propane-fire-pit-with-tank-inside-18x12.jpg 18w\" sizes=\"(max-width: 750px) 100vw, 750px\" \/><\/p>\n<p><strong><span style=\"font-size: 14pt;\">\u00bfPor qu\u00e9 elegir la mesa rectangular para hogueras de gas?<\/span><\/strong><\/p>\n<p>1. 2. F\u00e1cil de manejar y utilizar:<br \/>\nEste pozo de fuego de gas rectangular est\u00e1 equipado con una v\u00e1lvula de control lateral, por lo que los usuarios pueden ajustar f\u00e1cilmente el tama\u00f1o de la llama sin el tedioso proceso de encendido.<\/p>\n<p>2. Dise\u00f1o de dep\u00f3sito de gasolina oculto, bonito y ordenado:<br \/>\nSe reserva suficiente espacio para el tanque de gas dentro del pozo de fuego, por lo que el tanque de gas se puede ocultar dentro del pozo de fuego, haciendo que el dise\u00f1o general sea m\u00e1s ordenado y hermoso, sin afectar a la coordinaci\u00f3n del medio ambiente, y al mismo tiempo reduciendo los riesgos de seguridad de los tanques de gas expuestos al exterior.<\/p>\n<p>3. Seguro y fiable, reduce el riesgo de incendio:<br \/>\nLas hogueras de gas son m\u00e1s seguras que las hogueras de le\u00f1a tradicionales, y no producen llamas abiertas ni carb\u00f3n volador, lo que reduce los riesgos de incendio. Colocar el dep\u00f3sito de gas en el interior no s\u00f3lo mejora la seguridad, sino que tambi\u00e9n reduce la posibilidad de que el dep\u00f3sito de gas se vea afectado por el ambiente externo, haci\u00e9ndolo m\u00e1s estable.<\/p>\n<p><img loading=\"lazy\" decoding=\"async\" class=\"alignnone wp-image-2573\" src=\"https:\/\/jblcorten.com\/wp-content\/uploads\/2025\/03\/rectangle-gas-fire-table.jpg\" alt=\"\" width=\"750\" height=\"470\" title=\"\" srcset=\"https:\/\/jblcorten.com\/wp-content\/uploads\/2025\/03\/rectangle-gas-fire-table.jpg 1000w, https:\/\/jblcorten.com\/wp-content\/uploads\/2025\/03\/rectangle-gas-fire-table-600x376.jpg 600w, https:\/\/jblcorten.com\/wp-content\/uploads\/2025\/03\/rectangle-gas-fire-table-300x188.jpg 300w, https:\/\/jblcorten.com\/wp-content\/uploads\/2025\/03\/rectangle-gas-fire-table-768x481.jpg 768w, https:\/\/jblcorten.com\/wp-content\/uploads\/2025\/03\/rectangle-gas-fire-table-18x12.jpg 18w\" sizes=\"(max-width: 750px) 100vw, 750px\" \/><\/p>\n<p><strong><span style=\"font-size: 14pt;\">PREGUNTAS FRECUENTES:<\/span><\/strong><\/p>\n<p>1.P:\u00bfEs usted una empresa comercial o un fabricante?<br \/>\nR: Tenemos nuestra propia f\u00e1brica.<\/p>\n<p>2.P:\u00bfAceptan OEM?<br \/>\nR: S\u00ed, lo hacemos, muchos dise\u00f1os est\u00e1n disponibles y si usted necesita personalizar, no es ning\u00fan problema.<\/p>\n<p>3.P: Todas las hogueras son para uso con gas natural, \u00bfvienen con un kit de conversi\u00f3n de propano?<br \/>\nR: S\u00ed, si lo necesita, podemos ofrec\u00e9rselo.<\/p>","protected":false},"excerpt":{"rendered":"<p>La v\u00e1lvula de control est\u00e1 situada en el lateral de la mesa rectangular de gas para hogueras, lo que permite al usuario ajustar con precisi\u00f3n la altura de la llama. El sencillo sistema de encendido permite encender la hoguera con el m\u00ednimo esfuerzo, lo que la hace perfecta tanto para espacios residenciales como comerciales.<\/p>","protected":false},"featured_media":2566,"template":"","meta":{"site-sidebar-layout":"default","site-content-layout":"","ast-site-content-layout":"default","site-content-style":"default","site-sidebar-style":"default","ast-global-header-display":"","ast-banner-title-visibility":"","ast-main-header-display":"","ast-hfb-above-header-display":"","ast-hfb-below-header-display":"","ast-hfb-mobile-header-display":"","site-post-title":"","ast-breadcrumbs-content":"","ast-featured-img":"","footer-sml-layout":"","ast-disable-related-posts":"","theme-transparent-header-meta":"default","adv-header-id-meta":"","stick-header-meta":"","header-above-stick-meta":"","header-main-stick-meta":"","header-below-stick-meta":"","astra-migrate-meta-layouts":"set","ast-page-background-enabled":"default","ast-page-background-meta":{"desktop":{"background-color":"var(--ast-global-color-4)","background-image":"","background-repeat":"repeat","background-position":"center center","background-size":"auto","background-attachment":"scroll","background-type":"","background-media":"","overlay-type":"","overlay-color":"","overlay-opacity":"","overlay-gradient":""},"tablet":{"background-color":"","background-image":"","background-repeat":"repeat","background-position":"center center","background-size":"auto","background-attachment":"scroll","background-type":"","background-media":"","overlay-type":"","overlay-color":"","overlay-opacity":"","overlay-gradient":""},"mobile":{"background-color":"","background-image":"","background-repeat":"repeat","background-position":"center center","background-size":"auto","background-attachment":"scroll","background-type":"","background-media":"","overlay-type":"","overlay-color":"","overlay-opacity":"","overlay-gradient":""}},"ast-content-background-meta":{"desktop":{"background-color":"var(--ast-global-color-5)","background-image":"","background-repeat":"repeat","background-position":"center center","background-size":"auto","background-attachment":"scroll","background-type":"","background-media":"","overlay-type":"","overlay-color":"","overlay-opacity":"","overlay-gradient":""},"tablet":{"background-color":"var(--ast-global-color-5)","background-image":"","background-repeat":"repeat","background-position":"center center","background-size":"auto","background-attachment":"scroll","background-type":"","background-media":"","overlay-type":"","overlay-color":"","overlay-opacity":"","overlay-gradient":""},"mobile":{"background-color":"var(--ast-global-color-5)","background-image":"","background-repeat":"repeat","background-position":"center center","background-size":"auto","background-attachment":"scroll","background-type":"","background-media":"","overlay-type":"","overlay-color":"","overlay-opacity":"","overlay-gradient":""}}},"product_brand":[],"product_cat":[29,47],"product_tag":[],"class_list":{"0":"post-2565","1":"product","2":"type-product","3":"status-publish","4":"has-post-thumbnail","6":"product_cat-fire-pit","7":"product_cat-gas-fire-pit","8":"desktop-align-center","9":"tablet-align-left","10":"mobile-align-left","12":"first","13":"instock","14":"shipping-taxable","15":"product-type-simple"},"_links":{"self":[{"href":"https:\/\/jblcorten.com\/es\/wp-json\/wp\/v2\/product\/2565","targetHints":{"allow":["GET"]}}],"collection":[{"href":"https:\/\/jblcorten.com\/es\/wp-json\/wp\/v2\/product"}],"about":[{"href":"https:\/\/jblcorten.com\/es\/wp-json\/wp\/v2\/types\/product"}],"wp:featuredmedia":[{"embeddable":true,"href":"https:\/\/jblcorten.com\/es\/wp-json\/wp\/v2\/media\/2566"}],"wp:attachment":[{"href":"https:\/\/jblcorten.com\/es\/wp-json\/wp\/v2\/media?parent=2565"}],"wp:term":[{"taxonomy":"product_brand","embeddable":true,"href":"https:\/\/jblcorten.com\/es\/wp-json\/wp\/v2\/product_brand?post=2565"},{"taxonomy":"product_cat","embeddable":true,"href":"https:\/\/jblcorten.com\/es\/wp-json\/wp\/v2\/product_cat?post=2565"},{"taxonomy":"product_tag","embeddable":true,"href":"https:\/\/jblcorten.com\/es\/wp-json\/wp\/v2\/product_tag?post=2565"}],"curies":[{"name":"wp","href":"https:\/\/api.w.org\/{rel}","templated":true}]}}