{"id":2554,"date":"2025-03-27T03:44:31","date_gmt":"2025-03-27T03:44:31","guid":{"rendered":"https:\/\/jblcorten.com\/?post_type=product&#038;p=2554"},"modified":"2025-03-27T03:45:50","modified_gmt":"2025-03-27T03:45:50","slug":"chimenea-de-gas-corten","status":"publish","type":"product","link":"https:\/\/jblcorten.com\/es\/corten-gas-fire-pit\/","title":{"rendered":"Chimenea de gas corten"},"content":{"rendered":"<h2 style=\"text-align: center;\"><span style=\"font-size: 14pt;\">Chimenea de gas corten<\/span><\/h2>\n<p>La chimenea de gas Corten es f\u00e1cil de manejar. La chimenea de gas Corten se enciende instant\u00e1neamente con un simple bot\u00f3n o un sistema de encendido electr\u00f3nico. Ofrece llamas ajustables, lo que permite a los usuarios controlar la salida de calor en funci\u00f3n de sus necesidades. Adem\u00e1s, el pozo de fuego de gas corten elimina las molestias de lidiar con la ceniza, el humo y el almacenamiento de madera, por lo que es una alternativa m\u00e1s limpia y eficiente. Suele funcionar con propano o gas natural, lo que da a los usuarios la flexibilidad de elegir la fuente de combustible que mejor se adapte a su espacio exterior.<\/p>\n<p>* Este fog\u00f3n de gas corten ha sido tratado contra el \u00f3xido. Si usted no necesita que la oxidaci\u00f3n-tratamiento, <a href=\"\/es\/contacto\/\">puede comunicarse con nosotros.<\/a><\/p>\n<p><strong><span style=\"font-size: 14pt;\">Especificaci\u00f3n del producto:<\/span><\/strong><\/p>\n<table>\n<tbody>\n<tr>\n<td style=\"text-align: left; vertical-align: middle;\">Nombre del producto<\/td>\n<td style=\"text-align: left; vertical-align: middle;\">Chimenea de gas corten<\/td>\n<\/tr>\n<tr>\n<td style=\"text-align: left; vertical-align: middle;\">Material<\/td>\n<td style=\"text-align: left; vertical-align: middle;\">Acero corten, acero inoxidable<\/td>\n<\/tr>\n<tr>\n<td style=\"text-align: left; vertical-align: middle;\">Combustible<\/td>\n<td style=\"text-align: left; vertical-align: middle;\">Gas natural o propano<\/td>\n<\/tr>\n<tr>\n<td style=\"text-align: left; vertical-align: middle;\">Talla<\/td>\n<td style=\"text-align: left; vertical-align: middle;\">600*600*400mm\/600*600*600mm( A medida)<\/td>\n<\/tr>\n<tr>\n<td style=\"text-align: left; vertical-align: middle;\">Tratamiento de superficies<\/td>\n<td style=\"text-align: left; vertical-align: middle;\">Preoxidado, pintado de negro, se puede personalizar<\/td>\n<\/tr>\n<tr>\n<td style=\"text-align: left; vertical-align: middle;\">Paquete<\/td>\n<td style=\"text-align: left; vertical-align: middle;\">Interior : Papel de espuma antidesgaste<br \/>\nExterior : Caja de madera contrachapada<\/td>\n<\/tr>\n<\/tbody>\n<\/table>\n<p><strong><span style=\"font-size: 14pt;\">Detalles del producto:<\/span><\/strong><\/p>\n<p>El pozo de fuego de gas corten tiene un quemador de gas de acero inoxidable extra\u00edble instalado en el interior.<\/p>\n<p><img fetchpriority=\"high\" decoding=\"async\" class=\"alignnone wp-image-2561\" src=\"https:\/\/jblcorten.com\/wp-content\/uploads\/2025\/03\/natural-gas-patio-fire-pit.jpg\" alt=\"\" width=\"750\" height=\"375\" title=\"\" srcset=\"https:\/\/jblcorten.com\/wp-content\/uploads\/2025\/03\/natural-gas-patio-fire-pit.jpg 1000w, https:\/\/jblcorten.com\/wp-content\/uploads\/2025\/03\/natural-gas-patio-fire-pit-600x300.jpg 600w, https:\/\/jblcorten.com\/wp-content\/uploads\/2025\/03\/natural-gas-patio-fire-pit-300x150.jpg 300w, https:\/\/jblcorten.com\/wp-content\/uploads\/2025\/03\/natural-gas-patio-fire-pit-768x384.jpg 768w, https:\/\/jblcorten.com\/wp-content\/uploads\/2025\/03\/natural-gas-patio-fire-pit-18x9.jpg 18w\" sizes=\"(max-width: 750px) 100vw, 750px\" \/><\/p>\n<p><img decoding=\"async\" class=\"alignnone wp-image-2562 size-full\" src=\"https:\/\/jblcorten.com\/wp-content\/uploads\/2025\/03\/natural-gas-fire-pit.jpg\" alt=\"\" width=\"750\" height=\"500\" title=\"\" srcset=\"https:\/\/jblcorten.com\/wp-content\/uploads\/2025\/03\/natural-gas-fire-pit.jpg 750w, https:\/\/jblcorten.com\/wp-content\/uploads\/2025\/03\/natural-gas-fire-pit-600x400.jpg 600w, https:\/\/jblcorten.com\/wp-content\/uploads\/2025\/03\/natural-gas-fire-pit-300x200.jpg 300w, https:\/\/jblcorten.com\/wp-content\/uploads\/2025\/03\/natural-gas-fire-pit-18x12.jpg 18w\" sizes=\"(max-width: 750px) 100vw, 750px\" \/><\/p>\n<p><strong><span style=\"font-size: 14pt;\">Embalaje del producto:<\/span><\/strong><\/p>\n<p><img decoding=\"async\" class=\"alignnone size-full wp-image-2563\" src=\"https:\/\/jblcorten.com\/wp-content\/uploads\/2025\/03\/fire-pit-packing.png\" alt=\"\" width=\"750\" height=\"548\" title=\"\" srcset=\"https:\/\/jblcorten.com\/wp-content\/uploads\/2025\/03\/fire-pit-packing.png 750w, https:\/\/jblcorten.com\/wp-content\/uploads\/2025\/03\/fire-pit-packing-600x438.png 600w, https:\/\/jblcorten.com\/wp-content\/uploads\/2025\/03\/fire-pit-packing-300x219.png 300w, https:\/\/jblcorten.com\/wp-content\/uploads\/2025\/03\/fire-pit-packing-16x12.png 16w\" sizes=\"(max-width: 750px) 100vw, 750px\" \/><\/p>","protected":false},"excerpt":{"rendered":"<p>La chimenea de gas corten es una soluci\u00f3n moderna de calefacci\u00f3n y decoraci\u00f3n de exteriores que combina la belleza \u00fanica del acero envejecido con la comodidad de una llama de gas.<\/p>\n<p>A diferencia de las hogueras tradicionales que requieren le\u00f1a o carb\u00f3n, las de gas corten ofrecen una experiencia m\u00e1s limpia y sin humos.<\/p>","protected":false},"featured_media":2555,"template":"","meta":{"site-sidebar-layout":"default","site-content-layout":"","ast-site-content-layout":"default","site-content-style":"default","site-sidebar-style":"default","ast-global-header-display":"","ast-banner-title-visibility":"","ast-main-header-display":"","ast-hfb-above-header-display":"","ast-hfb-below-header-display":"","ast-hfb-mobile-header-display":"","site-post-title":"","ast-breadcrumbs-content":"","ast-featured-img":"","footer-sml-layout":"","ast-disable-related-posts":"","theme-transparent-header-meta":"default","adv-header-id-meta":"","stick-header-meta":"","header-above-stick-meta":"","header-main-stick-meta":"","header-below-stick-meta":"","astra-migrate-meta-layouts":"set","ast-page-background-enabled":"default","ast-page-background-meta":{"desktop":{"background-color":"var(--ast-global-color-4)","background-image":"","background-repeat":"repeat","background-position":"center center","background-size":"auto","background-attachment":"scroll","background-type":"","background-media":"","overlay-type":"","overlay-color":"","overlay-opacity":"","overlay-gradient":""},"tablet":{"background-color":"","background-image":"","background-repeat":"repeat","background-position":"center center","background-size":"auto","background-attachment":"scroll","background-type":"","background-media":"","overlay-type":"","overlay-color":"","overlay-opacity":"","overlay-gradient":""},"mobile":{"background-color":"","background-image":"","background-repeat":"repeat","background-position":"center center","background-size":"auto","background-attachment":"scroll","background-type":"","background-media":"","overlay-type":"","overlay-color":"","overlay-opacity":"","overlay-gradient":""}},"ast-content-background-meta":{"desktop":{"background-color":"var(--ast-global-color-5)","background-image":"","background-repeat":"repeat","background-position":"center center","background-size":"auto","background-attachment":"scroll","background-type":"","background-media":"","overlay-type":"","overlay-color":"","overlay-opacity":"","overlay-gradient":""},"tablet":{"background-color":"var(--ast-global-color-5)","background-image":"","background-repeat":"repeat","background-position":"center center","background-size":"auto","background-attachment":"scroll","background-type":"","background-media":"","overlay-type":"","overlay-color":"","overlay-opacity":"","overlay-gradient":""},"mobile":{"background-color":"var(--ast-global-color-5)","background-image":"","background-repeat":"repeat","background-position":"center center","background-size":"auto","background-attachment":"scroll","background-type":"","background-media":"","overlay-type":"","overlay-color":"","overlay-opacity":"","overlay-gradient":""}}},"product_brand":[],"product_cat":[29,47],"product_tag":[],"class_list":{"0":"post-2554","1":"product","2":"type-product","3":"status-publish","4":"has-post-thumbnail","6":"product_cat-fire-pit","7":"product_cat-gas-fire-pit","8":"desktop-align-center","9":"tablet-align-left","10":"mobile-align-left","12":"first","13":"instock","14":"shipping-taxable","15":"product-type-simple"},"_links":{"self":[{"href":"https:\/\/jblcorten.com\/es\/wp-json\/wp\/v2\/product\/2554","targetHints":{"allow":["GET"]}}],"collection":[{"href":"https:\/\/jblcorten.com\/es\/wp-json\/wp\/v2\/product"}],"about":[{"href":"https:\/\/jblcorten.com\/es\/wp-json\/wp\/v2\/types\/product"}],"wp:featuredmedia":[{"embeddable":true,"href":"https:\/\/jblcorten.com\/es\/wp-json\/wp\/v2\/media\/2555"}],"wp:attachment":[{"href":"https:\/\/jblcorten.com\/es\/wp-json\/wp\/v2\/media?parent=2554"}],"wp:term":[{"taxonomy":"product_brand","embeddable":true,"href":"https:\/\/jblcorten.com\/es\/wp-json\/wp\/v2\/product_brand?post=2554"},{"taxonomy":"product_cat","embeddable":true,"href":"https:\/\/jblcorten.com\/es\/wp-json\/wp\/v2\/product_cat?post=2554"},{"taxonomy":"product_tag","embeddable":true,"href":"https:\/\/jblcorten.com\/es\/wp-json\/wp\/v2\/product_tag?post=2554"}],"curies":[{"name":"wp","href":"https:\/\/api.w.org\/{rel}","templated":true}]}}