{"id":2551,"date":"2025-03-25T08:47:31","date_gmt":"2025-03-25T08:47:31","guid":{"rendered":"https:\/\/jblcorten.com\/?post_type=product&#038;p=2551"},"modified":"2025-03-25T08:56:45","modified_gmt":"2025-03-25T08:56:45","slug":"hoguera-cuadrada-de-gas-natural","status":"publish","type":"product","link":"https:\/\/jblcorten.com\/es\/square-natural-gas-fire-pit\/","title":{"rendered":"Chimenea cuadrada de gas natural"},"content":{"rendered":"<h2 style=\"text-align: center;\"><span style=\"font-size: 14pt;\">Chimenea cuadrada de gas natural<\/span><\/h2>\n<p>La chimenea cuadrada de gas natural es un dispositivo de calefacci\u00f3n que combina belleza y practicidad. Es adecuado para patios, terrazas, jardines e interiores. Adopta un dise\u00f1o cuadrado con una forma sencilla y generosa. No s\u00f3lo puede proporcionar calor, sino tambi\u00e9n convertirse en un hermoso escenario en el hogar.<\/p>\n<p>Alrededor del pozo de fuego se instalan cerramientos de cristal de gran transparencia, lo que hace que la llama sea m\u00e1s estable al arder y mejora el efecto visual. Ver saltar las llamas a trav\u00e9s del cristal es a la vez seguro y art\u00edstico, y hace que la gente se sumerja en un ambiente c\u00e1lido. Adem\u00e1s, el cerramiento de cristal puede evitar eficazmente que las llamas sean arrastradas por el viento, mejorar la eficacia de la combusti\u00f3n y garantizar que la hoguera cuadrada de gas natural pueda utilizarse con normalidad en cualquier condici\u00f3n meteorol\u00f3gica.<\/p>\n<p><strong><span style=\"font-size: 14pt;\">Especificaci\u00f3n del producto:<\/span><\/strong><\/p>\n<table>\n<tbody>\n<tr style=\"background-color: #cfcfcf;\">\n<td><strong><b>Nombre del producto<\/b><\/strong><\/td>\n<td>Chimenea cuadrada de gas natural<\/td>\n<\/tr>\n<tr>\n<td><strong><b>Material<\/b><\/strong><\/td>\n<td>Acero corten, acero inoxidable<\/td>\n<\/tr>\n<tr style=\"background-color: #cfcfcf;\">\n<td><strong><b>Combustible<\/b><\/strong><\/td>\n<td>Gas natural o propano<\/td>\n<\/tr>\n<tr>\n<td><strong><b>Talla<\/b><\/strong><\/td>\n<td>600*600*400mm\/600*600*600mm( A medida)<\/td>\n<\/tr>\n<tr style=\"background-color: #cfcfcf;\">\n<td><strong><b>Tratamiento de superficies<\/b><\/strong><\/td>\n<td>Preoxidado, pintado de negro, se puede personalizar<\/td>\n<\/tr>\n<tr>\n<td>Paquete<\/td>\n<td>Caja de madera<\/td>\n<\/tr>\n<\/tbody>\n<\/table>\n<p><strong><span style=\"font-size: 14pt;\">Decoraci\u00f3n de quemadores\uff1a<\/span><\/strong><\/p>\n<p>Las piedras volc\u00e1nicas naturales se pueden colocar en el interior de la chimenea cuadrada de gas natural, lo que no s\u00f3lo mejora la est\u00e9tica general, sino que tambi\u00e9n mejora el efecto de combusti\u00f3n. Las piedras volc\u00e1nicas almacenan bien el calor, lo distribuyen uniformemente y hacen que la llama arda de forma m\u00e1s estable. Al mismo tiempo, su textura natural y la luz y sombra de la llama se complementan, a\u00f1adiendo un impacto visual natural, haciendo que el pozo de fuego sea m\u00e1s estratificado y ornamental. Hay varios tipos de nuestras piedras volc\u00e1nicas para elegir.<\/p>\n<p><img fetchpriority=\"high\" decoding=\"async\" class=\"alignnone wp-image-2546\" src=\"https:\/\/jblcorten.com\/wp-content\/uploads\/2025\/03\/burner-decoration.jpg\" alt=\"\" width=\"750\" height=\"242\" title=\"\" srcset=\"https:\/\/jblcorten.com\/wp-content\/uploads\/2025\/03\/burner-decoration.jpg 693w, https:\/\/jblcorten.com\/wp-content\/uploads\/2025\/03\/burner-decoration-600x194.jpg 600w, https:\/\/jblcorten.com\/wp-content\/uploads\/2025\/03\/burner-decoration-300x97.jpg 300w, https:\/\/jblcorten.com\/wp-content\/uploads\/2025\/03\/burner-decoration-18x6.jpg 18w\" sizes=\"(max-width: 750px) 100vw, 750px\" \/><\/p>\n<p><strong><span style=\"font-size: 14pt;\">\u00bfPor qu\u00e9 elegir esta chimenea cuadrada de gas natural?<\/span><\/strong><\/p>\n<ul>\n<li>Cristal de protecci\u00f3n de seguridad:<br \/>\nAlrededor de la llama se instala un cristal transparente, que no s\u00f3lo puede prevenir eficazmente el viento y hacer que la llama sea m\u00e1s estable, sino que tambi\u00e9n proporciona protecci\u00f3n de seguridad para evitar el contacto accidental con la llama y mejorar la seguridad de uso. Apreciar la llama encendida a trav\u00e9s del cristal es m\u00e1s ornamental y atmosf\u00e9rico.<\/li>\n<\/ul>\n<ul>\n<li>El combustible de gas natural es m\u00e1s respetuoso con el medio ambiente:<br \/>\nUtilizar gas natural como combustible es m\u00e1s limpio y respetuoso con el medio ambiente que la combusti\u00f3n tradicional de carb\u00f3n o le\u00f1a. No produce humo ni cenizas volantes, reduce la contaminaci\u00f3n atmosf\u00e9rica, tiene una combusti\u00f3n m\u00e1s estable y es m\u00e1s c\u00f3modo de usar.<\/li>\n<\/ul>\n<ul>\n<li>F\u00e1cil manejo y llama regulable:<br \/>\nEl lateral del pozo de fuego est\u00e1 equipado con una v\u00e1lvula de control para controlar f\u00e1cilmente el interruptor y el tama\u00f1o de la llama. Sin una operaci\u00f3n tediosa, el fuego se puede ajustar seg\u00fan las necesidades, lo que resulta m\u00e1s c\u00f3modo de usar.<\/li>\n<\/ul>\n<ul>\n<li>Material duradero, adaptable al entorno exterior:<br \/>\nFabricado con materiales de alta calidad resistentes a la intemperie, tanto si es de color \u00f3xido natural como de superficie negra pulverizada, tiene una fuerte resistencia a la corrosi\u00f3n y a la intemperie. Se puede utilizar al aire libre durante mucho tiempo, no es f\u00e1cil de oxidar o da\u00f1ar, y tiene una larga vida \u00fatil.<\/li>\n<\/ul>\n<p><img decoding=\"async\" class=\"alignnone wp-image-2549 size-full\" src=\"https:\/\/jblcorten.com\/wp-content\/uploads\/2025\/03\/no-smoke-fire-pit.jpg\" alt=\"\" width=\"750\" height=\"567\" title=\"\" srcset=\"https:\/\/jblcorten.com\/wp-content\/uploads\/2025\/03\/no-smoke-fire-pit.jpg 750w, https:\/\/jblcorten.com\/wp-content\/uploads\/2025\/03\/no-smoke-fire-pit-600x454.jpg 600w, https:\/\/jblcorten.com\/wp-content\/uploads\/2025\/03\/no-smoke-fire-pit-300x227.jpg 300w, https:\/\/jblcorten.com\/wp-content\/uploads\/2025\/03\/no-smoke-fire-pit-16x12.jpg 16w\" sizes=\"(max-width: 750px) 100vw, 750px\" \/><\/p>\n<p><img decoding=\"async\" class=\"alignnone size-full wp-image-2552\" src=\"https:\/\/jblcorten.com\/wp-content\/uploads\/2025\/03\/garden-table-with-fire-pit.jpg\" alt=\"\" width=\"750\" height=\"566\" title=\"\" srcset=\"https:\/\/jblcorten.com\/wp-content\/uploads\/2025\/03\/garden-table-with-fire-pit.jpg 750w, https:\/\/jblcorten.com\/wp-content\/uploads\/2025\/03\/garden-table-with-fire-pit-600x453.jpg 600w, https:\/\/jblcorten.com\/wp-content\/uploads\/2025\/03\/garden-table-with-fire-pit-300x226.jpg 300w, https:\/\/jblcorten.com\/wp-content\/uploads\/2025\/03\/garden-table-with-fire-pit-16x12.jpg 16w\" sizes=\"(max-width: 750px) 100vw, 750px\" \/><\/p>","protected":false},"excerpt":{"rendered":"<p>En t\u00e9rminos de funcionamiento, este pozo de fuego cuadrado de gas natural es simple y f\u00e1cil de usar, con una v\u00e1lvula de control en el lateral, que puede controlar f\u00e1cilmente el interruptor de gas y el tama\u00f1o de la llama.<\/p>\n<p>Los usuarios pueden ajustar la altura y la intensidad de la llama en funci\u00f3n de sus necesidades, de modo que pueden disfrutar de la c\u00e1lida luz del fuego a la vez que controlan eficazmente el consumo de gas y mejoran la econom\u00eda y la seguridad de uso.<\/p>","protected":false},"featured_media":2541,"template":"","meta":{"site-sidebar-layout":"default","site-content-layout":"","ast-site-content-layout":"default","site-content-style":"default","site-sidebar-style":"default","ast-global-header-display":"","ast-banner-title-visibility":"","ast-main-header-display":"","ast-hfb-above-header-display":"","ast-hfb-below-header-display":"","ast-hfb-mobile-header-display":"","site-post-title":"","ast-breadcrumbs-content":"","ast-featured-img":"","footer-sml-layout":"","ast-disable-related-posts":"","theme-transparent-header-meta":"default","adv-header-id-meta":"","stick-header-meta":"","header-above-stick-meta":"","header-main-stick-meta":"","header-below-stick-meta":"","astra-migrate-meta-layouts":"set","ast-page-background-enabled":"default","ast-page-background-meta":{"desktop":{"background-color":"var(--ast-global-color-4)","background-image":"","background-repeat":"repeat","background-position":"center center","background-size":"auto","background-attachment":"scroll","background-type":"","background-media":"","overlay-type":"","overlay-color":"","overlay-opacity":"","overlay-gradient":""},"tablet":{"background-color":"","background-image":"","background-repeat":"repeat","background-position":"center center","background-size":"auto","background-attachment":"scroll","background-type":"","background-media":"","overlay-type":"","overlay-color":"","overlay-opacity":"","overlay-gradient":""},"mobile":{"background-color":"","background-image":"","background-repeat":"repeat","background-position":"center center","background-size":"auto","background-attachment":"scroll","background-type":"","background-media":"","overlay-type":"","overlay-color":"","overlay-opacity":"","overlay-gradient":""}},"ast-content-background-meta":{"desktop":{"background-color":"var(--ast-global-color-5)","background-image":"","background-repeat":"repeat","background-position":"center center","background-size":"auto","background-attachment":"scroll","background-type":"","background-media":"","overlay-type":"","overlay-color":"","overlay-opacity":"","overlay-gradient":""},"tablet":{"background-color":"var(--ast-global-color-5)","background-image":"","background-repeat":"repeat","background-position":"center center","background-size":"auto","background-attachment":"scroll","background-type":"","background-media":"","overlay-type":"","overlay-color":"","overlay-opacity":"","overlay-gradient":""},"mobile":{"background-color":"var(--ast-global-color-5)","background-image":"","background-repeat":"repeat","background-position":"center center","background-size":"auto","background-attachment":"scroll","background-type":"","background-media":"","overlay-type":"","overlay-color":"","overlay-opacity":"","overlay-gradient":""}}},"product_brand":[],"product_cat":[29,47],"product_tag":[],"class_list":{"0":"post-2551","1":"product","2":"type-product","3":"status-publish","4":"has-post-thumbnail","6":"product_cat-fire-pit","7":"product_cat-gas-fire-pit","8":"desktop-align-center","9":"tablet-align-left","10":"mobile-align-left","12":"first","13":"instock","14":"shipping-taxable","15":"product-type-simple"},"_links":{"self":[{"href":"https:\/\/jblcorten.com\/es\/wp-json\/wp\/v2\/product\/2551","targetHints":{"allow":["GET"]}}],"collection":[{"href":"https:\/\/jblcorten.com\/es\/wp-json\/wp\/v2\/product"}],"about":[{"href":"https:\/\/jblcorten.com\/es\/wp-json\/wp\/v2\/types\/product"}],"wp:featuredmedia":[{"embeddable":true,"href":"https:\/\/jblcorten.com\/es\/wp-json\/wp\/v2\/media\/2541"}],"wp:attachment":[{"href":"https:\/\/jblcorten.com\/es\/wp-json\/wp\/v2\/media?parent=2551"}],"wp:term":[{"taxonomy":"product_brand","embeddable":true,"href":"https:\/\/jblcorten.com\/es\/wp-json\/wp\/v2\/product_brand?post=2551"},{"taxonomy":"product_cat","embeddable":true,"href":"https:\/\/jblcorten.com\/es\/wp-json\/wp\/v2\/product_cat?post=2551"},{"taxonomy":"product_tag","embeddable":true,"href":"https:\/\/jblcorten.com\/es\/wp-json\/wp\/v2\/product_tag?post=2551"}],"curies":[{"name":"wp","href":"https:\/\/api.w.org\/{rel}","templated":true}]}}