{"id":2537,"date":"2025-03-25T07:54:34","date_gmt":"2025-03-25T07:54:34","guid":{"rendered":"https:\/\/jblcorten.com\/?post_type=product&#038;p=2537"},"modified":"2025-03-25T07:57:20","modified_gmt":"2025-03-25T07:57:20","slug":"chimenea-de-gas-de-acero-corten","status":"publish","type":"product","link":"https:\/\/jblcorten.com\/es\/corten-steel-gas-fire-pit\/","title":{"rendered":"Chimenea de gas de acero corten"},"content":{"rendered":"<h2 style=\"text-align: center;\"><strong><span style=\"font-size: 14pt;\">Chimenea de gas de acero corten<\/span><\/strong><\/h2>\n<p>La chimenea de gas de acero corten es un bonito y pr\u00e1ctico dispositivo de calefacci\u00f3n que puede utilizarse tanto en interiores como en exteriores. Con su estructura cuadrada y sus l\u00edneas sencillas, este pozo de fuego puede satisfacer necesidades pr\u00e1cticas y convertirse en una decoraci\u00f3n \u00fanica en interiores, en el patio o en el jard\u00edn. Su duradero material de acero corten le permite resistir el viento y la lluvia en entornos exteriores, y forma una capa de protecci\u00f3n de oxidaci\u00f3n natural con el paso del tiempo, mostrando una textura met\u00e1lica \u00fanica.<\/p>\n<p>Esta chimenea de gas corten est\u00e1 disponible en dos colores: \u00f3xido natural y negro pulverizado. El \u00f3xido natural conserva la superficie de oxidaci\u00f3n \u00fanica del acero corten, presentando un aspecto c\u00e1lido y texturizado que combina a la perfecci\u00f3n con el entorno natural. La versi\u00f3n en negro pulverizado es m\u00e1s moderna y se adapta a varios estilos de hogar, dando al espacio un efecto visual sencillo y de alta gama. Independientemente del color que elija, este pozo de fuego puede realzar el ambiente general del hogar.<\/p>\n<p><img fetchpriority=\"high\" decoding=\"async\" class=\"alignnone wp-image-2545\" src=\"https:\/\/jblcorten.com\/wp-content\/uploads\/2025\/03\/propane-outdoor-firepit.jpg\" alt=\"\" width=\"750\" height=\"375\" title=\"\" srcset=\"https:\/\/jblcorten.com\/wp-content\/uploads\/2025\/03\/propane-outdoor-firepit.jpg 1000w, https:\/\/jblcorten.com\/wp-content\/uploads\/2025\/03\/propane-outdoor-firepit-600x300.jpg 600w, https:\/\/jblcorten.com\/wp-content\/uploads\/2025\/03\/propane-outdoor-firepit-300x150.jpg 300w, https:\/\/jblcorten.com\/wp-content\/uploads\/2025\/03\/propane-outdoor-firepit-768x384.jpg 768w, https:\/\/jblcorten.com\/wp-content\/uploads\/2025\/03\/propane-outdoor-firepit-18x9.jpg 18w\" sizes=\"(max-width: 750px) 100vw, 750px\" \/><\/p>\n<p><strong><span style=\"font-size: 14pt;\">Especificaci\u00f3n del producto:<\/span><\/strong><\/p>\n<table>\n<tbody>\n<tr style=\"background-color: #cfcfcf;\">\n<td><strong><b>Nombre del producto<\/b><\/strong><\/td>\n<td>Chimenea de gas de acero corten<\/td>\n<\/tr>\n<tr>\n<td><strong><b>Material<\/b><\/strong><\/td>\n<td>Acero corten, acero inoxidable<\/td>\n<\/tr>\n<tr>\n<td><strong><b>Combustible<\/b><\/strong><\/td>\n<td>Gas natural o propano<\/td>\n<\/tr>\n<tr>\n<td><strong><b>Talla<\/b><\/strong><\/td>\n<td>600*600*400mm\/600*600*600mm ( A medida)<\/td>\n<\/tr>\n<tr>\n<td><strong><b>Tecnolog\u00eda<\/b><\/strong><\/td>\n<td>Pruebas,Corte por l\u00e1ser, plegado, punzonado, soldadura,Oxidaci\u00f3n<\/td>\n<\/tr>\n<tr>\n<td><strong><b>Tratamiento de superficies<\/b><\/strong><\/td>\n<td>Preoxidado, pintado de negro, se puede personalizar<\/td>\n<\/tr>\n<tr>\n<td><strong><b>OEM Y ODM<\/b><\/strong><\/td>\n<td>Se ofrece un servicio personalizado.<\/td>\n<\/tr>\n<\/tbody>\n<\/table>\n<p><strong><span style=\"font-size: 14pt;\">Detalles del producto:<\/span><\/strong><\/p>\n<p>La chimenea de gas de acero corten puede cubrirse con piedras volc\u00e1nicas, que son piedras naturales que no s\u00f3lo a\u00edslan eficazmente el calor y hacen que las llamas ardan de forma m\u00e1s estable, sino que tambi\u00e9n mejoran la est\u00e9tica general. Los tonos oscuros de las piedras volc\u00e1nicas contrastan fuertemente con las llamas ardientes, creando un efecto visual muy estratificado.<\/p>\n<p><img decoding=\"async\" class=\"alignnone wp-image-2546\" src=\"https:\/\/jblcorten.com\/wp-content\/uploads\/2025\/03\/burner-decoration.jpg\" alt=\"\" width=\"750\" height=\"242\" title=\"\" srcset=\"https:\/\/jblcorten.com\/wp-content\/uploads\/2025\/03\/burner-decoration.jpg 693w, https:\/\/jblcorten.com\/wp-content\/uploads\/2025\/03\/burner-decoration-600x194.jpg 600w, https:\/\/jblcorten.com\/wp-content\/uploads\/2025\/03\/burner-decoration-300x97.jpg 300w, https:\/\/jblcorten.com\/wp-content\/uploads\/2025\/03\/burner-decoration-18x6.jpg 18w\" sizes=\"(max-width: 750px) 100vw, 750px\" \/> <img decoding=\"async\" class=\"alignnone wp-image-2547\" src=\"https:\/\/jblcorten.com\/wp-content\/uploads\/2025\/03\/fire-pit-with-gas.jpg\" alt=\"\" width=\"750\" height=\"295\" title=\"\" srcset=\"https:\/\/jblcorten.com\/wp-content\/uploads\/2025\/03\/fire-pit-with-gas.jpg 630w, https:\/\/jblcorten.com\/wp-content\/uploads\/2025\/03\/fire-pit-with-gas-600x236.jpg 600w, https:\/\/jblcorten.com\/wp-content\/uploads\/2025\/03\/fire-pit-with-gas-300x118.jpg 300w, https:\/\/jblcorten.com\/wp-content\/uploads\/2025\/03\/fire-pit-with-gas-18x7.jpg 18w\" sizes=\"(max-width: 750px) 100vw, 750px\" \/><\/p>\n<p><img loading=\"lazy\" decoding=\"async\" class=\"alignnone wp-image-2549 size-full\" src=\"https:\/\/jblcorten.com\/wp-content\/uploads\/2025\/03\/no-smoke-fire-pit.jpg\" alt=\"\" width=\"750\" height=\"567\" title=\"\" srcset=\"https:\/\/jblcorten.com\/wp-content\/uploads\/2025\/03\/no-smoke-fire-pit.jpg 750w, https:\/\/jblcorten.com\/wp-content\/uploads\/2025\/03\/no-smoke-fire-pit-600x454.jpg 600w, https:\/\/jblcorten.com\/wp-content\/uploads\/2025\/03\/no-smoke-fire-pit-300x227.jpg 300w, https:\/\/jblcorten.com\/wp-content\/uploads\/2025\/03\/no-smoke-fire-pit-16x12.jpg 16w\" sizes=\"(max-width: 750px) 100vw, 750px\" \/> <img loading=\"lazy\" decoding=\"async\" class=\"alignnone wp-image-2548 size-full\" src=\"https:\/\/jblcorten.com\/wp-content\/uploads\/2025\/03\/gas-fire-pits-for-sale.jpg\" alt=\"\" width=\"750\" height=\"664\" title=\"\" srcset=\"https:\/\/jblcorten.com\/wp-content\/uploads\/2025\/03\/gas-fire-pits-for-sale.jpg 750w, https:\/\/jblcorten.com\/wp-content\/uploads\/2025\/03\/gas-fire-pits-for-sale-600x531.jpg 600w, https:\/\/jblcorten.com\/wp-content\/uploads\/2025\/03\/gas-fire-pits-for-sale-300x266.jpg 300w, https:\/\/jblcorten.com\/wp-content\/uploads\/2025\/03\/gas-fire-pits-for-sale-14x12.jpg 14w\" sizes=\"(max-width: 750px) 100vw, 750px\" \/><\/p>","protected":false},"excerpt":{"rendered":"<p>Esta chimenea de gas de acero corten adopta una estructura cuadrada de l\u00edneas sencillas y elegantes. No solo puede satisfacer necesidades pr\u00e1cticas, sino tambi\u00e9n convertirse en una decoraci\u00f3n \u00fanica en interiores, terrazas o jardines.<\/p>\n<p>Su material de acero corten, resistente y duradero, le permite soportar el viento y la lluvia en entornos exteriores, y forma con el tiempo una capa protectora de oxidaci\u00f3n natural que muestra una textura met\u00e1lica \u00fanica.<\/p>","protected":false},"featured_media":2539,"template":"","meta":{"site-sidebar-layout":"default","site-content-layout":"","ast-site-content-layout":"default","site-content-style":"default","site-sidebar-style":"default","ast-global-header-display":"","ast-banner-title-visibility":"","ast-main-header-display":"","ast-hfb-above-header-display":"","ast-hfb-below-header-display":"","ast-hfb-mobile-header-display":"","site-post-title":"","ast-breadcrumbs-content":"","ast-featured-img":"","footer-sml-layout":"","ast-disable-related-posts":"","theme-transparent-header-meta":"default","adv-header-id-meta":"","stick-header-meta":"","header-above-stick-meta":"","header-main-stick-meta":"","header-below-stick-meta":"","astra-migrate-meta-layouts":"set","ast-page-background-enabled":"default","ast-page-background-meta":{"desktop":{"background-color":"var(--ast-global-color-4)","background-image":"","background-repeat":"repeat","background-position":"center center","background-size":"auto","background-attachment":"scroll","background-type":"","background-media":"","overlay-type":"","overlay-color":"","overlay-opacity":"","overlay-gradient":""},"tablet":{"background-color":"","background-image":"","background-repeat":"repeat","background-position":"center center","background-size":"auto","background-attachment":"scroll","background-type":"","background-media":"","overlay-type":"","overlay-color":"","overlay-opacity":"","overlay-gradient":""},"mobile":{"background-color":"","background-image":"","background-repeat":"repeat","background-position":"center center","background-size":"auto","background-attachment":"scroll","background-type":"","background-media":"","overlay-type":"","overlay-color":"","overlay-opacity":"","overlay-gradient":""}},"ast-content-background-meta":{"desktop":{"background-color":"var(--ast-global-color-5)","background-image":"","background-repeat":"repeat","background-position":"center center","background-size":"auto","background-attachment":"scroll","background-type":"","background-media":"","overlay-type":"","overlay-color":"","overlay-opacity":"","overlay-gradient":""},"tablet":{"background-color":"var(--ast-global-color-5)","background-image":"","background-repeat":"repeat","background-position":"center center","background-size":"auto","background-attachment":"scroll","background-type":"","background-media":"","overlay-type":"","overlay-color":"","overlay-opacity":"","overlay-gradient":""},"mobile":{"background-color":"var(--ast-global-color-5)","background-image":"","background-repeat":"repeat","background-position":"center center","background-size":"auto","background-attachment":"scroll","background-type":"","background-media":"","overlay-type":"","overlay-color":"","overlay-opacity":"","overlay-gradient":""}}},"product_brand":[],"product_cat":[29,47],"product_tag":[],"class_list":{"0":"post-2537","1":"product","2":"type-product","3":"status-publish","4":"has-post-thumbnail","6":"product_cat-fire-pit","7":"product_cat-gas-fire-pit","8":"desktop-align-center","9":"tablet-align-left","10":"mobile-align-left","12":"first","13":"instock","14":"shipping-taxable","15":"product-type-simple"},"_links":{"self":[{"href":"https:\/\/jblcorten.com\/es\/wp-json\/wp\/v2\/product\/2537","targetHints":{"allow":["GET"]}}],"collection":[{"href":"https:\/\/jblcorten.com\/es\/wp-json\/wp\/v2\/product"}],"about":[{"href":"https:\/\/jblcorten.com\/es\/wp-json\/wp\/v2\/types\/product"}],"wp:featuredmedia":[{"embeddable":true,"href":"https:\/\/jblcorten.com\/es\/wp-json\/wp\/v2\/media\/2539"}],"wp:attachment":[{"href":"https:\/\/jblcorten.com\/es\/wp-json\/wp\/v2\/media?parent=2537"}],"wp:term":[{"taxonomy":"product_brand","embeddable":true,"href":"https:\/\/jblcorten.com\/es\/wp-json\/wp\/v2\/product_brand?post=2537"},{"taxonomy":"product_cat","embeddable":true,"href":"https:\/\/jblcorten.com\/es\/wp-json\/wp\/v2\/product_cat?post=2537"},{"taxonomy":"product_tag","embeddable":true,"href":"https:\/\/jblcorten.com\/es\/wp-json\/wp\/v2\/product_tag?post=2537"}],"curies":[{"name":"wp","href":"https:\/\/api.w.org\/{rel}","templated":true}]}}