{"id":2522,"date":"2025-03-24T08:37:07","date_gmt":"2025-03-24T08:37:07","guid":{"rendered":"https:\/\/jblcorten.com\/?post_type=product&#038;p=2522"},"modified":"2025-03-24T08:48:07","modified_gmt":"2025-03-24T08:48:07","slug":"chimenea-de-lena-para-patio","status":"publish","type":"product","link":"https:\/\/jblcorten.com\/es\/wood-burning-patio-fire-pit\/","title":{"rendered":"fogata de le\u00f1a para patio"},"content":{"rendered":"<p style=\"text-align: center;\"><strong><span style=\"font-size: 14pt;\">fogata de le\u00f1a para patio<\/span><\/strong><\/p>\n<p>Las hogueras de le\u00f1a para patios ofrecen una experiencia de llamas realista. A diferencia de las chimeneas de gas o el\u00e9ctricas, las chimeneas de le\u00f1a crean un ambiente r\u00fastico y natural con llamas reales, sonidos crepitantes y el aroma caracter\u00edstico de la le\u00f1a quemada. Las llamas parpadeantes crean un ambiente relajante, perfecto para acampar con los amigos. Adem\u00e1s, el rango de calor producido por las chimeneas de le\u00f1a para patios es generalmente m\u00e1s potente que otros tipos de chimeneas, lo que puede calentar los espacios al aire libre con mayor eficacia.<\/p>\n<p>A la hora de elegir una chimenea de le\u00f1a para el patio, uno de los factores a tener en cuenta es el material y la durabilidad. El pozo de fuego est\u00e1 hecho de acero con un revestimiento resistente a altas temperaturas. Este pozo de fuego puede retener bien el calor e irradiar calor de manera eficiente, y este pozo de fuego tambi\u00e9n es resistente a la oxidaci\u00f3n y resistente a la corrosi\u00f3n. Este pozo de fuego tambi\u00e9n est\u00e1 dise\u00f1ado con elementos decorativos, como hermosos patrones huecos o revestimientos art\u00edsticos, que a\u00f1aden un toque de estilo al patio.<\/p>\n<p><strong><span style=\"font-size: 14pt;\">Especificaci\u00f3n del producto:<\/span><\/strong><\/p>\n<table style=\"border-collapse: collapse; width: 100%; height: 265px;\">\n<tbody>\n<tr style=\"height: 53px; background-color: #cfcfcf;\">\n<td style=\"width: 27.4869%; height: 53px;\">Nombre del producto<\/td>\n<td style=\"width: 72.5131%; height: 53px;\">fogata de le\u00f1a para patio<\/td>\n<\/tr>\n<tr style=\"height: 53px;\">\n<td style=\"width: 27.4869%; height: 53px;\">Material<\/td>\n<td style=\"width: 72.5131%; height: 53px;\">Acero<\/td>\n<\/tr>\n<tr style=\"height: 53px;\">\n<td style=\"width: 27.4869%; height: 53px;\">Combustible<\/td>\n<td style=\"width: 72.5131%; height: 53px;\">Madera<\/td>\n<\/tr>\n<tr style=\"height: 53px;\">\n<td style=\"width: 27.4869%; height: 53px;\">Color<\/td>\n<td style=\"width: 72.5131%; height: 53px;\">Negro<\/td>\n<\/tr>\n<tr style=\"height: 53px;\">\n<td style=\"width: 27.4869%; height: 53px;\">Talla<\/td>\n<td style=\"width: 72.5131%; height: 53px;\">68.0*30.5*69.5cm<\/td>\n<\/tr>\n<tr>\n<td style=\"width: 27.4869%;\">Peso<\/td>\n<td style=\"width: 72.5131%;\">10,5 kg<\/td>\n<\/tr>\n<\/tbody>\n<\/table>\n<p><strong><span style=\"font-size: 14pt;\">Detalles del producto:<\/span><\/strong><\/p>\n<p>Esta chimenea de le\u00f1a para patio es vers\u00e1til: se puede utilizar tanto para calentar como para asar.<\/p>\n<p><img fetchpriority=\"high\" decoding=\"async\" class=\"alignnone wp-image-2528\" src=\"https:\/\/jblcorten.com\/wp-content\/uploads\/2025\/03\/Wood-Burning-Patio-Fire-Pit-for-sale.jpg\" alt=\"\" width=\"750\" height=\"375\" title=\"\" srcset=\"https:\/\/jblcorten.com\/wp-content\/uploads\/2025\/03\/Wood-Burning-Patio-Fire-Pit-for-sale.jpg 1000w, https:\/\/jblcorten.com\/wp-content\/uploads\/2025\/03\/Wood-Burning-Patio-Fire-Pit-for-sale-600x300.jpg 600w, https:\/\/jblcorten.com\/wp-content\/uploads\/2025\/03\/Wood-Burning-Patio-Fire-Pit-for-sale-300x150.jpg 300w, https:\/\/jblcorten.com\/wp-content\/uploads\/2025\/03\/Wood-Burning-Patio-Fire-Pit-for-sale-768x384.jpg 768w, https:\/\/jblcorten.com\/wp-content\/uploads\/2025\/03\/Wood-Burning-Patio-Fire-Pit-for-sale-18x9.jpg 18w\" sizes=\"(max-width: 750px) 100vw, 750px\" \/><\/p>\n<p><strong><span style=\"font-size: 14pt;\">Embalaje del producto:<\/span><\/strong><\/p>\n<p><img decoding=\"async\" class=\"alignnone wp-image-2529\" src=\"https:\/\/jblcorten.com\/wp-content\/uploads\/2025\/03\/fire-pit-supplier.jpg\" alt=\"\" width=\"750\" height=\"375\" title=\"\" srcset=\"https:\/\/jblcorten.com\/wp-content\/uploads\/2025\/03\/fire-pit-supplier.jpg 1000w, https:\/\/jblcorten.com\/wp-content\/uploads\/2025\/03\/fire-pit-supplier-600x300.jpg 600w, https:\/\/jblcorten.com\/wp-content\/uploads\/2025\/03\/fire-pit-supplier-300x150.jpg 300w, https:\/\/jblcorten.com\/wp-content\/uploads\/2025\/03\/fire-pit-supplier-768x384.jpg 768w, https:\/\/jblcorten.com\/wp-content\/uploads\/2025\/03\/fire-pit-supplier-18x9.jpg 18w\" sizes=\"(max-width: 750px) 100vw, 750px\" \/><\/p>\n<p><strong><span style=\"font-size: 14pt;\">PREGUNTAS FRECUENTES:<\/span><\/strong><\/p>\n<p>1.P:\u00bfEs usted una empresa comercial o un fabricante?<br \/>\nR: Tenemos nuestra propia f\u00e1brica.<\/p>\n<p>2.P:\u00bfCu\u00e1l es el plazo de entrega?<br \/>\nR: Dentro de 10-30 d\u00edas despu\u00e9s de recibir el dep\u00f3sito o LC a la vista. Tambi\u00e9n depende de la cantidad de los productos.<\/p>\n<p>3.Q:\u00bfHacen productos personalizados basados en nuestros dibujos de dise\u00f1o o ideas?<br \/>\nR: S\u00ed, somos una f\u00e1brica profesional de fabricaci\u00f3n de acero corten con un equipo de ingenier\u00eda con experiencia para hacer productos personalizados de acuerdo a los dibujos y las ideas de los clientes.<\/p>","protected":false},"excerpt":{"rendered":"<p>El hogar de le\u00f1a para patio est\u00e1 fabricado en acero con un revestimiento resistente a altas temperaturas. Este pozo de fuego puede retener el calor bien e irradiar calor de manera eficiente, y este pozo de fuego tambi\u00e9n es resistente a la oxidaci\u00f3n y resistente a la corrosi\u00f3n.<\/p>\n<p>Este pozo de fuego tambi\u00e9n est\u00e1 dise\u00f1ado con elementos decorativos, como bonitos motivos huecos o revestimientos art\u00edsticos, que a\u00f1aden un toque de estilo al patio.<\/p>","protected":false},"featured_media":2523,"template":"","meta":{"site-sidebar-layout":"default","site-content-layout":"","ast-site-content-layout":"default","site-content-style":"default","site-sidebar-style":"default","ast-global-header-display":"","ast-banner-title-visibility":"","ast-main-header-display":"","ast-hfb-above-header-display":"","ast-hfb-below-header-display":"","ast-hfb-mobile-header-display":"","site-post-title":"","ast-breadcrumbs-content":"","ast-featured-img":"","footer-sml-layout":"","ast-disable-related-posts":"","theme-transparent-header-meta":"default","adv-header-id-meta":"","stick-header-meta":"","header-above-stick-meta":"","header-main-stick-meta":"","header-below-stick-meta":"","astra-migrate-meta-layouts":"set","ast-page-background-enabled":"default","ast-page-background-meta":{"desktop":{"background-color":"var(--ast-global-color-4)","background-image":"","background-repeat":"repeat","background-position":"center center","background-size":"auto","background-attachment":"scroll","background-type":"","background-media":"","overlay-type":"","overlay-color":"","overlay-opacity":"","overlay-gradient":""},"tablet":{"background-color":"","background-image":"","background-repeat":"repeat","background-position":"center center","background-size":"auto","background-attachment":"scroll","background-type":"","background-media":"","overlay-type":"","overlay-color":"","overlay-opacity":"","overlay-gradient":""},"mobile":{"background-color":"","background-image":"","background-repeat":"repeat","background-position":"center center","background-size":"auto","background-attachment":"scroll","background-type":"","background-media":"","overlay-type":"","overlay-color":"","overlay-opacity":"","overlay-gradient":""}},"ast-content-background-meta":{"desktop":{"background-color":"var(--ast-global-color-5)","background-image":"","background-repeat":"repeat","background-position":"center center","background-size":"auto","background-attachment":"scroll","background-type":"","background-media":"","overlay-type":"","overlay-color":"","overlay-opacity":"","overlay-gradient":""},"tablet":{"background-color":"var(--ast-global-color-5)","background-image":"","background-repeat":"repeat","background-position":"center center","background-size":"auto","background-attachment":"scroll","background-type":"","background-media":"","overlay-type":"","overlay-color":"","overlay-opacity":"","overlay-gradient":""},"mobile":{"background-color":"var(--ast-global-color-5)","background-image":"","background-repeat":"repeat","background-position":"center center","background-size":"auto","background-attachment":"scroll","background-type":"","background-media":"","overlay-type":"","overlay-color":"","overlay-opacity":"","overlay-gradient":""}}},"product_brand":[],"product_cat":[29,45],"product_tag":[63],"class_list":{"0":"post-2522","1":"product","2":"type-product","3":"status-publish","4":"has-post-thumbnail","6":"product_cat-fire-pit","7":"product_cat-wood-burning-fire-pit","8":"product_tag-fire-pit","9":"desktop-align-center","10":"tablet-align-left","11":"mobile-align-left","13":"first","14":"instock","15":"featured","16":"shipping-taxable","17":"product-type-simple"},"_links":{"self":[{"href":"https:\/\/jblcorten.com\/es\/wp-json\/wp\/v2\/product\/2522","targetHints":{"allow":["GET"]}}],"collection":[{"href":"https:\/\/jblcorten.com\/es\/wp-json\/wp\/v2\/product"}],"about":[{"href":"https:\/\/jblcorten.com\/es\/wp-json\/wp\/v2\/types\/product"}],"wp:featuredmedia":[{"embeddable":true,"href":"https:\/\/jblcorten.com\/es\/wp-json\/wp\/v2\/media\/2523"}],"wp:attachment":[{"href":"https:\/\/jblcorten.com\/es\/wp-json\/wp\/v2\/media?parent=2522"}],"wp:term":[{"taxonomy":"product_brand","embeddable":true,"href":"https:\/\/jblcorten.com\/es\/wp-json\/wp\/v2\/product_brand?post=2522"},{"taxonomy":"product_cat","embeddable":true,"href":"https:\/\/jblcorten.com\/es\/wp-json\/wp\/v2\/product_cat?post=2522"},{"taxonomy":"product_tag","embeddable":true,"href":"https:\/\/jblcorten.com\/es\/wp-json\/wp\/v2\/product_tag?post=2522"}],"curies":[{"name":"wp","href":"https:\/\/api.w.org\/{rel}","templated":true}]}}