{"id":2517,"date":"2025-03-24T07:28:04","date_gmt":"2025-03-24T07:28:04","guid":{"rendered":"https:\/\/jblcorten.com\/?post_type=product&#038;p=2517"},"modified":"2025-03-24T07:30:35","modified_gmt":"2025-03-24T07:30:35","slug":"cuba-de-acero-corten","status":"publish","type":"product","link":"https:\/\/jblcorten.com\/es\/corten-steel-fire-bowl\/","title":{"rendered":"Hoguera de acero corten"},"content":{"rendered":"<p>Un cuenco de acero corten realza el aspecto de su patio, jard\u00edn o patio. Est\u00e1 fabricado en acero corten, un material especialmente resistente a la intemperie. Cuando se utiliza al aire libre, la superficie del acero forma con el tiempo una capa de \u00f3xido \u00fanica. Este proceso de oxidaci\u00f3n natural no s\u00f3lo confiere al hogar una est\u00e9tica vintage e industrial, sino que tambi\u00e9n forma una barrera protectora para evitar una mayor corrosi\u00f3n, alargando as\u00ed la vida \u00fatil del hogar.<\/p>\n<p>Los cuencos de fuego de acero corten tienen excelentes propiedades de almacenamiento del calor. Su gruesa estructura de acero absorbe y disipa eficazmente el calor, creando un ambiente c\u00e1lido y acogedor para las reuniones al aire libre. Estos cuencos pueden alimentarse con le\u00f1a o carb\u00f3n, seg\u00fan el modelo y las necesidades del usuario. Los cuencos de le\u00f1a proporcionan una experiencia de hoguera realista, con sonidos crepitantes y una sensaci\u00f3n de calor natural cuando arden las llamas.<\/p>\n<p><strong><span style=\"font-size: 14pt;\">Especificaci\u00f3n del producto:<\/span><\/strong><\/p>\n<table>\n<tbody>\n<tr style=\"background-color: #cfcfcf;\">\n<td>Nombre del producto<\/td>\n<td>Hoguera de acero corten<\/td>\n<\/tr>\n<tr>\n<td>Acabado superficial<\/td>\n<td>Corrosi\u00f3n por \u00f3xido<\/td>\n<\/tr>\n<tr>\n<td>Tipo<\/td>\n<td>Pozo de fuego<\/td>\n<\/tr>\n<tr>\n<td>Material<\/td>\n<td>Acero corten<\/td>\n<\/tr>\n<tr>\n<td>Tama\u00f1o del producto<\/td>\n<td>600*600*300mm\/800*800*345\/1000*1000*385mm<\/td>\n<\/tr>\n<tr>\n<td>Dise\u00f1o<\/td>\n<td>Muchos acabados disponibles seg\u00fan los requisitos del cliente<\/td>\n<\/tr>\n<tr>\n<td>Peso<\/td>\n<td>10.3\/17.9\/38.5kg<\/td>\n<\/tr>\n<tr>\n<td>Servicio de dise\u00f1o personalizado<\/td>\n<td>S\u00ed<\/td>\n<\/tr>\n<tr>\n<td>Detalles del embalaje<\/td>\n<td>Caja de madera contrachapada y marco de acero<\/td>\n<\/tr>\n<tr>\n<td>Observaciones<\/td>\n<td>Cada hoguera puede personalizarse en color, tama\u00f1o<\/td>\n<\/tr>\n<\/tbody>\n<\/table>\n<p><strong><span style=\"font-size: 14pt;\">Acero corten frente a acero normal<\/span><\/strong><\/p>\n<p>A diferencia del acero tradicional, el acero corten no se corroe r\u00e1pidamente cuando se expone a la humedad, sino que forma una capa de \u00f3xido estable para evitar una mayor oxidaci\u00f3n. Esto lo convierte en un perfecto pozo de fuego al aire libre que puede soportar una variedad de condiciones clim\u00e1ticas. Esta caracter\u00edstica lo convierte no s\u00f3lo en un pr\u00e1ctico dispositivo de calefacci\u00f3n, sino tambi\u00e9n en un elemento decorativo que puede utilizarse durante mucho tiempo, a\u00f1adiendo un estilo \u00fanico al espacio exterior.<\/p>\n<p><img fetchpriority=\"high\" decoding=\"async\" class=\"alignnone wp-image-2518\" src=\"https:\/\/jblcorten.com\/wp-content\/uploads\/2025\/03\/Corten-Steel-vs.-Regular-Steel.jpg\" alt=\"Acero corten frente a acero normal\" width=\"750\" height=\"413\" title=\"\" srcset=\"https:\/\/jblcorten.com\/wp-content\/uploads\/2025\/03\/Corten-Steel-vs.-Regular-Steel.jpg 699w, https:\/\/jblcorten.com\/wp-content\/uploads\/2025\/03\/Corten-Steel-vs.-Regular-Steel-600x330.jpg 600w, https:\/\/jblcorten.com\/wp-content\/uploads\/2025\/03\/Corten-Steel-vs.-Regular-Steel-300x165.jpg 300w, https:\/\/jblcorten.com\/wp-content\/uploads\/2025\/03\/Corten-Steel-vs.-Regular-Steel-18x10.jpg 18w\" sizes=\"(max-width: 750px) 100vw, 750px\" \/><\/p>\n<p>Seg\u00fan el gr\u00e1fico anterior, la curva roja representa el cambio de corrosi\u00f3n del acero corten, y la curva azul representa el cambio de corrosi\u00f3n del acero ordinario. A medida que pasa el tiempo, podemos comprobar que el \u00edndice de resistencia a la corrosi\u00f3n del acero corten se estabiliza gradualmente. Se puede observar que la calidad del acero corten se debe al acero ordinario.<\/p>\n<p><img decoding=\"async\" class=\"alignnone wp-image-2519 size-full\" src=\"https:\/\/jblcorten.com\/wp-content\/uploads\/2025\/03\/corten-steel-material.jpg\" alt=\"\" width=\"750\" height=\"321\" title=\"\" srcset=\"https:\/\/jblcorten.com\/wp-content\/uploads\/2025\/03\/corten-steel-material.jpg 750w, https:\/\/jblcorten.com\/wp-content\/uploads\/2025\/03\/corten-steel-material-600x257.jpg 600w, https:\/\/jblcorten.com\/wp-content\/uploads\/2025\/03\/corten-steel-material-300x128.jpg 300w, https:\/\/jblcorten.com\/wp-content\/uploads\/2025\/03\/corten-steel-material-18x8.jpg 18w\" sizes=\"(max-width: 750px) 100vw, 750px\" \/><\/p>\n<p><strong><span style=\"font-size: 14pt;\">Embalaje del producto:<\/span><\/strong><\/p>\n<p>Caja de madera o seg\u00fan petici\u00f3n del cliente.<\/p>\n<p><img decoding=\"async\" class=\"alignnone wp-image-2452\" src=\"https:\/\/jblcorten.com\/wp-content\/uploads\/2024\/08\/metal-fire-pit.jpg\" alt=\"\" width=\"750\" height=\"473\" title=\"\" srcset=\"https:\/\/jblcorten.com\/wp-content\/uploads\/2024\/08\/metal-fire-pit.jpg 711w, https:\/\/jblcorten.com\/wp-content\/uploads\/2024\/08\/metal-fire-pit-600x378.jpg 600w, https:\/\/jblcorten.com\/wp-content\/uploads\/2024\/08\/metal-fire-pit-300x189.jpg 300w, https:\/\/jblcorten.com\/wp-content\/uploads\/2024\/08\/metal-fire-pit-18x12.jpg 18w\" sizes=\"(max-width: 750px) 100vw, 750px\" \/><\/p>\n<p style=\"text-align: center;\"><span style=\"font-size: 14pt;\"><a href=\"\/es\/contacto\/\"><strong><span style=\"color: #00ccff;\">P\u00f3ngase en contacto con nosotros para m\u00e1s informaci\u00f3n.<\/span><\/strong><\/a><\/span><\/p>","protected":false},"excerpt":{"rendered":"<p>El cuenco de fuego de acero corten tiene excelentes propiedades de almacenamiento del calor. La gruesa estructura de acero absorbe y disipa eficazmente el calor, creando un ambiente c\u00e1lido y acogedor para las reuniones al aire libre. La hoguera de le\u00f1a proporciona una experiencia de hoguera realista, con sonidos crepitantes y una sensaci\u00f3n de calor natural cuando arden las llamas.<\/p>","protected":false},"featured_media":2520,"template":"","meta":{"site-sidebar-layout":"default","site-content-layout":"","ast-site-content-layout":"default","site-content-style":"default","site-sidebar-style":"default","ast-global-header-display":"","ast-banner-title-visibility":"","ast-main-header-display":"","ast-hfb-above-header-display":"","ast-hfb-below-header-display":"","ast-hfb-mobile-header-display":"","site-post-title":"","ast-breadcrumbs-content":"","ast-featured-img":"","footer-sml-layout":"","ast-disable-related-posts":"","theme-transparent-header-meta":"default","adv-header-id-meta":"","stick-header-meta":"","header-above-stick-meta":"","header-main-stick-meta":"","header-below-stick-meta":"","astra-migrate-meta-layouts":"set","ast-page-background-enabled":"default","ast-page-background-meta":{"desktop":{"background-color":"var(--ast-global-color-4)","background-image":"","background-repeat":"repeat","background-position":"center center","background-size":"auto","background-attachment":"scroll","background-type":"","background-media":"","overlay-type":"","overlay-color":"","overlay-opacity":"","overlay-gradient":""},"tablet":{"background-color":"","background-image":"","background-repeat":"repeat","background-position":"center center","background-size":"auto","background-attachment":"scroll","background-type":"","background-media":"","overlay-type":"","overlay-color":"","overlay-opacity":"","overlay-gradient":""},"mobile":{"background-color":"","background-image":"","background-repeat":"repeat","background-position":"center center","background-size":"auto","background-attachment":"scroll","background-type":"","background-media":"","overlay-type":"","overlay-color":"","overlay-opacity":"","overlay-gradient":""}},"ast-content-background-meta":{"desktop":{"background-color":"var(--ast-global-color-5)","background-image":"","background-repeat":"repeat","background-position":"center center","background-size":"auto","background-attachment":"scroll","background-type":"","background-media":"","overlay-type":"","overlay-color":"","overlay-opacity":"","overlay-gradient":""},"tablet":{"background-color":"var(--ast-global-color-5)","background-image":"","background-repeat":"repeat","background-position":"center center","background-size":"auto","background-attachment":"scroll","background-type":"","background-media":"","overlay-type":"","overlay-color":"","overlay-opacity":"","overlay-gradient":""},"mobile":{"background-color":"var(--ast-global-color-5)","background-image":"","background-repeat":"repeat","background-position":"center center","background-size":"auto","background-attachment":"scroll","background-type":"","background-media":"","overlay-type":"","overlay-color":"","overlay-opacity":"","overlay-gradient":""}}},"product_brand":[],"product_cat":[29,45],"product_tag":[],"class_list":{"0":"post-2517","1":"product","2":"type-product","3":"status-publish","4":"has-post-thumbnail","6":"product_cat-fire-pit","7":"product_cat-wood-burning-fire-pit","8":"desktop-align-center","9":"tablet-align-left","10":"mobile-align-left","12":"first","13":"instock","14":"shipping-taxable","15":"product-type-simple"},"_links":{"self":[{"href":"https:\/\/jblcorten.com\/es\/wp-json\/wp\/v2\/product\/2517","targetHints":{"allow":["GET"]}}],"collection":[{"href":"https:\/\/jblcorten.com\/es\/wp-json\/wp\/v2\/product"}],"about":[{"href":"https:\/\/jblcorten.com\/es\/wp-json\/wp\/v2\/types\/product"}],"wp:featuredmedia":[{"embeddable":true,"href":"https:\/\/jblcorten.com\/es\/wp-json\/wp\/v2\/media\/2520"}],"wp:attachment":[{"href":"https:\/\/jblcorten.com\/es\/wp-json\/wp\/v2\/media?parent=2517"}],"wp:term":[{"taxonomy":"product_brand","embeddable":true,"href":"https:\/\/jblcorten.com\/es\/wp-json\/wp\/v2\/product_brand?post=2517"},{"taxonomy":"product_cat","embeddable":true,"href":"https:\/\/jblcorten.com\/es\/wp-json\/wp\/v2\/product_cat?post=2517"},{"taxonomy":"product_tag","embeddable":true,"href":"https:\/\/jblcorten.com\/es\/wp-json\/wp\/v2\/product_tag?post=2517"}],"curies":[{"name":"wp","href":"https:\/\/api.w.org\/{rel}","templated":true}]}}