{"id":2508,"date":"2025-03-21T09:02:12","date_gmt":"2025-03-21T09:02:12","guid":{"rendered":"https:\/\/jblcorten.com\/?post_type=product&#038;p=2508"},"modified":"2025-03-21T09:03:53","modified_gmt":"2025-03-21T09:03:53","slug":"estufa-de-lena-grill","status":"publish","type":"product","link":"https:\/\/jblcorten.com\/es\/wood-burning-stove-grill\/","title":{"rendered":"Estufa de le\u00f1a Parrilla"},"content":{"rendered":"<p>Entre los muchos materiales de las parrillas para estufas de le\u00f1a, el acero corten se ha convertido en una opci\u00f3n cada vez m\u00e1s popular debido a su gran resistencia a la corrosi\u00f3n y durabilidad. En particular, las parrillas de acero corten para barbacoa de le\u00f1a no s\u00f3lo pueden proporcionar un sabor a parrilla de carb\u00f3n puro, sino tambi\u00e9n mejorar la est\u00e9tica del entorno al aire libre.<\/p>\n<p><strong><span style=\"font-size: 14pt;\">Especificaci\u00f3n del producto:<\/span><\/strong><\/p>\n<table>\n<tbody>\n<tr>\n<td><strong>Nombre del producto<\/strong><\/td>\n<td>Estufa de le\u00f1a Parrilla<\/td>\n<\/tr>\n<tr>\n<td><strong>Material<\/strong><\/td>\n<td>Acero corten,Acero al carbono<\/td>\n<\/tr>\n<tr>\n<td><strong>Color<\/strong><\/td>\n<td>Rusty<\/td>\n<\/tr>\n<tr>\n<td><strong>Tama\u00f1o y forma<\/strong><\/td>\n<td>800mm,1000mm,Est\u00e1ndar o Personalizado<\/td>\n<\/tr>\n<tr>\n<td><strong>Grosor:<\/strong><\/td>\n<td>Base y cuenco: 2 mm. Placa de cocci\u00f3n: 10mm<\/td>\n<\/tr>\n<\/tbody>\n<\/table>\n<p><strong><span style=\"font-size: 14pt;\">\u00bfPor qu\u00e9 elegir la estufa grill de le\u00f1a?<\/span><\/strong><\/p>\n<ol>\n<li>Material de acero corten: En comparaci\u00f3n con el acero ordinario, el acero corten (resistente a la intemperie) se puede utilizar al aire libre durante mucho tiempo, no es f\u00e1cil de oxidar, y se formar\u00e1 una capa \u00fanica de protecci\u00f3n contra el \u00f3xido en la superficie.<\/li>\n<li>Dise\u00f1o con le\u00f1a: El uso de le\u00f1a como combustible puede proporcionar un sabor ahumado m\u00e1s intenso y, al mismo tiempo, reducir la dependencia de fuentes de energ\u00eda externas, como el gas licuado.<\/li>\n<li>Base retorcida: El exclusivo dise\u00f1o de base retorcida no s\u00f3lo realza la belleza visual, sino que tambi\u00e9n mejora la estabilidad de la estructura general, haciendo que la parrilla sea m\u00e1s robusta y duradera.<\/li>\n<li>Resistencia a altas temperaturas: El acero de intemperie puede soportar la combusti\u00f3n a alta temperatura, no es f\u00e1cil de deformar y garantiza la fiabilidad para el uso a largo plazo.<\/li>\n<li>Respetuoso con el medio ambiente y sostenible: El uso de le\u00f1a como combustible est\u00e1 m\u00e1s cerca de la naturaleza que los m\u00e9todos de asado a gas y el\u00e9ctricos, lo que reduce las emisiones de carbono.<\/li>\n<\/ol>\n<p><strong><span style=\"font-size: 14pt;\">Detalles del producto:<\/span><\/strong><\/p>\n<ul>\n<li>Placa superior de acero al carbono:Esta placa superior est\u00e1 fabricada con acero al carbono templado de grosor suficiente. Este material evita la deformaci\u00f3n a altas temperaturas.<br \/>\nEl di\u00e1metro es de 1000 mm y 800 mm.  El grosor es de 10 mm.<\/li>\n<li>Di\u00e1metro de la parrilla central: 450 mm (1000 mm de di\u00e1metro) y 400 mm (800 mm de di\u00e1metro)<\/li>\n<li>Cazoleta:La cazoleta est\u00e1 fabricada con una semiesfera para soportar altas temperaturas. El grosor es de 2 mm. El di\u00e1metro exterior es de 850 mm y 1020 mm.<\/li>\n<li>Base: acero corten de 10 mm para soportar objetos pesados<\/li>\n<\/ul>\n<p><img fetchpriority=\"high\" decoding=\"async\" class=\"alignnone wp-image-2514\" src=\"https:\/\/jblcorten.com\/wp-content\/uploads\/2025\/03\/grill-corten.jpg\" alt=\"\" width=\"750\" height=\"563\" title=\"\" srcset=\"https:\/\/jblcorten.com\/wp-content\/uploads\/2025\/03\/grill-corten.jpg 1000w, https:\/\/jblcorten.com\/wp-content\/uploads\/2025\/03\/grill-corten-600x450.jpg 600w, https:\/\/jblcorten.com\/wp-content\/uploads\/2025\/03\/grill-corten-300x225.jpg 300w, https:\/\/jblcorten.com\/wp-content\/uploads\/2025\/03\/grill-corten-768x576.jpg 768w, https:\/\/jblcorten.com\/wp-content\/uploads\/2025\/03\/grill-corten-16x12.jpg 16w\" sizes=\"(max-width: 750px) 100vw, 750px\" \/><\/p>","protected":false},"excerpt":{"rendered":"<p>Tanto si se trata de una reuni\u00f3n familiar, un picnic de camping o una barbacoa comercial, puede proporcionar excelentes resultados de asado y comodidad. Si usted est\u00e1 buscando una parrilla de barbacoa duradera, hermosa y \u00fanica, entonces esta parrilla estufa de le\u00f1a es sin duda una excelente opci\u00f3n.<\/p>","protected":false},"featured_media":2509,"template":"","meta":{"site-sidebar-layout":"default","site-content-layout":"","ast-site-content-layout":"default","site-content-style":"default","site-sidebar-style":"default","ast-global-header-display":"","ast-banner-title-visibility":"","ast-main-header-display":"","ast-hfb-above-header-display":"","ast-hfb-below-header-display":"","ast-hfb-mobile-header-display":"","site-post-title":"","ast-breadcrumbs-content":"","ast-featured-img":"","footer-sml-layout":"","ast-disable-related-posts":"","theme-transparent-header-meta":"default","adv-header-id-meta":"","stick-header-meta":"","header-above-stick-meta":"","header-main-stick-meta":"","header-below-stick-meta":"","astra-migrate-meta-layouts":"set","ast-page-background-enabled":"default","ast-page-background-meta":{"desktop":{"background-color":"var(--ast-global-color-4)","background-image":"","background-repeat":"repeat","background-position":"center center","background-size":"auto","background-attachment":"scroll","background-type":"","background-media":"","overlay-type":"","overlay-color":"","overlay-opacity":"","overlay-gradient":""},"tablet":{"background-color":"","background-image":"","background-repeat":"repeat","background-position":"center center","background-size":"auto","background-attachment":"scroll","background-type":"","background-media":"","overlay-type":"","overlay-color":"","overlay-opacity":"","overlay-gradient":""},"mobile":{"background-color":"","background-image":"","background-repeat":"repeat","background-position":"center center","background-size":"auto","background-attachment":"scroll","background-type":"","background-media":"","overlay-type":"","overlay-color":"","overlay-opacity":"","overlay-gradient":""}},"ast-content-background-meta":{"desktop":{"background-color":"var(--ast-global-color-5)","background-image":"","background-repeat":"repeat","background-position":"center center","background-size":"auto","background-attachment":"scroll","background-type":"","background-media":"","overlay-type":"","overlay-color":"","overlay-opacity":"","overlay-gradient":""},"tablet":{"background-color":"var(--ast-global-color-5)","background-image":"","background-repeat":"repeat","background-position":"center center","background-size":"auto","background-attachment":"scroll","background-type":"","background-media":"","overlay-type":"","overlay-color":"","overlay-opacity":"","overlay-gradient":""},"mobile":{"background-color":"var(--ast-global-color-5)","background-image":"","background-repeat":"repeat","background-position":"center center","background-size":"auto","background-attachment":"scroll","background-type":"","background-media":"","overlay-type":"","overlay-color":"","overlay-opacity":"","overlay-gradient":""}}},"product_brand":[],"product_cat":[25],"product_tag":[],"class_list":{"0":"post-2508","1":"product","2":"type-product","3":"status-publish","4":"has-post-thumbnail","6":"product_cat-bbq-grill","7":"desktop-align-center","8":"tablet-align-left","9":"mobile-align-left","11":"first","12":"instock","13":"shipping-taxable","14":"product-type-simple"},"_links":{"self":[{"href":"https:\/\/jblcorten.com\/es\/wp-json\/wp\/v2\/product\/2508","targetHints":{"allow":["GET"]}}],"collection":[{"href":"https:\/\/jblcorten.com\/es\/wp-json\/wp\/v2\/product"}],"about":[{"href":"https:\/\/jblcorten.com\/es\/wp-json\/wp\/v2\/types\/product"}],"wp:featuredmedia":[{"embeddable":true,"href":"https:\/\/jblcorten.com\/es\/wp-json\/wp\/v2\/media\/2509"}],"wp:attachment":[{"href":"https:\/\/jblcorten.com\/es\/wp-json\/wp\/v2\/media?parent=2508"}],"wp:term":[{"taxonomy":"product_brand","embeddable":true,"href":"https:\/\/jblcorten.com\/es\/wp-json\/wp\/v2\/product_brand?post=2508"},{"taxonomy":"product_cat","embeddable":true,"href":"https:\/\/jblcorten.com\/es\/wp-json\/wp\/v2\/product_cat?post=2508"},{"taxonomy":"product_tag","embeddable":true,"href":"https:\/\/jblcorten.com\/es\/wp-json\/wp\/v2\/product_tag?post=2508"}],"curies":[{"name":"wp","href":"https:\/\/api.w.org\/{rel}","templated":true}]}}