{"id":2489,"date":"2025-03-21T07:00:47","date_gmt":"2025-03-21T07:00:47","guid":{"rendered":"https:\/\/jblcorten.com\/?post_type=product&#038;p=2489"},"modified":"2025-03-21T07:03:23","modified_gmt":"2025-03-21T07:03:23","slug":"barbacoa-con-mesa","status":"publish","type":"product","link":"https:\/\/jblcorten.com\/es\/bbq-grill-with-table\/","title":{"rendered":"Barbacoa Con Mesa"},"content":{"rendered":"<p>La barbacoa es una de las actividades favoritas al aire libre, y el dise\u00f1o de la parrilla afecta directamente a la experiencia del usuario. Las parrillas de barbacoa tradicionales son en su mayor\u00eda estructuras de una sola parrilla, y se requieren mesas adicionales para colocar ingredientes, herramientas y condimentos durante su uso. La barbacoa con mesa resuelve perfectamente este problema. Integra el horno y la plataforma operativa, haciendo que el proceso de la barbacoa sea m\u00e1s c\u00f3modo y eficiente.<\/p>\n<p><strong><span style=\"font-size: 14pt;\">Especificaci\u00f3n del producto:<\/span><\/strong><\/p>\n<table style=\"width: 100%;\">\n<tbody>\n<tr style=\"background-color: #d3d3d3;\">\n<td style=\"width: 31.4136%;\" width=\"112\">Nombre del producto<\/td>\n<td style=\"width: 68.5116%;\" width=\"251\">Barbacoa Con Mesa<\/td>\n<\/tr>\n<tr>\n<td style=\"width: 31.4136%;\" width=\"112\">Material<\/td>\n<td style=\"width: 68.5116%;\" width=\"251\">Acero al carbono, acero corten, etc.<\/td>\n<\/tr>\n<tr>\n<td style=\"width: 31.4136%;\" width=\"112\">Acabado<\/td>\n<td style=\"width: 68.5116%;\" width=\"251\">Oxidado, con recubrimiento en polvo, Natural<\/td>\n<\/tr>\n<tr>\n<td style=\"width: 31.4136%;\" width=\"112\">Talla normal<\/td>\n<td style=\"width: 68.5116%;\" width=\"251\">165cm(D)*100cm(H)<\/td>\n<\/tr>\n<tr>\n<td style=\"width: 31.4136%;\" width=\"112\">Aplicaci\u00f3n<\/td>\n<td style=\"width: 68.5116%;\" width=\"251\">Calefacci\u00f3n y decoraci\u00f3n de exteriores<\/td>\n<\/tr>\n<tr>\n<td style=\"width: 31.4136%;\" width=\"112\">Accesorios<\/td>\n<td style=\"width: 68.5116%;\" width=\"251\">Esp\u00e1tulas, asas, tapa, rejilla central y parrilla<\/td>\n<\/tr>\n<tr>\n<td style=\"width: 31.4136%;\" width=\"112\">Paquete<\/td>\n<td style=\"width: 68.5116%;\" width=\"251\">Caja de madera<\/td>\n<\/tr>\n<\/tbody>\n<\/table>\n<p><strong><span style=\"font-size: 14pt;\">Barbacoa con mesa VS. Barbacoa normal<\/span><\/strong><\/p>\n<p>La mayor diferencia entre una barbacoa con mesa y una barbacoa normal es la encimera. La encimera de esta barbacoa est\u00e1 situada en el lado derecho de la barbacoa, proporcionando suficiente espacio para los utensilios de cocina, ingredientes y condimentos. Adem\u00e1s, esta barbacoa tambi\u00e9n est\u00e1 equipada con un armario, donde se puede guardar la le\u00f1a.<\/p>\n<p><img fetchpriority=\"high\" decoding=\"async\" class=\"alignnone wp-image-2490 size-full\" src=\"https:\/\/jblcorten.com\/wp-content\/uploads\/2025\/03\/BBQ-grill-with-table.jpg\" alt=\"Barbacoa con mesa\" width=\"750\" height=\"400\" title=\"\" srcset=\"https:\/\/jblcorten.com\/wp-content\/uploads\/2025\/03\/BBQ-grill-with-table.jpg 750w, https:\/\/jblcorten.com\/wp-content\/uploads\/2025\/03\/BBQ-grill-with-table-600x320.jpg 600w, https:\/\/jblcorten.com\/wp-content\/uploads\/2025\/03\/BBQ-grill-with-table-300x160.jpg 300w, https:\/\/jblcorten.com\/wp-content\/uploads\/2025\/03\/BBQ-grill-with-table-18x10.jpg 18w\" sizes=\"(max-width: 750px) 100vw, 750px\" \/><\/p>\n<p><strong><span style=\"font-size: 14pt;\">Ventajas de la barbacoa con mesa:<\/span><\/strong><\/p>\n<p>En comparaci\u00f3n con las barbacoas tradicionales, las barbacoas con mesa tienen muchas ventajas, que hacen que la experiencia de la barbacoa sea m\u00e1s f\u00e1cil y agradable.<\/p>\n<ul>\n<li>Mejora la eficiencia operativa: El escritorio se puede utilizar para colocar varios ingredientes, condimentos y herramientas, reduciendo el tiempo de caminar de un lado a otro y mejorando la eficiencia de cocci\u00f3n.<\/li>\n<li>Aumente la seguridad: Evite colocar los ingredientes y las herramientas al azar para reducir el riesgo de colisiones accidentales, quemaduras, etc.<\/li>\n<li>Mejora la comodidad: No hay necesidad de comprar o construir mesas adicionales, proporcionando una experiencia de barbacoa completa.<\/li>\n<li>Almacenamiento pr\u00e1ctico: La parrilla de la barbacoa tiene espacio de almacenamiento, que puede almacenar botellas de condimentos, carb\u00f3n y otros suministros, haciendo que el sitio de la barbacoa sea m\u00e1s ordenado.<\/li>\n<\/ul>\n<p><strong><span style=\"font-size: 14pt;\">Embalaje del producto:<\/span><\/strong><\/p>\n<p><img decoding=\"async\" class=\"alignnone size-full wp-image-2491\" src=\"https:\/\/jblcorten.com\/wp-content\/uploads\/2025\/03\/outdoor-grill-table-with-storage.jpg\" alt=\"\" width=\"750\" height=\"400\" title=\"\" srcset=\"https:\/\/jblcorten.com\/wp-content\/uploads\/2025\/03\/outdoor-grill-table-with-storage.jpg 750w, https:\/\/jblcorten.com\/wp-content\/uploads\/2025\/03\/outdoor-grill-table-with-storage-600x320.jpg 600w, https:\/\/jblcorten.com\/wp-content\/uploads\/2025\/03\/outdoor-grill-table-with-storage-300x160.jpg 300w, https:\/\/jblcorten.com\/wp-content\/uploads\/2025\/03\/outdoor-grill-table-with-storage-18x10.jpg 18w\" sizes=\"(max-width: 750px) 100vw, 750px\" \/><\/p>","protected":false},"excerpt":{"rendered":"<p>La mayor diferencia entre una barbacoa con mesa y una barbacoa normal es la encimera. La encimera de esta barbacoa est\u00e1 situada en el lado derecho de la barbacoa, proporcionando suficiente espacio para los utensilios de cocina, ingredientes y condimentos. Adem\u00e1s, esta barbacoa tambi\u00e9n est\u00e1 equipada con un armario, donde se puede guardar la le\u00f1a.<\/p>","protected":false},"featured_media":2493,"template":"","meta":{"site-sidebar-layout":"default","site-content-layout":"","ast-site-content-layout":"default","site-content-style":"default","site-sidebar-style":"default","ast-global-header-display":"","ast-banner-title-visibility":"","ast-main-header-display":"","ast-hfb-above-header-display":"","ast-hfb-below-header-display":"","ast-hfb-mobile-header-display":"","site-post-title":"","ast-breadcrumbs-content":"","ast-featured-img":"","footer-sml-layout":"","ast-disable-related-posts":"","theme-transparent-header-meta":"default","adv-header-id-meta":"","stick-header-meta":"","header-above-stick-meta":"","header-main-stick-meta":"","header-below-stick-meta":"","astra-migrate-meta-layouts":"set","ast-page-background-enabled":"default","ast-page-background-meta":{"desktop":{"background-color":"var(--ast-global-color-4)","background-image":"","background-repeat":"repeat","background-position":"center center","background-size":"auto","background-attachment":"scroll","background-type":"","background-media":"","overlay-type":"","overlay-color":"","overlay-opacity":"","overlay-gradient":""},"tablet":{"background-color":"","background-image":"","background-repeat":"repeat","background-position":"center center","background-size":"auto","background-attachment":"scroll","background-type":"","background-media":"","overlay-type":"","overlay-color":"","overlay-opacity":"","overlay-gradient":""},"mobile":{"background-color":"","background-image":"","background-repeat":"repeat","background-position":"center center","background-size":"auto","background-attachment":"scroll","background-type":"","background-media":"","overlay-type":"","overlay-color":"","overlay-opacity":"","overlay-gradient":""}},"ast-content-background-meta":{"desktop":{"background-color":"var(--ast-global-color-5)","background-image":"","background-repeat":"repeat","background-position":"center center","background-size":"auto","background-attachment":"scroll","background-type":"","background-media":"","overlay-type":"","overlay-color":"","overlay-opacity":"","overlay-gradient":""},"tablet":{"background-color":"var(--ast-global-color-5)","background-image":"","background-repeat":"repeat","background-position":"center center","background-size":"auto","background-attachment":"scroll","background-type":"","background-media":"","overlay-type":"","overlay-color":"","overlay-opacity":"","overlay-gradient":""},"mobile":{"background-color":"var(--ast-global-color-5)","background-image":"","background-repeat":"repeat","background-position":"center center","background-size":"auto","background-attachment":"scroll","background-type":"","background-media":"","overlay-type":"","overlay-color":"","overlay-opacity":"","overlay-gradient":""}}},"product_brand":[],"product_cat":[25],"product_tag":[],"class_list":{"0":"post-2489","1":"product","2":"type-product","3":"status-publish","4":"has-post-thumbnail","6":"product_cat-bbq-grill","7":"desktop-align-center","8":"tablet-align-left","9":"mobile-align-left","11":"first","12":"instock","13":"shipping-taxable","14":"product-type-simple"},"_links":{"self":[{"href":"https:\/\/jblcorten.com\/es\/wp-json\/wp\/v2\/product\/2489","targetHints":{"allow":["GET"]}}],"collection":[{"href":"https:\/\/jblcorten.com\/es\/wp-json\/wp\/v2\/product"}],"about":[{"href":"https:\/\/jblcorten.com\/es\/wp-json\/wp\/v2\/types\/product"}],"wp:featuredmedia":[{"embeddable":true,"href":"https:\/\/jblcorten.com\/es\/wp-json\/wp\/v2\/media\/2493"}],"wp:attachment":[{"href":"https:\/\/jblcorten.com\/es\/wp-json\/wp\/v2\/media?parent=2489"}],"wp:term":[{"taxonomy":"product_brand","embeddable":true,"href":"https:\/\/jblcorten.com\/es\/wp-json\/wp\/v2\/product_brand?post=2489"},{"taxonomy":"product_cat","embeddable":true,"href":"https:\/\/jblcorten.com\/es\/wp-json\/wp\/v2\/product_cat?post=2489"},{"taxonomy":"product_tag","embeddable":true,"href":"https:\/\/jblcorten.com\/es\/wp-json\/wp\/v2\/product_tag?post=2489"}],"curies":[{"name":"wp","href":"https:\/\/api.w.org\/{rel}","templated":true}]}}