{"id":2392,"date":"2025-03-20T07:03:18","date_gmt":"2025-03-20T07:03:18","guid":{"rendered":"https:\/\/jblcorten.com\/?post_type=product&#038;p=2392"},"modified":"2025-03-20T07:03:18","modified_gmt":"2025-03-20T07:03:18","slug":"barbacoa-de-lena","status":"publish","type":"product","link":"https:\/\/jblcorten.com\/es\/wood-burning-bbq-grill\/","title":{"rendered":"Barbacoa de le\u00f1a"},"content":{"rendered":"<p><span style=\"font-size: 14pt;\"><strong>Barbacoa de le\u00f1a<\/strong><\/span><\/p>\n<p>El cuerpo de la barbacoa de le\u00f1a est\u00e1 hecho de acero corten de alta calidad, que es duradero, pr\u00e1ctico y hermoso, y puede a\u00f1adir diversi\u00f3n infinita a su experiencia de cocinar al aire libre.<\/p>\n<p>El acero corten, tambi\u00e9n conocido como acero resistente a la intemperie, tiene una excelente resistencia a la corrosi\u00f3n y a la intemperie, especialmente adecuada para su uso en exteriores. Con el tiempo, se formar\u00e1 de forma natural una capa de \u00f3xido \u00fanica en la superficie del acero, que no solo confiere a la parrilla una textura est\u00e9tica industrial \u00fanica, sino que tambi\u00e9n mejora a\u00fan m\u00e1s su capacidad para resistir el viento y la lluvia.<\/p>\n<p>Esta barbacoa de le\u00f1a est\u00e1 dise\u00f1ada pensando en los usuarios, centr\u00e1ndose en la practicidad y la moda. Su robusta estructura puede soportar altas temperaturas y una exposici\u00f3n prolongada al aire libre, por lo que es adecuada para su uso durante todo el a\u00f1o. La parrilla est\u00e1 equipada con una amplia zona de cocci\u00f3n que puede satisfacer f\u00e1cilmente las necesidades culinarias de grandes reuniones. La placa de la parrilla es de acero al carbono, que puede calentar r\u00e1pidamente los alimentos y hacer que se calienten uniformemente, ya sea un filete r\u00e1pido a la parrilla o verduras a la plancha, se puede lograr f\u00e1cilmente. El dise\u00f1o especial de la c\u00e1mara de combusti\u00f3n de le\u00f1a garantiza que los alimentos puedan absorber completamente el aroma de la combusti\u00f3n natural de la le\u00f1a, aportando una experiencia de sabor completamente diferente a la de la parrilla de gas o carb\u00f3n.<\/p>\n<p>Elegir una barbacoa de le\u00f1a no es s\u00f3lo a\u00f1adir una herramienta a su cocina exterior, sino tambi\u00e9n crear un centro de cocina lleno de ritual para sus reuniones familiares y cenas de amigos. Le aportar\u00e1 una experiencia culinaria al aire libre sin igual y har\u00e1 de cada barbacoa un recuerdo inolvidable.<\/p>\n<p><span style=\"font-size: 14pt;\"><strong>Especificaci\u00f3n del producto:<\/strong><\/span><\/p>\n<table style=\"border-collapse: collapse; width: 100%;\">\n<tbody>\n<tr>\n<td style=\"width: 28.2349%;\">Nombre del producto<\/td>\n<td style=\"width: 71.7651%;\">Barbacoa de le\u00f1a<\/td>\n<\/tr>\n<tr>\n<td style=\"width: 28.2349%;\">Material<\/td>\n<td style=\"width: 71.7651%;\">Acero corten, acero al carbono<\/td>\n<\/tr>\n<tr>\n<td style=\"width: 28.2349%;\">Acabado<\/td>\n<td style=\"width: 71.7651%;\">Oxidado, Recubierto de polvo, Natural<\/td>\n<\/tr>\n<tr>\n<td style=\"width: 28.2349%;\">Talla normal<\/td>\n<td style=\"width: 71.7651%;\">100(P)*90 (ALTO)<\/td>\n<\/tr>\n<tr>\n<td style=\"width: 28.2349%;\">Espesor<\/td>\n<td style=\"width: 71.7651%;\">3-20 mm<\/td>\n<\/tr>\n<tr>\n<td style=\"width: 28.2349%;\">Accesorios<\/td>\n<td style=\"width: 71.7651%;\">Esp\u00e1tulas, Asas, Tapa, Parrilla central y parrilla<\/td>\n<\/tr>\n<tr>\n<td style=\"width: 28.2349%;\">Paquete<\/td>\n<td style=\"width: 71.7651%;\">Caja de madera<\/td>\n<\/tr>\n<\/tbody>\n<\/table>\n<p><strong><span style=\"font-size: 14pt;\">Accesorios del producto:<\/span><\/strong><\/p>\n<p><img fetchpriority=\"high\" decoding=\"async\" class=\"alignnone wp-image-2402 size-full\" src=\"https:\/\/jblcorten.com\/wp-content\/uploads\/2025\/03\/wood-burning-bbq-Grill-for-sale.jpg\" alt=\"\" width=\"750\" height=\"387\" title=\"\" srcset=\"https:\/\/jblcorten.com\/wp-content\/uploads\/2025\/03\/wood-burning-bbq-Grill-for-sale.jpg 750w, https:\/\/jblcorten.com\/wp-content\/uploads\/2025\/03\/wood-burning-bbq-Grill-for-sale-600x310.jpg 600w, https:\/\/jblcorten.com\/wp-content\/uploads\/2025\/03\/wood-burning-bbq-Grill-for-sale-300x155.jpg 300w, https:\/\/jblcorten.com\/wp-content\/uploads\/2025\/03\/wood-burning-bbq-Grill-for-sale-18x9.jpg 18w\" sizes=\"(max-width: 750px) 100vw, 750px\" \/><\/p>\n<p><strong><span style=\"font-size: 14pt;\">Detalles del producto:<\/span><\/strong><\/p>\n<p>Esta barbacoa de le\u00f1a cuenta con una parrilla desmontable y apoyable.<\/p>\n<p><img decoding=\"async\" class=\"alignnone wp-image-2403 size-full\" src=\"https:\/\/jblcorten.com\/wp-content\/uploads\/2025\/03\/backyard-grill-bbq.jpg\" alt=\"\" width=\"750\" height=\"497\" title=\"\" srcset=\"https:\/\/jblcorten.com\/wp-content\/uploads\/2025\/03\/backyard-grill-bbq.jpg 750w, https:\/\/jblcorten.com\/wp-content\/uploads\/2025\/03\/backyard-grill-bbq-600x398.jpg 600w, https:\/\/jblcorten.com\/wp-content\/uploads\/2025\/03\/backyard-grill-bbq-300x199.jpg 300w, https:\/\/jblcorten.com\/wp-content\/uploads\/2025\/03\/backyard-grill-bbq-18x12.jpg 18w\" sizes=\"(max-width: 750px) 100vw, 750px\" \/><\/p>\n<p>Esta barbacoa est\u00e1 disponible en colores y tama\u00f1os personalizados.<\/p>\n<p><img decoding=\"async\" class=\"alignnone wp-image-2404\" src=\"https:\/\/jblcorten.com\/wp-content\/uploads\/2025\/03\/camping-bbq-grill.jpg\" alt=\"\" width=\"750\" height=\"394\" title=\"\" srcset=\"https:\/\/jblcorten.com\/wp-content\/uploads\/2025\/03\/camping-bbq-grill.jpg 800w, https:\/\/jblcorten.com\/wp-content\/uploads\/2025\/03\/camping-bbq-grill-600x315.jpg 600w, https:\/\/jblcorten.com\/wp-content\/uploads\/2025\/03\/camping-bbq-grill-300x158.jpg 300w, https:\/\/jblcorten.com\/wp-content\/uploads\/2025\/03\/camping-bbq-grill-768x403.jpg 768w, https:\/\/jblcorten.com\/wp-content\/uploads\/2025\/03\/camping-bbq-grill-18x9.jpg 18w\" sizes=\"(max-width: 750px) 100vw, 750px\" \/><\/p>\n<p><strong><span style=\"font-size: 14pt;\">Embalaje del producto:<\/span><\/strong><\/p>\n<p><img loading=\"lazy\" decoding=\"async\" class=\"alignnone wp-image-2405 size-full\" src=\"https:\/\/jblcorten.com\/wp-content\/uploads\/2025\/03\/bbq-grills.jpg\" alt=\"\" width=\"750\" height=\"744\" title=\"\" srcset=\"https:\/\/jblcorten.com\/wp-content\/uploads\/2025\/03\/bbq-grills.jpg 750w, https:\/\/jblcorten.com\/wp-content\/uploads\/2025\/03\/bbq-grills-100x100.jpg 100w, https:\/\/jblcorten.com\/wp-content\/uploads\/2025\/03\/bbq-grills-600x595.jpg 600w, https:\/\/jblcorten.com\/wp-content\/uploads\/2025\/03\/bbq-grills-300x298.jpg 300w, https:\/\/jblcorten.com\/wp-content\/uploads\/2025\/03\/bbq-grills-150x150.jpg 150w, https:\/\/jblcorten.com\/wp-content\/uploads\/2025\/03\/bbq-grills-12x12.jpg 12w\" sizes=\"(max-width: 750px) 100vw, 750px\" \/><\/p>\n<p>&nbsp;<\/p>","protected":false},"excerpt":{"rendered":"<p>El cuerpo de la barbacoa de le\u00f1a est\u00e1 hecho de acero corten de alta calidad, que es duradero, pr\u00e1ctico y hermoso, y puede a\u00f1adir diversi\u00f3n infinita a su experiencia de cocinar al aire libre.<\/p>","protected":false},"featured_media":2407,"template":"","meta":{"site-sidebar-layout":"default","site-content-layout":"","ast-site-content-layout":"default","site-content-style":"default","site-sidebar-style":"default","ast-global-header-display":"","ast-banner-title-visibility":"","ast-main-header-display":"","ast-hfb-above-header-display":"","ast-hfb-below-header-display":"","ast-hfb-mobile-header-display":"","site-post-title":"","ast-breadcrumbs-content":"","ast-featured-img":"","footer-sml-layout":"","ast-disable-related-posts":"","theme-transparent-header-meta":"default","adv-header-id-meta":"","stick-header-meta":"","header-above-stick-meta":"","header-main-stick-meta":"","header-below-stick-meta":"","astra-migrate-meta-layouts":"set","ast-page-background-enabled":"default","ast-page-background-meta":{"desktop":{"background-color":"var(--ast-global-color-4)","background-image":"","background-repeat":"repeat","background-position":"center center","background-size":"auto","background-attachment":"scroll","background-type":"","background-media":"","overlay-type":"","overlay-color":"","overlay-opacity":"","overlay-gradient":""},"tablet":{"background-color":"","background-image":"","background-repeat":"repeat","background-position":"center center","background-size":"auto","background-attachment":"scroll","background-type":"","background-media":"","overlay-type":"","overlay-color":"","overlay-opacity":"","overlay-gradient":""},"mobile":{"background-color":"","background-image":"","background-repeat":"repeat","background-position":"center center","background-size":"auto","background-attachment":"scroll","background-type":"","background-media":"","overlay-type":"","overlay-color":"","overlay-opacity":"","overlay-gradient":""}},"ast-content-background-meta":{"desktop":{"background-color":"var(--ast-global-color-5)","background-image":"","background-repeat":"repeat","background-position":"center center","background-size":"auto","background-attachment":"scroll","background-type":"","background-media":"","overlay-type":"","overlay-color":"","overlay-opacity":"","overlay-gradient":""},"tablet":{"background-color":"var(--ast-global-color-5)","background-image":"","background-repeat":"repeat","background-position":"center center","background-size":"auto","background-attachment":"scroll","background-type":"","background-media":"","overlay-type":"","overlay-color":"","overlay-opacity":"","overlay-gradient":""},"mobile":{"background-color":"var(--ast-global-color-5)","background-image":"","background-repeat":"repeat","background-position":"center center","background-size":"auto","background-attachment":"scroll","background-type":"","background-media":"","overlay-type":"","overlay-color":"","overlay-opacity":"","overlay-gradient":""}}},"product_brand":[],"product_cat":[25],"product_tag":[],"class_list":{"0":"post-2392","1":"product","2":"type-product","3":"status-publish","4":"has-post-thumbnail","6":"product_cat-bbq-grill","7":"desktop-align-center","8":"tablet-align-left","9":"mobile-align-left","11":"first","12":"instock","13":"shipping-taxable","14":"product-type-simple"},"_links":{"self":[{"href":"https:\/\/jblcorten.com\/es\/wp-json\/wp\/v2\/product\/2392","targetHints":{"allow":["GET"]}}],"collection":[{"href":"https:\/\/jblcorten.com\/es\/wp-json\/wp\/v2\/product"}],"about":[{"href":"https:\/\/jblcorten.com\/es\/wp-json\/wp\/v2\/types\/product"}],"wp:featuredmedia":[{"embeddable":true,"href":"https:\/\/jblcorten.com\/es\/wp-json\/wp\/v2\/media\/2407"}],"wp:attachment":[{"href":"https:\/\/jblcorten.com\/es\/wp-json\/wp\/v2\/media?parent=2392"}],"wp:term":[{"taxonomy":"product_brand","embeddable":true,"href":"https:\/\/jblcorten.com\/es\/wp-json\/wp\/v2\/product_brand?post=2392"},{"taxonomy":"product_cat","embeddable":true,"href":"https:\/\/jblcorten.com\/es\/wp-json\/wp\/v2\/product_cat?post=2392"},{"taxonomy":"product_tag","embeddable":true,"href":"https:\/\/jblcorten.com\/es\/wp-json\/wp\/v2\/product_tag?post=2392"}],"curies":[{"name":"wp","href":"https:\/\/api.w.org\/{rel}","templated":true}]}}