{"id":2288,"date":"2025-02-21T09:17:42","date_gmt":"2025-02-21T09:17:42","guid":{"rendered":"https:\/\/jblcorten.com\/?post_type=product&#038;p=2288"},"modified":"2025-02-21T09:21:13","modified_gmt":"2025-02-21T09:21:13","slug":"jardineras-redondas-de-acero-corten","status":"publish","type":"product","link":"https:\/\/jblcorten.com\/es\/round-corten-steel-planters\/","title":{"rendered":"Jardineras redondas de acero corten"},"content":{"rendered":"<p><strong>Jardineras redondas de acero corten<\/strong><\/p>\n<p>La jardinera redonda de acero corten es un contenedor para el cultivo de \u00e1rboles, arbustos, flores y otras plantas fabricado en acero corten. En lugar de la forma redonda tradicional, esta jardinera tiene una forma \u00fanica que es m\u00e1s ancha en la parte superior y m\u00e1s estrecha en la parte inferior.<\/p>\n<p>El material utilizado para fabricar la jardinera se eligi\u00f3 por sus caracter\u00edsticas. El acero corten es un acero de alta resistencia y baja aleaci\u00f3n que forma una capa protectora de \u00f3xido con el paso del tiempo, lo que evita la corrosi\u00f3n posterior. Este material es ideal para uso en exteriores y puede soportar condiciones clim\u00e1ticas adversas manteniendo la integridad estructural y la est\u00e9tica.<\/p>\n<p><strong>Especificaci\u00f3n del producto:<\/strong><\/p>\n<table>\n<tbody>\n<tr>\n<td width=\"276\">nombre del producto<\/td>\n<td>Jardineras redondas de acero corten<\/td>\n<\/tr>\n<tr>\n<td width=\"276\">Material<\/td>\n<td>Acero corten\/ Acero para intemperie<\/td>\n<\/tr>\n<tr>\n<td width=\"276\">color<\/td>\n<td>Oxidado o pintado<\/td>\n<\/tr>\n<tr>\n<td width=\"276\">Tama\u00f1o (cm)<\/td>\n<td>P 80 * A 60 o a medida<\/td>\n<\/tr>\n<tr>\n<td width=\"276\">Espesor<\/td>\n<td>3 mm<\/td>\n<\/tr>\n<tr>\n<td width=\"276\">Peso<\/td>\n<td>30 kg<\/td>\n<\/tr>\n<tr>\n<td width=\"276\">Paquete<\/td>\n<td>Interior : Papel de espuma antidesgaste, Exterior : Caja de cart\u00f3n<\/td>\n<\/tr>\n<\/tbody>\n<\/table>\n<p><strong>\u00bfQu\u00e9 es el acero corten?<\/strong><\/p>\n<p>El acero corten, tambi\u00e9n conocido como acero resistente a la corrosi\u00f3n atmosf\u00e9rica, es un acero de aleaci\u00f3n especial. Puede formar una capa de \u00f3xido densa y estable en el entorno natural. Esta capa de \u00f3xido no s\u00f3lo no corroer\u00e1 m\u00e1s el acero interno, sino que tambi\u00e9n desempe\u00f1ar\u00e1 una funci\u00f3n protectora, prolongando en gran medida la vida \u00fatil de la maceta. En comparaci\u00f3n con el acero ordinario, el acero resistente a la intemperie no requiere revestimiento anticorrosi\u00f3n adicional ni mantenimiento, y puede adaptarse naturalmente a diversas condiciones clim\u00e1ticas, ya sea una estaci\u00f3n lluviosa h\u00fameda o un verano seco, puede mantener su textura y rendimiento \u00fanicos.<\/p>\n<p><img fetchpriority=\"high\" decoding=\"async\" class=\"alignnone wp-image-2271\" src=\"https:\/\/jblcorten.com\/wp-content\/uploads\/2025\/02\/corten-steel-material.jpg\" alt=\"\" width=\"700\" height=\"280\" title=\"\" srcset=\"https:\/\/jblcorten.com\/wp-content\/uploads\/2025\/02\/corten-steel-material.jpg 750w, https:\/\/jblcorten.com\/wp-content\/uploads\/2025\/02\/corten-steel-material-600x240.jpg 600w, https:\/\/jblcorten.com\/wp-content\/uploads\/2025\/02\/corten-steel-material-300x120.jpg 300w, https:\/\/jblcorten.com\/wp-content\/uploads\/2025\/02\/corten-steel-material-18x7.jpg 18w\" sizes=\"(max-width: 700px) 100vw, 700px\" \/><\/p>\n<p><span style=\"color: #ff0000;\">\u00a0 \u00a0 \u00a0 \u00a0 \u00a0 \u00a0 \u00a0 \u00a0 \u00a0 \u00a0 \u00a0 Acero dulce Vs. Acero corten Vs. Acero pintado<\/span><\/p>\n<p><strong>Expositor de productos:<\/strong><\/p>\n<p><img decoding=\"async\" class=\"alignnone wp-image-2293\" src=\"https:\/\/jblcorten.com\/wp-content\/uploads\/2025\/02\/cor-ten-steel-planter.png\" alt=\"\" width=\"348\" height=\"348\" title=\"\" srcset=\"https:\/\/jblcorten.com\/wp-content\/uploads\/2025\/02\/cor-ten-steel-planter.png 580w, https:\/\/jblcorten.com\/wp-content\/uploads\/2025\/02\/cor-ten-steel-planter-100x100.png 100w, https:\/\/jblcorten.com\/wp-content\/uploads\/2025\/02\/cor-ten-steel-planter-300x300.png 300w, https:\/\/jblcorten.com\/wp-content\/uploads\/2025\/02\/cor-ten-steel-planter-150x150.png 150w, https:\/\/jblcorten.com\/wp-content\/uploads\/2025\/02\/cor-ten-steel-planter-12x12.png 12w\" sizes=\"(max-width: 348px) 100vw, 348px\" \/> <img decoding=\"async\" class=\"alignnone wp-image-2294\" src=\"https:\/\/jblcorten.com\/wp-content\/uploads\/2025\/02\/corten-garden-planters-300x300.png\" alt=\"\" width=\"348\" height=\"348\" title=\"\" srcset=\"https:\/\/jblcorten.com\/wp-content\/uploads\/2025\/02\/corten-garden-planters-300x300.png 300w, https:\/\/jblcorten.com\/wp-content\/uploads\/2025\/02\/corten-garden-planters-100x100.png 100w, https:\/\/jblcorten.com\/wp-content\/uploads\/2025\/02\/corten-garden-planters-150x150.png 150w, https:\/\/jblcorten.com\/wp-content\/uploads\/2025\/02\/corten-garden-planters-12x12.png 12w, https:\/\/jblcorten.com\/wp-content\/uploads\/2025\/02\/corten-garden-planters.png 580w\" sizes=\"(max-width: 348px) 100vw, 348px\" \/><\/p>\n<p><img loading=\"lazy\" decoding=\"async\" class=\"alignnone wp-image-2295\" src=\"https:\/\/jblcorten.com\/wp-content\/uploads\/2025\/02\/circular-corten-steel-planters.jpg\" alt=\"\" width=\"700\" height=\"525\" title=\"\" srcset=\"https:\/\/jblcorten.com\/wp-content\/uploads\/2025\/02\/circular-corten-steel-planters.jpg 750w, https:\/\/jblcorten.com\/wp-content\/uploads\/2025\/02\/circular-corten-steel-planters-600x450.jpg 600w, https:\/\/jblcorten.com\/wp-content\/uploads\/2025\/02\/circular-corten-steel-planters-300x225.jpg 300w, https:\/\/jblcorten.com\/wp-content\/uploads\/2025\/02\/circular-corten-steel-planters-16x12.jpg 16w\" sizes=\"(max-width: 700px) 100vw, 700px\" \/><\/p>\n<p><img loading=\"lazy\" decoding=\"async\" class=\"alignnone wp-image-2297\" src=\"https:\/\/jblcorten.com\/wp-content\/uploads\/2025\/02\/round-corten-steel-planters.jpg\" alt=\"\" width=\"700\" height=\"525\" title=\"\" srcset=\"https:\/\/jblcorten.com\/wp-content\/uploads\/2025\/02\/round-corten-steel-planters.jpg 750w, https:\/\/jblcorten.com\/wp-content\/uploads\/2025\/02\/round-corten-steel-planters-600x450.jpg 600w, https:\/\/jblcorten.com\/wp-content\/uploads\/2025\/02\/round-corten-steel-planters-300x225.jpg 300w, https:\/\/jblcorten.com\/wp-content\/uploads\/2025\/02\/round-corten-steel-planters-16x12.jpg 16w\" sizes=\"(max-width: 700px) 100vw, 700px\" \/><\/p>\n<p><strong>PREGUNTAS FRECUENTES:<\/strong><\/p>\n<p><span style=\"color: #ff6600;\"><em><strong>1.\u00bfLlegar\u00e1n oxidadas mis macetas?<\/strong><\/em><\/span><\/p>\n<p>Depende del cliente. Podemos oxidar o pintar seg\u00fan los requisitos del cliente.<\/p>\n<p><span style=\"color: #ff6600;\"><em><strong>2.\u00bfCu\u00e1nto tardar\u00e1 la jardinera en oxidarse?<\/strong><\/em><\/span><\/p>\n<p>Depende del tiempo, pero el proceso natural puede durar entre 3 y 12 meses.<\/p>\n<p><span style=\"color: #ff6600;\"><em><strong>3. \u00bfLas macetas tienen orificios de drenaje?<\/strong><\/em><\/span><\/p>\n<p>S\u00ed, todas las jardineras tienen una cantidad m\u00ednima de orificios de drenaje, lo que permite a nuestros clientes perforar m\u00e1s si es necesario.<\/p>\n<p><span style=\"color: #ff6600;\"><em><strong>4.\u00bfFabrican macetas a medida?<\/strong><\/em><\/span><\/p>\n<p>Por supuesto. D\u00edganos qu\u00e9 tama\u00f1o necesita y le enviaremos un presupuesto.<\/p>\n<p><strong><em><span style=\"color: #ff6600;\">5.\u00bfPueden hacer nuestro dise\u00f1o?<\/span><\/em><\/strong><\/p>\n<p>S\u00ed, podemos producir su dise\u00f1o personalizado. Solo tiene que mostrarnos sus dibujos\/ideas\/fotos.<\/p>","protected":false},"excerpt":{"rendered":"<p>Las jardineras redondas de acero corten son contenedores para el cultivo de \u00e1rboles, arbustos, flores y otras plantas fabricados en acero corten. En lugar de la forma redonda tradicional, esta jardinera tiene una forma \u00fanica que es m\u00e1s ancha en la parte superior y m\u00e1s estrecha en la parte inferior.<\/p>","protected":false},"featured_media":2298,"template":"","meta":{"site-sidebar-layout":"default","site-content-layout":"","ast-site-content-layout":"default","site-content-style":"default","site-sidebar-style":"default","ast-global-header-display":"","ast-banner-title-visibility":"","ast-main-header-display":"","ast-hfb-above-header-display":"","ast-hfb-below-header-display":"","ast-hfb-mobile-header-display":"","site-post-title":"","ast-breadcrumbs-content":"","ast-featured-img":"","footer-sml-layout":"","ast-disable-related-posts":"","theme-transparent-header-meta":"default","adv-header-id-meta":"","stick-header-meta":"","header-above-stick-meta":"","header-main-stick-meta":"","header-below-stick-meta":"","astra-migrate-meta-layouts":"set","ast-page-background-enabled":"default","ast-page-background-meta":{"desktop":{"background-color":"var(--ast-global-color-4)","background-image":"","background-repeat":"repeat","background-position":"center center","background-size":"auto","background-attachment":"scroll","background-type":"","background-media":"","overlay-type":"","overlay-color":"","overlay-opacity":"","overlay-gradient":""},"tablet":{"background-color":"","background-image":"","background-repeat":"repeat","background-position":"center center","background-size":"auto","background-attachment":"scroll","background-type":"","background-media":"","overlay-type":"","overlay-color":"","overlay-opacity":"","overlay-gradient":""},"mobile":{"background-color":"","background-image":"","background-repeat":"repeat","background-position":"center center","background-size":"auto","background-attachment":"scroll","background-type":"","background-media":"","overlay-type":"","overlay-color":"","overlay-opacity":"","overlay-gradient":""}},"ast-content-background-meta":{"desktop":{"background-color":"var(--ast-global-color-5)","background-image":"","background-repeat":"repeat","background-position":"center center","background-size":"auto","background-attachment":"scroll","background-type":"","background-media":"","overlay-type":"","overlay-color":"","overlay-opacity":"","overlay-gradient":""},"tablet":{"background-color":"var(--ast-global-color-5)","background-image":"","background-repeat":"repeat","background-position":"center center","background-size":"auto","background-attachment":"scroll","background-type":"","background-media":"","overlay-type":"","overlay-color":"","overlay-opacity":"","overlay-gradient":""},"mobile":{"background-color":"var(--ast-global-color-5)","background-image":"","background-repeat":"repeat","background-position":"center center","background-size":"auto","background-attachment":"scroll","background-type":"","background-media":"","overlay-type":"","overlay-color":"","overlay-opacity":"","overlay-gradient":""}}},"product_brand":[],"product_cat":[34],"product_tag":[],"class_list":{"0":"post-2288","1":"product","2":"type-product","3":"status-publish","4":"has-post-thumbnail","6":"product_cat-planter-pots","7":"desktop-align-center","8":"tablet-align-left","9":"mobile-align-left","11":"first","12":"instock","13":"shipping-taxable","14":"product-type-simple"},"_links":{"self":[{"href":"https:\/\/jblcorten.com\/es\/wp-json\/wp\/v2\/product\/2288","targetHints":{"allow":["GET"]}}],"collection":[{"href":"https:\/\/jblcorten.com\/es\/wp-json\/wp\/v2\/product"}],"about":[{"href":"https:\/\/jblcorten.com\/es\/wp-json\/wp\/v2\/types\/product"}],"wp:featuredmedia":[{"embeddable":true,"href":"https:\/\/jblcorten.com\/es\/wp-json\/wp\/v2\/media\/2298"}],"wp:attachment":[{"href":"https:\/\/jblcorten.com\/es\/wp-json\/wp\/v2\/media?parent=2288"}],"wp:term":[{"taxonomy":"product_brand","embeddable":true,"href":"https:\/\/jblcorten.com\/es\/wp-json\/wp\/v2\/product_brand?post=2288"},{"taxonomy":"product_cat","embeddable":true,"href":"https:\/\/jblcorten.com\/es\/wp-json\/wp\/v2\/product_cat?post=2288"},{"taxonomy":"product_tag","embeddable":true,"href":"https:\/\/jblcorten.com\/es\/wp-json\/wp\/v2\/product_tag?post=2288"}],"curies":[{"name":"wp","href":"https:\/\/api.w.org\/{rel}","templated":true}]}}