{"id":2279,"date":"2025-02-21T05:58:23","date_gmt":"2025-02-21T05:58:23","guid":{"rendered":"https:\/\/jblcorten.com\/?post_type=product&#038;p=2279"},"modified":"2025-02-21T05:58:23","modified_gmt":"2025-02-21T05:58:23","slug":"jardinera-cuadrada-de-acero-corten","status":"publish","type":"product","link":"https:\/\/jblcorten.com\/es\/square-corten-steel-planter\/","title":{"rendered":"Jardinera cuadrada de acero corten"},"content":{"rendered":"<p><strong>Jardinera cuadrada de acero corten<\/strong><\/p>\n<p>La jardinera cuadrada de acero corten es una jardinera moderna y duradera fabricada con acero de alta calidad resistente a la intemperie. Este material met\u00e1lico especial desarrolla una capa \u00fanica de protecci\u00f3n contra el \u00f3xido tras la exposici\u00f3n al aire y la humedad, que no s\u00f3lo confiere a la jardinera una est\u00e9tica de estilo industrial, sino que tambi\u00e9n evita eficazmente la corrosi\u00f3n posterior. A diferencia del acero tradicional, el acero corten no se deteriora gradualmente con el tiempo, sino que depende de esta capa de \u00f3xido estable para proteger la estructura interna, lo que garantiza su uso a largo plazo en entornos exteriores.<\/p>\n<p>El dise\u00f1o cuadrado confiere a esta jardinera un efecto visual equilibrado y sim\u00e9trico, lo que la convierte en una opci\u00f3n ideal para una gran variedad de dise\u00f1os paisaj\u00edsticos. Ya sea colocada sola o dispuesta en grupos, sus sencillas l\u00edneas geom\u00e9tricas aportar\u00e1n un aspecto moderno a patios, terrazas, jardines y espacios comerciales. Al mismo tiempo, su estructura cuadrada permite aprovechar al m\u00e1ximo el espacio, y puede integrarse f\u00e1cilmente en diversos entornos, ya se trate de un proyecto de jardiner\u00eda peque\u00f1o o grande.<\/p>\n<p><strong>Especificaci\u00f3n del producto:<\/strong><\/p>\n<table>\n<tbody>\n<tr>\n<td width=\"276\">nombre del producto<\/td>\n<td>Jardinera cuadrada de acero corten<\/td>\n<\/tr>\n<tr>\n<td width=\"276\">Material<\/td>\n<td>Acero corten\/ Acero para intemperie<\/td>\n<\/tr>\n<tr>\n<td width=\"276\">color<\/td>\n<td>Oxidado o pintado<\/td>\n<\/tr>\n<tr>\n<td width=\"276\">talla<\/td>\n<td>Est\u00e1ndar o personalizado<\/td>\n<\/tr>\n<tr>\n<td width=\"276\">Espesor<\/td>\n<td>2 mm<\/td>\n<\/tr>\n<tr>\n<td width=\"276\">Paquete<\/td>\n<td>Interior : Papel de espuma antidesgaste, Exterior : Caja de cart\u00f3n<\/td>\n<\/tr>\n<\/tbody>\n<\/table>\n<p><strong>\u00bfQu\u00e9 es el acero corten?<\/strong><\/p>\n<p>El acero corten, tambi\u00e9n conocido como acero resistente a la corrosi\u00f3n atmosf\u00e9rica, es un acero de aleaci\u00f3n especial. Puede formar una capa de \u00f3xido densa y estable en el entorno natural. Esta capa de \u00f3xido no s\u00f3lo no corroer\u00e1 m\u00e1s el acero interno, sino que tambi\u00e9n desempe\u00f1ar\u00e1 una funci\u00f3n protectora, prolongando en gran medida la vida \u00fatil de la maceta. En comparaci\u00f3n con el acero ordinario, el acero resistente a la intemperie no requiere revestimiento anticorrosi\u00f3n adicional ni mantenimiento, y puede adaptarse naturalmente a diversas condiciones clim\u00e1ticas, ya sea una estaci\u00f3n lluviosa h\u00fameda o un verano seco, puede mantener su textura y rendimiento \u00fanicos.<\/p>\n<p><img fetchpriority=\"high\" decoding=\"async\" class=\"alignnone wp-image-2271\" src=\"https:\/\/jblcorten.com\/wp-content\/uploads\/2025\/02\/corten-steel-material.jpg\" alt=\"\" width=\"700\" height=\"280\" title=\"\" srcset=\"https:\/\/jblcorten.com\/wp-content\/uploads\/2025\/02\/corten-steel-material.jpg 750w, https:\/\/jblcorten.com\/wp-content\/uploads\/2025\/02\/corten-steel-material-600x240.jpg 600w, https:\/\/jblcorten.com\/wp-content\/uploads\/2025\/02\/corten-steel-material-300x120.jpg 300w, https:\/\/jblcorten.com\/wp-content\/uploads\/2025\/02\/corten-steel-material-18x7.jpg 18w\" sizes=\"(max-width: 700px) 100vw, 700px\" \/><\/p>\n<p><span style=\"color: #ff0000;\">\u00a0 \u00a0 \u00a0 \u00a0 \u00a0 \u00a0 \u00a0 \u00a0 \u00a0 \u00a0 \u00a0Acero dulce Vs. Acero corten Vs. Acero pintado<\/span><\/p>\n<p><strong>\u00bfPor qu\u00e9 elegir nuestra jardinera cuadrada de acero corten?<\/strong><\/p>\n<ul>\n<li>Dise\u00f1o cuadrado:<br \/>\nLas macetas cuadradas de acero para intemperie adoptan formas geom\u00e9tricas sencillas con l\u00edneas fuertes. El dise\u00f1o cuadrado no s\u00f3lo es hermoso, sino que tambi\u00e9n hace un uso eficaz del espacio, adecuado para diversos ambientes interiores y exteriores.<\/li>\n<li>Estructura estable:<br \/>\nLas macetas cuadradas de acero de intemperie suelen estar soldadas, con una estructura estable, capaz de soportar grandes pesos y presiones, adecuadas para plantar plantas grandes o como decoraci\u00f3n paisaj\u00edstica.<\/li>\n<li>Sistema de drenaje:<br \/>\nLos orificios de drenaje est\u00e1n dise\u00f1ados en el fondo de la maceta para garantizar que las ra\u00edces de las plantas no se pudran debido a la acumulaci\u00f3n de agua.<\/li>\n<li>Versatilidad:<br \/>\nLas macetas cuadradas de acero para intemperie no s\u00f3lo son adecuadas para la jardiner\u00eda dom\u00e9stica, sino que tambi\u00e9n pueden utilizarse en paisajes p\u00fablicos, espacios comerciales y otras ocasiones para satisfacer las necesidades de distintos usuarios.<\/li>\n<li>Selecci\u00f3n de tallas:<br \/>\nElija el tama\u00f1o de maceta adecuado seg\u00fan el tipo y la cantidad de plantas que vaya a plantar. El tama\u00f1o de nuestras macetas es personalizable.<\/li>\n<\/ul>\n<p><img decoding=\"async\" class=\"alignnone wp-image-2286\" src=\"https:\/\/jblcorten.com\/wp-content\/uploads\/2025\/02\/corten-steel-garden-boxes.jpg\" alt=\"\" width=\"700\" height=\"393\" title=\"\" srcset=\"https:\/\/jblcorten.com\/wp-content\/uploads\/2025\/02\/corten-steel-garden-boxes.jpg 750w, https:\/\/jblcorten.com\/wp-content\/uploads\/2025\/02\/corten-steel-garden-boxes-600x337.jpg 600w, https:\/\/jblcorten.com\/wp-content\/uploads\/2025\/02\/corten-steel-garden-boxes-300x168.jpg 300w, https:\/\/jblcorten.com\/wp-content\/uploads\/2025\/02\/corten-steel-garden-boxes-18x10.jpg 18w\" sizes=\"(max-width: 700px) 100vw, 700px\" \/><\/p>\n<p><img decoding=\"async\" class=\"alignnone wp-image-2285\" src=\"https:\/\/jblcorten.com\/wp-content\/uploads\/2025\/02\/corten-garden-planters.jpg\" alt=\"\" width=\"700\" height=\"393\" title=\"\" srcset=\"https:\/\/jblcorten.com\/wp-content\/uploads\/2025\/02\/corten-garden-planters.jpg 750w, https:\/\/jblcorten.com\/wp-content\/uploads\/2025\/02\/corten-garden-planters-600x337.jpg 600w, https:\/\/jblcorten.com\/wp-content\/uploads\/2025\/02\/corten-garden-planters-300x168.jpg 300w, https:\/\/jblcorten.com\/wp-content\/uploads\/2025\/02\/corten-garden-planters-18x10.jpg 18w\" sizes=\"(max-width: 700px) 100vw, 700px\" \/><\/p>\n<p><img loading=\"lazy\" decoding=\"async\" class=\"alignnone wp-image-2284\" src=\"https:\/\/jblcorten.com\/wp-content\/uploads\/2025\/02\/cheap-corten-steel-planters.jpg\" alt=\"\" width=\"700\" height=\"456\" title=\"\" srcset=\"https:\/\/jblcorten.com\/wp-content\/uploads\/2025\/02\/cheap-corten-steel-planters.jpg 750w, https:\/\/jblcorten.com\/wp-content\/uploads\/2025\/02\/cheap-corten-steel-planters-600x391.jpg 600w, https:\/\/jblcorten.com\/wp-content\/uploads\/2025\/02\/cheap-corten-steel-planters-300x196.jpg 300w, https:\/\/jblcorten.com\/wp-content\/uploads\/2025\/02\/cheap-corten-steel-planters-18x12.jpg 18w\" sizes=\"(max-width: 700px) 100vw, 700px\" \/><\/p>\n<p><strong>PREGUNTAS FRECUENTES:<\/strong><\/p>\n<p><span style=\"color: #ff6600;\"><em><strong>1.\u00bfLlegar\u00e1n oxidadas mis macetas?<\/strong><\/em><\/span><\/p>\n<p>Depende del cliente. Podemos oxidar o pintar seg\u00fan los requisitos del cliente.<\/p>\n<p><span style=\"color: #ff6600;\"><em><strong>2.\u00bfCu\u00e1nto tardar\u00e1 la jardinera en oxidarse?<\/strong><\/em><\/span><\/p>\n<p>Depende del clima, pero el proceso natural puede durar entre 3 y 12 meses.<\/p>\n<p><span style=\"color: #ff6600;\"><em><strong>3. \u00bfLas macetas tienen orificios de drenaje?<\/strong><\/em><\/span><\/p>\n<p>S\u00ed, todas las jardineras tienen una cantidad m\u00ednima de orificios de drenaje, lo que permite a nuestros clientes perforar m\u00e1s si es necesario.<\/p>\n<p><span style=\"color: #ff6600;\"><em><strong>4.\u00bfFabrican macetas a medida?<\/strong><\/em><\/span><\/p>\n<p>Por supuesto. D\u00edganos qu\u00e9 tama\u00f1o necesita y le enviaremos un presupuesto.<\/p>","protected":false},"excerpt":{"rendered":"<p>El dise\u00f1o cuadrado de la jardinera cuadrada de acero corten confiere a esta jardinera un efecto visual equilibrado y sim\u00e9trico, lo que la convierte en una opci\u00f3n ideal para una gran variedad de dise\u00f1os paisaj\u00edsticos. Ya sea colocada sola o dispuesta en grupos, sus sencillas l\u00edneas geom\u00e9tricas aportar\u00e1n un aspecto moderno a patios, terrazas, jardines y espacios comerciales. Al mismo tiempo, su estructura cuadrada permite aprovechar al m\u00e1ximo el espacio, y puede integrarse f\u00e1cilmente en diversos entornos, ya se trate de un proyecto de jardiner\u00eda peque\u00f1o o grande.<\/p>","protected":false},"featured_media":2280,"template":"","meta":{"site-sidebar-layout":"default","site-content-layout":"","ast-site-content-layout":"default","site-content-style":"default","site-sidebar-style":"default","ast-global-header-display":"","ast-banner-title-visibility":"","ast-main-header-display":"","ast-hfb-above-header-display":"","ast-hfb-below-header-display":"","ast-hfb-mobile-header-display":"","site-post-title":"","ast-breadcrumbs-content":"","ast-featured-img":"","footer-sml-layout":"","ast-disable-related-posts":"","theme-transparent-header-meta":"default","adv-header-id-meta":"","stick-header-meta":"","header-above-stick-meta":"","header-main-stick-meta":"","header-below-stick-meta":"","astra-migrate-meta-layouts":"set","ast-page-background-enabled":"default","ast-page-background-meta":{"desktop":{"background-color":"var(--ast-global-color-4)","background-image":"","background-repeat":"repeat","background-position":"center center","background-size":"auto","background-attachment":"scroll","background-type":"","background-media":"","overlay-type":"","overlay-color":"","overlay-opacity":"","overlay-gradient":""},"tablet":{"background-color":"","background-image":"","background-repeat":"repeat","background-position":"center center","background-size":"auto","background-attachment":"scroll","background-type":"","background-media":"","overlay-type":"","overlay-color":"","overlay-opacity":"","overlay-gradient":""},"mobile":{"background-color":"","background-image":"","background-repeat":"repeat","background-position":"center center","background-size":"auto","background-attachment":"scroll","background-type":"","background-media":"","overlay-type":"","overlay-color":"","overlay-opacity":"","overlay-gradient":""}},"ast-content-background-meta":{"desktop":{"background-color":"var(--ast-global-color-5)","background-image":"","background-repeat":"repeat","background-position":"center center","background-size":"auto","background-attachment":"scroll","background-type":"","background-media":"","overlay-type":"","overlay-color":"","overlay-opacity":"","overlay-gradient":""},"tablet":{"background-color":"var(--ast-global-color-5)","background-image":"","background-repeat":"repeat","background-position":"center center","background-size":"auto","background-attachment":"scroll","background-type":"","background-media":"","overlay-type":"","overlay-color":"","overlay-opacity":"","overlay-gradient":""},"mobile":{"background-color":"var(--ast-global-color-5)","background-image":"","background-repeat":"repeat","background-position":"center center","background-size":"auto","background-attachment":"scroll","background-type":"","background-media":"","overlay-type":"","overlay-color":"","overlay-opacity":"","overlay-gradient":""}}},"product_brand":[],"product_cat":[34],"product_tag":[],"class_list":{"0":"post-2279","1":"product","2":"type-product","3":"status-publish","4":"has-post-thumbnail","6":"product_cat-planter-pots","7":"desktop-align-center","8":"tablet-align-left","9":"mobile-align-left","11":"first","12":"instock","13":"shipping-taxable","14":"product-type-simple"},"_links":{"self":[{"href":"https:\/\/jblcorten.com\/es\/wp-json\/wp\/v2\/product\/2279","targetHints":{"allow":["GET"]}}],"collection":[{"href":"https:\/\/jblcorten.com\/es\/wp-json\/wp\/v2\/product"}],"about":[{"href":"https:\/\/jblcorten.com\/es\/wp-json\/wp\/v2\/types\/product"}],"wp:featuredmedia":[{"embeddable":true,"href":"https:\/\/jblcorten.com\/es\/wp-json\/wp\/v2\/media\/2280"}],"wp:attachment":[{"href":"https:\/\/jblcorten.com\/es\/wp-json\/wp\/v2\/media?parent=2279"}],"wp:term":[{"taxonomy":"product_brand","embeddable":true,"href":"https:\/\/jblcorten.com\/es\/wp-json\/wp\/v2\/product_brand?post=2279"},{"taxonomy":"product_cat","embeddable":true,"href":"https:\/\/jblcorten.com\/es\/wp-json\/wp\/v2\/product_cat?post=2279"},{"taxonomy":"product_tag","embeddable":true,"href":"https:\/\/jblcorten.com\/es\/wp-json\/wp\/v2\/product_tag?post=2279"}],"curies":[{"name":"wp","href":"https:\/\/api.w.org\/{rel}","templated":true}]}}