{"id":2266,"date":"2025-02-20T08:06:43","date_gmt":"2025-02-20T08:06:43","guid":{"rendered":"https:\/\/jblcorten.com\/?post_type=product&#038;p=2266"},"modified":"2025-04-01T02:08:30","modified_gmt":"2025-04-01T02:08:30","slug":"serie-de-acero-corten-plantador-de-caja-larga","status":"publish","type":"product","link":"https:\/\/jblcorten.com\/es\/corten-steel-series-long-box-planter\/","title":{"rendered":"Jardinera de caja larga serie de acero Corten"},"content":{"rendered":"<p><strong>Jardinera de caja larga serie de acero Corten<\/strong><\/p>\n<p>La jardinera larga de acero corten es un producto pr\u00e1ctico y art\u00edstico dise\u00f1ado para la jardiner\u00eda y el paisajismo modernos. Est\u00e1 hecha de acero corten, que tiene una excelente resistencia a la corrosi\u00f3n y puede formar naturalmente una capa de \u00f3xido estable, que no s\u00f3lo prolonga la vida \u00fatil, sino que tambi\u00e9n da a la maceta un estilo retro industrial \u00fanico.<\/p>\n<p>Con el tiempo, la superficie de la maceta mostrar\u00e1 un color \u00f3xido anaranjado, que combina a la perfecci\u00f3n con el entorno natural y se convierte en un elemento destacado del patio, balc\u00f3n o espacio p\u00fablico. El dise\u00f1o de tira larga es adecuado para plantar una gran variedad de combinaciones de plantas, ya sean flores herb\u00e1ceas, suculentas o peque\u00f1os arbustos, pueden prosperar en ella. La jardinera de caja larga de la serie de acero corten no es s\u00f3lo un recipiente para plantar, sino tambi\u00e9n una obra de arte, que a\u00f1ade una belleza natural e industrial a su espacio verde.<\/p>\n<p><strong>Especificaci\u00f3n del producto:<\/strong><\/p>\n<table>\n<tbody>\n<tr>\n<td><strong><b>Nombre del producto<\/b><\/strong><\/td>\n<td>Jardinera de caja larga serie de acero Corten<\/td>\n<\/tr>\n<tr>\n<td><strong><b>Tipo<\/b><\/strong><\/td>\n<td>Macetas y jardineras<\/td>\n<\/tr>\n<tr>\n<td><strong><b>Material<\/b><\/strong><\/td>\n<td>Acero corten \/ Acero para intemperie<\/td>\n<\/tr>\n<tr>\n<td><strong><b>Talla<\/b><\/strong><\/td>\n<td>Personalizado<\/td>\n<\/tr>\n<tr>\n<td><strong><b>Tecnolog\u00eda<\/b><\/strong><\/td>\n<td>Pruebas,Corte por l\u00e1ser, plegado, punzonado, soldadura,Oxidaci\u00f3n<\/td>\n<\/tr>\n<tr>\n<td><strong><b>Tratamiento de superficies<\/b><\/strong><\/td>\n<td>Preoxidado, pintado de negro, se puede personalizar<\/td>\n<\/tr>\n<tr>\n<td><strong><b>OEM Y ODM<\/b><\/strong><\/td>\n<td>Se ofrece un servicio personalizado.<\/td>\n<\/tr>\n<\/tbody>\n<\/table>\n<p><strong>\u00bfQu\u00e9 es el acero corten?<\/strong><\/p>\n<p>El acero corten, tambi\u00e9n conocido como acero resistente a la corrosi\u00f3n atmosf\u00e9rica, es un acero de aleaci\u00f3n especial. Puede formar una capa de \u00f3xido densa y estable en el entorno natural. Esta capa de \u00f3xido no s\u00f3lo no corroer\u00e1 m\u00e1s el acero interno, sino que tambi\u00e9n desempe\u00f1ar\u00e1 una funci\u00f3n protectora, prolongando en gran medida la vida \u00fatil de la maceta. En comparaci\u00f3n con el acero ordinario, el acero resistente a la intemperie no requiere revestimiento anticorrosi\u00f3n adicional ni mantenimiento, y puede adaptarse naturalmente a diversas condiciones clim\u00e1ticas, ya sea una estaci\u00f3n lluviosa h\u00fameda o un verano seco, puede mantener su textura y rendimiento \u00fanicos.<\/p>\n<p><img fetchpriority=\"high\" decoding=\"async\" class=\"alignnone wp-image-2271\" src=\"https:\/\/jblcorten.com\/wp-content\/uploads\/2025\/02\/corten-steel-material.jpg\" alt=\"material de acero corten\" width=\"700\" height=\"280\" title=\"\" srcset=\"https:\/\/jblcorten.com\/wp-content\/uploads\/2025\/02\/corten-steel-material.jpg 750w, https:\/\/jblcorten.com\/wp-content\/uploads\/2025\/02\/corten-steel-material-600x240.jpg 600w, https:\/\/jblcorten.com\/wp-content\/uploads\/2025\/02\/corten-steel-material-300x120.jpg 300w, https:\/\/jblcorten.com\/wp-content\/uploads\/2025\/02\/corten-steel-material-18x7.jpg 18w\" sizes=\"(max-width: 700px) 100vw, 700px\" \/><\/p>\n<p style=\"text-align: left;\">\u00a0 \u00a0 \u00a0 \u00a0 \u00a0 \u00a0 \u00a0 \u00a0 \u00a0 \u00a0 \u00a0 \u00a0 <span style=\"color: #ff0000;\">Acero dulce Vs. Acero corten Vs. Acero pintado<\/span><\/p>\n<p><span style=\"color: #000000;\"><strong>\u00bfPor qu\u00e9 elegir la jardinera larga de acero corten?<\/strong><\/span><\/p>\n<p>El dise\u00f1o de tira larga de la jardinera de caja larga de la serie de acero corten no s\u00f3lo es bonito y generoso, sino tambi\u00e9n pr\u00e1ctico y puede satisfacer diversas necesidades de plantaci\u00f3n. La longitud de la maceta puede personalizarse seg\u00fan el escenario de uso real, adecuada para plantar diversas combinaciones de plantas, como flores herb\u00e1ceas, suculentas, peque\u00f1os arbustos, etc. Tanto si se coloca solo como si se utiliza en combinaci\u00f3n, puede a\u00f1adir una sensaci\u00f3n de jerarqu\u00eda y arte a su espacio de jardiner\u00eda.<\/p>\n<p>Los bordes de las macetas han sido finamente pulidos, lisos y redondeados, lo que no s\u00f3lo garantiza la seguridad de uso, sino que tambi\u00e9n realza la textura general. El fondo est\u00e1 dise\u00f1ado con orificios de drenaje, que pueden evitar eficazmente la acumulaci\u00f3n de agua y garantizar el crecimiento saludable de las ra\u00edces de las plantas.<\/p>\n<p><img decoding=\"async\" class=\"alignnone wp-image-2272\" src=\"https:\/\/jblcorten.com\/wp-content\/uploads\/2025\/02\/large-corten-steel-planters-1.jpg\" alt=\"\" width=\"700\" height=\"464\" title=\"\" srcset=\"https:\/\/jblcorten.com\/wp-content\/uploads\/2025\/02\/large-corten-steel-planters-1.jpg 750w, https:\/\/jblcorten.com\/wp-content\/uploads\/2025\/02\/large-corten-steel-planters-1-600x398.jpg 600w, https:\/\/jblcorten.com\/wp-content\/uploads\/2025\/02\/large-corten-steel-planters-1-300x199.jpg 300w, https:\/\/jblcorten.com\/wp-content\/uploads\/2025\/02\/large-corten-steel-planters-1-18x12.jpg 18w\" sizes=\"(max-width: 700px) 100vw, 700px\" \/><\/p>\n<p><img decoding=\"async\" class=\"alignnone wp-image-2273\" style=\"font-style: inherit; font-weight: inherit;\" src=\"https:\/\/jblcorten.com\/wp-content\/uploads\/2025\/02\/planter-pot.jpg\" alt=\"\" width=\"700\" height=\"420\" title=\"\" srcset=\"https:\/\/jblcorten.com\/wp-content\/uploads\/2025\/02\/planter-pot.jpg 500w, https:\/\/jblcorten.com\/wp-content\/uploads\/2025\/02\/planter-pot-300x180.jpg 300w, https:\/\/jblcorten.com\/wp-content\/uploads\/2025\/02\/planter-pot-18x12.jpg 18w\" sizes=\"(max-width: 700px) 100vw, 700px\" \/><\/p>\n<p><img loading=\"lazy\" decoding=\"async\" class=\"alignnone wp-image-2274\" style=\"font-style: inherit; font-weight: inherit;\" src=\"https:\/\/jblcorten.com\/wp-content\/uploads\/2025\/02\/rusted-steel-planters.jpg\" alt=\"\" width=\"700\" height=\"525\" title=\"\" srcset=\"https:\/\/jblcorten.com\/wp-content\/uploads\/2025\/02\/rusted-steel-planters.jpg 1706w, https:\/\/jblcorten.com\/wp-content\/uploads\/2025\/02\/rusted-steel-planters-600x450.jpg 600w, https:\/\/jblcorten.com\/wp-content\/uploads\/2025\/02\/rusted-steel-planters-300x225.jpg 300w, https:\/\/jblcorten.com\/wp-content\/uploads\/2025\/02\/rusted-steel-planters-1024x768.jpg 1024w, https:\/\/jblcorten.com\/wp-content\/uploads\/2025\/02\/rusted-steel-planters-768x576.jpg 768w, https:\/\/jblcorten.com\/wp-content\/uploads\/2025\/02\/rusted-steel-planters-1536x1152.jpg 1536w, https:\/\/jblcorten.com\/wp-content\/uploads\/2025\/02\/rusted-steel-planters-16x12.jpg 16w\" sizes=\"(max-width: 700px) 100vw, 700px\" \/><\/p>\n<p><strong>PREGUNTAS FRECUENTES:<\/strong><\/p>\n<p><em><strong><span style=\"color: #ff6600;\">1.\u00bfLlegar\u00e1n oxidadas mis macetas?<\/span><\/strong><\/em><\/p>\n<p><span style=\"color: #000000;\">Depende del cliente. Podemos oxidar o pintar seg\u00fan los requisitos del cliente.<\/span><\/p>\n<p><em><strong><span style=\"color: #ff6600;\">2.\u00bfCu\u00e1nto tardar\u00e1 la jardinera en oxidarse?<\/span><\/strong><\/em><\/p>\n<p><span style=\"color: #000000;\">Depende del clima, pero el proceso natural puede durar entre 3 y 12 meses.<\/span><\/p>\n<p><em><strong><span style=\"color: #ff6600;\">3. \u00bfLas macetas tienen orificios de drenaje?<\/span><\/strong><\/em><\/p>\n<p><span style=\"color: #000000;\">S\u00ed, todas las jardineras tienen una cantidad m\u00ednima de orificios de drenaje, lo que permite a nuestros clientes perforar m\u00e1s si es necesario.<\/span><\/p>\n<p><em><strong><span style=\"color: #ff6600;\">4.\u00bfFabrican macetas a medida?<\/span><\/strong><\/em><\/p>\n<p><span style=\"color: #000000;\">Por supuesto. D\u00edganos qu\u00e9 tama\u00f1o necesita y le enviaremos un presupuesto.<\/span><\/p>","protected":false},"excerpt":{"rendered":"<p>La jardinera larga de acero corten es un producto pr\u00e1ctico y art\u00edstico dise\u00f1ado para la jardiner\u00eda y el paisajismo modernos. Est\u00e1 hecha de acero corten, que tiene una excelente resistencia a la corrosi\u00f3n y puede formar naturalmente una capa de \u00f3xido estable, que no s\u00f3lo prolonga la vida \u00fatil, sino que tambi\u00e9n da a la maceta un estilo retro industrial \u00fanico.<\/p>","protected":false},"featured_media":2267,"template":"","meta":{"site-sidebar-layout":"default","site-content-layout":"","ast-site-content-layout":"default","site-content-style":"default","site-sidebar-style":"default","ast-global-header-display":"","ast-banner-title-visibility":"","ast-main-header-display":"","ast-hfb-above-header-display":"","ast-hfb-below-header-display":"","ast-hfb-mobile-header-display":"","site-post-title":"","ast-breadcrumbs-content":"","ast-featured-img":"","footer-sml-layout":"","ast-disable-related-posts":"","theme-transparent-header-meta":"default","adv-header-id-meta":"","stick-header-meta":"","header-above-stick-meta":"","header-main-stick-meta":"","header-below-stick-meta":"","astra-migrate-meta-layouts":"set","ast-page-background-enabled":"default","ast-page-background-meta":{"desktop":{"background-color":"var(--ast-global-color-4)","background-image":"","background-repeat":"repeat","background-position":"center center","background-size":"auto","background-attachment":"scroll","background-type":"","background-media":"","overlay-type":"","overlay-color":"","overlay-opacity":"","overlay-gradient":""},"tablet":{"background-color":"","background-image":"","background-repeat":"repeat","background-position":"center center","background-size":"auto","background-attachment":"scroll","background-type":"","background-media":"","overlay-type":"","overlay-color":"","overlay-opacity":"","overlay-gradient":""},"mobile":{"background-color":"","background-image":"","background-repeat":"repeat","background-position":"center center","background-size":"auto","background-attachment":"scroll","background-type":"","background-media":"","overlay-type":"","overlay-color":"","overlay-opacity":"","overlay-gradient":""}},"ast-content-background-meta":{"desktop":{"background-color":"var(--ast-global-color-5)","background-image":"","background-repeat":"repeat","background-position":"center center","background-size":"auto","background-attachment":"scroll","background-type":"","background-media":"","overlay-type":"","overlay-color":"","overlay-opacity":"","overlay-gradient":""},"tablet":{"background-color":"var(--ast-global-color-5)","background-image":"","background-repeat":"repeat","background-position":"center center","background-size":"auto","background-attachment":"scroll","background-type":"","background-media":"","overlay-type":"","overlay-color":"","overlay-opacity":"","overlay-gradient":""},"mobile":{"background-color":"var(--ast-global-color-5)","background-image":"","background-repeat":"repeat","background-position":"center center","background-size":"auto","background-attachment":"scroll","background-type":"","background-media":"","overlay-type":"","overlay-color":"","overlay-opacity":"","overlay-gradient":""}}},"product_brand":[],"product_cat":[34],"product_tag":[],"class_list":{"0":"post-2266","1":"product","2":"type-product","3":"status-publish","4":"has-post-thumbnail","6":"product_cat-planter-pots","7":"desktop-align-center","8":"tablet-align-left","9":"mobile-align-left","11":"first","12":"instock","13":"featured","14":"shipping-taxable","15":"product-type-simple"},"_links":{"self":[{"href":"https:\/\/jblcorten.com\/es\/wp-json\/wp\/v2\/product\/2266","targetHints":{"allow":["GET"]}}],"collection":[{"href":"https:\/\/jblcorten.com\/es\/wp-json\/wp\/v2\/product"}],"about":[{"href":"https:\/\/jblcorten.com\/es\/wp-json\/wp\/v2\/types\/product"}],"wp:featuredmedia":[{"embeddable":true,"href":"https:\/\/jblcorten.com\/es\/wp-json\/wp\/v2\/media\/2267"}],"wp:attachment":[{"href":"https:\/\/jblcorten.com\/es\/wp-json\/wp\/v2\/media?parent=2266"}],"wp:term":[{"taxonomy":"product_brand","embeddable":true,"href":"https:\/\/jblcorten.com\/es\/wp-json\/wp\/v2\/product_brand?post=2266"},{"taxonomy":"product_cat","embeddable":true,"href":"https:\/\/jblcorten.com\/es\/wp-json\/wp\/v2\/product_cat?post=2266"},{"taxonomy":"product_tag","embeddable":true,"href":"https:\/\/jblcorten.com\/es\/wp-json\/wp\/v2\/product_tag?post=2266"}],"curies":[{"name":"wp","href":"https:\/\/api.w.org\/{rel}","templated":true}]}}