{"id":2242,"date":"2025-01-21T08:48:31","date_gmt":"2025-01-21T08:48:31","guid":{"rendered":"https:\/\/jblcorten.com\/?post_type=product&#038;p=2242"},"modified":"2025-03-27T08:47:27","modified_gmt":"2025-03-27T08:47:27","slug":"chimenea-mural-de-lena","status":"publish","type":"product","link":"https:\/\/jblcorten.com\/es\/wall-mounted-wood-fireplace\/","title":{"rendered":"Chimenea de le\u00f1a mural"},"content":{"rendered":"<h2 style=\"text-align: center;\"><span style=\"font-size: 14pt;\"><strong>Chimenea de le\u00f1a mural<\/strong><\/span><\/h2>\n<p>La chimenea de le\u00f1a de pared es un moderno dispositivo de calefacci\u00f3n que combina belleza y practicidad. Esta singular chimenea destaca por su aspecto redondo y su forma de neum\u00e1tico, por lo que tambi\u00e9n se la denomina estufa de neum\u00e1tico. Esta estufa no s\u00f3lo tiene excelentes funciones de calefacci\u00f3n, sino que tambi\u00e9n satisface las necesidades diarias de hervir agua y hornear boniatos. Es una opci\u00f3n ideal para calefacci\u00f3n dom\u00e9stica y uso multifuncional.<\/p>\n<p><strong>Dise\u00f1o de aspecto\uff1a<\/strong><\/p>\n<p>La estufa de neum\u00e1tico adopta un dise\u00f1o redondo y parece un neum\u00e1tico colgado en la pared. El m\u00e9todo de instalaci\u00f3n en la pared la mantiene alejada del suelo, lo que no s\u00f3lo ahorra espacio, sino que tambi\u00e9n aporta un toque moderno y elegante al hogar. La parte frontal de la estufa est\u00e1 equipada con una puerta de cristal de alta calidad resistente a altas temperaturas, a trav\u00e9s de la cual se pueden ver claramente las llamas ardientes de la estufa, creando un ambiente c\u00e1lido en el hogar.<\/p>\n<p><span style=\"font-size: 14pt;\"><strong>Especificaci\u00f3n del producto:<\/strong><\/span><\/p>\n<table style=\"height: 409px; width: 100%;\" width=\"1309\">\n<tbody>\n<tr>\n<td style=\"width: 21.4659%;\"><strong><b>Nombre del producto<\/b><\/strong><\/td>\n<td style=\"width: 78.3845%;\" colspan=\"3\">Chimenea de le\u00f1a mural<\/td>\n<\/tr>\n<tr>\n<td style=\"width: 21.4659%;\"><strong><b>Espesor del acero<\/b><\/strong><\/td>\n<td style=\"width: 28.5715%;\">6 mm, seg\u00fan sea necesario<\/td>\n<td style=\"width: 24.8317%;\" width=\"126\"><strong><b>Color<\/b><\/strong><\/td>\n<td style=\"width: 24.9813%;\" width=\"155\">Negro o personalizado<\/td>\n<\/tr>\n<tr>\n<td style=\"width: 21.4659%;\"><strong><b>Combustible<\/b><\/strong><\/td>\n<td style=\"width: 28.5715%;\">Madera o alcohol et\u00edlico<\/td>\n<td style=\"width: 24.8317%;\" width=\"126\"><strong><b>Material<\/b><\/strong><\/td>\n<td style=\"width: 24.9813%;\" width=\"155\">Acero al carbono\/inoxidable, etc.<\/td>\n<\/tr>\n<tr>\n<td style=\"width: 21.4659%;\"><strong><b>Ventaja<\/b><\/strong><\/td>\n<td style=\"width: 28.5715%;\">Respetuoso con el medio ambiente,F\u00e1cil instalaci\u00f3n<\/td>\n<td style=\"width: 24.8317%;\" width=\"126\"><strong><b>Modos de embalaje<\/b><\/strong><\/td>\n<td style=\"width: 24.9813%;\" width=\"155\">Pal\u00e9\/caja de madera, etc.<\/td>\n<\/tr>\n<tr>\n<td style=\"width: 21.4659%;\"><strong><b>Talla<\/b><\/strong><\/td>\n<td style=\"width: 28.5715%;\">Redondo 80cm\/ 100cm\/ etc<\/td>\n<td style=\"width: 24.8317%;\" width=\"126\"><strong><b>Estilo<\/b><\/strong><\/td>\n<td style=\"width: 24.9813%;\" width=\"155\">Chimenea moderna<\/td>\n<\/tr>\n<\/tbody>\n<\/table>\n<p><span style=\"font-size: 14pt;\"><strong>Detalles del producto:<\/strong><\/span><\/p>\n<p><img fetchpriority=\"high\" decoding=\"async\" class=\"alignnone wp-image-1634\" src=\"https:\/\/jblcorten.com\/wp-content\/uploads\/2024\/11\/wall-mounted-wood-burning-stove-1-300x205.jpg\" alt=\"\" width=\"700\" height=\"479\" title=\"\" srcset=\"https:\/\/jblcorten.com\/wp-content\/uploads\/2024\/11\/wall-mounted-wood-burning-stove-1-300x205.jpg 300w, https:\/\/jblcorten.com\/wp-content\/uploads\/2024\/11\/wall-mounted-wood-burning-stove-1-600x410.jpg 600w, https:\/\/jblcorten.com\/wp-content\/uploads\/2024\/11\/wall-mounted-wood-burning-stove-1-1024x701.jpg 1024w, https:\/\/jblcorten.com\/wp-content\/uploads\/2024\/11\/wall-mounted-wood-burning-stove-1-768x525.jpg 768w, https:\/\/jblcorten.com\/wp-content\/uploads\/2024\/11\/wall-mounted-wood-burning-stove-1.jpg 1124w\" sizes=\"(max-width: 700px) 100vw, 700px\" \/><\/p>\n<p><img decoding=\"async\" class=\"alignleft wp-image-2244\" src=\"https:\/\/jblcorten.com\/wp-content\/uploads\/2025\/01\/wall-hung-log-burner-225x300.jpg\" alt=\"\" width=\"340\" height=\"453\" title=\"\" srcset=\"https:\/\/jblcorten.com\/wp-content\/uploads\/2025\/01\/wall-hung-log-burner-225x300.jpg 225w, https:\/\/jblcorten.com\/wp-content\/uploads\/2025\/01\/wall-hung-log-burner-600x800.jpg 600w, https:\/\/jblcorten.com\/wp-content\/uploads\/2025\/01\/wall-hung-log-burner-768x1024.jpg 768w, https:\/\/jblcorten.com\/wp-content\/uploads\/2025\/01\/wall-hung-log-burner-9x12.jpg 9w, https:\/\/jblcorten.com\/wp-content\/uploads\/2025\/01\/wall-hung-log-burner.jpg 900w\" sizes=\"(max-width: 340px) 100vw, 340px\" \/><img decoding=\"async\" class=\"alignleft wp-image-2245\" src=\"https:\/\/jblcorten.com\/wp-content\/uploads\/2025\/01\/wall-mounted-wood-fireplace-225x300.png\" alt=\"\" width=\"340\" height=\"453\" title=\"\" srcset=\"https:\/\/jblcorten.com\/wp-content\/uploads\/2025\/01\/wall-mounted-wood-fireplace-225x300.png 225w, https:\/\/jblcorten.com\/wp-content\/uploads\/2025\/01\/wall-mounted-wood-fireplace-600x800.png 600w, https:\/\/jblcorten.com\/wp-content\/uploads\/2025\/01\/wall-mounted-wood-fireplace-9x12.png 9w, https:\/\/jblcorten.com\/wp-content\/uploads\/2025\/01\/wall-mounted-wood-fireplace.png 750w\" sizes=\"(max-width: 340px) 100vw, 340px\" \/><\/p>","protected":false},"excerpt":{"rendered":"<p>La estufa de neum\u00e1tico adopta un dise\u00f1o redondo y parece un neum\u00e1tico colgado en la pared. El m\u00e9todo de instalaci\u00f3n en la pared la mantiene alejada del suelo, lo que no s\u00f3lo ahorra espacio, sino que tambi\u00e9n a\u00f1ade un toque moderno y elegante al hogar. La parte frontal de la chimenea de le\u00f1a montada en la pared est\u00e1 equipada con una puerta de cristal de alta calidad resistente a altas temperaturas, a trav\u00e9s de la cual se pueden ver claramente las llamas ardientes de la estufa, creando un ambiente c\u00e1lido en el hogar.<\/p>","protected":false},"featured_media":1457,"template":"","meta":{"site-sidebar-layout":"default","site-content-layout":"","ast-site-content-layout":"default","site-content-style":"default","site-sidebar-style":"default","ast-global-header-display":"","ast-banner-title-visibility":"","ast-main-header-display":"","ast-hfb-above-header-display":"","ast-hfb-below-header-display":"","ast-hfb-mobile-header-display":"","site-post-title":"","ast-breadcrumbs-content":"","ast-featured-img":"","footer-sml-layout":"","ast-disable-related-posts":"","theme-transparent-header-meta":"default","adv-header-id-meta":"","stick-header-meta":"","header-above-stick-meta":"","header-main-stick-meta":"","header-below-stick-meta":"","astra-migrate-meta-layouts":"set","ast-page-background-enabled":"default","ast-page-background-meta":{"desktop":{"background-color":"var(--ast-global-color-4)","background-image":"","background-repeat":"repeat","background-position":"center center","background-size":"auto","background-attachment":"scroll","background-type":"","background-media":"","overlay-type":"","overlay-color":"","overlay-opacity":"","overlay-gradient":""},"tablet":{"background-color":"","background-image":"","background-repeat":"repeat","background-position":"center center","background-size":"auto","background-attachment":"scroll","background-type":"","background-media":"","overlay-type":"","overlay-color":"","overlay-opacity":"","overlay-gradient":""},"mobile":{"background-color":"","background-image":"","background-repeat":"repeat","background-position":"center center","background-size":"auto","background-attachment":"scroll","background-type":"","background-media":"","overlay-type":"","overlay-color":"","overlay-opacity":"","overlay-gradient":""}},"ast-content-background-meta":{"desktop":{"background-color":"var(--ast-global-color-5)","background-image":"","background-repeat":"repeat","background-position":"center center","background-size":"auto","background-attachment":"scroll","background-type":"","background-media":"","overlay-type":"","overlay-color":"","overlay-opacity":"","overlay-gradient":""},"tablet":{"background-color":"var(--ast-global-color-5)","background-image":"","background-repeat":"repeat","background-position":"center center","background-size":"auto","background-attachment":"scroll","background-type":"","background-media":"","overlay-type":"","overlay-color":"","overlay-opacity":"","overlay-gradient":""},"mobile":{"background-color":"var(--ast-global-color-5)","background-image":"","background-repeat":"repeat","background-position":"center center","background-size":"auto","background-attachment":"scroll","background-type":"","background-media":"","overlay-type":"","overlay-color":"","overlay-opacity":"","overlay-gradient":""}}},"product_brand":[],"product_cat":[30],"product_tag":[],"class_list":{"0":"post-2242","1":"product","2":"type-product","3":"status-publish","4":"has-post-thumbnail","6":"product_cat-fireplace","7":"desktop-align-center","8":"tablet-align-left","9":"mobile-align-left","11":"first","12":"instock","13":"featured","14":"shipping-taxable","15":"product-type-simple"},"_links":{"self":[{"href":"https:\/\/jblcorten.com\/es\/wp-json\/wp\/v2\/product\/2242","targetHints":{"allow":["GET"]}}],"collection":[{"href":"https:\/\/jblcorten.com\/es\/wp-json\/wp\/v2\/product"}],"about":[{"href":"https:\/\/jblcorten.com\/es\/wp-json\/wp\/v2\/types\/product"}],"wp:featuredmedia":[{"embeddable":true,"href":"https:\/\/jblcorten.com\/es\/wp-json\/wp\/v2\/media\/1457"}],"wp:attachment":[{"href":"https:\/\/jblcorten.com\/es\/wp-json\/wp\/v2\/media?parent=2242"}],"wp:term":[{"taxonomy":"product_brand","embeddable":true,"href":"https:\/\/jblcorten.com\/es\/wp-json\/wp\/v2\/product_brand?post=2242"},{"taxonomy":"product_cat","embeddable":true,"href":"https:\/\/jblcorten.com\/es\/wp-json\/wp\/v2\/product_cat?post=2242"},{"taxonomy":"product_tag","embeddable":true,"href":"https:\/\/jblcorten.com\/es\/wp-json\/wp\/v2\/product_tag?post=2242"}],"curies":[{"name":"wp","href":"https:\/\/api.w.org\/{rel}","templated":true}]}}