{"id":1311,"date":"2024-11-08T09:16:41","date_gmt":"2024-11-08T09:16:41","guid":{"rendered":"https:\/\/jblcorten.com\/?post_type=product&#038;p=1311"},"modified":"2025-04-01T02:08:38","modified_gmt":"2025-04-01T02:08:38","slug":"jardineras-de-acero-corten-2","status":"publish","type":"product","link":"https:\/\/jblcorten.com\/es\/corten-steel-planters\/","title":{"rendered":"Jardineras de acero corten"},"content":{"rendered":"<p><strong><span style=\"font-size: 14pt;\">Jardineras de acero corten<\/span><\/strong><\/p>\n<p>Las flores de acero cort\u00e9n son macetas fabricadas con acero cort\u00e9n (resistente a la intemperie), un material muy popular por su aspecto \u00fanico y su excelente durabilidad. El acero corten, tambi\u00e9n conocido como acero resistente a la corrosi\u00f3n, es un material que puede formar de forma natural una capa protectora de \u00f3xido en la superficie. Esta capa de \u00f3xido no solo tiene una funci\u00f3n anticorrosiva, sino que tambi\u00e9n le da al acero corten un tono natural \u00fanico y c\u00e1lido, lo que le da un aspecto r\u00fastico y texturizado, muy adecuado para la decoraci\u00f3n de jardines y exteriores.<\/p>\n<p><strong><span style=\"font-size: 14pt;\">Especificaci\u00f3n del producto:<\/span><\/strong><\/p>\n<table>\n<tbody>\n<tr>\n<td><strong><b>Nombre del producto<\/b><\/strong><\/td>\n<td>Maceta de acero cort\u00e9n<\/td>\n<\/tr>\n<tr>\n<td><strong><b>Tipo<\/b><\/strong><\/td>\n<td>Macetas y jardineras<\/td>\n<\/tr>\n<tr>\n<td><strong><b>Material<\/b><\/strong><\/td>\n<td>Acero corten \/ Acero para intemperie<\/td>\n<\/tr>\n<tr>\n<td><strong><b>Talla<\/b><\/strong><\/td>\n<td>Personalizado<\/td>\n<\/tr>\n<tr>\n<td><strong><b>Tecnolog\u00eda<\/b><\/strong><\/td>\n<td>Pruebas,Corte por l\u00e1ser, plegado, punzonado, soldadura,Oxidaci\u00f3n<\/td>\n<\/tr>\n<tr>\n<td><strong><b>Tratamiento de superficies<\/b><\/strong><\/td>\n<td>Preoxidado, pintado de negro, se puede personalizar<\/td>\n<\/tr>\n<tr>\n<td><strong><b>Cantidad m\u00ednima de pedido<\/b><\/strong><\/td>\n<td>1 pieza<\/td>\n<\/tr>\n<tr>\n<td><strong><b>OEM Y ODM<\/b><\/strong><\/td>\n<td>Se ofrece un servicio personalizado.<\/td>\n<\/tr>\n<\/tbody>\n<\/table>\n<p><strong><span style=\"font-size: 14pt;\">Detalles del producto:<\/span><\/strong><\/p>\n<p><img fetchpriority=\"high\" decoding=\"async\" class=\"alignnone wp-image-1324 size-full\" src=\"https:\/\/jblcorten.com\/wp-content\/uploads\/2024\/11\/2024_05_24_16_23_IMG_9896.jpg\" alt=\"\" width=\"750\" height=\"562\" title=\"\" srcset=\"https:\/\/jblcorten.com\/wp-content\/uploads\/2024\/11\/2024_05_24_16_23_IMG_9896.jpg 750w, https:\/\/jblcorten.com\/wp-content\/uploads\/2024\/11\/2024_05_24_16_23_IMG_9896-600x450.jpg 600w, https:\/\/jblcorten.com\/wp-content\/uploads\/2024\/11\/2024_05_24_16_23_IMG_9896-300x225.jpg 300w\" sizes=\"(max-width: 750px) 100vw, 750px\" \/><\/p>\n<p><img decoding=\"async\" class=\"alignleft wp-image-1325\" src=\"https:\/\/jblcorten.com\/wp-content\/uploads\/2024\/11\/planter-pot-1-225x300.jpg\" alt=\"\" width=\"233\" height=\"311\" title=\"\" srcset=\"https:\/\/jblcorten.com\/wp-content\/uploads\/2024\/11\/planter-pot-1-225x300.jpg 225w, https:\/\/jblcorten.com\/wp-content\/uploads\/2024\/11\/planter-pot-1-600x800.jpg 600w, https:\/\/jblcorten.com\/wp-content\/uploads\/2024\/11\/planter-pot-1.jpg 750w\" sizes=\"(max-width: 233px) 100vw, 233px\" \/> <img decoding=\"async\" class=\"alignleft wp-image-1326\" src=\"https:\/\/jblcorten.com\/wp-content\/uploads\/2024\/11\/planter-pot-2-225x300.jpg\" alt=\"\" width=\"233\" height=\"311\" title=\"\" srcset=\"https:\/\/jblcorten.com\/wp-content\/uploads\/2024\/11\/planter-pot-2-225x300.jpg 225w, https:\/\/jblcorten.com\/wp-content\/uploads\/2024\/11\/planter-pot-2-600x800.jpg 600w, https:\/\/jblcorten.com\/wp-content\/uploads\/2024\/11\/planter-pot-2.jpg 750w\" sizes=\"(max-width: 233px) 100vw, 233px\" \/> <img loading=\"lazy\" decoding=\"async\" class=\"alignleft wp-image-1327\" src=\"https:\/\/jblcorten.com\/wp-content\/uploads\/2024\/11\/planter-pot-3-225x300.jpg\" alt=\"\" width=\"233\" height=\"311\" title=\"\" srcset=\"https:\/\/jblcorten.com\/wp-content\/uploads\/2024\/11\/planter-pot-3-225x300.jpg 225w, https:\/\/jblcorten.com\/wp-content\/uploads\/2024\/11\/planter-pot-3-600x800.jpg 600w, https:\/\/jblcorten.com\/wp-content\/uploads\/2024\/11\/planter-pot-3.jpg 750w\" sizes=\"(max-width: 233px) 100vw, 233px\" \/><\/p>","protected":false},"excerpt":{"rendered":"<p>Si est\u00e1 buscando una maceta bonita y duradera, no busque m\u00e1s: las macetas de acero corten son lo que necesita. Estas macetas est\u00e1n fabricadas con acero corten, un tipo de acero resistente al \u00f3xido que forma una capa protectora que protege la maceta y prolonga su vida \u00fatil.<\/p>","protected":false},"featured_media":1322,"template":"","meta":{"site-sidebar-layout":"default","site-content-layout":"","ast-site-content-layout":"default","site-content-style":"default","site-sidebar-style":"default","ast-global-header-display":"","ast-banner-title-visibility":"","ast-main-header-display":"","ast-hfb-above-header-display":"","ast-hfb-below-header-display":"","ast-hfb-mobile-header-display":"","site-post-title":"","ast-breadcrumbs-content":"","ast-featured-img":"","footer-sml-layout":"","ast-disable-related-posts":"","theme-transparent-header-meta":"default","adv-header-id-meta":"","stick-header-meta":"","header-above-stick-meta":"","header-main-stick-meta":"","header-below-stick-meta":"","astra-migrate-meta-layouts":"set","ast-page-background-enabled":"default","ast-page-background-meta":{"desktop":{"background-color":"var(--ast-global-color-4)","background-image":"","background-repeat":"repeat","background-position":"center center","background-size":"auto","background-attachment":"scroll","background-type":"","background-media":"","overlay-type":"","overlay-color":"","overlay-opacity":"","overlay-gradient":""},"tablet":{"background-color":"","background-image":"","background-repeat":"repeat","background-position":"center center","background-size":"auto","background-attachment":"scroll","background-type":"","background-media":"","overlay-type":"","overlay-color":"","overlay-opacity":"","overlay-gradient":""},"mobile":{"background-color":"","background-image":"","background-repeat":"repeat","background-position":"center center","background-size":"auto","background-attachment":"scroll","background-type":"","background-media":"","overlay-type":"","overlay-color":"","overlay-opacity":"","overlay-gradient":""}},"ast-content-background-meta":{"desktop":{"background-color":"var(--ast-global-color-5)","background-image":"","background-repeat":"repeat","background-position":"center center","background-size":"auto","background-attachment":"scroll","background-type":"","background-media":"","overlay-type":"","overlay-color":"","overlay-opacity":"","overlay-gradient":""},"tablet":{"background-color":"var(--ast-global-color-5)","background-image":"","background-repeat":"repeat","background-position":"center center","background-size":"auto","background-attachment":"scroll","background-type":"","background-media":"","overlay-type":"","overlay-color":"","overlay-opacity":"","overlay-gradient":""},"mobile":{"background-color":"var(--ast-global-color-5)","background-image":"","background-repeat":"repeat","background-position":"center center","background-size":"auto","background-attachment":"scroll","background-type":"","background-media":"","overlay-type":"","overlay-color":"","overlay-opacity":"","overlay-gradient":""}}},"product_brand":[],"product_cat":[34],"product_tag":[],"class_list":{"0":"post-1311","1":"product","2":"type-product","3":"status-publish","4":"has-post-thumbnail","6":"product_cat-planter-pots","7":"desktop-align-center","8":"tablet-align-left","9":"mobile-align-left","11":"first","12":"instock","13":"shipping-taxable","14":"product-type-simple"},"_links":{"self":[{"href":"https:\/\/jblcorten.com\/es\/wp-json\/wp\/v2\/product\/1311","targetHints":{"allow":["GET"]}}],"collection":[{"href":"https:\/\/jblcorten.com\/es\/wp-json\/wp\/v2\/product"}],"about":[{"href":"https:\/\/jblcorten.com\/es\/wp-json\/wp\/v2\/types\/product"}],"wp:featuredmedia":[{"embeddable":true,"href":"https:\/\/jblcorten.com\/es\/wp-json\/wp\/v2\/media\/1322"}],"wp:attachment":[{"href":"https:\/\/jblcorten.com\/es\/wp-json\/wp\/v2\/media?parent=1311"}],"wp:term":[{"taxonomy":"product_brand","embeddable":true,"href":"https:\/\/jblcorten.com\/es\/wp-json\/wp\/v2\/product_brand?post=1311"},{"taxonomy":"product_cat","embeddable":true,"href":"https:\/\/jblcorten.com\/es\/wp-json\/wp\/v2\/product_cat?post=1311"},{"taxonomy":"product_tag","embeddable":true,"href":"https:\/\/jblcorten.com\/es\/wp-json\/wp\/v2\/product_tag?post=1311"}],"curies":[{"name":"wp","href":"https:\/\/api.w.org\/{rel}","templated":true}]}}