{"id":1310,"date":"2024-11-15T08:33:31","date_gmt":"2024-11-15T08:33:31","guid":{"rendered":"https:\/\/jblcorten.com\/?post_type=product&#038;p=1310"},"modified":"2025-03-20T07:08:51","modified_gmt":"2025-03-20T07:08:51","slug":"maceta-de-acero","status":"publish","type":"product","link":"https:\/\/jblcorten.com\/es\/steel-planter-pot\/","title":{"rendered":"Maceta de acero"},"content":{"rendered":"<p><span style=\"font-size: 14pt;\"><strong>Maceta de acero<\/strong><\/span><\/p>\n<p>Las macetas de acero son recipientes fabricados en acero que se utilizan para cultivar plantas. Nuestras macetas de acero est\u00e1n fabricadas en acero corten, lo que las hace resistentes y duraderas, perfectas para su uso en exteriores, en el jard\u00edn o en el patio. Las macetas de acero tienen ventajas sobre otros tipos de macetas de madera, arcilla o pl\u00e1stico. Son vers\u00e1tiles, elegantes y est\u00e1n disponibles en una gran variedad de tama\u00f1os, formas y dise\u00f1os.<\/p>\n<p><strong><span style=\"font-size: 14pt;\">Especificaci\u00f3n del producto:<\/span><\/strong><\/p>\n<table>\n<tbody>\n<tr>\n<td width=\"223\">Nombre del producto<\/td>\n<td width=\"520\">Maceta de acero<\/td>\n<\/tr>\n<tr>\n<td width=\"223\">Material<\/td>\n<td width=\"520\">Acero corten<\/td>\n<\/tr>\n<tr>\n<td width=\"223\">Espesor<\/td>\n<td width=\"520\">2,0-10 mm<\/td>\n<\/tr>\n<tr>\n<td width=\"223\">Forma<\/td>\n<td width=\"520\">Redondo<\/td>\n<\/tr>\n<tr>\n<td width=\"223\">tratamiento de superficie<\/td>\n<td width=\"520\">Negro o preoxidado<\/td>\n<\/tr>\n<tr>\n<td width=\"223\">Uso<\/td>\n<td width=\"520\">Plantas y decoraci\u00f3n<\/td>\n<\/tr>\n<tr>\n<td width=\"223\">Paquete<\/td>\n<td width=\"520\">Caja de madera<\/td>\n<\/tr>\n<tr>\n<td width=\"223\">Observaciones<\/td>\n<td width=\"520\">Cada maceta se puede personalizar en cuanto a color, tama\u00f1o y dise\u00f1o.<\/td>\n<\/tr>\n<\/tbody>\n<\/table>\n<p><strong><span style=\"font-size: 14pt;\">Detalles del producto:<\/span><\/strong><\/p>\n<p><img fetchpriority=\"high\" decoding=\"async\" class=\"alignnone wp-image-1364\" src=\"https:\/\/jblcorten.com\/wp-content\/uploads\/2024\/11\/garden-containers.jpg\" alt=\"\" width=\"750\" height=\"563\" title=\"\" srcset=\"https:\/\/jblcorten.com\/wp-content\/uploads\/2024\/11\/garden-containers.jpg 800w, https:\/\/jblcorten.com\/wp-content\/uploads\/2024\/11\/garden-containers-600x450.jpg 600w, https:\/\/jblcorten.com\/wp-content\/uploads\/2024\/11\/garden-containers-300x225.jpg 300w, https:\/\/jblcorten.com\/wp-content\/uploads\/2024\/11\/garden-containers-768x576.jpg 768w\" sizes=\"(max-width: 750px) 100vw, 750px\" \/><\/p>\n<p><img decoding=\"async\" class=\"alignnone wp-image-1362\" src=\"https:\/\/jblcorten.com\/wp-content\/uploads\/2024\/11\/plant-containers.jpg\" alt=\"\" width=\"372\" height=\"279\" title=\"\" srcset=\"https:\/\/jblcorten.com\/wp-content\/uploads\/2024\/11\/plant-containers.jpg 800w, https:\/\/jblcorten.com\/wp-content\/uploads\/2024\/11\/plant-containers-600x450.jpg 600w, https:\/\/jblcorten.com\/wp-content\/uploads\/2024\/11\/plant-containers-300x225.jpg 300w, https:\/\/jblcorten.com\/wp-content\/uploads\/2024\/11\/plant-containers-768x576.jpg 768w\" sizes=\"(max-width: 372px) 100vw, 372px\" \/> <img decoding=\"async\" class=\"alignnone wp-image-1365\" src=\"https:\/\/jblcorten.com\/wp-content\/uploads\/2024\/11\/modern-outdoor-planters.jpg\" alt=\"\" width=\"372\" height=\"279\" title=\"\" srcset=\"https:\/\/jblcorten.com\/wp-content\/uploads\/2024\/11\/modern-outdoor-planters.jpg 800w, https:\/\/jblcorten.com\/wp-content\/uploads\/2024\/11\/modern-outdoor-planters-600x450.jpg 600w, https:\/\/jblcorten.com\/wp-content\/uploads\/2024\/11\/modern-outdoor-planters-300x225.jpg 300w, https:\/\/jblcorten.com\/wp-content\/uploads\/2024\/11\/modern-outdoor-planters-768x576.jpg 768w\" sizes=\"(max-width: 372px) 100vw, 372px\" \/><\/p>\n<p><img loading=\"lazy\" decoding=\"async\" class=\"alignnone wp-image-1368\" src=\"https:\/\/jblcorten.com\/wp-content\/uploads\/2024\/11\/big-pots-for-plants.jpg\" alt=\"\" width=\"372\" height=\"495\" title=\"\" srcset=\"https:\/\/jblcorten.com\/wp-content\/uploads\/2024\/11\/big-pots-for-plants.jpg 800w, https:\/\/jblcorten.com\/wp-content\/uploads\/2024\/11\/big-pots-for-plants-600x799.jpg 600w, https:\/\/jblcorten.com\/wp-content\/uploads\/2024\/11\/big-pots-for-plants-225x300.jpg 225w, https:\/\/jblcorten.com\/wp-content\/uploads\/2024\/11\/big-pots-for-plants-769x1024.jpg 769w, https:\/\/jblcorten.com\/wp-content\/uploads\/2024\/11\/big-pots-for-plants-768x1022.jpg 768w\" sizes=\"(max-width: 372px) 100vw, 372px\" \/> <img loading=\"lazy\" decoding=\"async\" class=\"alignnone wp-image-1367\" src=\"https:\/\/jblcorten.com\/wp-content\/uploads\/2024\/11\/corten-steel-planter-pot.jpg\" alt=\"\" width=\"372\" height=\"496\" title=\"\" srcset=\"https:\/\/jblcorten.com\/wp-content\/uploads\/2024\/11\/corten-steel-planter-pot.jpg 800w, https:\/\/jblcorten.com\/wp-content\/uploads\/2024\/11\/corten-steel-planter-pot-600x800.jpg 600w, https:\/\/jblcorten.com\/wp-content\/uploads\/2024\/11\/corten-steel-planter-pot-225x300.jpg 225w, https:\/\/jblcorten.com\/wp-content\/uploads\/2024\/11\/corten-steel-planter-pot-768x1023.jpg 768w\" sizes=\"(max-width: 372px) 100vw, 372px\" \/><\/p>\n<p>&nbsp;<\/p>","protected":false},"excerpt":{"rendered":"<p>En comparaci\u00f3n con otros tipos de macetas, las macetas de acero pueden a\u00f1adir belleza a su jard\u00edn exterior o interior. Si desea embellecer su jard\u00edn con macetas duraderas y elegantes, las macetas de acero son la opci\u00f3n perfecta para usted.<\/p>","protected":false},"featured_media":1355,"template":"","meta":{"site-sidebar-layout":"default","site-content-layout":"","ast-site-content-layout":"default","site-content-style":"default","site-sidebar-style":"default","ast-global-header-display":"","ast-banner-title-visibility":"","ast-main-header-display":"","ast-hfb-above-header-display":"","ast-hfb-below-header-display":"","ast-hfb-mobile-header-display":"","site-post-title":"","ast-breadcrumbs-content":"","ast-featured-img":"","footer-sml-layout":"","ast-disable-related-posts":"","theme-transparent-header-meta":"default","adv-header-id-meta":"","stick-header-meta":"","header-above-stick-meta":"","header-main-stick-meta":"","header-below-stick-meta":"","astra-migrate-meta-layouts":"set","ast-page-background-enabled":"default","ast-page-background-meta":{"desktop":{"background-color":"var(--ast-global-color-4)","background-image":"","background-repeat":"repeat","background-position":"center center","background-size":"auto","background-attachment":"scroll","background-type":"","background-media":"","overlay-type":"","overlay-color":"","overlay-opacity":"","overlay-gradient":""},"tablet":{"background-color":"","background-image":"","background-repeat":"repeat","background-position":"center center","background-size":"auto","background-attachment":"scroll","background-type":"","background-media":"","overlay-type":"","overlay-color":"","overlay-opacity":"","overlay-gradient":""},"mobile":{"background-color":"","background-image":"","background-repeat":"repeat","background-position":"center center","background-size":"auto","background-attachment":"scroll","background-type":"","background-media":"","overlay-type":"","overlay-color":"","overlay-opacity":"","overlay-gradient":""}},"ast-content-background-meta":{"desktop":{"background-color":"var(--ast-global-color-5)","background-image":"","background-repeat":"repeat","background-position":"center center","background-size":"auto","background-attachment":"scroll","background-type":"","background-media":"","overlay-type":"","overlay-color":"","overlay-opacity":"","overlay-gradient":""},"tablet":{"background-color":"var(--ast-global-color-5)","background-image":"","background-repeat":"repeat","background-position":"center center","background-size":"auto","background-attachment":"scroll","background-type":"","background-media":"","overlay-type":"","overlay-color":"","overlay-opacity":"","overlay-gradient":""},"mobile":{"background-color":"var(--ast-global-color-5)","background-image":"","background-repeat":"repeat","background-position":"center center","background-size":"auto","background-attachment":"scroll","background-type":"","background-media":"","overlay-type":"","overlay-color":"","overlay-opacity":"","overlay-gradient":""}}},"product_brand":[],"product_cat":[34],"product_tag":[],"class_list":{"0":"post-1310","1":"product","2":"type-product","3":"status-publish","4":"has-post-thumbnail","6":"product_cat-planter-pots","7":"desktop-align-center","8":"tablet-align-left","9":"mobile-align-left","11":"first","12":"instock","13":"shipping-taxable","14":"product-type-simple"},"_links":{"self":[{"href":"https:\/\/jblcorten.com\/es\/wp-json\/wp\/v2\/product\/1310","targetHints":{"allow":["GET"]}}],"collection":[{"href":"https:\/\/jblcorten.com\/es\/wp-json\/wp\/v2\/product"}],"about":[{"href":"https:\/\/jblcorten.com\/es\/wp-json\/wp\/v2\/types\/product"}],"wp:featuredmedia":[{"embeddable":true,"href":"https:\/\/jblcorten.com\/es\/wp-json\/wp\/v2\/media\/1355"}],"wp:attachment":[{"href":"https:\/\/jblcorten.com\/es\/wp-json\/wp\/v2\/media?parent=1310"}],"wp:term":[{"taxonomy":"product_brand","embeddable":true,"href":"https:\/\/jblcorten.com\/es\/wp-json\/wp\/v2\/product_brand?post=1310"},{"taxonomy":"product_cat","embeddable":true,"href":"https:\/\/jblcorten.com\/es\/wp-json\/wp\/v2\/product_cat?post=1310"},{"taxonomy":"product_tag","embeddable":true,"href":"https:\/\/jblcorten.com\/es\/wp-json\/wp\/v2\/product_tag?post=1310"}],"curies":[{"name":"wp","href":"https:\/\/api.w.org\/{rel}","templated":true}]}}