{"id":701,"date":"2024-09-26T09:20:44","date_gmt":"2024-09-26T09:20:44","guid":{"rendered":"https:\/\/jblcorten.com\/?post_type=product&#038;p=701"},"modified":"2025-03-20T08:09:33","modified_gmt":"2025-03-20T08:09:33","slug":"corten-gartenschirme","status":"publish","type":"product","link":"https:\/\/jblcorten.com\/de_de_formal\/corten-garden-screens\/","title":{"rendered":"Corten Gartenschirme"},"content":{"rendered":"<p><strong><span style=\"font-size: 14pt;\">Corten Gartenschirme<\/span><\/strong><\/p>\n<p>Eine Gartengestaltung, die Sch\u00f6nheit, Funktionalit\u00e4t und Langlebigkeit miteinander verbindet, ist mehr als nur der Anbau von Pflanzen und Blumen. Es kann auch durch die Installation von sch\u00f6nen Gartenschirmen erreicht werden. Wenn es um die Gestaltung des Au\u00dfenbereichs geht, k\u00f6nnen Corten-Gartenschirme Ihren Garten auf die n\u00e4chste Stufe heben.<\/p>\n<p>Cortenstahl ist eine Stahlsorte, die bei Bewitterung ein rost\u00e4hnliches Aussehen entwickelt. Dadurch entsteht ein einzigartiges, nat\u00fcrliches Aussehen, das gut zur Au\u00dfenwelt passt. Die Vorteile von Corten-Stahl gehen \u00fcber sein Aussehen hinaus. Dieser Stahl ist auch extrem haltbar und h\u00e4lt einer Vielzahl von Witterungsbedingungen im Freien stand.<\/p>\n<p>Corten-Gartenschirme k\u00f6nnen verwendet werden, um verschiedene Bereiche Ihres Au\u00dfenbereichs zu unterteilen. Sie k\u00f6nnen als Z\u00e4une, Trennw\u00e4nde oder sogar als dekorative Wandelemente verwendet werden, um Ihrem Garten Tiefe und Struktur zu verleihen. Dar\u00fcber hinaus sind unsere Gartenschirme in einer Vielzahl von verschiedenen Designs und Gr\u00f6\u00dfen erh\u00e4ltlich, und Sie k\u00f6nnen aus einer Vielzahl von Mustern w\u00e4hlen, einschlie\u00dflich floraler, geometrischer und abstrakter Designs.<\/p>\n<p><strong><span style=\"font-size: 14pt;\">Corten Garden Screens Spezifikation:<\/span><\/strong><\/p>\n<table style=\"width: 100%;\">\n<tbody>\n<tr>\n<td style=\"width: 22.6627%;\" width=\"284\">Produktname<\/td>\n<td style=\"width: 77.2625%;\" width=\"284\">Corten Gartenschirme<\/td>\n<\/tr>\n<tr>\n<td style=\"width: 22.6627%;\" width=\"284\">Material<\/td>\n<td style=\"width: 77.2625%;\" width=\"284\">Cortenstahl<\/td>\n<\/tr>\n<tr>\n<td style=\"width: 22.6627%;\" width=\"284\">Farbe<\/td>\n<td style=\"width: 77.2625%;\" width=\"284\">Rostrot<\/td>\n<\/tr>\n<tr>\n<td style=\"width: 22.6627%;\" width=\"284\">Technik<\/td>\n<td style=\"width: 77.2625%;\" width=\"284\">Laserschneiden und Biegen<\/td>\n<\/tr>\n<tr>\n<td style=\"width: 22.6627%;\" width=\"284\">Gr\u00f6\u00dfe<\/td>\n<td style=\"width: 77.2625%;\" width=\"284\">Kundenspezifisch<\/td>\n<\/tr>\n<tr>\n<td style=\"width: 22.6627%;\" width=\"284\">Form<\/td>\n<td style=\"width: 77.2625%;\" width=\"284\">Rechteckig<\/td>\n<\/tr>\n<\/tbody>\n<\/table>\n<p><strong><span style=\"font-size: 14pt;\">Unsere technischen Dienstleistungen:<\/span><\/strong><\/p>\n<p>Laserschneiden, Biegen, Schwei\u00dfen, Gravieren, Montieren, Verpacken<\/p>\n<p><img fetchpriority=\"high\" decoding=\"async\" class=\"alignnone wp-image-2424\" src=\"https:\/\/jblcorten.com\/wp-content\/uploads\/2024\/09\/garden-screen-panel.jpg\" alt=\"\" width=\"750\" height=\"567\" title=\"\" srcset=\"https:\/\/jblcorten.com\/wp-content\/uploads\/2024\/09\/garden-screen-panel.jpg 719w, https:\/\/jblcorten.com\/wp-content\/uploads\/2024\/09\/garden-screen-panel-600x454.jpg 600w, https:\/\/jblcorten.com\/wp-content\/uploads\/2024\/09\/garden-screen-panel-300x227.jpg 300w, https:\/\/jblcorten.com\/wp-content\/uploads\/2024\/09\/garden-screen-panel-16x12.jpg 16w\" sizes=\"(max-width: 750px) 100vw, 750px\" \/><\/p>\n<p><strong><span style=\"font-size: 14pt;\">Einzelheiten zum Produkt:<\/span><\/strong><\/p>\n<p><img decoding=\"async\" class=\"alignnone wp-image-2429 size-full\" src=\"https:\/\/jblcorten.com\/wp-content\/uploads\/2024\/09\/bamboo-privacy-screen.png\" alt=\"\" width=\"750\" height=\"484\" title=\"\" srcset=\"https:\/\/jblcorten.com\/wp-content\/uploads\/2024\/09\/bamboo-privacy-screen.png 750w, https:\/\/jblcorten.com\/wp-content\/uploads\/2024\/09\/bamboo-privacy-screen-600x387.png 600w, https:\/\/jblcorten.com\/wp-content\/uploads\/2024\/09\/bamboo-privacy-screen-300x194.png 300w, https:\/\/jblcorten.com\/wp-content\/uploads\/2024\/09\/bamboo-privacy-screen-18x12.png 18w\" sizes=\"(max-width: 750px) 100vw, 750px\" \/><\/p>\n<p><img decoding=\"async\" class=\"alignnone wp-image-2428\" src=\"https:\/\/jblcorten.com\/wp-content\/uploads\/2024\/09\/metal-privacy-screen-scaled.jpg\" alt=\"\" width=\"750\" height=\"563\" title=\"\" srcset=\"https:\/\/jblcorten.com\/wp-content\/uploads\/2024\/09\/metal-privacy-screen-scaled.jpg 2560w, https:\/\/jblcorten.com\/wp-content\/uploads\/2024\/09\/metal-privacy-screen-scaled-600x450.jpg 600w, https:\/\/jblcorten.com\/wp-content\/uploads\/2024\/09\/metal-privacy-screen-300x225.jpg 300w, https:\/\/jblcorten.com\/wp-content\/uploads\/2024\/09\/metal-privacy-screen-1024x768.jpg 1024w, https:\/\/jblcorten.com\/wp-content\/uploads\/2024\/09\/metal-privacy-screen-768x576.jpg 768w, https:\/\/jblcorten.com\/wp-content\/uploads\/2024\/09\/metal-privacy-screen-1536x1152.jpg 1536w, https:\/\/jblcorten.com\/wp-content\/uploads\/2024\/09\/metal-privacy-screen-2048x1536.jpg 2048w, https:\/\/jblcorten.com\/wp-content\/uploads\/2024\/09\/metal-privacy-screen-16x12.jpg 16w\" sizes=\"(max-width: 750px) 100vw, 750px\" \/><\/p>\n<p><img loading=\"lazy\" decoding=\"async\" class=\"alignnone wp-image-2426 size-full\" src=\"https:\/\/jblcorten.com\/wp-content\/uploads\/2024\/09\/metal-garden-screens.jpg\" alt=\"\" width=\"750\" height=\"553\" title=\"\" srcset=\"https:\/\/jblcorten.com\/wp-content\/uploads\/2024\/09\/metal-garden-screens.jpg 750w, https:\/\/jblcorten.com\/wp-content\/uploads\/2024\/09\/metal-garden-screens-600x442.jpg 600w, https:\/\/jblcorten.com\/wp-content\/uploads\/2024\/09\/metal-garden-screens-300x221.jpg 300w, https:\/\/jblcorten.com\/wp-content\/uploads\/2024\/09\/metal-garden-screens-16x12.jpg 16w\" sizes=\"(max-width: 750px) 100vw, 750px\" \/><\/p>\n<p>&nbsp;<\/p>","protected":false},"excerpt":{"rendered":"<p>Wenn Sie einen sch\u00f6nen und einzigartigen Au\u00dfenbereich schaffen wollen, sollten Sie die Verwendung von Corten-Gartenschirmen in Betracht ziehen.<\/p>\n<p>Sie verleihen Ihrem Garten Tiefe, Textur und W\u00e4rme und sind eine dauerhafte und kosteng\u00fcnstige L\u00f6sung.<\/p>","protected":false},"featured_media":1459,"template":"","meta":{"site-sidebar-layout":"default","site-content-layout":"","ast-site-content-layout":"default","site-content-style":"default","site-sidebar-style":"default","ast-global-header-display":"","ast-banner-title-visibility":"","ast-main-header-display":"","ast-hfb-above-header-display":"","ast-hfb-below-header-display":"","ast-hfb-mobile-header-display":"","site-post-title":"","ast-breadcrumbs-content":"","ast-featured-img":"","footer-sml-layout":"","ast-disable-related-posts":"","theme-transparent-header-meta":"default","adv-header-id-meta":"","stick-header-meta":"","header-above-stick-meta":"","header-main-stick-meta":"","header-below-stick-meta":"","astra-migrate-meta-layouts":"set","ast-page-background-enabled":"default","ast-page-background-meta":{"desktop":{"background-color":"var(--ast-global-color-4)","background-image":"","background-repeat":"repeat","background-position":"center center","background-size":"auto","background-attachment":"scroll","background-type":"","background-media":"","overlay-type":"","overlay-color":"","overlay-opacity":"","overlay-gradient":""},"tablet":{"background-color":"","background-image":"","background-repeat":"repeat","background-position":"center center","background-size":"auto","background-attachment":"scroll","background-type":"","background-media":"","overlay-type":"","overlay-color":"","overlay-opacity":"","overlay-gradient":""},"mobile":{"background-color":"","background-image":"","background-repeat":"repeat","background-position":"center center","background-size":"auto","background-attachment":"scroll","background-type":"","background-media":"","overlay-type":"","overlay-color":"","overlay-opacity":"","overlay-gradient":""}},"ast-content-background-meta":{"desktop":{"background-color":"var(--ast-global-color-5)","background-image":"","background-repeat":"repeat","background-position":"center center","background-size":"auto","background-attachment":"scroll","background-type":"","background-media":"","overlay-type":"","overlay-color":"","overlay-opacity":"","overlay-gradient":""},"tablet":{"background-color":"var(--ast-global-color-5)","background-image":"","background-repeat":"repeat","background-position":"center center","background-size":"auto","background-attachment":"scroll","background-type":"","background-media":"","overlay-type":"","overlay-color":"","overlay-opacity":"","overlay-gradient":""},"mobile":{"background-color":"var(--ast-global-color-5)","background-image":"","background-repeat":"repeat","background-position":"center center","background-size":"auto","background-attachment":"scroll","background-type":"","background-media":"","overlay-type":"","overlay-color":"","overlay-opacity":"","overlay-gradient":""}}},"product_brand":[],"product_cat":[31],"product_tag":[],"class_list":{"0":"post-701","1":"product","2":"type-product","3":"status-publish","4":"has-post-thumbnail","6":"product_cat-garden-screens","7":"desktop-align-center","8":"tablet-align-left","9":"mobile-align-left","11":"first","12":"instock","13":"featured","14":"shipping-taxable","15":"product-type-simple"},"_links":{"self":[{"href":"https:\/\/jblcorten.com\/de_de_formal\/wp-json\/wp\/v2\/product\/701","targetHints":{"allow":["GET"]}}],"collection":[{"href":"https:\/\/jblcorten.com\/de_de_formal\/wp-json\/wp\/v2\/product"}],"about":[{"href":"https:\/\/jblcorten.com\/de_de_formal\/wp-json\/wp\/v2\/types\/product"}],"wp:featuredmedia":[{"embeddable":true,"href":"https:\/\/jblcorten.com\/de_de_formal\/wp-json\/wp\/v2\/media\/1459"}],"wp:attachment":[{"href":"https:\/\/jblcorten.com\/de_de_formal\/wp-json\/wp\/v2\/media?parent=701"}],"wp:term":[{"taxonomy":"product_brand","embeddable":true,"href":"https:\/\/jblcorten.com\/de_de_formal\/wp-json\/wp\/v2\/product_brand?post=701"},{"taxonomy":"product_cat","embeddable":true,"href":"https:\/\/jblcorten.com\/de_de_formal\/wp-json\/wp\/v2\/product_cat?post=701"},{"taxonomy":"product_tag","embeddable":true,"href":"https:\/\/jblcorten.com\/de_de_formal\/wp-json\/wp\/v2\/product_tag?post=701"}],"curies":[{"name":"wp","href":"https:\/\/api.w.org\/{rel}","templated":true}]}}