{"id":679,"date":"2024-09-25T09:59:37","date_gmt":"2024-09-25T09:59:37","guid":{"rendered":"https:\/\/jblcorten.com\/?post_type=product&#038;p=679"},"modified":"2025-03-20T08:31:35","modified_gmt":"2025-03-20T08:31:35","slug":"dekorative-gartenschirme","status":"publish","type":"product","link":"https:\/\/jblcorten.com\/de_de_formal\/decorative-garden-screens\/","title":{"rendered":"Dekorative Gartenschirme"},"content":{"rendered":"<p>Dekorative Gartenschirme k\u00f6nnen jeden Au\u00dfenbereich in eine sch\u00f6ne Landschaft verwandeln. Sie werden h\u00e4ufig verwendet, um Privatsph\u00e4re zu schaffen, Trennw\u00e4nde zu errichten oder einer Gartenmauer Struktur zu verleihen. Wenn sie als Gartenwanddekoration verwendet werden, k\u00f6nnen sie au\u00dferdem mit Lichtern versehen werden, um bei Nacht einen anderen Effekt zu erzielen.<\/p>\n<p>Mit der zunehmenden Nachfrage nach Lebensraum im Freien sind dekorative Gartenschirme zu einem wesentlichen Element der modernen Gartengestaltung geworden. Metallgitter, wie z. B. Cortenstahl, sind wegen ihrer Haltbarkeit und Wartungsfreiheit sehr beliebt. Sie k\u00f6nnen in einer Vielzahl von Mustern und Stilen gestaltet werden, um eine Gartenmauer oder einen Zaun optisch aufzuwerten.<\/p>\n<p><strong><span style=\"font-size: 14pt;\">Dekorative Gartenschirme Spezifikation:<\/span><\/strong><\/p>\n<table class=\"has-title all magic-11\">\n<tbody>\n<tr>\n<td>\n<div class=\"magic-12\" data-spm-anchor-id=\"a2700.details.0.i39.28c95b87OsAW1C\"><span style=\"font-size: medium;\">Produktname<\/span><\/div>\n<\/td>\n<td>\n<div class=\"magic-13\">Dekorative Gartenschirme<\/div>\n<\/td>\n<\/tr>\n<tr>\n<td>\n<div class=\"magic-14\"><span style=\"font-size: medium;\">Material<\/span><\/div>\n<\/td>\n<td>\n<div class=\"magic-15\"><span style=\"font-size: medium;\">Cortenstahl<\/span><\/div>\n<\/td>\n<\/tr>\n<tr>\n<td>\n<div class=\"magic-14\"><span style=\"font-size: medium;\">Farbe<\/span><\/div>\n<\/td>\n<td>\n<div class=\"magic-15\"><span style=\"font-size: medium;\">Original oder rostrot<\/span><\/div>\n<\/td>\n<\/tr>\n<tr>\n<td>\n<div class=\"magic-14\"><span style=\"font-size: medium;\">Gr\u00f6\u00dfe<\/span><\/div>\n<\/td>\n<td>\n<div class=\"magic-15\"><span style=\"font-size: medium;\">1500mm*100mm*10mm oder als kundenspezifische Anforderung<\/span><\/div>\n<\/td>\n<\/tr>\n<tr>\n<td>\n<div class=\"magic-14\"><span style=\"font-size: medium;\">Anmeldung<\/span><\/div>\n<\/td>\n<td>\n<div class=\"magic-15\"><span style=\"font-size: medium;\">Wandvorhang, Gartengitter, Zaunpaneele<\/span><\/div>\n<\/td>\n<\/tr>\n<\/tbody>\n<\/table>\n<p><span style=\"font-size: 14pt;\"><strong>Warum die dekorativen Gartenschirme w\u00e4hlen?<\/strong><\/span><\/p>\n<p>Dekorative Gartenschirme k\u00f6nnen bei der Gartengestaltung unterschiedliche Rollen spielen.<\/p>\n<ul>\n<li>Schaffen Sie Privatsph\u00e4re: Gartenschirme werden am Zaun angebracht, um die Sicht auf benachbarte H\u00e4user oder Stra\u00dfen zu versperren, w\u00e4hrend gleichzeitig nat\u00fcrliches Licht in den Au\u00dfenbereich eindringen kann.<\/li>\n<li>Raum zum Trennen schaffen: Paravents k\u00f6nnen in verschiedenen Bereichen des Gartens aufgestellt werden, z. B. in Essbereichen im Freien oder in Leseecken.<\/li>\n<li>Dekorieren Sie die Wand: Durch die Montage eines dekorativen Gartenschirms an einer Wand und die Installation eines Nachtlichts kann der Schirm als Hintergrund f\u00fcr die Au\u00dfenbeleuchtung verwendet werden, wodurch ein dramatischer und beeindruckender Lichteffekt bei Nacht entsteht.<\/li>\n<\/ul>\n<p><span style=\"font-size: 14pt;\"><strong>Einzelheiten zum Produkt:<\/strong><\/span><\/p>\n<p><img fetchpriority=\"high\" decoding=\"async\" class=\"alignnone wp-image-2429 size-full\" src=\"https:\/\/jblcorten.com\/wp-content\/uploads\/2024\/09\/bamboo-privacy-screen.png\" alt=\"\" width=\"750\" height=\"484\" title=\"\" srcset=\"https:\/\/jblcorten.com\/wp-content\/uploads\/2024\/09\/bamboo-privacy-screen.png 750w, https:\/\/jblcorten.com\/wp-content\/uploads\/2024\/09\/bamboo-privacy-screen-600x387.png 600w, https:\/\/jblcorten.com\/wp-content\/uploads\/2024\/09\/bamboo-privacy-screen-300x194.png 300w, https:\/\/jblcorten.com\/wp-content\/uploads\/2024\/09\/bamboo-privacy-screen-18x12.png 18w\" sizes=\"(max-width: 750px) 100vw, 750px\" \/><\/p>\n<p><strong><span style=\"font-size: 14pt;\">FAQ:<\/span><\/strong><\/p>\n<p>1.Q.Wof\u00fcr werden lasergeschnittene dekorative Bildschirme verwendet?<br \/>\nA. Unsere Sichtschutzw\u00e4nde sind vielseitig einsetzbar: Ob Sie lasergeschnittene Sichtschutzw\u00e4nde, lasergeschnittene Zaunabdeckungen, dekorative Poolz\u00e4une oder lasergeschnittene W\u00e4nde ben\u00f6tigen, wir haben eine L\u00f6sung f\u00fcr Sie.<\/p>\n<p>2.Q:Sind Sie ein Handelsunternehmen oder ein Hersteller?<br \/>\nA: Wir haben unsere eigene Fabrik.<\/p>\n<p>3.Q: Machen Sie ma\u00dfgeschneiderte Produkte auf der Grundlage unserer Design-Zeichnungen oder Ideen?<br \/>\nA: Ja, wir sind ein professioneller Hersteller von Cortenstahl und verf\u00fcgen \u00fcber ein erfahrenes Ingenieurteam, das ma\u00dfgeschneiderte Produkte nach den Zeichnungen und Ideen der Kunden herstellt.<\/p>","protected":false},"excerpt":{"rendered":"<p>Dekorative Gartenschirme sind ein wesentliches Element der modernen Gartengestaltung. Sie k\u00f6nnen Sichtschutz bieten, Trennw\u00e4nde schaffen, Gartenmauern strukturieren und vieles mehr.<\/p>\n<p>Mit einer gro\u00dfen Auswahl an Stilen, Texturen und Designs bieten Gartenschirme unendliche M\u00f6glichkeiten, um jeden Au\u00dfenbereich in einen sch\u00f6nen Veranstaltungsort zu verwandeln.<\/p>","protected":false},"featured_media":2422,"template":"","meta":{"site-sidebar-layout":"default","site-content-layout":"","ast-site-content-layout":"default","site-content-style":"default","site-sidebar-style":"default","ast-global-header-display":"","ast-banner-title-visibility":"","ast-main-header-display":"","ast-hfb-above-header-display":"","ast-hfb-below-header-display":"","ast-hfb-mobile-header-display":"","site-post-title":"","ast-breadcrumbs-content":"","ast-featured-img":"","footer-sml-layout":"","ast-disable-related-posts":"","theme-transparent-header-meta":"default","adv-header-id-meta":"","stick-header-meta":"","header-above-stick-meta":"","header-main-stick-meta":"","header-below-stick-meta":"","astra-migrate-meta-layouts":"set","ast-page-background-enabled":"default","ast-page-background-meta":{"desktop":{"background-color":"var(--ast-global-color-4)","background-image":"","background-repeat":"repeat","background-position":"center center","background-size":"auto","background-attachment":"scroll","background-type":"","background-media":"","overlay-type":"","overlay-color":"","overlay-opacity":"","overlay-gradient":""},"tablet":{"background-color":"","background-image":"","background-repeat":"repeat","background-position":"center center","background-size":"auto","background-attachment":"scroll","background-type":"","background-media":"","overlay-type":"","overlay-color":"","overlay-opacity":"","overlay-gradient":""},"mobile":{"background-color":"","background-image":"","background-repeat":"repeat","background-position":"center center","background-size":"auto","background-attachment":"scroll","background-type":"","background-media":"","overlay-type":"","overlay-color":"","overlay-opacity":"","overlay-gradient":""}},"ast-content-background-meta":{"desktop":{"background-color":"var(--ast-global-color-5)","background-image":"","background-repeat":"repeat","background-position":"center center","background-size":"auto","background-attachment":"scroll","background-type":"","background-media":"","overlay-type":"","overlay-color":"","overlay-opacity":"","overlay-gradient":""},"tablet":{"background-color":"var(--ast-global-color-5)","background-image":"","background-repeat":"repeat","background-position":"center center","background-size":"auto","background-attachment":"scroll","background-type":"","background-media":"","overlay-type":"","overlay-color":"","overlay-opacity":"","overlay-gradient":""},"mobile":{"background-color":"var(--ast-global-color-5)","background-image":"","background-repeat":"repeat","background-position":"center center","background-size":"auto","background-attachment":"scroll","background-type":"","background-media":"","overlay-type":"","overlay-color":"","overlay-opacity":"","overlay-gradient":""}}},"product_brand":[],"product_cat":[31],"product_tag":[],"class_list":{"0":"post-679","1":"product","2":"type-product","3":"status-publish","4":"has-post-thumbnail","6":"product_cat-garden-screens","7":"desktop-align-center","8":"tablet-align-left","9":"mobile-align-left","11":"first","12":"instock","13":"shipping-taxable","14":"product-type-simple"},"_links":{"self":[{"href":"https:\/\/jblcorten.com\/de_de_formal\/wp-json\/wp\/v2\/product\/679","targetHints":{"allow":["GET"]}}],"collection":[{"href":"https:\/\/jblcorten.com\/de_de_formal\/wp-json\/wp\/v2\/product"}],"about":[{"href":"https:\/\/jblcorten.com\/de_de_formal\/wp-json\/wp\/v2\/types\/product"}],"wp:featuredmedia":[{"embeddable":true,"href":"https:\/\/jblcorten.com\/de_de_formal\/wp-json\/wp\/v2\/media\/2422"}],"wp:attachment":[{"href":"https:\/\/jblcorten.com\/de_de_formal\/wp-json\/wp\/v2\/media?parent=679"}],"wp:term":[{"taxonomy":"product_brand","embeddable":true,"href":"https:\/\/jblcorten.com\/de_de_formal\/wp-json\/wp\/v2\/product_brand?post=679"},{"taxonomy":"product_cat","embeddable":true,"href":"https:\/\/jblcorten.com\/de_de_formal\/wp-json\/wp\/v2\/product_cat?post=679"},{"taxonomy":"product_tag","embeddable":true,"href":"https:\/\/jblcorten.com\/de_de_formal\/wp-json\/wp\/v2\/product_tag?post=679"}],"curies":[{"name":"wp","href":"https:\/\/api.w.org\/{rel}","templated":true}]}}