{"id":672,"date":"2024-09-25T09:15:00","date_gmt":"2024-09-25T09:15:00","guid":{"rendered":"https:\/\/jblcorten.com\/?post_type=product&#038;p=672"},"modified":"2025-03-20T08:48:55","modified_gmt":"2025-03-20T08:48:55","slug":"wasserspiel-aus-cortenstahl","status":"publish","type":"product","link":"https:\/\/jblcorten.com\/de_de_formal\/corten-steel-water-feature\/","title":{"rendered":"Wasserspiel aus Cortenstahl"},"content":{"rendered":"<p>Wenn es um Dekoration im Freien geht, sind Wasserspiele oft eine beliebte Wahl. Ob es sich um einen kleinen Brunnen oder einen Wasservorhang handelt, das beruhigende Ger\u00e4usch von Wasser kann jedem Raum eine beruhigende Atmosph\u00e4re verleihen. Die von uns hergestellten Wasserspiele sind in der Regel aus Cortenstahl gefertigt.<\/p>\n<p><strong>Cortenstahl Material:<\/strong><\/p>\n<p>Cortenstahl, auch als wetterfester Stahl bekannt, ist eine Stahlsorte, die Rost bildet, wenn sie den Elementen ausgesetzt wird. Diese einzigartige Eigenschaft sorgt nicht nur f\u00fcr ein sch\u00f6nes, nat\u00fcrliches Aussehen, sondern bildet auch eine Schutzschicht f\u00fcr den Stahl, die ihn sehr haltbar und korrosionsbest\u00e4ndig macht. In Verbindung mit Wasser erzeugt Cortenstahl einen eindrucksvollen Kontrast zwischen verrostetem Metall und flie\u00dfendem Wasser.<\/p>\n<p><span style=\"font-size: 14pt;\"><strong>Produktspezifikation:<\/strong><\/span><\/p>\n<table style=\"width: 100%;\" width=\"1178\">\n<tbody>\n<tr>\n<td style=\"width: 23.9342%;\" width=\"284\">Name des Produkts<\/td>\n<td style=\"width: 75.991%;\" width=\"284\">Wasserspiel aus Cortenstahl<\/td>\n<\/tr>\n<tr>\n<td style=\"width: 23.9342%;\" width=\"284\">L\u00e4nge<\/td>\n<td style=\"width: 75.991%;\" width=\"284\">800mm oder nach Ihren Anforderungen.<\/td>\n<\/tr>\n<tr>\n<td style=\"width: 23.9342%;\" width=\"284\">H\u00f6he<\/td>\n<td style=\"width: 75.991%;\" width=\"284\">300-500mm, oder wie Ihre Anforderung.<\/td>\n<\/tr>\n<tr>\n<td style=\"width: 23.9342%;\" width=\"284\">Form<\/td>\n<td style=\"width: 75.991%;\" width=\"284\">Rechteckig, quadratisch, rund, usw.<\/td>\n<\/tr>\n<tr>\n<td style=\"width: 23.9342%;\" width=\"284\">Material<\/td>\n<td style=\"width: 75.991%;\" width=\"284\">Cortenstahl<\/td>\n<\/tr>\n<tr>\n<td style=\"width: 23.9342%;\" width=\"284\">Farbe<\/td>\n<td style=\"width: 75.991%;\" width=\"284\">Rostig rot<\/td>\n<\/tr>\n<tr>\n<td style=\"width: 23.9342%;\" width=\"284\">Gebraucht<\/td>\n<td style=\"width: 75.991%;\" width=\"284\">Gartendekorationen f\u00fcr drau\u00dfen.<\/td>\n<\/tr>\n<\/tbody>\n<\/table>\n<p><span style=\"font-size: 14pt;\"><strong>Einzelheiten zum Produkt:<\/strong><\/span><\/p>\n<p><img fetchpriority=\"high\" decoding=\"async\" class=\"alignnone wp-image-2437\" src=\"https:\/\/jblcorten.com\/wp-content\/uploads\/2024\/09\/pond-fountains-for-sale.jpg\" alt=\"\" width=\"700\" height=\"629\" title=\"\" srcset=\"https:\/\/jblcorten.com\/wp-content\/uploads\/2024\/09\/pond-fountains-for-sale.jpg 570w, https:\/\/jblcorten.com\/wp-content\/uploads\/2024\/09\/pond-fountains-for-sale-300x269.jpg 300w, https:\/\/jblcorten.com\/wp-content\/uploads\/2024\/09\/pond-fountains-for-sale-13x12.jpg 13w\" sizes=\"(max-width: 700px) 100vw, 700px\" \/><\/p>\n<p><img decoding=\"async\" class=\"alignnone wp-image-2436\" src=\"https:\/\/jblcorten.com\/wp-content\/uploads\/2024\/09\/garden-fountains-for-sale.jpg\" alt=\"\" width=\"700\" height=\"456\" title=\"\" srcset=\"https:\/\/jblcorten.com\/wp-content\/uploads\/2024\/09\/garden-fountains-for-sale.jpg 500w, https:\/\/jblcorten.com\/wp-content\/uploads\/2024\/09\/garden-fountains-for-sale-300x196.jpg 300w, https:\/\/jblcorten.com\/wp-content\/uploads\/2024\/09\/garden-fountains-for-sale-18x12.jpg 18w\" sizes=\"(max-width: 700px) 100vw, 700px\" \/><\/p>","protected":false},"excerpt":{"rendered":"<p>Das Wasserspiel ist aus Cortenstahl gefertigt und eignet sich f\u00fcr Balkone, Terrassen oder G\u00e4rten.<\/p>\n<p>Das Wasserspiel aus Cortenstahl muss nur an die Stromversorgung angeschlossen und mit der internen Wasserleitung verbunden werden und ist dann sofort einsatzbereit.<\/p>","protected":false},"featured_media":2430,"template":"","meta":{"site-sidebar-layout":"default","site-content-layout":"","ast-site-content-layout":"default","site-content-style":"default","site-sidebar-style":"default","ast-global-header-display":"","ast-banner-title-visibility":"","ast-main-header-display":"","ast-hfb-above-header-display":"","ast-hfb-below-header-display":"","ast-hfb-mobile-header-display":"","site-post-title":"","ast-breadcrumbs-content":"","ast-featured-img":"","footer-sml-layout":"","ast-disable-related-posts":"","theme-transparent-header-meta":"default","adv-header-id-meta":"","stick-header-meta":"","header-above-stick-meta":"","header-main-stick-meta":"","header-below-stick-meta":"","astra-migrate-meta-layouts":"set","ast-page-background-enabled":"default","ast-page-background-meta":{"desktop":{"background-color":"var(--ast-global-color-4)","background-image":"","background-repeat":"repeat","background-position":"center center","background-size":"auto","background-attachment":"scroll","background-type":"","background-media":"","overlay-type":"","overlay-color":"","overlay-opacity":"","overlay-gradient":""},"tablet":{"background-color":"","background-image":"","background-repeat":"repeat","background-position":"center center","background-size":"auto","background-attachment":"scroll","background-type":"","background-media":"","overlay-type":"","overlay-color":"","overlay-opacity":"","overlay-gradient":""},"mobile":{"background-color":"","background-image":"","background-repeat":"repeat","background-position":"center center","background-size":"auto","background-attachment":"scroll","background-type":"","background-media":"","overlay-type":"","overlay-color":"","overlay-opacity":"","overlay-gradient":""}},"ast-content-background-meta":{"desktop":{"background-color":"var(--ast-global-color-5)","background-image":"","background-repeat":"repeat","background-position":"center center","background-size":"auto","background-attachment":"scroll","background-type":"","background-media":"","overlay-type":"","overlay-color":"","overlay-opacity":"","overlay-gradient":""},"tablet":{"background-color":"var(--ast-global-color-5)","background-image":"","background-repeat":"repeat","background-position":"center center","background-size":"auto","background-attachment":"scroll","background-type":"","background-media":"","overlay-type":"","overlay-color":"","overlay-opacity":"","overlay-gradient":""},"mobile":{"background-color":"var(--ast-global-color-5)","background-image":"","background-repeat":"repeat","background-position":"center center","background-size":"auto","background-attachment":"scroll","background-type":"","background-media":"","overlay-type":"","overlay-color":"","overlay-opacity":"","overlay-gradient":""}}},"product_brand":[],"product_cat":[40],"product_tag":[],"class_list":{"0":"post-672","1":"product","2":"type-product","3":"status-publish","4":"has-post-thumbnail","6":"product_cat-water-feature","7":"desktop-align-center","8":"tablet-align-left","9":"mobile-align-left","11":"first","12":"instock","13":"shipping-taxable","14":"product-type-simple"},"_links":{"self":[{"href":"https:\/\/jblcorten.com\/de_de_formal\/wp-json\/wp\/v2\/product\/672","targetHints":{"allow":["GET"]}}],"collection":[{"href":"https:\/\/jblcorten.com\/de_de_formal\/wp-json\/wp\/v2\/product"}],"about":[{"href":"https:\/\/jblcorten.com\/de_de_formal\/wp-json\/wp\/v2\/types\/product"}],"wp:featuredmedia":[{"embeddable":true,"href":"https:\/\/jblcorten.com\/de_de_formal\/wp-json\/wp\/v2\/media\/2430"}],"wp:attachment":[{"href":"https:\/\/jblcorten.com\/de_de_formal\/wp-json\/wp\/v2\/media?parent=672"}],"wp:term":[{"taxonomy":"product_brand","embeddable":true,"href":"https:\/\/jblcorten.com\/de_de_formal\/wp-json\/wp\/v2\/product_brand?post=672"},{"taxonomy":"product_cat","embeddable":true,"href":"https:\/\/jblcorten.com\/de_de_formal\/wp-json\/wp\/v2\/product_cat?post=672"},{"taxonomy":"product_tag","embeddable":true,"href":"https:\/\/jblcorten.com\/de_de_formal\/wp-json\/wp\/v2\/product_tag?post=672"}],"curies":[{"name":"wp","href":"https:\/\/api.w.org\/{rel}","templated":true}]}}