{"id":382,"date":"2024-08-21T09:46:50","date_gmt":"2024-08-21T09:46:50","guid":{"rendered":"https:\/\/jblcorten.com\/?post_type=product&#038;p=382"},"modified":"2025-03-21T01:57:56","modified_gmt":"2025-03-21T01:57:56","slug":"cortenstahl-grill","status":"publish","type":"product","link":"https:\/\/jblcorten.com\/de_de_formal\/corten-steel-bbq-grill\/","title":{"rendered":"Cortenstahl BBQ-Grill"},"content":{"rendered":"<p><span style=\"font-size: 14pt;\"><strong>Cortenstahl BBQ-Grill<\/strong><\/span><\/p>\n<p><span style=\"color: #000000;\">This grill is made from high-quality corten steel, which is a special type of steel. Unlike traditional steel, which can rust and corrode easily when exposed to moisture, corten steel develops a protective rust-proof layer that helps prevent further damage.<\/span><\/p>\n<p><span style=\"color: #000000;\">Our bbq grills themselves are made of corten steel, and the grill pans are made of carbon steel, which has very good thermal conductivity and is able to dissipate heat quickly and evenly. This is essential for even heating during grilling, helping to ensure that food is evenly cooked.<\/span><\/p>\n<p><span style=\"font-size: 14pt;\"><strong><span style=\"color: #000000;\">Produktspezifikation:<\/span><\/strong><\/span><\/p>\n<table class=\"all magic-13\" style=\"height: 222px;\" width=\"956\">\n<tbody>\n<tr>\n<td colspan=\"1\" rowspan=\"1\">\n<div class=\"magic-14\" data-spm-anchor-id=\"a2700.details.0.i39.15d757daizIfsu\"><span style=\"color: #000000;\">Produktname<\/span><\/div>\n<\/td>\n<td colspan=\"1\" rowspan=\"1\">\n<div class=\"magic-15\"><span style=\"color: #000000;\">Cortenstahl BBQ-Grill<\/span><\/div>\n<\/td>\n<\/tr>\n<tr>\n<td colspan=\"1\" rowspan=\"1\">\n<div class=\"magic-14\"><span style=\"color: #000000;\">Farbe<\/span><\/div>\n<\/td>\n<td colspan=\"1\" rowspan=\"1\">\n<div class=\"magic-15\"><span style=\"color: #000000;\">Verrostet oder lackiert<\/span><\/div>\n<\/td>\n<\/tr>\n<tr>\n<td colspan=\"1\" rowspan=\"1\">\n<div class=\"magic-14\"><span style=\"color: #000000;\">Gr\u00f6\u00dfe<\/span><\/div>\n<\/td>\n<td colspan=\"1\" rowspan=\"1\">\n<div class=\"magic-15\"><span style=\"color: #000000;\">800mm, 1000mm, Standard oder kundenspezifisch<\/span><\/div>\n<\/td>\n<\/tr>\n<tr>\n<td colspan=\"1\" rowspan=\"1\">\n<div class=\"magic-14\"><span style=\"color: #000000;\">Logo<\/span><\/div>\n<\/td>\n<td colspan=\"1\" rowspan=\"1\">\n<div class=\"magic-15\"><span style=\"color: #000000;\">Customizable<\/span><\/div>\n<\/td>\n<\/tr>\n<tr>\n<td colspan=\"1\" rowspan=\"1\">\n<div class=\"magic-14\"><span style=\"color: #000000;\">Material<\/span><\/div>\n<\/td>\n<td colspan=\"1\" rowspan=\"1\">\n<div class=\"magic-15\"><span style=\"color: #000000;\">Corten steel,mild steel,stainless,etc.<\/span><\/div>\n<\/td>\n<\/tr>\n<\/tbody>\n<\/table>\n<p><span style=\"font-size: 14pt;\"><strong><span style=\"color: #000000;\">Einzelheiten zum Produkt:<\/span><\/strong><\/span><\/p>\n<p>This corten steel bbq grill is portable. Disassembling and installing the bbq grill is easy.<\/p>\n<p><img fetchpriority=\"high\" decoding=\"async\" class=\"alignnone wp-image-2459 size-full\" src=\"https:\/\/jblcorten.com\/wp-content\/uploads\/2024\/08\/metal-grill.jpg\" alt=\"metal grill\" width=\"750\" height=\"295\" title=\"\" srcset=\"https:\/\/jblcorten.com\/wp-content\/uploads\/2024\/08\/metal-grill.jpg 750w, https:\/\/jblcorten.com\/wp-content\/uploads\/2024\/08\/metal-grill-600x236.jpg 600w, https:\/\/jblcorten.com\/wp-content\/uploads\/2024\/08\/metal-grill-300x118.jpg 300w, https:\/\/jblcorten.com\/wp-content\/uploads\/2024\/08\/metal-grill-18x7.jpg 18w\" sizes=\"(max-width: 750px) 100vw, 750px\" \/> <img decoding=\"async\" class=\"alignnone wp-image-2460\" src=\"https:\/\/jblcorten.com\/wp-content\/uploads\/2024\/08\/wood-burning-barbecue-grills.jpg\" alt=\"holzbefeuerte Barbecue-Grills\" width=\"750\" height=\"370\" title=\"\" srcset=\"https:\/\/jblcorten.com\/wp-content\/uploads\/2024\/08\/wood-burning-barbecue-grills.jpg 1166w, https:\/\/jblcorten.com\/wp-content\/uploads\/2024\/08\/wood-burning-barbecue-grills-600x296.jpg 600w, https:\/\/jblcorten.com\/wp-content\/uploads\/2024\/08\/wood-burning-barbecue-grills-300x148.jpg 300w, https:\/\/jblcorten.com\/wp-content\/uploads\/2024\/08\/wood-burning-barbecue-grills-1024x506.jpg 1024w, https:\/\/jblcorten.com\/wp-content\/uploads\/2024\/08\/wood-burning-barbecue-grills-768x379.jpg 768w, https:\/\/jblcorten.com\/wp-content\/uploads\/2024\/08\/wood-burning-barbecue-grills-18x9.jpg 18w\" sizes=\"(max-width: 750px) 100vw, 750px\" \/><\/p>\n<p><strong><span style=\"font-size: 14pt;\">Produkt-Verpackung:<\/span><\/strong><\/p>\n<p><img decoding=\"async\" class=\"alignnone wp-image-2461 size-full\" src=\"https:\/\/jblcorten.com\/wp-content\/uploads\/2024\/08\/wood-burning-stove-grill.jpg\" alt=\"Holzofengrill\" width=\"750\" height=\"285\" title=\"\" srcset=\"https:\/\/jblcorten.com\/wp-content\/uploads\/2024\/08\/wood-burning-stove-grill.jpg 750w, https:\/\/jblcorten.com\/wp-content\/uploads\/2024\/08\/wood-burning-stove-grill-600x228.jpg 600w, https:\/\/jblcorten.com\/wp-content\/uploads\/2024\/08\/wood-burning-stove-grill-300x114.jpg 300w, https:\/\/jblcorten.com\/wp-content\/uploads\/2024\/08\/wood-burning-stove-grill-18x7.jpg 18w\" sizes=\"(max-width: 750px) 100vw, 750px\" \/><\/p>\n<p><span style=\"font-size: 14pt;\"><strong>FAQ:<\/strong><\/span><\/p>\n<p>1.Q:Sind Sie ein Handelsunternehmen oder ein Hersteller?<br \/>\nA: Wir haben unsere eigene Fabrik.<\/p>\n<p>2.Q:How about the delivery time?<br \/>\nA: Within 10-20days after receiving the deposit or LC at sight. It also depends on the quantity of the products.<\/p>\n<p>3.Q: Machen Sie ma\u00dfgeschneiderte Produkte auf der Grundlage unserer Design-Zeichnungen oder Ideen?<br \/>\nA: Ja, wir sind ein professioneller Hersteller von Cortenstahl und verf\u00fcgen \u00fcber ein erfahrenes Ingenieurteam, das ma\u00dfgeschneiderte Produkte nach den Zeichnungen und Ideen der Kunden herstellt.<\/p>","protected":false},"excerpt":{"rendered":"<p>The corten steel bbq grill is constructed from high-quality corten steel to withstand the elements and provide years of reliable use.<\/p>\n<p>The BBQ grill&#8217;s unique design makes it a standout piece that&#8217;s sure to impress guests at any party.<\/p>","protected":false},"featured_media":2453,"template":"","meta":{"site-sidebar-layout":"left-sidebar","site-content-layout":"","ast-site-content-layout":"default","site-content-style":"unboxed","site-sidebar-style":"unboxed","ast-global-header-display":"","ast-banner-title-visibility":"","ast-main-header-display":"","ast-hfb-above-header-display":"","ast-hfb-below-header-display":"","ast-hfb-mobile-header-display":"","site-post-title":"","ast-breadcrumbs-content":"","ast-featured-img":"","footer-sml-layout":"","ast-disable-related-posts":"","theme-transparent-header-meta":"default","adv-header-id-meta":"","stick-header-meta":"","header-above-stick-meta":"","header-main-stick-meta":"","header-below-stick-meta":"","astra-migrate-meta-layouts":"set","ast-page-background-enabled":"default","ast-page-background-meta":{"desktop":{"background-color":"var(--ast-global-color-4)","background-image":"","background-repeat":"repeat","background-position":"center center","background-size":"auto","background-attachment":"scroll","background-type":"","background-media":"","overlay-type":"","overlay-color":"","overlay-opacity":"","overlay-gradient":""},"tablet":{"background-color":"","background-image":"","background-repeat":"repeat","background-position":"center center","background-size":"auto","background-attachment":"scroll","background-type":"","background-media":"","overlay-type":"","overlay-color":"","overlay-opacity":"","overlay-gradient":""},"mobile":{"background-color":"","background-image":"","background-repeat":"repeat","background-position":"center center","background-size":"auto","background-attachment":"scroll","background-type":"","background-media":"","overlay-type":"","overlay-color":"","overlay-opacity":"","overlay-gradient":""}},"ast-content-background-meta":{"desktop":{"background-color":"var(--ast-global-color-5)","background-image":"","background-repeat":"repeat","background-position":"center center","background-size":"auto","background-attachment":"scroll","background-type":"","background-media":"","overlay-type":"","overlay-color":"","overlay-opacity":"","overlay-gradient":""},"tablet":{"background-color":"var(--ast-global-color-5)","background-image":"","background-repeat":"repeat","background-position":"center center","background-size":"auto","background-attachment":"scroll","background-type":"","background-media":"","overlay-type":"","overlay-color":"","overlay-opacity":"","overlay-gradient":""},"mobile":{"background-color":"var(--ast-global-color-5)","background-image":"","background-repeat":"repeat","background-position":"center center","background-size":"auto","background-attachment":"scroll","background-type":"","background-media":"","overlay-type":"","overlay-color":"","overlay-opacity":"","overlay-gradient":""}}},"product_brand":[],"product_cat":[25],"product_tag":[27,28],"class_list":{"0":"post-382","1":"product","2":"type-product","3":"status-publish","4":"has-post-thumbnail","6":"product_cat-bbq-grill","7":"product_tag-bbq-grill","8":"product_tag-corten-steel-grill","9":"desktop-align-center","10":"tablet-align-left","11":"mobile-align-left","13":"first","14":"instock","15":"featured","16":"shipping-taxable","17":"product-type-simple"},"_links":{"self":[{"href":"https:\/\/jblcorten.com\/de_de_formal\/wp-json\/wp\/v2\/product\/382","targetHints":{"allow":["GET"]}}],"collection":[{"href":"https:\/\/jblcorten.com\/de_de_formal\/wp-json\/wp\/v2\/product"}],"about":[{"href":"https:\/\/jblcorten.com\/de_de_formal\/wp-json\/wp\/v2\/types\/product"}],"wp:featuredmedia":[{"embeddable":true,"href":"https:\/\/jblcorten.com\/de_de_formal\/wp-json\/wp\/v2\/media\/2453"}],"wp:attachment":[{"href":"https:\/\/jblcorten.com\/de_de_formal\/wp-json\/wp\/v2\/media?parent=382"}],"wp:term":[{"taxonomy":"product_brand","embeddable":true,"href":"https:\/\/jblcorten.com\/de_de_formal\/wp-json\/wp\/v2\/product_brand?post=382"},{"taxonomy":"product_cat","embeddable":true,"href":"https:\/\/jblcorten.com\/de_de_formal\/wp-json\/wp\/v2\/product_cat?post=382"},{"taxonomy":"product_tag","embeddable":true,"href":"https:\/\/jblcorten.com\/de_de_formal\/wp-json\/wp\/v2\/product_tag?post=382"}],"curies":[{"name":"wp","href":"https:\/\/api.w.org\/{rel}","templated":true}]}}