{"id":3802,"date":"2025-07-23T14:51:52","date_gmt":"2025-07-23T06:51:52","guid":{"rendered":"https:\/\/jblcorten.com\/?post_type=product&#038;p=3802"},"modified":"2025-07-23T14:52:58","modified_gmt":"2025-07-23T06:52:58","slug":"decke-hangender-kamin","status":"publish","type":"product","link":"https:\/\/jblcorten.com\/de_de_formal\/ceiling-hanging-fireplace\/","title":{"rendered":"Decke H\u00e4ngende Feuerstelle"},"content":{"rendered":"<h2 style=\"text-align: center;\"><span style=\"font-size: 14pt;\">Decke H\u00e4ngende Feuerstelle<\/span><\/h2>\n<p>Anders als der traditionelle Kamin, der an der Wand angebracht ist, erzielt der an der Decke h\u00e4ngende Kamin den visuellen Effekt von Flammen, die frei in der Luft brennen, indem er von der Decke herabh\u00e4ngt und ein beispielloses Gef\u00fchl von Raummitte und architektonischer Kunstatmosph\u00e4re schafft. Ob im Wohnzimmer einer Villa, in einem Hotel oder in einer hochwertigen Ausstellungshalle, er kann zu einem Brennpunkt werden, der die Aufmerksamkeit auf sich zieht und eine Atmosph\u00e4re schafft. Die 360\u00b0 sichtbare Flamme, das skulpturale Design und eine Vielzahl von umweltfreundlichen Brennstoffoptionen machen ihn nicht nur zu einem Heizger\u00e4t, sondern auch zu einem Kunstwerk.<\/p>\n<p><img fetchpriority=\"high\" decoding=\"async\" class=\"alignnone size-full wp-image-3807\" src=\"https:\/\/jblcorten.com\/wp-content\/uploads\/2025\/07\/ceiling-hanging-fireplace.jpg\" alt=\"Decke h\u00e4ngender Kamin\" width=\"750\" height=\"450\" title=\"\" srcset=\"https:\/\/jblcorten.com\/wp-content\/uploads\/2025\/07\/ceiling-hanging-fireplace.jpg 750w, https:\/\/jblcorten.com\/wp-content\/uploads\/2025\/07\/ceiling-hanging-fireplace-300x180.jpg 300w, https:\/\/jblcorten.com\/wp-content\/uploads\/2025\/07\/ceiling-hanging-fireplace-18x12.jpg 18w, https:\/\/jblcorten.com\/wp-content\/uploads\/2025\/07\/ceiling-hanging-fireplace-600x360.jpg 600w\" sizes=\"(max-width: 750px) 100vw, 750px\" \/><\/p>\n<p>Jeder H\u00e4ngekamin ist die Kristallisation von Design und Handwerkskunst. Die Au\u00dfenh\u00fclle besteht aus hochwertigem Stahl, der bei hoher Temperatur gespritzt oder von Hand poliert wird, und die Oberfl\u00e4chenbehandlung ist fein und strukturiert. Eine Vielzahl von Oberfl\u00e4chenbehandlungen ist standardm\u00e4\u00dfig vorgesehen, z. B. mattschwarz, keramikwei\u00df, mattgrau, geb\u00fcrstetes Metall usw. Die Benutzer k\u00f6nnen die RAL-Standardfarben auch an den Stil des Raums anpassen. Die Form des Kamins kombiniert modernen Minimalismus und architektonischen Skulpturenstil und kann rund, elliptisch, konisch, hyperbolisch und andere Formen annehmen, um sicherzustellen, dass er sich perfekt in R\u00e4ume verschiedener Stile integrieren l\u00e4sst.<\/p>\n<p><strong><span style=\"font-size: 14pt;\">Produktspezifikation:<\/span><\/strong><\/p>\n<table style=\"border-collapse: collapse; width: 100%; height: 318px;\">\n<tbody>\n<tr style=\"height: 53px;\">\n<td style=\"width: 26.4398%; height: 53px; background-color: #f5f5f5;\">Produktname<\/td>\n<td style=\"width: 73.5602%; height: 53px;\">Decke H\u00e4ngende Feuerstelle<\/td>\n<\/tr>\n<tr style=\"height: 53px;\">\n<td style=\"width: 26.4398%; height: 53px; background-color: #f5f5f5;\">Material<\/td>\n<td style=\"width: 73.5602%; height: 53px;\">Kohlenstoffstahl, Stahl<\/td>\n<\/tr>\n<tr style=\"height: 53px;\">\n<td style=\"width: 26.4398%; height: 53px; background-color: #f5f5f5;\">Gr\u00f6\u00dfe<\/td>\n<td style=\"width: 73.5602%; height: 53px;\">\u03c6600 \/ \u03c6700\/angepasst<\/td>\n<\/tr>\n<tr style=\"height: 53px;\">\n<td style=\"width: 26.4398%; height: 53px; background-color: #f5f5f5;\">Kraftstoff<\/td>\n<td style=\"width: 73.5602%; height: 53px;\">Holz oder Ethanol<\/td>\n<\/tr>\n<tr style=\"height: 53px;\">\n<td style=\"width: 26.4398%; height: 53px; background-color: #f5f5f5;\">W\u00e4rmebereich<\/td>\n<td style=\"width: 73.5602%; height: 53px;\">120-150\u33a1<\/td>\n<\/tr>\n<tr style=\"height: 53px;\">\n<td style=\"width: 26.4398%; background-color: #f5f5f5; height: 53px;\">Oberfl\u00e4chenbehandlung<\/td>\n<td style=\"width: 73.5602%; height: 53px;\">Mattschwarz gegen hohe Temperaturen oder kundenspezifisch<\/td>\n<\/tr>\n<\/tbody>\n<\/table>\n<p><strong><span style=\"font-size: 14pt;\">Decke H\u00e4ngende Kamin Verwendung scenario\uff1a<\/span><\/strong><\/p>\n<ul>\n<li>Modernes Wohnzimmer: Das Design des h\u00e4ngenden Kamins spart Bodenfl\u00e4che, wird zum optischen Mittelpunkt des Wohnzimmers und schafft eine warme und gem\u00fctliche Atmosph\u00e4re.<\/li>\n<li>Restaurants und Caf\u00e9s: Sie verleihen Restaurants und Caf\u00e9s einen einzigartigen dekorativen Stil und eine warme Atmosph\u00e4re, so dass die Kunden das Essen und die Kommunikation in einer warmen Umgebung genie\u00dfen k\u00f6nnen.<\/li>\n<li>Gewerbliche R\u00e4ume: Geeignet f\u00fcr Hotel-Lobbys, B\u00fcro-Lounge-Bereiche usw., um die Raumqualit\u00e4t zu verbessern und eine stilvolle und freundliche Umgebung zu schaffen.<\/li>\n<li>Innenbalkon oder Terrasse: Die Installation auf einem halb\u00fcberdachten oder geschlossenen Balkon sorgt f\u00fcr W\u00e4rme, moderne Sch\u00f6nheit und verl\u00e4ngert die Mu\u00dfesaison.<\/li>\n<\/ul>\n<p><img decoding=\"async\" class=\"alignnone size-full wp-image-3808\" src=\"https:\/\/jblcorten.com\/wp-content\/uploads\/2025\/07\/Ceiling-Hanging-Fireplace-Use-scenario.jpg\" alt=\"Decke H\u00e4ngende Kamin Verwendung Szenario\" width=\"750\" height=\"400\" title=\"\" srcset=\"https:\/\/jblcorten.com\/wp-content\/uploads\/2025\/07\/Ceiling-Hanging-Fireplace-Use-scenario.jpg 750w, https:\/\/jblcorten.com\/wp-content\/uploads\/2025\/07\/Ceiling-Hanging-Fireplace-Use-scenario-300x160.jpg 300w, https:\/\/jblcorten.com\/wp-content\/uploads\/2025\/07\/Ceiling-Hanging-Fireplace-Use-scenario-18x10.jpg 18w, https:\/\/jblcorten.com\/wp-content\/uploads\/2025\/07\/Ceiling-Hanging-Fireplace-Use-scenario-600x320.jpg 600w\" sizes=\"(max-width: 750px) 100vw, 750px\" \/><\/p>\n<p><strong><span style=\"font-size: 14pt;\">Produktpaket:<\/span><\/strong><\/p>\n<p>Wir verwenden doppellagige, verst\u00e4rkte Holzkisten, um einen sicheren Transport zu gew\u00e4hrleisten; der Innenraum ist mit dickem Schaumstoff ummantelt, und alle Teile sind separat verpackt.<\/p>\n<p><img decoding=\"async\" class=\"alignnone size-full wp-image-3535\" src=\"https:\/\/jblcorten.com\/wp-content\/uploads\/2025\/06\/hanging-fireplace-for-sale.jpg\" alt=\"H\u00e4ngekamin zu verkaufen\" width=\"750\" height=\"562\" title=\"\" srcset=\"https:\/\/jblcorten.com\/wp-content\/uploads\/2025\/06\/hanging-fireplace-for-sale.jpg 750w, https:\/\/jblcorten.com\/wp-content\/uploads\/2025\/06\/hanging-fireplace-for-sale-300x225.jpg 300w, https:\/\/jblcorten.com\/wp-content\/uploads\/2025\/06\/hanging-fireplace-for-sale-16x12.jpg 16w, https:\/\/jblcorten.com\/wp-content\/uploads\/2025\/06\/hanging-fireplace-for-sale-600x450.jpg 600w\" sizes=\"(max-width: 750px) 100vw, 750px\" \/><\/p>\n<p><img loading=\"lazy\" decoding=\"async\" class=\"alignnone size-full wp-image-3536\" src=\"https:\/\/jblcorten.com\/wp-content\/uploads\/2025\/06\/Hanging-Fireplace.jpg\" alt=\"H\u00e4ngende Feuerstelle\" width=\"750\" height=\"562\" title=\"\" srcset=\"https:\/\/jblcorten.com\/wp-content\/uploads\/2025\/06\/Hanging-Fireplace.jpg 750w, https:\/\/jblcorten.com\/wp-content\/uploads\/2025\/06\/Hanging-Fireplace-300x225.jpg 300w, https:\/\/jblcorten.com\/wp-content\/uploads\/2025\/06\/Hanging-Fireplace-16x12.jpg 16w, https:\/\/jblcorten.com\/wp-content\/uploads\/2025\/06\/Hanging-Fireplace-600x450.jpg 600w\" sizes=\"(max-width: 750px) 100vw, 750px\" \/><\/p>\n<p><strong><span style=\"font-size: 14pt;\">FAQ:<\/span><\/strong><\/p>\n<p>Q1: Sind Sie ein Hersteller?<br \/>\nA: Ja, wir haben unsere eigene Fabrik.<\/p>\n<p>Q2: Kann die Farbe oder das Aussehen angepasst werden?<br \/>\nA: Kundenspezifische Farben, Schalenformen und Aufh\u00e4ngestangenl\u00e4ngen werden unterst\u00fctzt. Bitte kontaktieren Sie den Kundendienst f\u00fcr kundenspezifische L\u00f6sungen.<\/p>\n<p>F3: Ist die Flamme echt?<br \/>\nA: Ja, dieser Kamin wird mit Holz befeuert und bietet echte warme Flammen. Dar\u00fcber hinaus unterst\u00fctzt unser Ofenkern die individuelle Gestaltung.<\/p>","protected":false},"excerpt":{"rendered":"<p>Dieser an der Decke h\u00e4ngende Kamin hat eine 360\u00b0-Optik, bei der die Flammen aus der Luft schlagen und eine vertr\u00e4umte, schwebende Flammenatmosph\u00e4re schaffen. Der Hauptk\u00f6rper des Kamins ist mit hochfesten Metallst\u00e4ben an der Deckenstruktur befestigt, was fest und sicher ist, w\u00e4hrend der einfache Stil ber\u00fccksichtigt wird. Der Kern des Ofens l\u00e4sst sich individuell an die Bed\u00fcrfnisse verschiedener R\u00e4ume anpassen.<\/p>\n<ul>\n<li>Produkttyp: H\u00e4ngende Feuerstelle<\/li>\n<li>Material: Kohlenstoffstahl<\/li>\n<li>Farbe: Schwarz<\/li>\n<li>Brennstoff: Holz<\/li>\n<\/ul>","protected":false},"featured_media":3803,"template":"","meta":{"site-sidebar-layout":"default","site-content-layout":"","ast-site-content-layout":"default","site-content-style":"default","site-sidebar-style":"default","ast-global-header-display":"","ast-banner-title-visibility":"","ast-main-header-display":"","ast-hfb-above-header-display":"","ast-hfb-below-header-display":"","ast-hfb-mobile-header-display":"","site-post-title":"","ast-breadcrumbs-content":"","ast-featured-img":"","footer-sml-layout":"","ast-disable-related-posts":"","theme-transparent-header-meta":"default","adv-header-id-meta":"","stick-header-meta":"","header-above-stick-meta":"","header-main-stick-meta":"","header-below-stick-meta":"","astra-migrate-meta-layouts":"set","ast-page-background-enabled":"default","ast-page-background-meta":{"desktop":{"background-color":"var(--ast-global-color-4)","background-image":"","background-repeat":"repeat","background-position":"center center","background-size":"auto","background-attachment":"scroll","background-type":"","background-media":"","overlay-type":"","overlay-color":"","overlay-opacity":"","overlay-gradient":""},"tablet":{"background-color":"","background-image":"","background-repeat":"repeat","background-position":"center center","background-size":"auto","background-attachment":"scroll","background-type":"","background-media":"","overlay-type":"","overlay-color":"","overlay-opacity":"","overlay-gradient":""},"mobile":{"background-color":"","background-image":"","background-repeat":"repeat","background-position":"center center","background-size":"auto","background-attachment":"scroll","background-type":"","background-media":"","overlay-type":"","overlay-color":"","overlay-opacity":"","overlay-gradient":""}},"ast-content-background-meta":{"desktop":{"background-color":"var(--ast-global-color-5)","background-image":"","background-repeat":"repeat","background-position":"center center","background-size":"auto","background-attachment":"scroll","background-type":"","background-media":"","overlay-type":"","overlay-color":"","overlay-opacity":"","overlay-gradient":""},"tablet":{"background-color":"var(--ast-global-color-5)","background-image":"","background-repeat":"repeat","background-position":"center center","background-size":"auto","background-attachment":"scroll","background-type":"","background-media":"","overlay-type":"","overlay-color":"","overlay-opacity":"","overlay-gradient":""},"mobile":{"background-color":"var(--ast-global-color-5)","background-image":"","background-repeat":"repeat","background-position":"center center","background-size":"auto","background-attachment":"scroll","background-type":"","background-media":"","overlay-type":"","overlay-color":"","overlay-opacity":"","overlay-gradient":""}}},"product_brand":[],"product_cat":[30],"product_tag":[],"class_list":{"0":"post-3802","1":"product","2":"type-product","3":"status-publish","4":"has-post-thumbnail","6":"product_cat-fireplace","7":"desktop-align-center","8":"tablet-align-left","9":"mobile-align-left","11":"first","12":"instock","13":"shipping-taxable","14":"product-type-simple"},"_links":{"self":[{"href":"https:\/\/jblcorten.com\/de_de_formal\/wp-json\/wp\/v2\/product\/3802","targetHints":{"allow":["GET"]}}],"collection":[{"href":"https:\/\/jblcorten.com\/de_de_formal\/wp-json\/wp\/v2\/product"}],"about":[{"href":"https:\/\/jblcorten.com\/de_de_formal\/wp-json\/wp\/v2\/types\/product"}],"wp:featuredmedia":[{"embeddable":true,"href":"https:\/\/jblcorten.com\/de_de_formal\/wp-json\/wp\/v2\/media\/3803"}],"wp:attachment":[{"href":"https:\/\/jblcorten.com\/de_de_formal\/wp-json\/wp\/v2\/media?parent=3802"}],"wp:term":[{"taxonomy":"product_brand","embeddable":true,"href":"https:\/\/jblcorten.com\/de_de_formal\/wp-json\/wp\/v2\/product_brand?post=3802"},{"taxonomy":"product_cat","embeddable":true,"href":"https:\/\/jblcorten.com\/de_de_formal\/wp-json\/wp\/v2\/product_cat?post=3802"},{"taxonomy":"product_tag","embeddable":true,"href":"https:\/\/jblcorten.com\/de_de_formal\/wp-json\/wp\/v2\/product_tag?post=3802"}],"curies":[{"name":"wp","href":"https:\/\/api.w.org\/{rel}","templated":true}]}}