{"id":3785,"date":"2025-07-21T14:54:43","date_gmt":"2025-07-21T06:54:43","guid":{"rendered":"https:\/\/jblcorten.com\/?post_type=product&#038;p=3785"},"modified":"2025-07-21T14:54:43","modified_gmt":"2025-07-21T06:54:43","slug":"rauchlose-feuerstelle","status":"publish","type":"product","link":"https:\/\/jblcorten.com\/de_de_formal\/smokeless-fire-pit\/","title":{"rendered":"Rauchlose Feuerstelle"},"content":{"rendered":"<h2 style=\"text-align: center;\"><span style=\"font-size: 14pt;\">Rauchlose Feuerstelle<\/span><\/h2>\n<p>Diese rauchfreie Feuerstelle ist aus hochwertigem Cortenstahl gefertigt. Mit der Zeit bildet sich auf der Oberfl\u00e4che des Materials auf nat\u00fcrliche Weise eine stabile Rostschutzschicht. Sie ist nicht nur korrosions- und rostfrei, sondern zeigt auch einen einzigartigen industriellen Stil. Der obere Teil ist mit einem rechteckigen Brenner aus Edelstahl 304 ausgestattet, der pr\u00e4zise verarbeitet wurde und mit Vulkansteinen verwendet werden kann. Die Flamme verteilt sich gleichm\u00e4\u00dfig, das Feuer ist stabil, und es ist sehr dekorativ.<\/p>\n<p>Optional sind transparente Ablenkplatten aus geh\u00e4rtetem Glas um den Brennerbereich herum erh\u00e4ltlich, die den Wind wirksam abhalten und gleichzeitig die gesamte optische Schichtung verbessern und die Flamme in der Nacht stimmungsvoller machen. Die innere Struktur der Feuerstelle ist clever konstruiert, mit reichlich Platz unter der Feuerstelle f\u00fcr die bequeme Lagerung von Propangasflaschen, und das versteckte Design macht das Gesamtbild pr\u00e4gnanter und glatter.<\/p>\n<p><img fetchpriority=\"high\" decoding=\"async\" class=\"alignnone size-full wp-image-2574\" src=\"https:\/\/jblcorten.com\/wp-content\/uploads\/2025\/03\/rectangular-propane-fire-pit-with-tank-inside.jpg\" alt=\"\" width=\"750\" height=\"499\" title=\"\" srcset=\"https:\/\/jblcorten.com\/wp-content\/uploads\/2025\/03\/rectangular-propane-fire-pit-with-tank-inside.jpg 750w, https:\/\/jblcorten.com\/wp-content\/uploads\/2025\/03\/rectangular-propane-fire-pit-with-tank-inside-600x399.jpg 600w, https:\/\/jblcorten.com\/wp-content\/uploads\/2025\/03\/rectangular-propane-fire-pit-with-tank-inside-300x200.jpg 300w, https:\/\/jblcorten.com\/wp-content\/uploads\/2025\/03\/rectangular-propane-fire-pit-with-tank-inside-18x12.jpg 18w\" sizes=\"(max-width: 750px) 100vw, 750px\" \/><\/p>\n<p>Durch das eingebaute Knopfz\u00fcndsystem k\u00f6nnen die Benutzer das Feuer mit einem Knopfdruck starten und die Gr\u00f6\u00dfe der Flamme einfach einstellen. Das gesamte System arbeitet leise, effizient und rauchfrei, und das Benutzererlebnis \u00fcbertrifft das traditioneller Holzfeuerstellen bei weitem. Es ist nicht n\u00f6tig, die Asche aufzur\u00e4umen oder sich \u00fcber Rauchbel\u00e4stigung Gedanken zu machen.<\/p>\n<p><strong><span style=\"font-size: 14pt;\">Produktspezifikation:<\/span><\/strong><\/p>\n<table style=\"border-collapse: collapse; width: 100%;\">\n<tbody>\n<tr>\n<td style=\"width: 25.9162%; background-color: #f5f5f5;\">Produkttyp<\/td>\n<td style=\"width: 74.0838%; background-color: #f5f5f5;\">Gas-Feuerstelle<\/td>\n<\/tr>\n<tr>\n<td style=\"width: 25.9162%;\">Material<\/td>\n<td style=\"width: 74.0838%;\">Cortenstahl, rostfreier Stahl<\/td>\n<\/tr>\n<tr>\n<td style=\"width: 25.9162%; background-color: #f5f5f5;\">Kraftstoff<\/td>\n<td style=\"width: 74.0838%; background-color: #f5f5f5;\">Propan, Erdgas<\/td>\n<\/tr>\n<tr>\n<td style=\"width: 25.9162%;\">Gr\u00f6\u00dfe<\/td>\n<td style=\"width: 74.0838%;\">L 1200 mm \u00d7 B 500 mm \u00d7 H 600mm<\/td>\n<\/tr>\n<tr>\n<td style=\"width: 25.9162%; background-color: #f5f5f5;\">Form<\/td>\n<td style=\"width: 74.0838%; background-color: #f5f5f5;\">Rechteckig<\/td>\n<\/tr>\n<\/tbody>\n<\/table>\n<p><strong><span style=\"font-size: 14pt;\">Produktmerkmale:<\/span><\/strong><\/p>\n<p><span style=\"color: #ff9900;\"><strong>1. rauchfreies Design:<\/strong> <\/span>Verwenden Sie saubere Energie (Propan\/Erdgas), um sich von den Problemen des Holzrauchs zu verabschieden<\/p>\n<p><span style=\"color: #ff9900;\"><strong>2. Witterungsbest\u00e4ndige Stahlkonstruktion:<\/strong><\/span> Robust und langlebig, geeignet f\u00fcr verschiedene Innen- und Au\u00dfenbereiche, und zeigt mit der Zeit eine nat\u00fcrliche Rostfarbe<\/p>\n<p><span style=\"color: #ff9900;\"><strong>3. rostfreier Stahlbrenner:<\/strong> <\/span>Hitzebest\u00e4ndig, korrosionsbest\u00e4ndig, stabil und effizient<\/p>\n<p><span style=\"color: #ff9900;\"><strong>4. leicht zu pflegen:<\/strong><\/span> Holzasche muss nicht gereinigt werden, verbrennt sauber und r\u00fcckstandsfrei<\/p>\n<p><span style=\"color: #ff9900;\"><strong>5.Versteckte Gasspeicherung:<\/strong> <\/span>Im Inneren ist Platz, und der Propantank kann unten verstaut werden, um das Erscheinungsbild zu wahren.<\/p>\n<p><span style=\"color: #ff9900;\"><strong>6. dekorativ und praktisch koexistieren:<\/strong><\/span> Ablenkplatten aus Vulkangestein und Glas k\u00f6nnen das visuelle und funktionale Erlebnis verbessern<\/p>\n<p><strong><span style=\"font-size: 14pt;\">Einzelheiten zum Produkt:<\/span><\/strong><\/p>\n<p>Diese rauchfreie Feuerstelle wird haupts\u00e4chlich mit Gas oder Propan betrieben und l\u00e4sst Platz f\u00fcr den Brennstofftank, wodurch ein wirklich verstecktes Design entsteht.<\/p>\n<p><img decoding=\"async\" class=\"alignnone size-full wp-image-3788\" src=\"https:\/\/jblcorten.com\/wp-content\/uploads\/2025\/07\/smokeless-fire-pit.jpg\" alt=\"rauchlose Feuerstelle\" width=\"750\" height=\"469\" title=\"\" srcset=\"https:\/\/jblcorten.com\/wp-content\/uploads\/2025\/07\/smokeless-fire-pit.jpg 750w, https:\/\/jblcorten.com\/wp-content\/uploads\/2025\/07\/smokeless-fire-pit-300x188.jpg 300w, https:\/\/jblcorten.com\/wp-content\/uploads\/2025\/07\/smokeless-fire-pit-18x12.jpg 18w, https:\/\/jblcorten.com\/wp-content\/uploads\/2025\/07\/smokeless-fire-pit-600x375.jpg 600w\" sizes=\"(max-width: 750px) 100vw, 750px\" \/><\/p>\n<p>Lavagestein: kann zur Dekoration auf den Brenner gelegt werden.<\/p>\n<p><img decoding=\"async\" class=\"alignnone size-full wp-image-3790\" src=\"https:\/\/jblcorten.com\/wp-content\/uploads\/2025\/07\/gas-fire-pit-lava-rock.png\" alt=\"Gasfeuerstelle Lavagestein\" width=\"750\" height=\"750\" title=\"\" srcset=\"https:\/\/jblcorten.com\/wp-content\/uploads\/2025\/07\/gas-fire-pit-lava-rock.png 750w, https:\/\/jblcorten.com\/wp-content\/uploads\/2025\/07\/gas-fire-pit-lava-rock-300x300.png 300w, https:\/\/jblcorten.com\/wp-content\/uploads\/2025\/07\/gas-fire-pit-lava-rock-150x150.png 150w, https:\/\/jblcorten.com\/wp-content\/uploads\/2025\/07\/gas-fire-pit-lava-rock-12x12.png 12w, https:\/\/jblcorten.com\/wp-content\/uploads\/2025\/07\/gas-fire-pit-lava-rock-600x600.png 600w, https:\/\/jblcorten.com\/wp-content\/uploads\/2025\/07\/gas-fire-pit-lava-rock-100x100.png 100w\" sizes=\"(max-width: 750px) 100vw, 750px\" \/><\/p>\n<p><strong><span style=\"font-size: 14pt;\">Produktpaket:<\/span><\/strong><\/p>\n<p>Unsere Gas-Feuerstellen sind doppelt verpackt: Karton + Holzkiste. Dar\u00fcber hinaus sind die Feuerstelle und das Zubeh\u00f6r separat verpackt.<\/p>\n<p><img loading=\"lazy\" decoding=\"async\" class=\"alignnone size-full wp-image-3791\" src=\"https:\/\/jblcorten.com\/wp-content\/uploads\/2025\/07\/gas-fire-pit-for-sale.jpg\" alt=\"Gas-Feuerstelle zu verkaufen\" width=\"750\" height=\"400\" title=\"\" srcset=\"https:\/\/jblcorten.com\/wp-content\/uploads\/2025\/07\/gas-fire-pit-for-sale.jpg 750w, https:\/\/jblcorten.com\/wp-content\/uploads\/2025\/07\/gas-fire-pit-for-sale-300x160.jpg 300w, https:\/\/jblcorten.com\/wp-content\/uploads\/2025\/07\/gas-fire-pit-for-sale-18x10.jpg 18w, https:\/\/jblcorten.com\/wp-content\/uploads\/2025\/07\/gas-fire-pit-for-sale-600x320.jpg 600w\" sizes=\"(max-width: 750px) 100vw, 750px\" \/><\/p>\n<p><span style=\"font-size: 14pt;\"><strong>FAQ:<\/strong><\/span><\/p>\n<p>F1: Kann Erdgas verwendet werden?<br \/>\nA1: Ja, wir bieten sowohl Propan- als auch Erdgasversionen an. Bitte best\u00e4tigen Sie Ihren Bedarf, bevor Sie eine Bestellung aufgeben.<\/p>\n<p>F2: Ist der Brenner langlebig?<br \/>\nA2: Aus rostfreiem Stahl 304 hergestellt, ist er resistent gegen hohe Temperaturen und Korrosion und eignet sich f\u00fcr den langfristigen Einsatz im Innen- und Au\u00dfenbereich.<\/p>\n<p>F3: Kann das Vulkangestein ersetzt werden?<br \/>\nA4: Ja, Sie k\u00f6nnen sie je nach Ihren pers\u00f6nlichen Vorlieben durch Glassteine, keramische Ziersteine usw. ersetzen.<\/p>","protected":false},"excerpt":{"rendered":"<p>Diese rauchfreie Feuerstelle mit schlichtem Aussehen und sch\u00f6nen Flammen verf\u00fcgt \u00fcber einen versteckten Propangasvorrat und kombiniert verwittertes Stahlmaterial und Vulkangestein-Dekor, um Innen- und Au\u00dfenbereichen ein sicheres und rauchfreies W\u00e4rmeerlebnis zu bieten.<\/p>","protected":false},"featured_media":3786,"template":"","meta":{"site-sidebar-layout":"default","site-content-layout":"","ast-site-content-layout":"default","site-content-style":"default","site-sidebar-style":"default","ast-global-header-display":"","ast-banner-title-visibility":"","ast-main-header-display":"","ast-hfb-above-header-display":"","ast-hfb-below-header-display":"","ast-hfb-mobile-header-display":"","site-post-title":"","ast-breadcrumbs-content":"","ast-featured-img":"","footer-sml-layout":"","ast-disable-related-posts":"","theme-transparent-header-meta":"default","adv-header-id-meta":"","stick-header-meta":"","header-above-stick-meta":"","header-main-stick-meta":"","header-below-stick-meta":"","astra-migrate-meta-layouts":"set","ast-page-background-enabled":"default","ast-page-background-meta":{"desktop":{"background-color":"var(--ast-global-color-4)","background-image":"","background-repeat":"repeat","background-position":"center center","background-size":"auto","background-attachment":"scroll","background-type":"","background-media":"","overlay-type":"","overlay-color":"","overlay-opacity":"","overlay-gradient":""},"tablet":{"background-color":"","background-image":"","background-repeat":"repeat","background-position":"center center","background-size":"auto","background-attachment":"scroll","background-type":"","background-media":"","overlay-type":"","overlay-color":"","overlay-opacity":"","overlay-gradient":""},"mobile":{"background-color":"","background-image":"","background-repeat":"repeat","background-position":"center center","background-size":"auto","background-attachment":"scroll","background-type":"","background-media":"","overlay-type":"","overlay-color":"","overlay-opacity":"","overlay-gradient":""}},"ast-content-background-meta":{"desktop":{"background-color":"var(--ast-global-color-5)","background-image":"","background-repeat":"repeat","background-position":"center center","background-size":"auto","background-attachment":"scroll","background-type":"","background-media":"","overlay-type":"","overlay-color":"","overlay-opacity":"","overlay-gradient":""},"tablet":{"background-color":"var(--ast-global-color-5)","background-image":"","background-repeat":"repeat","background-position":"center center","background-size":"auto","background-attachment":"scroll","background-type":"","background-media":"","overlay-type":"","overlay-color":"","overlay-opacity":"","overlay-gradient":""},"mobile":{"background-color":"var(--ast-global-color-5)","background-image":"","background-repeat":"repeat","background-position":"center center","background-size":"auto","background-attachment":"scroll","background-type":"","background-media":"","overlay-type":"","overlay-color":"","overlay-opacity":"","overlay-gradient":""}}},"product_brand":[],"product_cat":[29,47],"product_tag":[],"class_list":{"0":"post-3785","1":"product","2":"type-product","3":"status-publish","4":"has-post-thumbnail","6":"product_cat-fire-pit","7":"product_cat-gas-fire-pit","8":"desktop-align-center","9":"tablet-align-left","10":"mobile-align-left","12":"first","13":"instock","14":"shipping-taxable","15":"product-type-simple"},"_links":{"self":[{"href":"https:\/\/jblcorten.com\/de_de_formal\/wp-json\/wp\/v2\/product\/3785","targetHints":{"allow":["GET"]}}],"collection":[{"href":"https:\/\/jblcorten.com\/de_de_formal\/wp-json\/wp\/v2\/product"}],"about":[{"href":"https:\/\/jblcorten.com\/de_de_formal\/wp-json\/wp\/v2\/types\/product"}],"wp:featuredmedia":[{"embeddable":true,"href":"https:\/\/jblcorten.com\/de_de_formal\/wp-json\/wp\/v2\/media\/3786"}],"wp:attachment":[{"href":"https:\/\/jblcorten.com\/de_de_formal\/wp-json\/wp\/v2\/media?parent=3785"}],"wp:term":[{"taxonomy":"product_brand","embeddable":true,"href":"https:\/\/jblcorten.com\/de_de_formal\/wp-json\/wp\/v2\/product_brand?post=3785"},{"taxonomy":"product_cat","embeddable":true,"href":"https:\/\/jblcorten.com\/de_de_formal\/wp-json\/wp\/v2\/product_cat?post=3785"},{"taxonomy":"product_tag","embeddable":true,"href":"https:\/\/jblcorten.com\/de_de_formal\/wp-json\/wp\/v2\/product_tag?post=3785"}],"curies":[{"name":"wp","href":"https:\/\/api.w.org\/{rel}","templated":true}]}}