{"id":3745,"date":"2025-07-17T16:51:49","date_gmt":"2025-07-17T08:51:49","guid":{"rendered":"https:\/\/jblcorten.com\/?post_type=product&#038;p=3745"},"modified":"2025-07-17T16:51:49","modified_gmt":"2025-07-17T08:51:49","slug":"hangebrenner","status":"publish","type":"product","link":"https:\/\/jblcorten.com\/de_de_formal\/hanging-log-burner\/","title":{"rendered":"H\u00e4ngebrenner"},"content":{"rendered":"<h2 style=\"text-align: center;\"><span style=\"font-size: 14pt;\">H\u00e4ngebrenner<\/span><\/h2>\n<p>Der h\u00e4ngende Holzbrenner verf\u00fcgt \u00fcber eine h\u00e4ngende Struktur. Im Vergleich zum traditionellen Holzofen am Boden hat er eine gr\u00f6\u00dfere visuelle Wirkung und r\u00e4umliche Schichtung, wodurch die Flamme in der Luft zu schweben scheint und eine romantische und warme Atmosph\u00e4re schafft.<\/p>\n<p>Dieser h\u00e4ngende Holzbrenner ist nicht nur ein effizientes Heizger\u00e4t f\u00fcr den Au\u00dfenbereich, sondern auch eine Dekoration f\u00fcr den Innenbereich, die sowohl k\u00fcnstlerischen als auch praktischen Wert hat. Er ist aus hochwertigen Metallmaterialien gefertigt und verf\u00fcgt \u00fcber eine ausgezeichnete Hochtemperatur- und Korrosionsbest\u00e4ndigkeit. Die Form des Ofenk\u00f6rpers wurde sorgf\u00e4ltig entworfen, einfach und stimmungsvoll, was nicht nur der \u00c4sthetik der modernen Architektur entspricht, sondern auch die W\u00e4rme und Textur des urspr\u00fcnglichen Brennholzes hat.<\/p>\n<p><img fetchpriority=\"high\" decoding=\"async\" class=\"alignnone size-full wp-image-3749\" src=\"https:\/\/jblcorten.com\/wp-content\/uploads\/2025\/07\/hanging-log-burner.jpg\" alt=\"H\u00e4ngebrenner\" width=\"750\" height=\"582\" title=\"\" srcset=\"https:\/\/jblcorten.com\/wp-content\/uploads\/2025\/07\/hanging-log-burner.jpg 750w, https:\/\/jblcorten.com\/wp-content\/uploads\/2025\/07\/hanging-log-burner-300x233.jpg 300w, https:\/\/jblcorten.com\/wp-content\/uploads\/2025\/07\/hanging-log-burner-15x12.jpg 15w, https:\/\/jblcorten.com\/wp-content\/uploads\/2025\/07\/hanging-log-burner-600x466.jpg 600w\" sizes=\"(max-width: 750px) 100vw, 750px\" \/><\/p>\n<table style=\"border-collapse: collapse; width: 100%;\">\n<tbody>\n<tr>\n<td style=\"width: 36.4622%; background-color: #f5f5f5;\">Produkttyp<\/td>\n<td style=\"width: 63.5378%; background-color: #f5f5f5;\">H\u00e4ngender &amp; abgeh\u00e4ngter Kamin<\/td>\n<\/tr>\n<tr>\n<td style=\"width: 36.4622%;\">Material<\/td>\n<td style=\"width: 63.5378%;\">Kohlenstoffstahl<\/td>\n<\/tr>\n<tr>\n<td style=\"width: 36.4622%; background-color: #f5f5f5;\">Farbe<\/td>\n<td style=\"width: 63.5378%; background-color: #f5f5f5;\">Schwarz<\/td>\n<\/tr>\n<tr>\n<td style=\"width: 36.4622%;\">Gr\u00f6\u00dfe<\/td>\n<td style=\"width: 63.5378%;\">Kundenspezifisch<\/td>\n<\/tr>\n<tr>\n<td style=\"width: 36.4622%; background-color: #f5f5f5;\">Kraftstoff<\/td>\n<td style=\"width: 63.5378%; background-color: #f5f5f5;\">Holz<\/td>\n<\/tr>\n<\/tbody>\n<\/table>\n<p><strong><span style=\"font-size: 14pt;\">Produktvorteile:<\/span><\/strong><\/p>\n<ol>\n<li><strong>Sparen Sie Platz:<\/strong> Die h\u00e4ngende Installation spart Platz am Boden und ist leicht zu reinigen.<\/li>\n<li><strong>Visuelle Sch\u00f6nheit:<\/strong> Das schwimmende Design ist sehr k\u00fcnstlerisch und schafft eine hochwertige Landschaftsatmosph\u00e4re.<\/li>\n<li><strong>Effizientes Heizen:<\/strong> Das Brennholz brennt effizient und bietet eine lange, kontinuierliche Heizdauer.<\/li>\n<li><strong>Hochtemperaturbest\u00e4ndige Beschichtung:<\/strong> Es verblasst nicht bei hohen Temperaturen und ist \u00e4u\u00dferst sicher.<\/li>\n<li><strong>Leicht zu pflegen:<\/strong> Das Geh\u00e4use des Ofens ist einfach aufgebaut und l\u00e4sst sich leicht reinigen und warten.<\/li>\n<li><strong>Umweltfreundliches Heizen:<\/strong> Verwenden Sie nat\u00fcrliches Brennholz, um den Strom- oder Erdgasverbrauch zu senken.<\/li>\n<li><strong>Gr\u00f6\u00dfe und Farbe anpassbar:<\/strong> Unterst\u00fctzt die Anpassung an Kundenbed\u00fcrfnisse.<\/li>\n<\/ol>\n<p><strong><span style=\"font-size: 14pt;\">Einzelheiten zum Produkt:<\/span><\/strong><\/p>\n<p><img decoding=\"async\" class=\"alignnone size-full wp-image-3750\" src=\"https:\/\/jblcorten.com\/wp-content\/uploads\/2025\/07\/ceiling-hung-log-burner.jpg\" alt=\"deckenh\u00e4ngende Kamin\u00f6fen\" width=\"750\" height=\"600\" title=\"\" srcset=\"https:\/\/jblcorten.com\/wp-content\/uploads\/2025\/07\/ceiling-hung-log-burner.jpg 750w, https:\/\/jblcorten.com\/wp-content\/uploads\/2025\/07\/ceiling-hung-log-burner-300x240.jpg 300w, https:\/\/jblcorten.com\/wp-content\/uploads\/2025\/07\/ceiling-hung-log-burner-15x12.jpg 15w, https:\/\/jblcorten.com\/wp-content\/uploads\/2025\/07\/ceiling-hung-log-burner-600x480.jpg 600w\" sizes=\"(max-width: 750px) 100vw, 750px\" \/><\/p>\n<p><strong><span style=\"font-size: 14pt;\">Produktpaket:<\/span><\/strong><\/p>\n<p>Wir verwenden Standard-Exportverpackungen, um die Transportsicherheit zu gew\u00e4hrleisten. Um die Abnutzung des h\u00e4ngenden Kamins zu verhindern, verwenden wir zun\u00e4chst eine dicke Schaumstoffumh\u00fcllung, jedes Teil wird einzeln verpackt, und dann wird die \u00e4u\u00dferste Schicht in Holzkisten verpackt.<\/p>\n<p><img decoding=\"async\" class=\"alignnone size-full wp-image-2865\" src=\"https:\/\/jblcorten.com\/wp-content\/uploads\/2025\/04\/Suspended-Fireplace.jpg\" alt=\"abgeh\u00e4ngter Kamin\" width=\"750\" height=\"750\" title=\"\" srcset=\"https:\/\/jblcorten.com\/wp-content\/uploads\/2025\/04\/Suspended-Fireplace.jpg 750w, https:\/\/jblcorten.com\/wp-content\/uploads\/2025\/04\/Suspended-Fireplace-600x600.jpg 600w, https:\/\/jblcorten.com\/wp-content\/uploads\/2025\/04\/Suspended-Fireplace-100x100.jpg 100w, https:\/\/jblcorten.com\/wp-content\/uploads\/2025\/04\/Suspended-Fireplace-300x300.jpg 300w, https:\/\/jblcorten.com\/wp-content\/uploads\/2025\/04\/Suspended-Fireplace-150x150.jpg 150w, https:\/\/jblcorten.com\/wp-content\/uploads\/2025\/04\/Suspended-Fireplace-12x12.jpg 12w\" sizes=\"(max-width: 750px) 100vw, 750px\" \/><\/p>\n<p><img loading=\"lazy\" decoding=\"async\" class=\"alignnone size-full wp-image-3535\" src=\"https:\/\/jblcorten.com\/wp-content\/uploads\/2025\/06\/hanging-fireplace-for-sale.jpg\" alt=\"H\u00e4ngekamin zu verkaufen\" width=\"750\" height=\"562\" title=\"\" srcset=\"https:\/\/jblcorten.com\/wp-content\/uploads\/2025\/06\/hanging-fireplace-for-sale.jpg 750w, https:\/\/jblcorten.com\/wp-content\/uploads\/2025\/06\/hanging-fireplace-for-sale-300x225.jpg 300w, https:\/\/jblcorten.com\/wp-content\/uploads\/2025\/06\/hanging-fireplace-for-sale-16x12.jpg 16w, https:\/\/jblcorten.com\/wp-content\/uploads\/2025\/06\/hanging-fireplace-for-sale-600x450.jpg 600w\" sizes=\"(max-width: 750px) 100vw, 750px\" \/><\/p>\n<p><img loading=\"lazy\" decoding=\"async\" class=\"alignnone size-full wp-image-3536\" src=\"https:\/\/jblcorten.com\/wp-content\/uploads\/2025\/06\/Hanging-Fireplace.jpg\" alt=\"H\u00e4ngende Feuerstelle\" width=\"750\" height=\"562\" title=\"\" srcset=\"https:\/\/jblcorten.com\/wp-content\/uploads\/2025\/06\/Hanging-Fireplace.jpg 750w, https:\/\/jblcorten.com\/wp-content\/uploads\/2025\/06\/Hanging-Fireplace-300x225.jpg 300w, https:\/\/jblcorten.com\/wp-content\/uploads\/2025\/06\/Hanging-Fireplace-16x12.jpg 16w, https:\/\/jblcorten.com\/wp-content\/uploads\/2025\/06\/Hanging-Fireplace-600x450.jpg 600w\" sizes=\"(max-width: 750px) 100vw, 750px\" \/><\/p>\n<p><strong><span style=\"font-size: 14pt;\">FAQ:<\/span><\/strong><\/p>\n<p><strong>F1: Kann Erdgas oder Propangas verwendet werden?<\/strong><br \/>\nA: Dieses Produkt ist ein Holzofen, der Brennholz oder Holzbl\u00f6cke als Brennstoff verwendet. Wenn Sie eine Gasversion ben\u00f6tigen, k\u00f6nnen Sie sich an den Kundendienst wenden, um eine Anpassung vorzunehmen.<\/p>\n<p><strong>F2: Entsteht bei der Benutzung viel Rauch?<\/strong><br \/>\nA: Eine vern\u00fcnftige Verwendung von trockenem Brennholz kann den Rauch wirksam reduzieren. Es wird empfohlen, die Verwendung von Holz mit hohem Wassergehalt wie nasses Holz oder Laub zu vermeiden.<\/p>\n<p><strong>F3: Wie lange dauert es, das Ger\u00e4t nach dem Gebrauch zu reinigen?<\/strong><br \/>\nA: Je nach Nutzungsh\u00e4ufigkeit sollten Sie die Asche alle 1-2 Wochen reinigen. Der Ofen selbst ist korrosionsbest\u00e4ndig und leicht zu warten.<\/p>","protected":false},"excerpt":{"rendered":"<p>Dieser h\u00e4ngende Holzbrenner ist aus hochwertigem, hochtemperaturbest\u00e4ndigem Stahl gefertigt. Die einzigartige kreisf\u00f6rmige Brennkammer sorgt daf\u00fcr, dass die Holzscheite vollst\u00e4ndig verbrannt werden, und die 360-Grad-Drehung erm\u00f6glicht eine gleichm\u00e4\u00dfige Verteilung der W\u00e4rme. Die Oberfl\u00e4che des Produkts wurde speziell mit einem Rostschutzmittel behandelt, so dass es auch bei langer Brenndauer in gutem Zustand bleibt.<\/p>","protected":false},"featured_media":2857,"template":"","meta":{"site-sidebar-layout":"default","site-content-layout":"","ast-site-content-layout":"default","site-content-style":"default","site-sidebar-style":"default","ast-global-header-display":"","ast-banner-title-visibility":"","ast-main-header-display":"","ast-hfb-above-header-display":"","ast-hfb-below-header-display":"","ast-hfb-mobile-header-display":"","site-post-title":"","ast-breadcrumbs-content":"","ast-featured-img":"","footer-sml-layout":"","ast-disable-related-posts":"","theme-transparent-header-meta":"default","adv-header-id-meta":"","stick-header-meta":"","header-above-stick-meta":"","header-main-stick-meta":"","header-below-stick-meta":"","astra-migrate-meta-layouts":"set","ast-page-background-enabled":"default","ast-page-background-meta":{"desktop":{"background-color":"var(--ast-global-color-4)","background-image":"","background-repeat":"repeat","background-position":"center center","background-size":"auto","background-attachment":"scroll","background-type":"","background-media":"","overlay-type":"","overlay-color":"","overlay-opacity":"","overlay-gradient":""},"tablet":{"background-color":"","background-image":"","background-repeat":"repeat","background-position":"center center","background-size":"auto","background-attachment":"scroll","background-type":"","background-media":"","overlay-type":"","overlay-color":"","overlay-opacity":"","overlay-gradient":""},"mobile":{"background-color":"","background-image":"","background-repeat":"repeat","background-position":"center center","background-size":"auto","background-attachment":"scroll","background-type":"","background-media":"","overlay-type":"","overlay-color":"","overlay-opacity":"","overlay-gradient":""}},"ast-content-background-meta":{"desktop":{"background-color":"var(--ast-global-color-5)","background-image":"","background-repeat":"repeat","background-position":"center center","background-size":"auto","background-attachment":"scroll","background-type":"","background-media":"","overlay-type":"","overlay-color":"","overlay-opacity":"","overlay-gradient":""},"tablet":{"background-color":"var(--ast-global-color-5)","background-image":"","background-repeat":"repeat","background-position":"center center","background-size":"auto","background-attachment":"scroll","background-type":"","background-media":"","overlay-type":"","overlay-color":"","overlay-opacity":"","overlay-gradient":""},"mobile":{"background-color":"var(--ast-global-color-5)","background-image":"","background-repeat":"repeat","background-position":"center center","background-size":"auto","background-attachment":"scroll","background-type":"","background-media":"","overlay-type":"","overlay-color":"","overlay-opacity":"","overlay-gradient":""}}},"product_brand":[],"product_cat":[30],"product_tag":[],"class_list":{"0":"post-3745","1":"product","2":"type-product","3":"status-publish","4":"has-post-thumbnail","6":"product_cat-fireplace","7":"desktop-align-center","8":"tablet-align-left","9":"mobile-align-left","11":"first","12":"instock","13":"shipping-taxable","14":"product-type-simple"},"_links":{"self":[{"href":"https:\/\/jblcorten.com\/de_de_formal\/wp-json\/wp\/v2\/product\/3745","targetHints":{"allow":["GET"]}}],"collection":[{"href":"https:\/\/jblcorten.com\/de_de_formal\/wp-json\/wp\/v2\/product"}],"about":[{"href":"https:\/\/jblcorten.com\/de_de_formal\/wp-json\/wp\/v2\/types\/product"}],"wp:featuredmedia":[{"embeddable":true,"href":"https:\/\/jblcorten.com\/de_de_formal\/wp-json\/wp\/v2\/media\/2857"}],"wp:attachment":[{"href":"https:\/\/jblcorten.com\/de_de_formal\/wp-json\/wp\/v2\/media?parent=3745"}],"wp:term":[{"taxonomy":"product_brand","embeddable":true,"href":"https:\/\/jblcorten.com\/de_de_formal\/wp-json\/wp\/v2\/product_brand?post=3745"},{"taxonomy":"product_cat","embeddable":true,"href":"https:\/\/jblcorten.com\/de_de_formal\/wp-json\/wp\/v2\/product_cat?post=3745"},{"taxonomy":"product_tag","embeddable":true,"href":"https:\/\/jblcorten.com\/de_de_formal\/wp-json\/wp\/v2\/product_tag?post=3745"}],"curies":[{"name":"wp","href":"https:\/\/api.w.org\/{rel}","templated":true}]}}