{"id":3730,"date":"2025-07-16T17:19:24","date_gmt":"2025-07-16T09:19:24","guid":{"rendered":"https:\/\/jblcorten.com\/?post_type=product&#038;p=3730"},"modified":"2025-07-16T17:19:24","modified_gmt":"2025-07-16T09:19:24","slug":"lasergeschnittene-cortenstahlplatten","status":"publish","type":"product","link":"https:\/\/jblcorten.com\/de_de_formal\/corten-steel-laser-cut-panels\/","title":{"rendered":"Lasergeschnittene Cortenstahl-Paneele"},"content":{"rendered":"<h2 style=\"text-align: center;\"><span style=\"font-size: 14pt;\">Lasergeschnittene Cortenstahl-Paneele<\/span><\/h2>\n<p>Die lasergeschnittene Cortenstahlplatte besteht aus wetterfestem Hochleistungsstahl und wird mit hochpr\u00e4zisen CNC-Laserschneidanlagen f\u00fcr die Mustergravur bearbeitet. Es ist f\u00fcr verschiedene Innen- und Au\u00dfendekorations- und Landschaftsbauprojekte geeignet. Die Oberfl\u00e4che der lasergeschnittenen Cortenstahlplatten wird nat\u00fcrlich oxidiert oder k\u00fcnstlich beschleunigt, um eine gleichm\u00e4\u00dfige und stabile rostrote Schutzschicht zu bilden, die eine gute Korrosionsbest\u00e4ndigkeit und Wetterbest\u00e4ndigkeit im Freien aufweist.<\/p>\n<p>Die Gesamtstruktur der Cortenstahltafeln ist stabil, die Umrisse des Musters sind klar, die Schnittkante ist sauber und flach, und es ist nicht leicht zu verformen. Es kann in vielen Bereichen eingesetzt werden, z. B. als Hofabtrennung, Landschaftshintergrund, dekorative Fassade, Zaunpaneele usw. Wir unterst\u00fctzen eine umfassende Anpassung von Gr\u00f6\u00dfe, Dicke und Muster und k\u00f6nnen Verarbeitungsdienste aus einer Hand anbieten, wie z. B. \u00d6ldichtungen, Rahmenschwei\u00dfen, Einbau von eingebetteten Teilen und Anpassung der Beleuchtung an die Bed\u00fcrfnisse des Kunden.<\/p>\n<p><img fetchpriority=\"high\" decoding=\"async\" class=\"alignnone size-full wp-image-3736\" src=\"https:\/\/jblcorten.com\/wp-content\/uploads\/2025\/07\/corten-laser-cut-screens.jpg\" alt=\"lasergeschnittene Gitter aus Corten\" width=\"750\" height=\"379\" title=\"\" srcset=\"https:\/\/jblcorten.com\/wp-content\/uploads\/2025\/07\/corten-laser-cut-screens.jpg 750w, https:\/\/jblcorten.com\/wp-content\/uploads\/2025\/07\/corten-laser-cut-screens-300x152.jpg 300w, https:\/\/jblcorten.com\/wp-content\/uploads\/2025\/07\/corten-laser-cut-screens-18x9.jpg 18w, https:\/\/jblcorten.com\/wp-content\/uploads\/2025\/07\/corten-laser-cut-screens-600x303.jpg 600w\" sizes=\"(max-width: 750px) 100vw, 750px\" \/><\/p>\n<p><strong><span style=\"font-size: 14pt;\">Produktspezifikation:<\/span><\/strong><\/p>\n<table style=\"border-collapse: collapse; width: 100%; height: 265px;\">\n<tbody>\n<tr style=\"height: 53px;\">\n<td style=\"width: 30.7031%; height: 53px; background-color: #f5f5f5;\">Produktname<\/td>\n<td style=\"width: 69.2969%; height: 53px; background-color: #f5f5f5;\">Lasergeschnittene Cortenstahl-Paneele<\/td>\n<\/tr>\n<tr style=\"height: 53px;\">\n<td style=\"width: 30.7031%; height: 53px;\">Material<\/td>\n<td style=\"width: 69.2969%; height: 53px;\">Cortenstahl \/ Bewitterungsstahl<\/td>\n<\/tr>\n<tr style=\"height: 53px;\">\n<td style=\"width: 30.7031%; height: 53px; background-color: #f5f5f5;\">Gr\u00f6\u00dfe<\/td>\n<td style=\"width: 69.2969%; height: 53px; background-color: #f5f5f5;\">H 1800 \u00d7 L 900 oder kundenspezifisch<\/td>\n<\/tr>\n<tr style=\"height: 53px;\">\n<td style=\"width: 30.7031%; height: 53px;\">Dicke<\/td>\n<td style=\"width: 69.2969%; height: 53px;\">2-10 mm<\/td>\n<\/tr>\n<tr style=\"height: 53px;\">\n<td style=\"width: 30.7031%; height: 53px; background-color: #f5f5f5;\">Anmeldung<\/td>\n<td style=\"width: 69.2969%; height: 53px; background-color: #f5f5f5;\">Getrennt, Privatsph\u00e4re, Dekoration, etc<\/td>\n<\/tr>\n<\/tbody>\n<\/table>\n<p><strong><span style=\"font-size: 14pt;\">Was ist Cortenstahl?<\/span><\/strong><\/p>\n<p><strong>Cortenstahl<\/strong>auch bekannt als wetterfester Stahl, ist eine besondere Art von Stahl, der ein rost\u00e4hnliches Aussehen entwickelt, wenn er den Elementen ausgesetzt wird. Diese einzigartige Eigenschaft macht ihn zu einem idealen Material f\u00fcr Au\u00dfenw\u00e4nde und Trennw\u00e4nde.<\/p>\n<p>Im Gegensatz zu normalem Stahl, der im Laufe der Zeit rosten und sich verschlechtern kann, bildet witterungsbest\u00e4ndiger Stahl eine Schutzschicht, die weitere Oxidation und Verschlechterung verhindert.<\/p>\n<p><img decoding=\"async\" class=\"alignnone size-full wp-image-3735\" src=\"https:\/\/jblcorten.com\/wp-content\/uploads\/2025\/07\/corten-steel-plate.jpg\" alt=\"Cortenstahlblech\" width=\"750\" height=\"479\" title=\"\" srcset=\"https:\/\/jblcorten.com\/wp-content\/uploads\/2025\/07\/corten-steel-plate.jpg 750w, https:\/\/jblcorten.com\/wp-content\/uploads\/2025\/07\/corten-steel-plate-300x192.jpg 300w, https:\/\/jblcorten.com\/wp-content\/uploads\/2025\/07\/corten-steel-plate-18x12.jpg 18w, https:\/\/jblcorten.com\/wp-content\/uploads\/2025\/07\/corten-steel-plate-600x383.jpg 600w\" sizes=\"(max-width: 750px) 100vw, 750px\" \/><\/p>\n<p><img decoding=\"async\" class=\"alignnone size-full wp-image-2519\" src=\"https:\/\/jblcorten.com\/wp-content\/uploads\/2025\/03\/corten-steel-material.jpg\" alt=\"Werkstoff Cortenstahl\" width=\"750\" height=\"321\" title=\"\" srcset=\"https:\/\/jblcorten.com\/wp-content\/uploads\/2025\/03\/corten-steel-material.jpg 750w, https:\/\/jblcorten.com\/wp-content\/uploads\/2025\/03\/corten-steel-material-600x257.jpg 600w, https:\/\/jblcorten.com\/wp-content\/uploads\/2025\/03\/corten-steel-material-300x128.jpg 300w, https:\/\/jblcorten.com\/wp-content\/uploads\/2025\/03\/corten-steel-material-18x8.jpg 18w\" sizes=\"(max-width: 750px) 100vw, 750px\" \/><\/p>\n<p><strong><span style=\"font-size: 14pt;\">Produktionsprozess<\/span><\/strong><\/p>\n<p><img loading=\"lazy\" decoding=\"async\" class=\"alignnone wp-image-2424\" src=\"https:\/\/jblcorten.com\/wp-content\/uploads\/2024\/09\/garden-screen-panel.jpg\" alt=\"Sichtschutzwand f\u00fcr den Garten\" width=\"750\" height=\"567\" title=\"\" srcset=\"https:\/\/jblcorten.com\/wp-content\/uploads\/2024\/09\/garden-screen-panel.jpg 719w, https:\/\/jblcorten.com\/wp-content\/uploads\/2024\/09\/garden-screen-panel-600x454.jpg 600w, https:\/\/jblcorten.com\/wp-content\/uploads\/2024\/09\/garden-screen-panel-300x227.jpg 300w, https:\/\/jblcorten.com\/wp-content\/uploads\/2024\/09\/garden-screen-panel-16x12.jpg 16w\" sizes=\"(max-width: 750px) 100vw, 750px\" \/><\/p>\n<p><strong><span style=\"font-size: 14pt;\">FAQ:<\/span><\/strong><\/p>\n<p><span style=\"color: #ff9900;\"><strong>Q1: Kann das Muster Ihres Bildschirms angepasst werden?<\/strong><\/span><br \/>\nA: Ja, wir haben unsere eigene Fabrik und k\u00f6nnen die Gr\u00f6\u00dfe und das Muster entsprechend den Kundenanforderungen anpassen.<\/p>\n<p><strong><span style=\"color: #ff9900;\">F2: Kann eine beschleunigte Rostbehandlung durchgef\u00fchrt werden?<\/span><\/strong><br \/>\nA: Ja, wir bieten eine beschleunigte Oxidationsbehandlung an, um eine stabile Rostfarbe zu bilden, bevor wir die Fabrik verlassen, um eine lange nat\u00fcrliche Oxidationsperiode zu vermeiden.<\/p>\n<p><span style=\"color: #ff9900;\"><strong>Q3: Wird die Oberfl\u00e4che der Platte nach dem Laserschneiden verformt sein?<\/strong><\/span><br \/>\nA: Wir passen die Plattendicke und die Schnittleistung angemessen an, und die Schnittfl\u00e4che ist sauber und glatt und l\u00e4sst sich nicht leicht verformen.<\/p>","protected":false},"excerpt":{"rendered":"<p>Dieses lasergeschnittene Cortenstahlpaneel aus hochwertigem Cortenstahl ist langlebig, sch\u00f6n und in hohem Ma\u00dfe anpassbar. Die Laserschneidetechnik erzeugt saubere Kanten und feine Details f\u00fcr eine Vielzahl von Au\u00dfen- oder Innenr\u00e4umen und sorgt f\u00fcr einen starken visuellen Effekt.<\/p>","protected":false},"featured_media":3731,"template":"","meta":{"site-sidebar-layout":"default","site-content-layout":"","ast-site-content-layout":"default","site-content-style":"default","site-sidebar-style":"default","ast-global-header-display":"","ast-banner-title-visibility":"","ast-main-header-display":"","ast-hfb-above-header-display":"","ast-hfb-below-header-display":"","ast-hfb-mobile-header-display":"","site-post-title":"","ast-breadcrumbs-content":"","ast-featured-img":"","footer-sml-layout":"","ast-disable-related-posts":"","theme-transparent-header-meta":"default","adv-header-id-meta":"","stick-header-meta":"","header-above-stick-meta":"","header-main-stick-meta":"","header-below-stick-meta":"","astra-migrate-meta-layouts":"set","ast-page-background-enabled":"default","ast-page-background-meta":{"desktop":{"background-color":"var(--ast-global-color-4)","background-image":"","background-repeat":"repeat","background-position":"center center","background-size":"auto","background-attachment":"scroll","background-type":"","background-media":"","overlay-type":"","overlay-color":"","overlay-opacity":"","overlay-gradient":""},"tablet":{"background-color":"","background-image":"","background-repeat":"repeat","background-position":"center center","background-size":"auto","background-attachment":"scroll","background-type":"","background-media":"","overlay-type":"","overlay-color":"","overlay-opacity":"","overlay-gradient":""},"mobile":{"background-color":"","background-image":"","background-repeat":"repeat","background-position":"center center","background-size":"auto","background-attachment":"scroll","background-type":"","background-media":"","overlay-type":"","overlay-color":"","overlay-opacity":"","overlay-gradient":""}},"ast-content-background-meta":{"desktop":{"background-color":"var(--ast-global-color-5)","background-image":"","background-repeat":"repeat","background-position":"center center","background-size":"auto","background-attachment":"scroll","background-type":"","background-media":"","overlay-type":"","overlay-color":"","overlay-opacity":"","overlay-gradient":""},"tablet":{"background-color":"var(--ast-global-color-5)","background-image":"","background-repeat":"repeat","background-position":"center center","background-size":"auto","background-attachment":"scroll","background-type":"","background-media":"","overlay-type":"","overlay-color":"","overlay-opacity":"","overlay-gradient":""},"mobile":{"background-color":"var(--ast-global-color-5)","background-image":"","background-repeat":"repeat","background-position":"center center","background-size":"auto","background-attachment":"scroll","background-type":"","background-media":"","overlay-type":"","overlay-color":"","overlay-opacity":"","overlay-gradient":""}}},"product_brand":[],"product_cat":[31],"product_tag":[],"class_list":{"0":"post-3730","1":"product","2":"type-product","3":"status-publish","4":"has-post-thumbnail","6":"product_cat-garden-screens","7":"desktop-align-center","8":"tablet-align-left","9":"mobile-align-left","11":"first","12":"instock","13":"shipping-taxable","14":"product-type-simple"},"_links":{"self":[{"href":"https:\/\/jblcorten.com\/de_de_formal\/wp-json\/wp\/v2\/product\/3730","targetHints":{"allow":["GET"]}}],"collection":[{"href":"https:\/\/jblcorten.com\/de_de_formal\/wp-json\/wp\/v2\/product"}],"about":[{"href":"https:\/\/jblcorten.com\/de_de_formal\/wp-json\/wp\/v2\/types\/product"}],"wp:featuredmedia":[{"embeddable":true,"href":"https:\/\/jblcorten.com\/de_de_formal\/wp-json\/wp\/v2\/media\/3731"}],"wp:attachment":[{"href":"https:\/\/jblcorten.com\/de_de_formal\/wp-json\/wp\/v2\/media?parent=3730"}],"wp:term":[{"taxonomy":"product_brand","embeddable":true,"href":"https:\/\/jblcorten.com\/de_de_formal\/wp-json\/wp\/v2\/product_brand?post=3730"},{"taxonomy":"product_cat","embeddable":true,"href":"https:\/\/jblcorten.com\/de_de_formal\/wp-json\/wp\/v2\/product_cat?post=3730"},{"taxonomy":"product_tag","embeddable":true,"href":"https:\/\/jblcorten.com\/de_de_formal\/wp-json\/wp\/v2\/product_tag?post=3730"}],"curies":[{"name":"wp","href":"https:\/\/api.w.org\/{rel}","templated":true}]}}