{"id":3605,"date":"2025-07-07T16:22:25","date_gmt":"2025-07-07T08:22:25","guid":{"rendered":"https:\/\/jblcorten.com\/?post_type=product&#038;p=3605"},"modified":"2025-07-07T16:22:25","modified_gmt":"2025-07-07T08:22:25","slug":"wasserfontane-aus-cortenstahl","status":"publish","type":"product","link":"https:\/\/jblcorten.com\/de_de_formal\/corten-steel-water-fountain\/","title":{"rendered":"Wasserbrunnen aus Cortenstahl"},"content":{"rendered":"<h2 style=\"text-align: center;\"><span style=\"font-size: 14pt;\">Wasserbrunnen aus Cortenstahl<\/span><\/h2>\n<p>Das Designkonzept dieses Wasserbrunnens aus Cortenstahl basiert auf der Form einer Schnecke. Der Boden ist mit einem speziellen Wasserumlaufpumpensystem ausgestattet, das Wasser aus einem Wasserspeicher (z. B. einem Pool, einem Wassertank oder einem anderen Wasserspeicher) durch ein Rohr an die Oberseite der Skulptur bef\u00f6rdern kann. Das Wasser flie\u00dft langsam aus der oberen \u00d6ffnung heraus und bildet einen Wasserfalleffekt.<\/p>\n<p>Das gesamte System arbeitet kontinuierlich durch eine Zirkulationsmethode. Es ist visuell eine Skulptur Dekoration und bringt ein weiches und beruhigendes nat\u00fcrliches Wasser klingen, um den Geh\u00f6rsinn, effektiv zu schaffen eine entspannende, ruhige und ruhige Raumatmosph\u00e4re.<\/p>\n<p><img fetchpriority=\"high\" decoding=\"async\" class=\"alignnone size-full wp-image-3610\" src=\"https:\/\/jblcorten.com\/wp-content\/uploads\/2025\/07\/corten-fountain.jpg\" alt=\"R\u00f6hrenbrunnen\" width=\"750\" height=\"500\" title=\"\" srcset=\"https:\/\/jblcorten.com\/wp-content\/uploads\/2025\/07\/corten-fountain.jpg 750w, https:\/\/jblcorten.com\/wp-content\/uploads\/2025\/07\/corten-fountain-300x200.jpg 300w, https:\/\/jblcorten.com\/wp-content\/uploads\/2025\/07\/corten-fountain-18x12.jpg 18w, https:\/\/jblcorten.com\/wp-content\/uploads\/2025\/07\/corten-fountain-600x400.jpg 600w\" sizes=\"(max-width: 750px) 100vw, 750px\" \/><\/p>\n<p><strong><span style=\"font-size: 14pt;\">Produktspezifikation:<\/span><\/strong><\/p>\n<table style=\"border-collapse: collapse; width: 100%;\">\n<tbody>\n<tr>\n<td style=\"width: 30.9274%; background-color: #f5f5f5;\">Produktname<\/td>\n<td style=\"width: 69.0726%; background-color: #f5f5f5;\">Wasserbrunnen aus Cortenstahl<\/td>\n<\/tr>\n<tr>\n<td style=\"width: 30.9274%;\">Material<\/td>\n<td style=\"width: 69.0726%;\">Cortenstahl oder rostfreier Stahl<\/td>\n<\/tr>\n<tr>\n<td style=\"width: 30.9274%; background-color: #f5f5f5;\">Gr\u00f6\u00dfe<\/td>\n<td style=\"width: 69.0726%; background-color: #f5f5f5;\">H600 \u00d7 B400 \u00d7 T300mm<\/td>\n<\/tr>\n<tr>\n<td style=\"width: 30.9274%;\">Dicke<\/td>\n<td style=\"width: 69.0726%;\">2mm<\/td>\n<\/tr>\n<tr>\n<td style=\"width: 30.9274%; background-color: #f5f5f5;\">Zubeh\u00f6r<\/td>\n<td style=\"width: 69.0726%; background-color: #f5f5f5;\">Wassers\u00e4ule, Wasserleitung, Wasserpumpe<\/td>\n<\/tr>\n<\/tbody>\n<\/table>\n<p><span style=\"font-size: 14pt;\"><strong>Anwendungsszenarien: <\/strong><\/span><\/p>\n<p>Dieses Wasserspiel eignet sich f\u00fcr eine Vielzahl von Orten, wie z. B. Innenhoflandschaften, Parks, Pools, Wohnbalkone, gewerbliche Lobbys oder vor Landschaftsmauern. Es kann als Landschaftsskulptur allein oder in Kombination mit anderen Wasserlandschaftssystemen verwendet werden.<\/p>\n<p><img decoding=\"async\" class=\"alignnone size-full wp-image-3611\" src=\"https:\/\/jblcorten.com\/wp-content\/uploads\/2025\/07\/rust-water-feature.jpg\" alt=\"Rost Wasserspiel\" width=\"750\" height=\"300\" title=\"\" srcset=\"https:\/\/jblcorten.com\/wp-content\/uploads\/2025\/07\/rust-water-feature.jpg 750w, https:\/\/jblcorten.com\/wp-content\/uploads\/2025\/07\/rust-water-feature-300x120.jpg 300w, https:\/\/jblcorten.com\/wp-content\/uploads\/2025\/07\/rust-water-feature-18x7.jpg 18w, https:\/\/jblcorten.com\/wp-content\/uploads\/2025\/07\/rust-water-feature-600x240.jpg 600w\" sizes=\"(max-width: 750px) 100vw, 750px\" \/><\/p>\n<p><strong><span style=\"font-size: 14pt;\">Ma\u00dfgeschneiderter Service:<\/span><\/strong><\/p>\n<p>Unsere Wasserspiele aus Metall k\u00f6nnen individuell angepasst werden, einschlie\u00dflich Material, Gr\u00f6\u00dfe, Farbe usw., und k\u00f6nnen nach Kundenwunsch gefertigt werden.<\/p>\n<p><img decoding=\"async\" class=\"alignnone size-full wp-image-3612\" src=\"https:\/\/jblcorten.com\/wp-content\/uploads\/2025\/07\/corten-steel-garden-water-features.jpg\" alt=\"Garten Wasserspiele aus Cortenstahl\" width=\"750\" height=\"421\" title=\"\" srcset=\"https:\/\/jblcorten.com\/wp-content\/uploads\/2025\/07\/corten-steel-garden-water-features.jpg 750w, https:\/\/jblcorten.com\/wp-content\/uploads\/2025\/07\/corten-steel-garden-water-features-300x168.jpg 300w, https:\/\/jblcorten.com\/wp-content\/uploads\/2025\/07\/corten-steel-garden-water-features-18x10.jpg 18w, https:\/\/jblcorten.com\/wp-content\/uploads\/2025\/07\/corten-steel-garden-water-features-600x337.jpg 600w\" sizes=\"(max-width: 750px) 100vw, 750px\" \/><\/p>\n<p><strong><span style=\"font-size: 14pt;\">FAQ:<\/span><\/strong><\/p>\n<p>F1: Kann dieses Wasserspiel aus Corten das ganze Jahr \u00fcber im Freien verwendet werden?<br \/>\nA1: Ja. Wetterfester Stahl ist extrem witterungsbest\u00e4ndig und f\u00fcr den langfristigen Einsatz im Freien geeignet und wird durch Wind und Sonne nicht beeintr\u00e4chtigt.<\/p>\n<p>F2: Ist die Wasserpumpe im Produkt enthalten?<br \/>\nA2: Ja, das Produkt ist mit einer Wasserpumpe ausgestattet, die bei Gebrauch unten angebracht ist. Sie muss nur an die Wasserquelle und die Stromversorgung angeschlossen werden.<\/p>\n<p>F4: Kann dieses Wasserspiel aus Corten rosten?<br \/>\nA4: Die \u00e4u\u00dfere Rostschicht ist eine sch\u00fctzende Oxidschicht, wie sie nur bei wetterfestem Stahl vorkommt. Sie hat eine korrosionssch\u00fctzende Wirkung und zeigt eine nat\u00fcrliche Rostfarbe, ohne die Struktur selbst zu beeintr\u00e4chtigen.<\/p>","protected":false},"excerpt":{"rendered":"<p>Dieser Wasserbrunnen aus Cortenstahl hat die Form einer Schnecke oder die abstrakte Form der Zahl \u201c6\u201d. Aus hochwertigem Cortenstahl gefertigt, ist er nicht nur ein funktionales Wasserspiel, sondern auch eine k\u00fcnstlerische Skulptur, die jedem Innen- oder Au\u00dfenbereich einen einzigartigen Charme verleiht.<\/p>","protected":false},"featured_media":3607,"template":"","meta":{"site-sidebar-layout":"default","site-content-layout":"","ast-site-content-layout":"default","site-content-style":"default","site-sidebar-style":"default","ast-global-header-display":"","ast-banner-title-visibility":"","ast-main-header-display":"","ast-hfb-above-header-display":"","ast-hfb-below-header-display":"","ast-hfb-mobile-header-display":"","site-post-title":"","ast-breadcrumbs-content":"","ast-featured-img":"","footer-sml-layout":"","ast-disable-related-posts":"","theme-transparent-header-meta":"default","adv-header-id-meta":"","stick-header-meta":"","header-above-stick-meta":"","header-main-stick-meta":"","header-below-stick-meta":"","astra-migrate-meta-layouts":"set","ast-page-background-enabled":"default","ast-page-background-meta":{"desktop":{"background-color":"var(--ast-global-color-4)","background-image":"","background-repeat":"repeat","background-position":"center center","background-size":"auto","background-attachment":"scroll","background-type":"","background-media":"","overlay-type":"","overlay-color":"","overlay-opacity":"","overlay-gradient":""},"tablet":{"background-color":"","background-image":"","background-repeat":"repeat","background-position":"center center","background-size":"auto","background-attachment":"scroll","background-type":"","background-media":"","overlay-type":"","overlay-color":"","overlay-opacity":"","overlay-gradient":""},"mobile":{"background-color":"","background-image":"","background-repeat":"repeat","background-position":"center center","background-size":"auto","background-attachment":"scroll","background-type":"","background-media":"","overlay-type":"","overlay-color":"","overlay-opacity":"","overlay-gradient":""}},"ast-content-background-meta":{"desktop":{"background-color":"var(--ast-global-color-5)","background-image":"","background-repeat":"repeat","background-position":"center center","background-size":"auto","background-attachment":"scroll","background-type":"","background-media":"","overlay-type":"","overlay-color":"","overlay-opacity":"","overlay-gradient":""},"tablet":{"background-color":"var(--ast-global-color-5)","background-image":"","background-repeat":"repeat","background-position":"center center","background-size":"auto","background-attachment":"scroll","background-type":"","background-media":"","overlay-type":"","overlay-color":"","overlay-opacity":"","overlay-gradient":""},"mobile":{"background-color":"var(--ast-global-color-5)","background-image":"","background-repeat":"repeat","background-position":"center center","background-size":"auto","background-attachment":"scroll","background-type":"","background-media":"","overlay-type":"","overlay-color":"","overlay-opacity":"","overlay-gradient":""}}},"product_brand":[],"product_cat":[40],"product_tag":[],"class_list":{"0":"post-3605","1":"product","2":"type-product","3":"status-publish","4":"has-post-thumbnail","6":"product_cat-water-feature","7":"desktop-align-center","8":"tablet-align-left","9":"mobile-align-left","11":"first","12":"instock","13":"shipping-taxable","14":"product-type-simple"},"_links":{"self":[{"href":"https:\/\/jblcorten.com\/de_de_formal\/wp-json\/wp\/v2\/product\/3605","targetHints":{"allow":["GET"]}}],"collection":[{"href":"https:\/\/jblcorten.com\/de_de_formal\/wp-json\/wp\/v2\/product"}],"about":[{"href":"https:\/\/jblcorten.com\/de_de_formal\/wp-json\/wp\/v2\/types\/product"}],"wp:featuredmedia":[{"embeddable":true,"href":"https:\/\/jblcorten.com\/de_de_formal\/wp-json\/wp\/v2\/media\/3607"}],"wp:attachment":[{"href":"https:\/\/jblcorten.com\/de_de_formal\/wp-json\/wp\/v2\/media?parent=3605"}],"wp:term":[{"taxonomy":"product_brand","embeddable":true,"href":"https:\/\/jblcorten.com\/de_de_formal\/wp-json\/wp\/v2\/product_brand?post=3605"},{"taxonomy":"product_cat","embeddable":true,"href":"https:\/\/jblcorten.com\/de_de_formal\/wp-json\/wp\/v2\/product_cat?post=3605"},{"taxonomy":"product_tag","embeddable":true,"href":"https:\/\/jblcorten.com\/de_de_formal\/wp-json\/wp\/v2\/product_tag?post=3605"}],"curies":[{"name":"wp","href":"https:\/\/api.w.org\/{rel}","templated":true}]}}