{"id":3170,"date":"2025-05-29T15:10:35","date_gmt":"2025-05-29T07:10:35","guid":{"rendered":"https:\/\/jblcorten.com\/?post_type=product&#038;p=3170"},"modified":"2025-05-29T15:10:36","modified_gmt":"2025-05-29T07:10:36","slug":"abgehangter-kamin","status":"publish","type":"product","link":"https:\/\/jblcorten.com\/de_de_formal\/suspended-fireplace\/","title":{"rendered":"H\u00e4ngende Feuerstelle"},"content":{"rendered":"<h2 style=\"text-align: center;\"><span style=\"font-size: 14pt;\">H\u00e4ngende Feuerstelle<\/span><\/h2>\n<p>Das gr\u00f6\u00dfte Highlight des h\u00e4ngenden Kamins ist sein h\u00e4ngendes Design. An der Decke installiert, ist der h\u00e4ngende Kamin komplett vom Boden entfernt, was nicht nur den Bodenraum freigibt, sondern auch einen Hauch von moderner Kunst in den Innenraum bringt. Im Vergleich zum traditionellen Standkamin vermeidet die h\u00e4ngende Konstruktion des h\u00e4ngenden Kamins die Ansammlung von Schutt auf dem Boden, was die Reinigung erleichtert, und verringert auch das Risiko einer versehentlichen Ber\u00fchrung durch Kinder oder Haustiere, was ihn sicherer macht.<\/p>\n<p>Der h\u00e4ngende Kamin ist aus hochwertigem Kohlenstoffstahl gefertigt, der sich durch hohe Temperaturbest\u00e4ndigkeit und Korrosionsbest\u00e4ndigkeit auszeichnet. Kohlenstoffstahl kann nicht nur den hohen Temperaturen standhalten, die bei der Holzverbrennung entstehen, sondern auch die strukturelle Stabilit\u00e4t f\u00fcr eine lange Zeit beibehalten, was die Lebensdauer des h\u00e4ngenden Kamins gew\u00e4hrleistet. Dar\u00fcber hinaus wurde die Oberfl\u00e4che des Kohlenstoffstahls fein bearbeitet, um eine glatte und moderne Textur zu erhalten. Unsere h\u00e4ngenden Kamine k\u00f6nnen auch mit einer matten oder metallisch gl\u00e4nzenden Beschichtung versehen werden, um den \u00e4sthetischen Anspr\u00fcchen der verschiedenen Nutzer gerecht zu werden.<\/p>\n<p><strong><span style=\"font-size: 14pt;\">Produktspezifikation:<\/span><\/strong><\/p>\n<table style=\"border-collapse: collapse; width: 100%;\">\n<tbody>\n<tr>\n<td style=\"width: 22.2513%; background-color: #f5f5f5;\">Produktname<\/td>\n<td style=\"width: 77.7487%;\">H\u00e4ngende Feuerstelle<\/td>\n<\/tr>\n<tr>\n<td style=\"width: 22.2513%; background-color: #f5f5f5;\">Material<\/td>\n<td style=\"width: 77.7487%;\">Kohlenstoffstahl<\/td>\n<\/tr>\n<tr>\n<td style=\"width: 22.2513%; background-color: #f5f5f5;\">Farbe<\/td>\n<td style=\"width: 77.7487%;\">Schwarz, matt, kundenspezifisch<\/td>\n<\/tr>\n<tr>\n<td style=\"width: 22.2513%; background-color: #f5f5f5;\">Kraftstoff<\/td>\n<td style=\"width: 77.7487%;\">Holz oder Ethanol<\/td>\n<\/tr>\n<tr>\n<td style=\"width: 22.2513%; background-color: #f5f5f5;\">Gr\u00f6\u00dfe<\/td>\n<td style=\"width: 77.7487%;\">\u03c6600 \/ \u03c6700 \/ \u03c6800 \/ \u03c6900 \/ \u03c61000 \/ \u03c61100 \/ \u03c61200 \/ anpassbare Gr\u00f6\u00dfe<\/td>\n<\/tr>\n<\/tbody>\n<\/table>\n<p><strong><span style=\"font-size: 14pt;\">Produktmerkmale:<\/span><\/strong><\/p>\n<ol>\n<li>Weit vom Boden entfernt, platzsparend;<\/li>\n<li>Die schwebende Form ist wie eine Skulptur, die zur Dekoration des Innenraums verwendet werden kann;<\/li>\n<li>Das knisternde Ger\u00e4usch und die springenden Flammen des brennenden Holzes verleihen dem Innenraum ein nat\u00fcrliches und warmes Gef\u00fchl;<\/li>\n<li>Der Brennerkopf kann sich um 360 Grad drehen und die Richtung nach Belieben \u00e4ndern;<\/li>\n<li>Geeignet f\u00fcr eine Vielzahl von Szenarien.<\/li>\n<\/ol>\n<p><img fetchpriority=\"high\" decoding=\"async\" class=\"alignnone size-full wp-image-3176\" src=\"https:\/\/jblcorten.com\/wp-content\/uploads\/2025\/05\/ceiling-hanging-fireplace.jpg\" alt=\"Decke h\u00e4ngender Kamin\" width=\"750\" height=\"585\" title=\"\" srcset=\"https:\/\/jblcorten.com\/wp-content\/uploads\/2025\/05\/ceiling-hanging-fireplace.jpg 750w, https:\/\/jblcorten.com\/wp-content\/uploads\/2025\/05\/ceiling-hanging-fireplace-600x468.jpg 600w, https:\/\/jblcorten.com\/wp-content\/uploads\/2025\/05\/ceiling-hanging-fireplace-300x234.jpg 300w, https:\/\/jblcorten.com\/wp-content\/uploads\/2025\/05\/ceiling-hanging-fireplace-15x12.jpg 15w\" sizes=\"(max-width: 750px) 100vw, 750px\" \/><\/p>\n<p><strong><span style=\"font-size: 14pt;\">Einzelheiten zum Produkt:<\/span><\/strong><\/p>\n<p><img decoding=\"async\" class=\"alignnone size-full wp-image-3178\" src=\"https:\/\/jblcorten.com\/wp-content\/uploads\/2025\/05\/suspended-fireplace-1.jpg\" alt=\"abgeh\u00e4ngter Kamin\" width=\"750\" height=\"409\" title=\"\" srcset=\"https:\/\/jblcorten.com\/wp-content\/uploads\/2025\/05\/suspended-fireplace-1.jpg 750w, https:\/\/jblcorten.com\/wp-content\/uploads\/2025\/05\/suspended-fireplace-1-600x327.jpg 600w, https:\/\/jblcorten.com\/wp-content\/uploads\/2025\/05\/suspended-fireplace-1-300x164.jpg 300w, https:\/\/jblcorten.com\/wp-content\/uploads\/2025\/05\/suspended-fireplace-1-18x10.jpg 18w\" sizes=\"(max-width: 750px) 100vw, 750px\" \/><\/p>\n<p><img decoding=\"async\" class=\"alignnone size-full wp-image-3177\" src=\"https:\/\/jblcorten.com\/wp-content\/uploads\/2025\/05\/hanging-wood-burning-fireplace-1.jpg\" alt=\"H\u00e4ngender Holzkamin\" width=\"750\" height=\"500\" title=\"\" srcset=\"https:\/\/jblcorten.com\/wp-content\/uploads\/2025\/05\/hanging-wood-burning-fireplace-1.jpg 750w, https:\/\/jblcorten.com\/wp-content\/uploads\/2025\/05\/hanging-wood-burning-fireplace-1-600x400.jpg 600w, https:\/\/jblcorten.com\/wp-content\/uploads\/2025\/05\/hanging-wood-burning-fireplace-1-300x200.jpg 300w, https:\/\/jblcorten.com\/wp-content\/uploads\/2025\/05\/hanging-wood-burning-fireplace-1-18x12.jpg 18w\" sizes=\"(max-width: 750px) 100vw, 750px\" \/><\/p>\n<p><img loading=\"lazy\" decoding=\"async\" class=\"alignnone size-full wp-image-3179\" src=\"https:\/\/jblcorten.com\/wp-content\/uploads\/2025\/05\/suspended-wood-burning-fireplace.jpg\" alt=\"H\u00e4ngender Holzkamin\" width=\"750\" height=\"606\" title=\"\" srcset=\"https:\/\/jblcorten.com\/wp-content\/uploads\/2025\/05\/suspended-wood-burning-fireplace.jpg 750w, https:\/\/jblcorten.com\/wp-content\/uploads\/2025\/05\/suspended-wood-burning-fireplace-600x485.jpg 600w, https:\/\/jblcorten.com\/wp-content\/uploads\/2025\/05\/suspended-wood-burning-fireplace-300x242.jpg 300w, https:\/\/jblcorten.com\/wp-content\/uploads\/2025\/05\/suspended-wood-burning-fireplace-15x12.jpg 15w\" sizes=\"(max-width: 750px) 100vw, 750px\" \/><\/p>\n<p><strong><span style=\"font-size: 14pt;\">FAQ:<\/span><\/strong><\/p>\n<p>1. sind Sie eine Fabrik?<br \/>\nJa, wir haben unsere eigene Fabrik.<\/p>\n<p>2. akzeptieren Sie Anpassungen f\u00fcr Ihre wandmontierten Heizkessel?<br \/>\nWir unterst\u00fctzen die Anpassung von Formen und Gr\u00f6\u00dfen. Verschiedene kundenspezifische Stile haben unterschiedliche Preise. Willkommen zu konsultieren Kundenservice~<\/p>\n<p>3. wie kann man die Sicherheit gew\u00e4hrleisten?<br \/>\nAlle von uns verkauften Produkte werden vor dem Verlassen des Werks gepr\u00fcft, um sicherzustellen, dass jede Produktcharge qualifiziert und sicher ist.<\/p>","protected":false},"excerpt":{"rendered":"<p>Dieser h\u00e4ngende Kamin aus Karbonstahl wird vom Boden weg von der Decke abgeh\u00e4ngt, was Platz spart und die Sch\u00f6nheit erh\u00f6ht. Sein einzigartiges holzbefeuertes Design macht ihn umweltfreundlich und effizient und spendet gleichzeitig W\u00e4rme.<\/p>","protected":false},"featured_media":3174,"template":"","meta":{"site-sidebar-layout":"default","site-content-layout":"","ast-site-content-layout":"default","site-content-style":"default","site-sidebar-style":"default","ast-global-header-display":"","ast-banner-title-visibility":"","ast-main-header-display":"","ast-hfb-above-header-display":"","ast-hfb-below-header-display":"","ast-hfb-mobile-header-display":"","site-post-title":"","ast-breadcrumbs-content":"","ast-featured-img":"","footer-sml-layout":"","ast-disable-related-posts":"","theme-transparent-header-meta":"default","adv-header-id-meta":"","stick-header-meta":"","header-above-stick-meta":"","header-main-stick-meta":"","header-below-stick-meta":"","astra-migrate-meta-layouts":"set","ast-page-background-enabled":"default","ast-page-background-meta":{"desktop":{"background-color":"var(--ast-global-color-4)","background-image":"","background-repeat":"repeat","background-position":"center center","background-size":"auto","background-attachment":"scroll","background-type":"","background-media":"","overlay-type":"","overlay-color":"","overlay-opacity":"","overlay-gradient":""},"tablet":{"background-color":"","background-image":"","background-repeat":"repeat","background-position":"center center","background-size":"auto","background-attachment":"scroll","background-type":"","background-media":"","overlay-type":"","overlay-color":"","overlay-opacity":"","overlay-gradient":""},"mobile":{"background-color":"","background-image":"","background-repeat":"repeat","background-position":"center center","background-size":"auto","background-attachment":"scroll","background-type":"","background-media":"","overlay-type":"","overlay-color":"","overlay-opacity":"","overlay-gradient":""}},"ast-content-background-meta":{"desktop":{"background-color":"var(--ast-global-color-5)","background-image":"","background-repeat":"repeat","background-position":"center center","background-size":"auto","background-attachment":"scroll","background-type":"","background-media":"","overlay-type":"","overlay-color":"","overlay-opacity":"","overlay-gradient":""},"tablet":{"background-color":"var(--ast-global-color-5)","background-image":"","background-repeat":"repeat","background-position":"center center","background-size":"auto","background-attachment":"scroll","background-type":"","background-media":"","overlay-type":"","overlay-color":"","overlay-opacity":"","overlay-gradient":""},"mobile":{"background-color":"var(--ast-global-color-5)","background-image":"","background-repeat":"repeat","background-position":"center center","background-size":"auto","background-attachment":"scroll","background-type":"","background-media":"","overlay-type":"","overlay-color":"","overlay-opacity":"","overlay-gradient":""}}},"product_brand":[],"product_cat":[30],"product_tag":[],"class_list":{"0":"post-3170","1":"product","2":"type-product","3":"status-publish","4":"has-post-thumbnail","6":"product_cat-fireplace","7":"desktop-align-center","8":"tablet-align-left","9":"mobile-align-left","11":"first","12":"instock","13":"shipping-taxable","14":"product-type-simple"},"_links":{"self":[{"href":"https:\/\/jblcorten.com\/de_de_formal\/wp-json\/wp\/v2\/product\/3170","targetHints":{"allow":["GET"]}}],"collection":[{"href":"https:\/\/jblcorten.com\/de_de_formal\/wp-json\/wp\/v2\/product"}],"about":[{"href":"https:\/\/jblcorten.com\/de_de_formal\/wp-json\/wp\/v2\/types\/product"}],"wp:featuredmedia":[{"embeddable":true,"href":"https:\/\/jblcorten.com\/de_de_formal\/wp-json\/wp\/v2\/media\/3174"}],"wp:attachment":[{"href":"https:\/\/jblcorten.com\/de_de_formal\/wp-json\/wp\/v2\/media?parent=3170"}],"wp:term":[{"taxonomy":"product_brand","embeddable":true,"href":"https:\/\/jblcorten.com\/de_de_formal\/wp-json\/wp\/v2\/product_brand?post=3170"},{"taxonomy":"product_cat","embeddable":true,"href":"https:\/\/jblcorten.com\/de_de_formal\/wp-json\/wp\/v2\/product_cat?post=3170"},{"taxonomy":"product_tag","embeddable":true,"href":"https:\/\/jblcorten.com\/de_de_formal\/wp-json\/wp\/v2\/product_tag?post=3170"}],"curies":[{"name":"wp","href":"https:\/\/api.w.org\/{rel}","templated":true}]}}