{"id":3064,"date":"2025-05-15T16:33:56","date_gmt":"2025-05-15T08:33:56","guid":{"rendered":"https:\/\/jblcorten.com\/?post_type=product&#038;p=3064"},"modified":"2025-05-15T16:33:56","modified_gmt":"2025-05-15T08:33:56","slug":"pflanzgefas-aus-cortenstahl-mit-spalier","status":"publish","type":"product","link":"https:\/\/jblcorten.com\/de_de_formal\/corten-steel-planter-with-trellis\/","title":{"rendered":"Cortenstahl-Pflanzgef\u00e4\u00df mit Spalier"},"content":{"rendered":"<h2 style=\"text-align: center;\"><span style=\"font-size: 14pt;\">Cortenstahl-Pflanzgef\u00e4\u00df mit Spalier<\/span><\/h2>\n<p>Bei diesem Pflanzgef\u00e4\u00df aus Cortenstahl mit Spalier wird hochwertiger wetterfester Stahl (auch als Cortenstahl bekannt) als Hauptmaterial verwendet. Der Hauptk\u00f6rper des Pflanzgef\u00e4\u00dfes ist ein rechteckiges Parallelepiped, und ein Metallgitter mit einer por\u00f6sen Struktur erstreckt sich vertikal von der Oberseite, die verwendet werden kann, um Pflanzen zum Klettern und Wachsen nach oben zu f\u00fchren. Die gesamte Reihe von Blument\u00f6pfen hat eine einheitliche Struktur, und optisch hat die Sch\u00f6nheit der industriellen und nat\u00fcrlichen Integration. Es ist eine gute Wahl f\u00fcr moderne H\u00f6fe und G\u00e4rten.<\/p>\n<p>Das Design der Gitterstruktur verst\u00e4rkt nicht nur den dreidimensionalen Sinn und die Dekorativit\u00e4t des Pflanzgef\u00e4\u00dfes, sondern bietet auch zus\u00e4tzlichen Platz f\u00fcr das Pflanzenwachstum. Es eignet sich besonders f\u00fcr Reben wie Morgenlatte, Efeu, Trompetenbaum, Windm\u00fchlenjasmin usw., die einen dreidimensionalen Begr\u00fcnungseffekt des nat\u00fcrlichen Wachstums aus dem Boden erzielen k\u00f6nnen.<\/p>\n<p><strong><span style=\"font-size: 14pt;\">Produktspezifikation:<\/span><\/strong><\/p>\n<table style=\"border-collapse: collapse; width: 100%; height: 265px;\">\n<tbody>\n<tr style=\"height: 53px;\">\n<td style=\"width: 21.5033%; height: 53px; background-color: #f5f5f5;\">Produktname<\/td>\n<td style=\"width: 78.4967%; height: 53px; background-color: #f5f5f5;\">Cortenstahl-Pflanzgef\u00e4\u00df mit Spalier<\/td>\n<\/tr>\n<tr style=\"height: 53px;\">\n<td style=\"width: 21.5033%; height: 53px;\">Material<\/td>\n<td style=\"width: 78.4967%; height: 53px;\">Cortenstahl<\/td>\n<\/tr>\n<tr style=\"height: 53px;\">\n<td style=\"width: 21.5033%; height: 53px; background-color: #f5f5f5;\">Prozess<\/td>\n<td style=\"width: 78.4967%; height: 53px; background-color: #f5f5f5;\">Laserschneiden &gt; Biegen &gt; Schwei\u00dfen und Polieren &gt; Oberfl\u00e4chenbehandlung &gt; montierte Komponenten und Verpackung<\/td>\n<\/tr>\n<tr style=\"height: 53px;\">\n<td style=\"width: 21.5033%; height: 53px;\">Oberfl\u00e4chenbehandlung<\/td>\n<td style=\"width: 78.4967%; height: 53px;\">Nat\u00fcrlich oder vorbehandelt<\/td>\n<\/tr>\n<tr style=\"height: 53px;\">\n<td style=\"width: 21.5033%; height: 53px; background-color: #f5f5f5;\">Gr\u00f6\u00dfe<\/td>\n<td style=\"width: 78.4967%; height: 53px; background-color: #f5f5f5;\">Kundenspezifisch<\/td>\n<\/tr>\n<\/tbody>\n<\/table>\n<p><strong><span style=\"font-size: 14pt;\">Wesentliche Merkmale:<\/span><\/strong><\/p>\n<ul>\n<li>Die Gesamtstruktur ist stabil: der Boden ist verst\u00e4rkt und hat eine gute Tragf\u00e4higkeit<\/li>\n<li>Das Design des Gitters ist raffiniert: Der Abstand zwischen den Gittern ist angemessen, was das nat\u00fcrliche Klettern der Pflanzen beg\u00fcnstigt und das t\u00e4gliche Beschneiden und die Pflege erleichtert.<\/li>\n<li>Das Drainagesystem ist perfekt: Der Boden des Blumentopfes ist mit einem Drainageloch versehen, um zu verhindern, dass Wasseransammlungen zu Wurzelf\u00e4ule f\u00fchren.<\/li>\n<li>Anpassungen sind m\u00f6glich: Gr\u00f6\u00dfe, H\u00f6he und Art des Gitters k\u00f6nnen je nach Projektanforderungen angepasst werden.<\/li>\n<li>Beweglich: Dieser Blumentopf kann mit R\u00e4dern f\u00fcr einfache Bewegung installiert werden.<\/li>\n<\/ul>\n<p><strong><span style=\"font-size: 14pt;\">Herstellungsprozess\uff1a<\/span><\/strong><\/p>\n<p>Dieses Pflanzgef\u00e4\u00df aus Cortenstahl mit Spalier wird durch CNC-Schneiden, Biegen, Schwei\u00dfen, Schleifen, Rostschutz und andere Pr\u00e4zisionsverfahren hergestellt. Nachdem das Material aus verwittertem Stahl mit einem Vorrostungsprozess behandelt wurde, weist die Oberfl\u00e4che einen nat\u00fcrlichen rostroten Farbton auf, der sich im Laufe der Zeit zu einer stabileren und k\u00fcnstlerischen Farbe entwickelt. Das Gitterteil wird mit einem Laser geschnitten, um sicherzustellen, dass die \u00d6ffnungen sauber und die Ecken glatt sind, damit die Pflanzen und G\u00e4rtner nicht zerkratzt werden.<\/p>\n<p>Die gesamte Struktur wird vor dem Verlassen des Werks entfettet und rostfrei gemacht, und je nach Kundenwunsch k\u00f6nnen verschiedene Grade der Voroxidation vorgenommen werden.<\/p>\n<p><strong><span style=\"font-size: 14pt;\">Einzelheiten zum Produkt:<\/span><\/strong><\/p>\n<p><img fetchpriority=\"high\" decoding=\"async\" class=\"alignnone size-full wp-image-3069\" src=\"https:\/\/jblcorten.com\/wp-content\/uploads\/2025\/05\/planter-pot.jpg\" alt=\"Blumentopf mit Entw\u00e4sserungsl\u00f6chern\" width=\"750\" height=\"433\" title=\"\" srcset=\"https:\/\/jblcorten.com\/wp-content\/uploads\/2025\/05\/planter-pot.jpg 750w, https:\/\/jblcorten.com\/wp-content\/uploads\/2025\/05\/planter-pot-600x346.jpg 600w, https:\/\/jblcorten.com\/wp-content\/uploads\/2025\/05\/planter-pot-300x173.jpg 300w, https:\/\/jblcorten.com\/wp-content\/uploads\/2025\/05\/planter-pot-18x10.jpg 18w\" sizes=\"(max-width: 750px) 100vw, 750px\" \/><\/p>\n<p><img decoding=\"async\" class=\"alignnone size-full wp-image-3070\" src=\"https:\/\/jblcorten.com\/wp-content\/uploads\/2025\/05\/Corten-Steel-Planter-With-grille.jpg\" alt=\"Cortenstahl Pflanzgef\u00e4\u00df mit Gitter\" width=\"750\" height=\"750\" title=\"\" srcset=\"https:\/\/jblcorten.com\/wp-content\/uploads\/2025\/05\/Corten-Steel-Planter-With-grille.jpg 750w, https:\/\/jblcorten.com\/wp-content\/uploads\/2025\/05\/Corten-Steel-Planter-With-grille-600x600.jpg 600w, https:\/\/jblcorten.com\/wp-content\/uploads\/2025\/05\/Corten-Steel-Planter-With-grille-100x100.jpg 100w, https:\/\/jblcorten.com\/wp-content\/uploads\/2025\/05\/Corten-Steel-Planter-With-grille-300x300.jpg 300w, https:\/\/jblcorten.com\/wp-content\/uploads\/2025\/05\/Corten-Steel-Planter-With-grille-150x150.jpg 150w, https:\/\/jblcorten.com\/wp-content\/uploads\/2025\/05\/Corten-Steel-Planter-With-grille-12x12.jpg 12w\" sizes=\"(max-width: 750px) 100vw, 750px\" \/><\/p>","protected":false},"excerpt":{"rendered":"<p>Das Pflanzgef\u00e4\u00df aus Cortenstahl mit Spalier hat ein rechteckiges Design, und die Gesamtstruktur hat einfache Linien, stabil und modern. Insbesondere ist die Oberseite mit einem integrierten Gitter aus wetterfestem Stahl ausgestattet, das eine nat\u00fcrliche Unterst\u00fctzung f\u00fcr das kletternde Wachstum von Pflanzen bietet und ein idealer Partner f\u00fcr Reben ist.<\/p>","protected":false},"featured_media":3065,"template":"","meta":{"site-sidebar-layout":"default","site-content-layout":"","ast-site-content-layout":"default","site-content-style":"default","site-sidebar-style":"default","ast-global-header-display":"","ast-banner-title-visibility":"","ast-main-header-display":"","ast-hfb-above-header-display":"","ast-hfb-below-header-display":"","ast-hfb-mobile-header-display":"","site-post-title":"","ast-breadcrumbs-content":"","ast-featured-img":"","footer-sml-layout":"","ast-disable-related-posts":"","theme-transparent-header-meta":"default","adv-header-id-meta":"","stick-header-meta":"","header-above-stick-meta":"","header-main-stick-meta":"","header-below-stick-meta":"","astra-migrate-meta-layouts":"set","ast-page-background-enabled":"default","ast-page-background-meta":{"desktop":{"background-color":"var(--ast-global-color-4)","background-image":"","background-repeat":"repeat","background-position":"center center","background-size":"auto","background-attachment":"scroll","background-type":"","background-media":"","overlay-type":"","overlay-color":"","overlay-opacity":"","overlay-gradient":""},"tablet":{"background-color":"","background-image":"","background-repeat":"repeat","background-position":"center center","background-size":"auto","background-attachment":"scroll","background-type":"","background-media":"","overlay-type":"","overlay-color":"","overlay-opacity":"","overlay-gradient":""},"mobile":{"background-color":"","background-image":"","background-repeat":"repeat","background-position":"center center","background-size":"auto","background-attachment":"scroll","background-type":"","background-media":"","overlay-type":"","overlay-color":"","overlay-opacity":"","overlay-gradient":""}},"ast-content-background-meta":{"desktop":{"background-color":"var(--ast-global-color-5)","background-image":"","background-repeat":"repeat","background-position":"center center","background-size":"auto","background-attachment":"scroll","background-type":"","background-media":"","overlay-type":"","overlay-color":"","overlay-opacity":"","overlay-gradient":""},"tablet":{"background-color":"var(--ast-global-color-5)","background-image":"","background-repeat":"repeat","background-position":"center center","background-size":"auto","background-attachment":"scroll","background-type":"","background-media":"","overlay-type":"","overlay-color":"","overlay-opacity":"","overlay-gradient":""},"mobile":{"background-color":"var(--ast-global-color-5)","background-image":"","background-repeat":"repeat","background-position":"center center","background-size":"auto","background-attachment":"scroll","background-type":"","background-media":"","overlay-type":"","overlay-color":"","overlay-opacity":"","overlay-gradient":""}}},"product_brand":[],"product_cat":[34],"product_tag":[],"class_list":{"0":"post-3064","1":"product","2":"type-product","3":"status-publish","4":"has-post-thumbnail","6":"product_cat-planter-pots","7":"desktop-align-center","8":"tablet-align-left","9":"mobile-align-left","11":"first","12":"instock","13":"shipping-taxable","14":"product-type-simple"},"_links":{"self":[{"href":"https:\/\/jblcorten.com\/de_de_formal\/wp-json\/wp\/v2\/product\/3064","targetHints":{"allow":["GET"]}}],"collection":[{"href":"https:\/\/jblcorten.com\/de_de_formal\/wp-json\/wp\/v2\/product"}],"about":[{"href":"https:\/\/jblcorten.com\/de_de_formal\/wp-json\/wp\/v2\/types\/product"}],"wp:featuredmedia":[{"embeddable":true,"href":"https:\/\/jblcorten.com\/de_de_formal\/wp-json\/wp\/v2\/media\/3065"}],"wp:attachment":[{"href":"https:\/\/jblcorten.com\/de_de_formal\/wp-json\/wp\/v2\/media?parent=3064"}],"wp:term":[{"taxonomy":"product_brand","embeddable":true,"href":"https:\/\/jblcorten.com\/de_de_formal\/wp-json\/wp\/v2\/product_brand?post=3064"},{"taxonomy":"product_cat","embeddable":true,"href":"https:\/\/jblcorten.com\/de_de_formal\/wp-json\/wp\/v2\/product_cat?post=3064"},{"taxonomy":"product_tag","embeddable":true,"href":"https:\/\/jblcorten.com\/de_de_formal\/wp-json\/wp\/v2\/product_tag?post=3064"}],"curies":[{"name":"wp","href":"https:\/\/api.w.org\/{rel}","templated":true}]}}