{"id":2854,"date":"2025-04-18T15:14:38","date_gmt":"2025-04-18T07:14:38","guid":{"rendered":"https:\/\/jblcorten.com\/?post_type=product&#038;p=2854"},"modified":"2025-04-18T15:14:39","modified_gmt":"2025-04-18T07:14:39","slug":"hangender-holzkamin","status":"publish","type":"product","link":"https:\/\/jblcorten.com\/de_de_formal\/suspended-wood-burning-fireplace\/","title":{"rendered":"Abgeh\u00e4ngter holzbefeuerter Kamin"},"content":{"rendered":"<h2 style=\"text-align: center;\"><span style=\"font-size: 14pt;\">Abgeh\u00e4ngter holzbefeuerter Kamin<\/span><\/h2>\n<p>Der h\u00e4ngende Holzkamin ist ein Kaminprodukt, das moderne \u00c4sthetik mit effizienten Heizfunktionen verbindet. Seine Kernstruktur besteht aus hochwertigem Kohlenstoffstahl, der sich durch seine Robustheit, Temperaturbest\u00e4ndigkeit und Langlebigkeit auszeichnet. Im Gegensatz zu herk\u00f6mmlichen Stand- oder Einbaukaminen ist dieser Kamin in einer \"h\u00e4ngenden\" Form konzipiert. Das Ganze ist von der Decke abgeh\u00e4ngt, und der Brenner h\u00e4ngt in der Luft, was nicht nur Bodenfl\u00e4che spart, sondern auch einen visuell beeindruckenden Sinn f\u00fcr Kunst in den Innenraum bringt. Es handelt sich nicht nur um ein Heizger\u00e4t, sondern auch um ein unverwechselbares Kunstwerk, das den Stil und die Modernit\u00e4t des Raumes erheblich aufwertet.<\/p>\n<p><strong><span style=\"font-size: 14pt;\">Produktspezifikation:<\/span><\/strong><\/p>\n<table>\n<tbody>\n<tr>\n<td style=\"background-color: #f8f8ff;\"><strong><b>Name<\/b><\/strong><\/td>\n<td style=\"background-color: #f8f8ff;\">Abgeh\u00e4ngter holzbefeuerter Kamin<\/td>\n<\/tr>\n<tr>\n<td><strong><b>Material<\/b><\/strong><\/td>\n<td>Kohlenstoffstahl<\/td>\n<\/tr>\n<tr>\n<td style=\"background-color: #f8f8ff;\"><strong><b>Farbe<\/b><\/strong><\/td>\n<td style=\"background-color: #f8f8ff;\">Schwarz oder wei\u00df<\/td>\n<\/tr>\n<tr>\n<td><strong><b>Gr\u00f6\u00dfe<\/b><\/strong><\/td>\n<td>600\/800\/1000\/1200mm oder kundenspezifisch<\/td>\n<\/tr>\n<tr>\n<td style=\"background-color: #f8f8ff;\"><strong><b>Kraftstoff<\/b><\/strong><\/td>\n<td style=\"background-color: #f8f8ff;\">Holz oder \u00c4thylalkohol<\/td>\n<\/tr>\n<tr>\n<td><strong><b>Option Feuerkern<\/b><\/strong><\/td>\n<td>Alkohol\/Holz\/Wassernebel\/Elektronik<\/td>\n<\/tr>\n<tr>\n<td style=\"background-color: #f8f8ff;\"><strong><b>Anmeldung<\/b><\/strong><\/td>\n<td style=\"background-color: #f8f8ff;\">Innendekoration und Erw\u00e4rmung<\/td>\n<\/tr>\n<tr>\n<td><strong><b>OEM\/ODM<\/b><\/strong><\/td>\n<td>Verf\u00fcgbar<\/td>\n<\/tr>\n<\/tbody>\n<\/table>\n<p><strong><span style=\"font-size: 14pt;\">Warum uns w\u00e4hlen?<\/span><\/strong><\/p>\n<p>Was die strukturelle Gestaltung betrifft, so bietet der h\u00e4ngende Holzkamin ein hohes Ma\u00df an Flexibilit\u00e4t bei der Anpassung. Erstens kann das Ofenrohr (d.h. das h\u00e4ngende Rohr, das die Decke mit dem Brenner verbindet) in seiner L\u00e4nge an die Bodenh\u00f6he der verschiedenen R\u00e4ume angepasst werden. Ob es sich um ein hohes Wohnzimmer, ein Zweifamilienhaus oder ein allgemeines Wohnhaus handelt, die am besten geeignete L\u00e4nge des Ofenrohrs kann entsprechend der spezifischen Installationsumgebung ausgew\u00e4hlt werden, um sicherzustellen, dass die visuelle Gesamtproportion des Kamins koordiniert ist und die Installation sicher und zuverl\u00e4ssig ist.<\/p>\n<p>Zweitens hat der Brenner als optisches und funktionales Herzst\u00fcck des gesamten Kamins auch eine breite Palette von Anpassungsm\u00f6glichkeiten. Die Benutzer k\u00f6nnen die geeignete Gr\u00f6\u00dfe des Brenners je nach Gr\u00f6\u00dfe des Raums und des Heizbedarfs w\u00e4hlen, von kleinen und exquisiten Modellen bis hin zu gro\u00dfen Brennern mit gro\u00dfem Durchmesser und hoher W\u00e4rmespeicherung, um den Anforderungen verschiedener Szenarien gerecht zu werden. Gleichzeitig kann auch die Farbe des H\u00e4ngeofens angepasst werden. Ob in klassischem Mattschwarz oder in kr\u00e4ftigem Rot und Wei\u00df, er l\u00e4sst sich an den gesamten Einrichtungsstil des Benutzers anpassen, so dass sich der Kamin perfekt in den Raum einf\u00fcgt und zum Highlight der Inneneinrichtung wird.<\/p>\n<p>Es ist erw\u00e4hnenswert, dass der h\u00e4ngende Holzkamin eine 360-Grad-Drehfunktion hat. Mit anderen Worten, die Benutzer k\u00f6nnen den Brenner jederzeit manuell oder mit Hilfe mechanischer Vorrichtungen in jede beliebige Richtung drehen, je nach Standort und tats\u00e4chlichem Heizbedarf, so dass die Flamme aus jedem Winkel des Raumes sichtbar ist und die W\u00e4rme gleichm\u00e4\u00dfiger im Raum verteilt werden kann. Dieses Design verbessert nicht nur die Heizeffizienz, sondern auch das interaktive Erlebnis f\u00fcr den Benutzer.<\/p>\n<p><img fetchpriority=\"high\" decoding=\"async\" class=\"alignnone wp-image-2862\" src=\"https:\/\/jblcorten.com\/wp-content\/uploads\/2025\/04\/suspended-wood-burning-fireplace.jpg\" alt=\"H\u00e4ngender Holzkamin\" width=\"750\" height=\"525\" title=\"\" srcset=\"https:\/\/jblcorten.com\/wp-content\/uploads\/2025\/04\/suspended-wood-burning-fireplace.jpg 1000w, https:\/\/jblcorten.com\/wp-content\/uploads\/2025\/04\/suspended-wood-burning-fireplace-600x420.jpg 600w, https:\/\/jblcorten.com\/wp-content\/uploads\/2025\/04\/suspended-wood-burning-fireplace-300x210.jpg 300w, https:\/\/jblcorten.com\/wp-content\/uploads\/2025\/04\/suspended-wood-burning-fireplace-768x538.jpg 768w, https:\/\/jblcorten.com\/wp-content\/uploads\/2025\/04\/suspended-wood-burning-fireplace-18x12.jpg 18w\" sizes=\"(max-width: 750px) 100vw, 750px\" \/><\/p>\n<p><strong><span style=\"font-size: 14pt;\">Humanisiertes Design:<\/span><\/strong><\/p>\n<p>Was die Detailfunktionen betrifft, so unterst\u00fctzt dieser Kamin auch den Einbau von Glasschiebet\u00fcren nach Ma\u00df. Im Vergleich zu herk\u00f6mmlichen offenen Kaminen ist das Design mit Glast\u00fcren sicherer und kann wirksam verhindern, dass Funken fliegen und Rauch entweicht, besonders geeignet f\u00fcr Familien mit Kindern oder Haustieren. Gleichzeitig tr\u00e4gt das Vorhandensein der Glast\u00fcr dazu bei, die Verbrennungseffizienz zu verbessern, die Luftzufuhr zu kontrollieren, das Holz vollst\u00e4ndiger zu verbrennen, die Energieverschwendung zu reduzieren und die Gesamtenergienutzungsrate zu verbessern. Das Design der Push-Pull-Struktur ber\u00fccksichtigt sowohl die Bequemlichkeit als auch die \u00c4sthetik, und die Benutzer k\u00f6nnen den Ofen leichter bedienen, wenn sie Holz nachlegen oder ihn reinigen.<\/p>\n<p>Als ein Kaminprodukt, das sich auf moderne Wohnqualit\u00e4t konzentriert, erf\u00fcllt der h\u00e4ngende Holzkamin nicht nur die Bed\u00fcrfnisse des Benutzers nach Heizung, Energieeinsparung und Sicherheit in Bezug auf die Funktion, sondern f\u00fcgt dem Leben zu Hause mit seiner einzigartigen Form und dem anpassbaren, pers\u00f6nlichen Design auch Kunst und High-End-Gef\u00fchl hinzu. Ob er in einem Familienwohnzimmer, einer Hotellobby oder einem Spezialit\u00e4tenrestaurant eingesetzt wird, er kann leicht zum visuellen Mittelpunkt und atmosph\u00e4rischen Kern des Raumes werden.<\/p>\n<p><img decoding=\"async\" class=\"alignnone wp-image-2861\" src=\"https:\/\/jblcorten.com\/wp-content\/uploads\/2025\/04\/suspended-wood-burner.jpg\" alt=\"freistehender Holzbrenner\" width=\"750\" height=\"525\" title=\"\" srcset=\"https:\/\/jblcorten.com\/wp-content\/uploads\/2025\/04\/suspended-wood-burner.jpg 1000w, https:\/\/jblcorten.com\/wp-content\/uploads\/2025\/04\/suspended-wood-burner-600x420.jpg 600w, https:\/\/jblcorten.com\/wp-content\/uploads\/2025\/04\/suspended-wood-burner-300x210.jpg 300w, https:\/\/jblcorten.com\/wp-content\/uploads\/2025\/04\/suspended-wood-burner-768x538.jpg 768w, https:\/\/jblcorten.com\/wp-content\/uploads\/2025\/04\/suspended-wood-burner-18x12.jpg 18w\" sizes=\"(max-width: 750px) 100vw, 750px\" \/><\/p>\n<p><strong><span style=\"font-size: 14pt;\">Produktpaket:<\/span><\/strong><\/p>\n<p>Um das Produkt zu sch\u00fctzen, verpacken wir es zun\u00e4chst mit einer dicken Schutzfolie und verwenden dann Holzkisten f\u00fcr die Au\u00dfenverpackung.<\/p>\n<p><img decoding=\"async\" class=\"alignnone wp-image-2866\" src=\"https:\/\/jblcorten.com\/wp-content\/uploads\/2025\/04\/buy-suspended-fireplace.jpg\" alt=\"H\u00e4ngekamin kaufen\" width=\"750\" height=\"589\" title=\"\" srcset=\"https:\/\/jblcorten.com\/wp-content\/uploads\/2025\/04\/buy-suspended-fireplace.jpg 1000w, https:\/\/jblcorten.com\/wp-content\/uploads\/2025\/04\/buy-suspended-fireplace-600x472.jpg 600w, https:\/\/jblcorten.com\/wp-content\/uploads\/2025\/04\/buy-suspended-fireplace-300x236.jpg 300w, https:\/\/jblcorten.com\/wp-content\/uploads\/2025\/04\/buy-suspended-fireplace-768x604.jpg 768w, https:\/\/jblcorten.com\/wp-content\/uploads\/2025\/04\/buy-suspended-fireplace-15x12.jpg 15w\" sizes=\"(max-width: 750px) 100vw, 750px\" \/><\/p>\n<p><img loading=\"lazy\" decoding=\"async\" class=\"alignnone wp-image-2867\" src=\"https:\/\/jblcorten.com\/wp-content\/uploads\/2025\/04\/wood-burning-suspended-fireplace.jpg\" alt=\"H\u00e4ngekamin mit Holzfeuerung\" width=\"750\" height=\"506\" title=\"\" srcset=\"https:\/\/jblcorten.com\/wp-content\/uploads\/2025\/04\/wood-burning-suspended-fireplace.jpg 1000w, https:\/\/jblcorten.com\/wp-content\/uploads\/2025\/04\/wood-burning-suspended-fireplace-600x405.jpg 600w, https:\/\/jblcorten.com\/wp-content\/uploads\/2025\/04\/wood-burning-suspended-fireplace-300x203.jpg 300w, https:\/\/jblcorten.com\/wp-content\/uploads\/2025\/04\/wood-burning-suspended-fireplace-768x518.jpg 768w, https:\/\/jblcorten.com\/wp-content\/uploads\/2025\/04\/wood-burning-suspended-fireplace-18x12.jpg 18w\" sizes=\"(max-width: 750px) 100vw, 750px\" \/><\/p>\n<p><img loading=\"lazy\" decoding=\"async\" class=\"alignnone wp-image-2863 size-full\" src=\"https:\/\/jblcorten.com\/wp-content\/uploads\/2025\/04\/Hanging-Fireplace.jpg\" alt=\"H\u00e4ngende Feuerstelle\" width=\"750\" height=\"562\" title=\"\" srcset=\"https:\/\/jblcorten.com\/wp-content\/uploads\/2025\/04\/Hanging-Fireplace.jpg 750w, https:\/\/jblcorten.com\/wp-content\/uploads\/2025\/04\/Hanging-Fireplace-600x450.jpg 600w, https:\/\/jblcorten.com\/wp-content\/uploads\/2025\/04\/Hanging-Fireplace-300x225.jpg 300w, https:\/\/jblcorten.com\/wp-content\/uploads\/2025\/04\/Hanging-Fireplace-16x12.jpg 16w\" sizes=\"(max-width: 750px) 100vw, 750px\" \/><\/p>","protected":false},"excerpt":{"rendered":"<p>Der h\u00e4ngende Holzkamin besteht aus Kohlenstoffstahl mit einer Reihe von humanisierten Designs wie z.B. kundenspezifische Ofenrohrl\u00e4nge, kundenspezifische Ofenkopfgr\u00f6\u00dfe und -farbe, 360-Grad-Drehfunktion und optionale Glasschiebet\u00fcr.<\/p>\n<p>Er entspricht nicht nur dem Streben des modernen Nutzers nach einem komfortablen, umweltfreundlichen und individuellen Lebensstil, sondern zeigt auch eine neue Interpretation des Kamins in der zeitgen\u00f6ssischen Wohn\u00e4sthetik.<\/p>","protected":false},"featured_media":2855,"template":"","meta":{"site-sidebar-layout":"default","site-content-layout":"","ast-site-content-layout":"default","site-content-style":"default","site-sidebar-style":"default","ast-global-header-display":"","ast-banner-title-visibility":"","ast-main-header-display":"","ast-hfb-above-header-display":"","ast-hfb-below-header-display":"","ast-hfb-mobile-header-display":"","site-post-title":"","ast-breadcrumbs-content":"","ast-featured-img":"","footer-sml-layout":"","ast-disable-related-posts":"","theme-transparent-header-meta":"default","adv-header-id-meta":"","stick-header-meta":"","header-above-stick-meta":"","header-main-stick-meta":"","header-below-stick-meta":"","astra-migrate-meta-layouts":"set","ast-page-background-enabled":"default","ast-page-background-meta":{"desktop":{"background-color":"var(--ast-global-color-4)","background-image":"","background-repeat":"repeat","background-position":"center center","background-size":"auto","background-attachment":"scroll","background-type":"","background-media":"","overlay-type":"","overlay-color":"","overlay-opacity":"","overlay-gradient":""},"tablet":{"background-color":"","background-image":"","background-repeat":"repeat","background-position":"center center","background-size":"auto","background-attachment":"scroll","background-type":"","background-media":"","overlay-type":"","overlay-color":"","overlay-opacity":"","overlay-gradient":""},"mobile":{"background-color":"","background-image":"","background-repeat":"repeat","background-position":"center center","background-size":"auto","background-attachment":"scroll","background-type":"","background-media":"","overlay-type":"","overlay-color":"","overlay-opacity":"","overlay-gradient":""}},"ast-content-background-meta":{"desktop":{"background-color":"var(--ast-global-color-5)","background-image":"","background-repeat":"repeat","background-position":"center center","background-size":"auto","background-attachment":"scroll","background-type":"","background-media":"","overlay-type":"","overlay-color":"","overlay-opacity":"","overlay-gradient":""},"tablet":{"background-color":"var(--ast-global-color-5)","background-image":"","background-repeat":"repeat","background-position":"center center","background-size":"auto","background-attachment":"scroll","background-type":"","background-media":"","overlay-type":"","overlay-color":"","overlay-opacity":"","overlay-gradient":""},"mobile":{"background-color":"var(--ast-global-color-5)","background-image":"","background-repeat":"repeat","background-position":"center center","background-size":"auto","background-attachment":"scroll","background-type":"","background-media":"","overlay-type":"","overlay-color":"","overlay-opacity":"","overlay-gradient":""}}},"product_brand":[],"product_cat":[30],"product_tag":[],"class_list":{"0":"post-2854","1":"product","2":"type-product","3":"status-publish","4":"has-post-thumbnail","6":"product_cat-fireplace","7":"desktop-align-center","8":"tablet-align-left","9":"mobile-align-left","11":"first","12":"instock","13":"shipping-taxable","14":"product-type-simple"},"_links":{"self":[{"href":"https:\/\/jblcorten.com\/de_de_formal\/wp-json\/wp\/v2\/product\/2854","targetHints":{"allow":["GET"]}}],"collection":[{"href":"https:\/\/jblcorten.com\/de_de_formal\/wp-json\/wp\/v2\/product"}],"about":[{"href":"https:\/\/jblcorten.com\/de_de_formal\/wp-json\/wp\/v2\/types\/product"}],"wp:featuredmedia":[{"embeddable":true,"href":"https:\/\/jblcorten.com\/de_de_formal\/wp-json\/wp\/v2\/media\/2855"}],"wp:attachment":[{"href":"https:\/\/jblcorten.com\/de_de_formal\/wp-json\/wp\/v2\/media?parent=2854"}],"wp:term":[{"taxonomy":"product_brand","embeddable":true,"href":"https:\/\/jblcorten.com\/de_de_formal\/wp-json\/wp\/v2\/product_brand?post=2854"},{"taxonomy":"product_cat","embeddable":true,"href":"https:\/\/jblcorten.com\/de_de_formal\/wp-json\/wp\/v2\/product_cat?post=2854"},{"taxonomy":"product_tag","embeddable":true,"href":"https:\/\/jblcorten.com\/de_de_formal\/wp-json\/wp\/v2\/product_tag?post=2854"}],"curies":[{"name":"wp","href":"https:\/\/api.w.org\/{rel}","templated":true}]}}