{"id":2721,"date":"2025-04-15T15:01:07","date_gmt":"2025-04-15T07:01:07","guid":{"rendered":"https:\/\/jblcorten.com\/?post_type=product&#038;p=2721"},"modified":"2025-04-15T15:03:40","modified_gmt":"2025-04-15T07:03:40","slug":"cortenstahl-wasserfallklinge-kaskade","status":"publish","type":"product","link":"https:\/\/jblcorten.com\/de_de_formal\/corten-steel-waterfall-blade-cascade\/","title":{"rendered":"Cortenstahl Wasserfall Klinge Kaskade"},"content":{"rendered":"<h2 style=\"text-align: center;\"><span style=\"font-size: 14pt;\">Cortenstahl Wasserfall Klinge Kaskade<\/span><\/h2>\n<p>Die Cortenstahl-Wasserfallkaskade ist ein modernes Wasserspiel, das Kunst und Zweckm\u00e4\u00dfigkeit vereint und h\u00e4ufig in H\u00f6fen, G\u00e4rten und Landschaftsgestaltungen eingesetzt wird. Das Ger\u00e4t ist aus Cortenstahl gefertigt, der bei Kontakt mit Luft und Feuchtigkeit auf nat\u00fcrliche Weise eine stabile Oxidrostschicht bildet, die ihm nicht nur einen tiefen, nat\u00fcrlichen r\u00f6tlich-braunen Farbton verleiht, sondern auch weitere Korrosion wirksam verhindert und so seine Lebensdauer verl\u00e4ngert. Im Gegensatz zu herk\u00f6mmlichen Wasservorh\u00e4ngen aus rostfreiem Stahl oder Kunststoff sorgt der nat\u00fcrliche Rosteffekt von Cortenstahl daf\u00fcr, dass das Wasser mit einzigartiger visueller Sch\u00f6nheit und nat\u00fcrlicher Textur \u00fcber seine Oberfl\u00e4che flie\u00dft, und verleiht der Umgebung eine starke urspr\u00fcngliche \u00f6kologische Atmosph\u00e4re.<\/p>\n<p><strong><span style=\"font-size: 14pt;\">Produktspezifikation:<\/span><\/strong><\/p>\n<table style=\"width: 100%; height: 360px;\">\n<tbody>\n<tr style=\"height: 42px;\">\n<td style=\"background-color: #e8e8e8; height: 42px;\">Artikel<\/td>\n<td style=\"height: 42px;\">Cortenstahl Wasserfall Klinge Kaskade<\/td>\n<\/tr>\n<tr style=\"height: 53px;\">\n<td style=\"background-color: #e8e8e8; height: 53px;\">Material<\/td>\n<td style=\"height: 53px;\">Cortenstahl\/Bewitterungsstahl<\/td>\n<\/tr>\n<tr style=\"height: 53px;\">\n<td style=\"background-color: #e8e8e8; height: 53px;\">Standardgr\u00f6\u00dfe<\/td>\n<td style=\"height: 53px;\">H 1500 * B1200 * T600 mm\/angepasst<\/td>\n<\/tr>\n<tr style=\"height: 53px;\">\n<td style=\"background-color: #e8e8e8; height: 53px;\">Gewicht<\/td>\n<td style=\"height: 53px;\">100 kg<\/td>\n<\/tr>\n<tr style=\"height: 53px;\">\n<td style=\"background-color: #e8e8e8; height: 53px;\">Oberfl\u00e4che<\/td>\n<td style=\"height: 53px;\">Vorgerostet\/vorverwittert, kann individuell angepasst werden<\/td>\n<\/tr>\n<tr style=\"height: 53px;\">\n<td style=\"background-color: #e8e8e8; height: 53px;\">Verpacken<\/td>\n<td style=\"height: 53px;\">Innen: verschlei\u00dffestes Schaumstoffpapier; Au\u00dfen: Holzpalette<\/td>\n<\/tr>\n<tr style=\"height: 53px;\">\n<td style=\"background-color: #e8e8e8; height: 53px;\">Kundenspezifischer Service<\/td>\n<td style=\"height: 53px;\">Muster, Gr\u00f6\u00dfe und Oberfl\u00e4chenbehandlung; ODM &amp; OEM verf\u00fcgbar<\/td>\n<\/tr>\n<\/tbody>\n<\/table>\n<p>Die Cortenstahl-Wasserfallkaskade ist in der Regel mit einem horizontalen, schmalen Auslass versehen, aus dem das Wasser gleichm\u00e4\u00dfig flie\u00dft und einen flachen, durchgehenden Wasservorhang bildet, der f\u00fcr die Landschaftsgestaltung genutzt werden kann. Sie kann in Kombination mit einer Wand, einer dekorativen S\u00e4ule oder einer freistehenden Struktur installiert werden, um eine Vielzahl von Landschaftsgestaltungsanforderungen zu erf\u00fcllen.\u00a0\u00a0<img fetchpriority=\"high\" decoding=\"async\" class=\"alignnone wp-image-2751\" src=\"https:\/\/jblcorten.com\/wp-content\/uploads\/2025\/04\/water-feature-manufacturer.jpg\" alt=\"Wasserspiel-Hersteller\" width=\"750\" height=\"300\" title=\"\" srcset=\"https:\/\/jblcorten.com\/wp-content\/uploads\/2025\/04\/water-feature-manufacturer.jpg 1000w, https:\/\/jblcorten.com\/wp-content\/uploads\/2025\/04\/water-feature-manufacturer-600x240.jpg 600w, https:\/\/jblcorten.com\/wp-content\/uploads\/2025\/04\/water-feature-manufacturer-300x120.jpg 300w, https:\/\/jblcorten.com\/wp-content\/uploads\/2025\/04\/water-feature-manufacturer-768x307.jpg 768w, https:\/\/jblcorten.com\/wp-content\/uploads\/2025\/04\/water-feature-manufacturer-18x7.jpg 18w\" sizes=\"(max-width: 750px) 100vw, 750px\" \/><\/p>\n<p>Es handelt sich nicht nur um ein Wasserspiel, sondern auch um eine lebende Skulptur, die im Laufe der Zeit die sch\u00f6nen Spuren der Zeit offenbart und so einen ruhigen, entspannenden und k\u00fcnstlerischen Raum im Freien schafft.<\/p>\n<p><strong><span style=\"font-size: 14pt;\">Produktanzeige:<\/span><\/strong><\/p>\n<p><img decoding=\"async\" class=\"alignnone wp-image-2752 size-full\" src=\"https:\/\/jblcorten.com\/wp-content\/uploads\/2025\/04\/corten-water-blade.jpg\" alt=\"Wasserschaufel aus Cortenstahl\" width=\"750\" height=\"500\" title=\"\" srcset=\"https:\/\/jblcorten.com\/wp-content\/uploads\/2025\/04\/corten-water-blade.jpg 750w, https:\/\/jblcorten.com\/wp-content\/uploads\/2025\/04\/corten-water-blade-600x400.jpg 600w, https:\/\/jblcorten.com\/wp-content\/uploads\/2025\/04\/corten-water-blade-300x200.jpg 300w, https:\/\/jblcorten.com\/wp-content\/uploads\/2025\/04\/corten-water-blade-18x12.jpg 18w\" sizes=\"(max-width: 750px) 100vw, 750px\" \/><\/p>\n<p><img decoding=\"async\" class=\"alignnone size-full wp-image-2753\" src=\"https:\/\/jblcorten.com\/wp-content\/uploads\/2025\/04\/corten-steel-pond.jpg\" alt=\"Teich aus Cortenstahl\" width=\"750\" height=\"750\" title=\"\" srcset=\"https:\/\/jblcorten.com\/wp-content\/uploads\/2025\/04\/corten-steel-pond.jpg 750w, https:\/\/jblcorten.com\/wp-content\/uploads\/2025\/04\/corten-steel-pond-600x600.jpg 600w, https:\/\/jblcorten.com\/wp-content\/uploads\/2025\/04\/corten-steel-pond-100x100.jpg 100w, https:\/\/jblcorten.com\/wp-content\/uploads\/2025\/04\/corten-steel-pond-300x300.jpg 300w, https:\/\/jblcorten.com\/wp-content\/uploads\/2025\/04\/corten-steel-pond-150x150.jpg 150w, https:\/\/jblcorten.com\/wp-content\/uploads\/2025\/04\/corten-steel-pond-12x12.jpg 12w\" sizes=\"(max-width: 750px) 100vw, 750px\" \/><\/p>\n<p><img loading=\"lazy\" decoding=\"async\" class=\"alignnone size-full wp-image-2754\" src=\"https:\/\/jblcorten.com\/wp-content\/uploads\/2025\/04\/rusted-metal-water-features.jpg\" alt=\"verrostete Wasserspiele aus Metall\" width=\"750\" height=\"750\" title=\"\" srcset=\"https:\/\/jblcorten.com\/wp-content\/uploads\/2025\/04\/rusted-metal-water-features.jpg 750w, https:\/\/jblcorten.com\/wp-content\/uploads\/2025\/04\/rusted-metal-water-features-600x600.jpg 600w, https:\/\/jblcorten.com\/wp-content\/uploads\/2025\/04\/rusted-metal-water-features-100x100.jpg 100w, https:\/\/jblcorten.com\/wp-content\/uploads\/2025\/04\/rusted-metal-water-features-300x300.jpg 300w, https:\/\/jblcorten.com\/wp-content\/uploads\/2025\/04\/rusted-metal-water-features-150x150.jpg 150w, https:\/\/jblcorten.com\/wp-content\/uploads\/2025\/04\/rusted-metal-water-features-12x12.jpg 12w\" sizes=\"(max-width: 750px) 100vw, 750px\" \/><\/p>","protected":false},"excerpt":{"rendered":"<p>Die Cortenstahl-Wasserfallkaskade ist in der Regel mit einem horizontalen, schmalen Auslass versehen, aus dem das Wasser gleichm\u00e4\u00dfig flie\u00dft und einen flachen, durchgehenden Wasservorhang bildet, der f\u00fcr die Landschaftsgestaltung genutzt werden kann. Sie kann in Kombination mit einer Wand, einer dekorativen S\u00e4ule oder einer freistehenden Struktur installiert werden, um eine Vielzahl von Landschaftsgestaltungsanforderungen zu erf\u00fcllen.<\/p>","protected":false},"featured_media":2745,"template":"","meta":{"site-sidebar-layout":"default","site-content-layout":"","ast-site-content-layout":"default","site-content-style":"default","site-sidebar-style":"default","ast-global-header-display":"","ast-banner-title-visibility":"","ast-main-header-display":"","ast-hfb-above-header-display":"","ast-hfb-below-header-display":"","ast-hfb-mobile-header-display":"","site-post-title":"","ast-breadcrumbs-content":"","ast-featured-img":"","footer-sml-layout":"","ast-disable-related-posts":"","theme-transparent-header-meta":"default","adv-header-id-meta":"","stick-header-meta":"","header-above-stick-meta":"","header-main-stick-meta":"","header-below-stick-meta":"","astra-migrate-meta-layouts":"set","ast-page-background-enabled":"default","ast-page-background-meta":{"desktop":{"background-color":"var(--ast-global-color-4)","background-image":"","background-repeat":"repeat","background-position":"center center","background-size":"auto","background-attachment":"scroll","background-type":"","background-media":"","overlay-type":"","overlay-color":"","overlay-opacity":"","overlay-gradient":""},"tablet":{"background-color":"","background-image":"","background-repeat":"repeat","background-position":"center center","background-size":"auto","background-attachment":"scroll","background-type":"","background-media":"","overlay-type":"","overlay-color":"","overlay-opacity":"","overlay-gradient":""},"mobile":{"background-color":"","background-image":"","background-repeat":"repeat","background-position":"center center","background-size":"auto","background-attachment":"scroll","background-type":"","background-media":"","overlay-type":"","overlay-color":"","overlay-opacity":"","overlay-gradient":""}},"ast-content-background-meta":{"desktop":{"background-color":"var(--ast-global-color-5)","background-image":"","background-repeat":"repeat","background-position":"center center","background-size":"auto","background-attachment":"scroll","background-type":"","background-media":"","overlay-type":"","overlay-color":"","overlay-opacity":"","overlay-gradient":""},"tablet":{"background-color":"var(--ast-global-color-5)","background-image":"","background-repeat":"repeat","background-position":"center center","background-size":"auto","background-attachment":"scroll","background-type":"","background-media":"","overlay-type":"","overlay-color":"","overlay-opacity":"","overlay-gradient":""},"mobile":{"background-color":"var(--ast-global-color-5)","background-image":"","background-repeat":"repeat","background-position":"center center","background-size":"auto","background-attachment":"scroll","background-type":"","background-media":"","overlay-type":"","overlay-color":"","overlay-opacity":"","overlay-gradient":""}}},"product_brand":[],"product_cat":[40],"product_tag":[],"class_list":{"0":"post-2721","1":"product","2":"type-product","3":"status-publish","4":"has-post-thumbnail","6":"product_cat-water-feature","7":"desktop-align-center","8":"tablet-align-left","9":"mobile-align-left","11":"first","12":"instock","13":"shipping-taxable","14":"product-type-simple"},"_links":{"self":[{"href":"https:\/\/jblcorten.com\/de_de_formal\/wp-json\/wp\/v2\/product\/2721","targetHints":{"allow":["GET"]}}],"collection":[{"href":"https:\/\/jblcorten.com\/de_de_formal\/wp-json\/wp\/v2\/product"}],"about":[{"href":"https:\/\/jblcorten.com\/de_de_formal\/wp-json\/wp\/v2\/types\/product"}],"wp:featuredmedia":[{"embeddable":true,"href":"https:\/\/jblcorten.com\/de_de_formal\/wp-json\/wp\/v2\/media\/2745"}],"wp:attachment":[{"href":"https:\/\/jblcorten.com\/de_de_formal\/wp-json\/wp\/v2\/media?parent=2721"}],"wp:term":[{"taxonomy":"product_brand","embeddable":true,"href":"https:\/\/jblcorten.com\/de_de_formal\/wp-json\/wp\/v2\/product_brand?post=2721"},{"taxonomy":"product_cat","embeddable":true,"href":"https:\/\/jblcorten.com\/de_de_formal\/wp-json\/wp\/v2\/product_cat?post=2721"},{"taxonomy":"product_tag","embeddable":true,"href":"https:\/\/jblcorten.com\/de_de_formal\/wp-json\/wp\/v2\/product_tag?post=2721"}],"curies":[{"name":"wp","href":"https:\/\/api.w.org\/{rel}","templated":true}]}}