{"id":2695,"date":"2025-04-09T07:24:55","date_gmt":"2025-04-09T07:24:55","guid":{"rendered":"https:\/\/jblcorten.com\/?post_type=product&#038;p=2695"},"modified":"2025-04-09T07:24:56","modified_gmt":"2025-04-09T07:24:56","slug":"cortenstahlgitter","status":"publish","type":"product","link":"https:\/\/jblcorten.com\/de_de_formal\/corten-steel-screens\/","title":{"rendered":"Cortenstahl-Siebe"},"content":{"rendered":"<h2 style=\"text-align: center;\"><span style=\"font-size: 14pt;\">Cortenstahl-Siebe<\/span><\/h2>\n<p>Sichtschutzw\u00e4nde aus Cortenstahl sind eine beliebte und modische Wahl f\u00fcr dekorative Anwendungen im Innen- und Au\u00dfenbereich und verbinden Sch\u00f6nheit mit praktischer Funktionalit\u00e4t. Die aus Cortenstahl (wetterfester Stahl) hergestellten Paravents entwickeln eine stabile rostige Patina, nachdem sie lange Zeit den Elementen ausgesetzt waren. Dieser nat\u00fcrliche Oxidationsprozess verleiht den Schirmen nicht nur ein einzigartiges, erdiges Aussehen, sondern wirkt auch als Schutzschicht, die den Stahl korrosionsbest\u00e4ndiger macht als gew\u00f6hnlichen Stahl. Daher eignen sich Gitter aus Cortenstahl besonders f\u00fcr den langfristigen Einsatz im Freien, ohne dass ein Anstrich oder eine regelm\u00e4\u00dfige Wartung erforderlich ist.<\/p>\n<p>Diese Sichtschutzw\u00e4nde werden h\u00e4ufig in G\u00e4rten, auf Terrassen, an Z\u00e4unen, Fassaden und architektonischen Elementen eingesetzt. Sie k\u00f6nnen f\u00fcr eine Vielzahl von Zwecken verwendet werden, z. B. als Sichtschutz, zur Versch\u00f6nerung der Landschaft, zur Abtrennung von R\u00e4umen oder einfach als auff\u00e4lliges optisches Element. Mit ihren raffinierten lasergeschnittenen Designs und anpassbaren Mustern verleihen Cortenstahlgitter jeder Umgebung Textur und Tiefe, ganz gleich, ob es sich um einen modernen oder einen rustikalen Stil handelt. Wir haben Paravents in einer Vielzahl von Gr\u00f6\u00dfen und Mustern.<\/p>\n<p><img fetchpriority=\"high\" decoding=\"async\" class=\"alignnone wp-image-2697\" src=\"https:\/\/jblcorten.com\/wp-content\/uploads\/2025\/04\/screen-panels.jpg\" alt=\"Bildschirmpaneele\" width=\"750\" height=\"350\" title=\"\" srcset=\"https:\/\/jblcorten.com\/wp-content\/uploads\/2025\/04\/screen-panels.jpg 711w, https:\/\/jblcorten.com\/wp-content\/uploads\/2025\/04\/screen-panels-600x280.jpg 600w, https:\/\/jblcorten.com\/wp-content\/uploads\/2025\/04\/screen-panels-300x140.jpg 300w, https:\/\/jblcorten.com\/wp-content\/uploads\/2025\/04\/screen-panels-18x8.jpg 18w\" sizes=\"(max-width: 750px) 100vw, 750px\" \/><\/p>\n<p><strong><span style=\"font-size: 14pt;\">Produktspezifikation:<\/span><\/strong><\/p>\n<table class=\"has-title hight-light-first-column all magic-15\" style=\"width: 100%;\">\n<tbody>\n<tr style=\"background-color: #cfcfcf;\">\n<td style=\"width: 27.8983%;\">\n<div class=\"magic-19\"><span data-spm-anchor-id=\"a2700.details.0.i74.512894f1kKuIok\">Artikel<\/span><\/div>\n<\/td>\n<td style=\"width: 72.0269%;\">\n<div class=\"magic-20\">Cortenstahl-Siebe<\/div>\n<\/td>\n<\/tr>\n<tr>\n<td style=\"width: 27.8983%;\">\n<div class=\"magic-19\">Material<\/div>\n<\/td>\n<td style=\"width: 72.0269%;\">\n<div class=\"magic-20\">Cortenstahl\/Bewitterungsstahl<\/div>\n<\/td>\n<\/tr>\n<tr style=\"background-color: #cfcfcf;\">\n<td style=\"width: 27.8983%;\">\n<div class=\"magic-19\">Dicke<\/div>\n<\/td>\n<td style=\"width: 72.0269%;\">\n<div class=\"magic-20\">3mm<\/div>\n<\/td>\n<\/tr>\n<tr>\n<td style=\"width: 27.8983%;\">\n<div class=\"magic-19\">Standardgr\u00f6\u00dfe<\/div>\n<\/td>\n<td style=\"width: 72.0269%;\">\n<div class=\"magic-20\">600*1200mm \/900*1800mm. Andere Gr\u00f6\u00dfe angepasst.<\/div>\n<\/td>\n<\/tr>\n<tr style=\"background-color: #cfcfcf;\">\n<td style=\"width: 27.8983%;\">\n<div class=\"magic-19\">Oberfl\u00e4chenbehandlung<\/div>\n<\/td>\n<td style=\"width: 72.0269%;\">\n<div class=\"magic-20\">Vorgerostet\/vorverwittert, kann individuell angepasst werden<\/div>\n<\/td>\n<\/tr>\n<tr>\n<td style=\"width: 27.8983%;\">\n<div class=\"magic-19\">Verpacken<\/div>\n<\/td>\n<td style=\"width: 72.0269%;\">\n<div class=\"magic-20\">Innen: verschlei\u00dffestes Schaumstoffpapier; Au\u00dfen: Holzpalette<\/div>\n<\/td>\n<\/tr>\n<\/tbody>\n<\/table>\n<p><strong><span style=\"font-size: 14pt;\">Unsere Fabrik:<\/span><\/strong><\/p>\n<p><img decoding=\"async\" class=\"alignnone wp-image-2704\" src=\"https:\/\/jblcorten.com\/wp-content\/uploads\/2025\/04\/patio-privacy-screen.jpg\" alt=\"Sichtschutz f\u00fcr die Terrasse\" width=\"750\" height=\"810\" title=\"\" srcset=\"https:\/\/jblcorten.com\/wp-content\/uploads\/2025\/04\/patio-privacy-screen.jpg 735w, https:\/\/jblcorten.com\/wp-content\/uploads\/2025\/04\/patio-privacy-screen-600x648.jpg 600w, https:\/\/jblcorten.com\/wp-content\/uploads\/2025\/04\/patio-privacy-screen-278x300.jpg 278w, https:\/\/jblcorten.com\/wp-content\/uploads\/2025\/04\/patio-privacy-screen-11x12.jpg 11w\" sizes=\"(max-width: 750px) 100vw, 750px\" \/><\/p>\n<p><strong><span style=\"font-size: 14pt;\">Produktpaket:<\/span><\/strong><\/p>\n<p><img decoding=\"async\" class=\"alignnone wp-image-2703\" src=\"https:\/\/jblcorten.com\/wp-content\/uploads\/2025\/04\/laser-cut-screens.jpg\" alt=\"lasergeschnittene Bildschirme\" width=\"750\" height=\"375\" title=\"\" srcset=\"https:\/\/jblcorten.com\/wp-content\/uploads\/2025\/04\/laser-cut-screens.jpg 1000w, https:\/\/jblcorten.com\/wp-content\/uploads\/2025\/04\/laser-cut-screens-600x300.jpg 600w, https:\/\/jblcorten.com\/wp-content\/uploads\/2025\/04\/laser-cut-screens-300x150.jpg 300w, https:\/\/jblcorten.com\/wp-content\/uploads\/2025\/04\/laser-cut-screens-768x384.jpg 768w, https:\/\/jblcorten.com\/wp-content\/uploads\/2025\/04\/laser-cut-screens-18x9.jpg 18w\" sizes=\"(max-width: 750px) 100vw, 750px\" \/><\/p>","protected":false},"excerpt":{"rendered":"<p>Mit raffinierten lasergeschnittenen Designs und anpassbaren Mustern verleihen Corten-Stahlw\u00e4nde jeder Umgebung Textur und Tiefe, egal ob es sich um einen modernen oder einen rustikalen Stil handelt. Wir haben Paravents in einer Vielzahl von Gr\u00f6\u00dfen und Mustern.<\/p>","protected":false},"featured_media":2699,"template":"","meta":{"site-sidebar-layout":"default","site-content-layout":"","ast-site-content-layout":"default","site-content-style":"default","site-sidebar-style":"default","ast-global-header-display":"","ast-banner-title-visibility":"","ast-main-header-display":"","ast-hfb-above-header-display":"","ast-hfb-below-header-display":"","ast-hfb-mobile-header-display":"","site-post-title":"","ast-breadcrumbs-content":"","ast-featured-img":"","footer-sml-layout":"","ast-disable-related-posts":"","theme-transparent-header-meta":"default","adv-header-id-meta":"","stick-header-meta":"","header-above-stick-meta":"","header-main-stick-meta":"","header-below-stick-meta":"","astra-migrate-meta-layouts":"set","ast-page-background-enabled":"default","ast-page-background-meta":{"desktop":{"background-color":"var(--ast-global-color-4)","background-image":"","background-repeat":"repeat","background-position":"center center","background-size":"auto","background-attachment":"scroll","background-type":"","background-media":"","overlay-type":"","overlay-color":"","overlay-opacity":"","overlay-gradient":""},"tablet":{"background-color":"","background-image":"","background-repeat":"repeat","background-position":"center center","background-size":"auto","background-attachment":"scroll","background-type":"","background-media":"","overlay-type":"","overlay-color":"","overlay-opacity":"","overlay-gradient":""},"mobile":{"background-color":"","background-image":"","background-repeat":"repeat","background-position":"center center","background-size":"auto","background-attachment":"scroll","background-type":"","background-media":"","overlay-type":"","overlay-color":"","overlay-opacity":"","overlay-gradient":""}},"ast-content-background-meta":{"desktop":{"background-color":"var(--ast-global-color-5)","background-image":"","background-repeat":"repeat","background-position":"center center","background-size":"auto","background-attachment":"scroll","background-type":"","background-media":"","overlay-type":"","overlay-color":"","overlay-opacity":"","overlay-gradient":""},"tablet":{"background-color":"var(--ast-global-color-5)","background-image":"","background-repeat":"repeat","background-position":"center center","background-size":"auto","background-attachment":"scroll","background-type":"","background-media":"","overlay-type":"","overlay-color":"","overlay-opacity":"","overlay-gradient":""},"mobile":{"background-color":"var(--ast-global-color-5)","background-image":"","background-repeat":"repeat","background-position":"center center","background-size":"auto","background-attachment":"scroll","background-type":"","background-media":"","overlay-type":"","overlay-color":"","overlay-opacity":"","overlay-gradient":""}}},"product_brand":[],"product_cat":[31],"product_tag":[],"class_list":{"0":"post-2695","1":"product","2":"type-product","3":"status-publish","4":"has-post-thumbnail","6":"product_cat-garden-screens","7":"desktop-align-center","8":"tablet-align-left","9":"mobile-align-left","11":"first","12":"instock","13":"shipping-taxable","14":"product-type-simple"},"_links":{"self":[{"href":"https:\/\/jblcorten.com\/de_de_formal\/wp-json\/wp\/v2\/product\/2695","targetHints":{"allow":["GET"]}}],"collection":[{"href":"https:\/\/jblcorten.com\/de_de_formal\/wp-json\/wp\/v2\/product"}],"about":[{"href":"https:\/\/jblcorten.com\/de_de_formal\/wp-json\/wp\/v2\/types\/product"}],"wp:featuredmedia":[{"embeddable":true,"href":"https:\/\/jblcorten.com\/de_de_formal\/wp-json\/wp\/v2\/media\/2699"}],"wp:attachment":[{"href":"https:\/\/jblcorten.com\/de_de_formal\/wp-json\/wp\/v2\/media?parent=2695"}],"wp:term":[{"taxonomy":"product_brand","embeddable":true,"href":"https:\/\/jblcorten.com\/de_de_formal\/wp-json\/wp\/v2\/product_brand?post=2695"},{"taxonomy":"product_cat","embeddable":true,"href":"https:\/\/jblcorten.com\/de_de_formal\/wp-json\/wp\/v2\/product_cat?post=2695"},{"taxonomy":"product_tag","embeddable":true,"href":"https:\/\/jblcorten.com\/de_de_formal\/wp-json\/wp\/v2\/product_tag?post=2695"}],"curies":[{"name":"wp","href":"https:\/\/api.w.org\/{rel}","templated":true}]}}