{"id":2590,"date":"2025-03-27T08:44:40","date_gmt":"2025-03-27T08:44:40","guid":{"rendered":"https:\/\/jblcorten.com\/?post_type=product&#038;p=2590"},"modified":"2025-03-27T08:44:40","modified_gmt":"2025-03-27T08:44:40","slug":"moderner-hangender-kamin","status":"publish","type":"product","link":"https:\/\/jblcorten.com\/de_de_formal\/modern-hanging-fireplace\/","title":{"rendered":"Moderner H\u00e4ngekamin"},"content":{"rendered":"<h2 style=\"text-align: center;\"><span style=\"font-size: 14pt;\">Moderner H\u00e4ngekamin<\/span><\/h2>\n<p>Im Gegensatz zu herk\u00f6mmlichen Kaminen h\u00e4ngt dieser moderne H\u00e4ngekamin von der Decke und erzeugt so einen schwebenden Effekt, der einen Hauch von moderner Raffinesse verleiht. Er wird von vielen wegen seines minimalistischen Designs, seiner effizienten Heizleistung und seiner platzsparenden Struktur geliebt.<\/p>\n<p>Der moderne H\u00e4ngekamin erm\u00f6glicht einen 360-Grad-Blick auf die Flammen. Da er von der Decke abgeh\u00e4ngt ist, kann er in verschiedene Richtungen gedreht werden und erm\u00f6glicht so ein individuelles W\u00e4rmeerlebnis. Dieses Design sorgt daf\u00fcr, dass W\u00e4rme und Ambiente gleichm\u00e4\u00dfig im Raum verteilt werden, perfekt f\u00fcr offene Wohnbereiche, Lofts und moderne Interieurs.<\/p>\n<p><strong><span style=\"font-size: 14pt;\">Produktspezifikation:<\/span><\/strong><\/p>\n<table>\n<tbody>\n<tr>\n<td style=\"background-color: #e8e8e8;\"><strong><b>Name<\/b><\/strong><\/td>\n<td style=\"background-color: #e8e8e8;\">Moderner H\u00e4ngekamin<\/td>\n<\/tr>\n<tr>\n<td><strong><b>Material<\/b><\/strong><\/td>\n<td>Kohlenstoffstahl und Edelstahl 316<\/td>\n<\/tr>\n<tr>\n<td style=\"background-color: #e8e8e8;\"><strong><b>Farbe<\/b><\/strong><\/td>\n<td style=\"background-color: #e8e8e8;\">Schwarz oder wei\u00df<\/td>\n<\/tr>\n<tr>\n<td><strong><b>Gr\u00f6\u00dfe<\/b><\/strong><\/td>\n<td>600\/800\/1000\/1200mm oder kundenspezifisch<\/td>\n<\/tr>\n<tr>\n<td style=\"background-color: #e8e8e8;\"><strong><b>Kraftstoff<\/b><\/strong><\/td>\n<td style=\"background-color: #e8e8e8;\">Holz oder \u00c4thylalkohol<\/td>\n<\/tr>\n<tr>\n<td><strong><b>Option Feuerkern<\/b><\/strong><\/td>\n<td>Alkohol\/Holz\/Wassernebel\/Elektronik<\/td>\n<\/tr>\n<tr>\n<td style=\"background-color: #e8e8e8;\"><strong><b>Standard-Konfiguration<\/b><\/strong><\/td>\n<td style=\"background-color: #e8e8e8;\">Herdkern,Rohr<\/td>\n<\/tr>\n<tr>\n<td><strong><b>Anmeldung<\/b><\/strong><\/td>\n<td>Innendekoration und Erw\u00e4rmung<\/td>\n<\/tr>\n<tr>\n<td style=\"background-color: #e8e8e8;\"><strong><b>OEM\/ODM<\/b><\/strong><\/td>\n<td style=\"background-color: #e8e8e8;\">Verf\u00fcgbar<\/td>\n<\/tr>\n<\/tbody>\n<\/table>\n<p><strong><span style=\"font-size: 14pt;\">Einzelheiten zum Produkt:<\/span><\/strong><\/p>\n<p>Der Brenner dieses h\u00e4ngenden Kamins ist aus Kohlenstoffstahl gefertigt. Der Feuerkern kann je nach Kundenwunsch gew\u00e4hlt werden (Alkohol\/Holz\/Wassernebel\/Elektronik), und auch das Material des Ofenrohrs kann gew\u00e4hlt werden (Kohlenstoffstahl oder Edelstahl).<\/p>\n<p><img fetchpriority=\"high\" decoding=\"async\" class=\"alignnone wp-image-2598\" src=\"https:\/\/jblcorten.com\/wp-content\/uploads\/2025\/03\/suspended-wood-burning-fireplace.jpg\" alt=\"\" width=\"750\" height=\"657\" title=\"\" srcset=\"https:\/\/jblcorten.com\/wp-content\/uploads\/2025\/03\/suspended-wood-burning-fireplace.jpg 652w, https:\/\/jblcorten.com\/wp-content\/uploads\/2025\/03\/suspended-wood-burning-fireplace-600x525.jpg 600w, https:\/\/jblcorten.com\/wp-content\/uploads\/2025\/03\/suspended-wood-burning-fireplace-300x263.jpg 300w, https:\/\/jblcorten.com\/wp-content\/uploads\/2025\/03\/suspended-wood-burning-fireplace-14x12.jpg 14w\" sizes=\"(max-width: 750px) 100vw, 750px\" \/><\/p>\n<p><img decoding=\"async\" class=\"alignnone wp-image-2600\" src=\"https:\/\/jblcorten.com\/wp-content\/uploads\/2025\/03\/suspended-fire-place.jpg\" alt=\"\" width=\"750\" height=\"563\" title=\"\" srcset=\"https:\/\/jblcorten.com\/wp-content\/uploads\/2025\/03\/suspended-fire-place.jpg 840w, https:\/\/jblcorten.com\/wp-content\/uploads\/2025\/03\/suspended-fire-place-600x450.jpg 600w, https:\/\/jblcorten.com\/wp-content\/uploads\/2025\/03\/suspended-fire-place-300x225.jpg 300w, https:\/\/jblcorten.com\/wp-content\/uploads\/2025\/03\/suspended-fire-place-768x576.jpg 768w, https:\/\/jblcorten.com\/wp-content\/uploads\/2025\/03\/suspended-fire-place-16x12.jpg 16w\" sizes=\"(max-width: 750px) 100vw, 750px\" \/><\/p>\n<p><img decoding=\"async\" class=\"alignnone wp-image-2601\" src=\"https:\/\/jblcorten.com\/wp-content\/uploads\/2025\/03\/suspended-wood-fireplace.jpg\" alt=\"\" width=\"750\" height=\"438\" title=\"\" srcset=\"https:\/\/jblcorten.com\/wp-content\/uploads\/2025\/03\/suspended-wood-fireplace.jpg 960w, https:\/\/jblcorten.com\/wp-content\/uploads\/2025\/03\/suspended-wood-fireplace-600x351.jpg 600w, https:\/\/jblcorten.com\/wp-content\/uploads\/2025\/03\/suspended-wood-fireplace-300x175.jpg 300w, https:\/\/jblcorten.com\/wp-content\/uploads\/2025\/03\/suspended-wood-fireplace-768x449.jpg 768w, https:\/\/jblcorten.com\/wp-content\/uploads\/2025\/03\/suspended-wood-fireplace-18x12.jpg 18w\" sizes=\"(max-width: 750px) 100vw, 750px\" \/><\/p>\n<p>&nbsp;<\/p>","protected":false},"excerpt":{"rendered":"<p>Der moderne H\u00e4ngekamin wird mit einem stabilen Aufh\u00e4ngesystem an der Decke befestigt, das f\u00fcr Stabilit\u00e4t und Sicherheit sorgt. Die H\u00f6he kann an die Gr\u00f6\u00dfe der Decke angepasst werden, wodurch er sich f\u00fcr verschiedene Raumkonfigurationen eignet.<\/p>\n<p>Dar\u00fcber hinaus verf\u00fcgt dieser Kamin \u00fcber eine einstellbare Schwenkfunktion, mit der der Kamin in verschiedene Winkel gedreht werden kann, um die W\u00e4rme besser zu verteilen und das Seherlebnis zu verbessern.<\/p>","protected":false},"featured_media":2591,"template":"","meta":{"site-sidebar-layout":"default","site-content-layout":"","ast-site-content-layout":"default","site-content-style":"default","site-sidebar-style":"default","ast-global-header-display":"","ast-banner-title-visibility":"","ast-main-header-display":"","ast-hfb-above-header-display":"","ast-hfb-below-header-display":"","ast-hfb-mobile-header-display":"","site-post-title":"","ast-breadcrumbs-content":"","ast-featured-img":"","footer-sml-layout":"","ast-disable-related-posts":"","theme-transparent-header-meta":"default","adv-header-id-meta":"","stick-header-meta":"","header-above-stick-meta":"","header-main-stick-meta":"","header-below-stick-meta":"","astra-migrate-meta-layouts":"set","ast-page-background-enabled":"default","ast-page-background-meta":{"desktop":{"background-color":"var(--ast-global-color-4)","background-image":"","background-repeat":"repeat","background-position":"center center","background-size":"auto","background-attachment":"scroll","background-type":"","background-media":"","overlay-type":"","overlay-color":"","overlay-opacity":"","overlay-gradient":""},"tablet":{"background-color":"","background-image":"","background-repeat":"repeat","background-position":"center center","background-size":"auto","background-attachment":"scroll","background-type":"","background-media":"","overlay-type":"","overlay-color":"","overlay-opacity":"","overlay-gradient":""},"mobile":{"background-color":"","background-image":"","background-repeat":"repeat","background-position":"center center","background-size":"auto","background-attachment":"scroll","background-type":"","background-media":"","overlay-type":"","overlay-color":"","overlay-opacity":"","overlay-gradient":""}},"ast-content-background-meta":{"desktop":{"background-color":"var(--ast-global-color-5)","background-image":"","background-repeat":"repeat","background-position":"center center","background-size":"auto","background-attachment":"scroll","background-type":"","background-media":"","overlay-type":"","overlay-color":"","overlay-opacity":"","overlay-gradient":""},"tablet":{"background-color":"var(--ast-global-color-5)","background-image":"","background-repeat":"repeat","background-position":"center center","background-size":"auto","background-attachment":"scroll","background-type":"","background-media":"","overlay-type":"","overlay-color":"","overlay-opacity":"","overlay-gradient":""},"mobile":{"background-color":"var(--ast-global-color-5)","background-image":"","background-repeat":"repeat","background-position":"center center","background-size":"auto","background-attachment":"scroll","background-type":"","background-media":"","overlay-type":"","overlay-color":"","overlay-opacity":"","overlay-gradient":""}}},"product_brand":[],"product_cat":[30],"product_tag":[],"class_list":{"0":"post-2590","1":"product","2":"type-product","3":"status-publish","4":"has-post-thumbnail","6":"product_cat-fireplace","7":"desktop-align-center","8":"tablet-align-left","9":"mobile-align-left","11":"first","12":"instock","13":"shipping-taxable","14":"product-type-simple"},"_links":{"self":[{"href":"https:\/\/jblcorten.com\/de_de_formal\/wp-json\/wp\/v2\/product\/2590","targetHints":{"allow":["GET"]}}],"collection":[{"href":"https:\/\/jblcorten.com\/de_de_formal\/wp-json\/wp\/v2\/product"}],"about":[{"href":"https:\/\/jblcorten.com\/de_de_formal\/wp-json\/wp\/v2\/types\/product"}],"wp:featuredmedia":[{"embeddable":true,"href":"https:\/\/jblcorten.com\/de_de_formal\/wp-json\/wp\/v2\/media\/2591"}],"wp:attachment":[{"href":"https:\/\/jblcorten.com\/de_de_formal\/wp-json\/wp\/v2\/media?parent=2590"}],"wp:term":[{"taxonomy":"product_brand","embeddable":true,"href":"https:\/\/jblcorten.com\/de_de_formal\/wp-json\/wp\/v2\/product_brand?post=2590"},{"taxonomy":"product_cat","embeddable":true,"href":"https:\/\/jblcorten.com\/de_de_formal\/wp-json\/wp\/v2\/product_cat?post=2590"},{"taxonomy":"product_tag","embeddable":true,"href":"https:\/\/jblcorten.com\/de_de_formal\/wp-json\/wp\/v2\/product_tag?post=2590"}],"curies":[{"name":"wp","href":"https:\/\/api.w.org\/{rel}","templated":true}]}}