{"id":2565,"date":"2025-03-27T07:03:56","date_gmt":"2025-03-27T07:03:56","guid":{"rendered":"https:\/\/jblcorten.com\/?post_type=product&#038;p=2565"},"modified":"2025-03-27T07:21:37","modified_gmt":"2025-03-27T07:21:37","slug":"rechteckiger-gas-feuerstellentisch","status":"publish","type":"product","link":"https:\/\/jblcorten.com\/de_de_formal\/rectangular-gas-fire-pit-table\/","title":{"rendered":"Rechteckiger Gas-Feuerstellentisch"},"content":{"rendered":"<h2 style=\"text-align: center;\"><strong><span style=\"font-size: 14pt;\">Rechteckiger Gas-Feuerstellentisch<\/span><\/strong><\/h2>\n<p>Der rechteckige Gas-Feuerstellentisch ist eine moderne Feuerstelle, die sowohl f\u00fcr den Innen- als auch f\u00fcr den Au\u00dfenbereich geeignet ist. Dieser Feuertisch hat ein elegantes rechteckiges Design und wird mit sauber brennendem Erdgas befeuert. Im Gegensatz zu traditionellen, mit Holz befeuerten Feuerstellen ist dieses Modell rauchfrei, sauber und einfach zu bedienen.<\/p>\n<p>In der Mitte dieses rechteckigen Gas-Feuerstellentisches ist ein hochwertiger Edelstahlbrenner installiert. Edelstahl ist f\u00fcr seine Langlebigkeit, Hitzebest\u00e4ndigkeit und Korrosionsbest\u00e4ndigkeit bekannt und sorgt f\u00fcr ein lang anhaltendes und effizientes Brennerlebnis. Der Brenner kann die Flammen gleichm\u00e4\u00dfig verteilen und erzeugt so ein faszinierendes und gleichm\u00e4\u00dfiges Flammenbild. Dar\u00fcber hinaus k\u00f6nnen die Benutzer das Aussehen der Feuergrube individuell gestalten, indem sie Vulkangestein oder andere dekorative Feuermaterialien in den Brennerbereich einbringen, um einen einzigartigen, eleganten Flammeneffekt zu erzielen.<\/p>\n<p><img fetchpriority=\"high\" decoding=\"async\" class=\"alignnone wp-image-2572 size-full\" src=\"https:\/\/jblcorten.com\/wp-content\/uploads\/2025\/03\/rectangular-gas-fire-pit-table.jpg\" alt=\"\" width=\"750\" height=\"500\" title=\"\" srcset=\"https:\/\/jblcorten.com\/wp-content\/uploads\/2025\/03\/rectangular-gas-fire-pit-table.jpg 750w, https:\/\/jblcorten.com\/wp-content\/uploads\/2025\/03\/rectangular-gas-fire-pit-table-600x400.jpg 600w, https:\/\/jblcorten.com\/wp-content\/uploads\/2025\/03\/rectangular-gas-fire-pit-table-300x200.jpg 300w, https:\/\/jblcorten.com\/wp-content\/uploads\/2025\/03\/rectangular-gas-fire-pit-table-18x12.jpg 18w\" sizes=\"(max-width: 750px) 100vw, 750px\" \/><\/p>\n<p><strong><span style=\"font-size: 14pt;\">Produktspezifikation:<\/span><\/strong><\/p>\n<table>\n<tbody>\n<tr>\n<td style=\"background-color: #e8e8e8;\" width=\"181\">Produktname<\/td>\n<td style=\"background-color: #e8e8e8;\" width=\"385\">Rechteckiger Gas-Feuerstellentisch<\/td>\n<\/tr>\n<tr>\n<td width=\"181\">Material<\/td>\n<td width=\"385\">Cortenstahl<\/td>\n<\/tr>\n<tr>\n<td style=\"background-color: #e8e8e8;\" width=\"181\">Farbe<\/td>\n<td style=\"background-color: #e8e8e8;\" width=\"385\">Rostrot &amp; Schwarz<\/td>\n<\/tr>\n<tr>\n<td width=\"181\">Typ<\/td>\n<td width=\"385\">Morden Feuerstelle<\/td>\n<\/tr>\n<tr>\n<td style=\"background-color: #e8e8e8;\" width=\"181\">Gr\u00f6\u00dfe<\/td>\n<td style=\"background-color: #e8e8e8;\" width=\"385\">1200*500*600mm oder kundenspezifisch<\/td>\n<\/tr>\n<tr>\n<td width=\"181\">Technologie<\/td>\n<td width=\"385\">Biegen &amp; Schwei\u00dfen &amp; Vor-Oberfl\u00e4che<\/td>\n<\/tr>\n<tr>\n<td style=\"background-color: #e8e8e8;\" width=\"181\">Gebraucht<\/td>\n<td style=\"background-color: #e8e8e8;\" width=\"385\">Haus Hof &amp; Garten &amp; Park &amp; Outdoor<\/td>\n<\/tr>\n<\/tbody>\n<\/table>\n<p><strong><span style=\"font-size: 14pt;\">Einzelheiten zum Produkt:<\/span><\/strong><\/p>\n<p>Um sein modernes Design noch zu verst\u00e4rken, ist der rechteckige Gas-Feuerstellentisch von klarem Glas umgeben, das nicht nur die Sicherheit verbessert, sondern auch dem Gesamtbild einen modernen Touch verleiht. Die Glasplatte dient als Windschutz und tr\u00e4gt dazu bei, dass die Flamme auch im Freien gleichm\u00e4\u00dfig brennt. Diese Eigenschaft macht den Feuertisch zu einer idealen Wahl f\u00fcr Balkone, Terrassen oder offene Gartenbereiche, in denen Wind die Flammenleistung beeintr\u00e4chtigen k\u00f6nnte. Dar\u00fcber hinaus erzeugt das Glasgeh\u00e4use einen atemberaubenden visuellen Effekt, da die Flammen von der transparenten Oberfl\u00e4che reflektiert werden und so einen Blickfang in jeder Umgebung bilden.<\/p>\n<p><img decoding=\"async\" class=\"alignnone wp-image-2546\" src=\"https:\/\/jblcorten.com\/wp-content\/uploads\/2025\/03\/burner-decoration.jpg\" alt=\"\" width=\"750\" height=\"242\" title=\"\" srcset=\"https:\/\/jblcorten.com\/wp-content\/uploads\/2025\/03\/burner-decoration.jpg 693w, https:\/\/jblcorten.com\/wp-content\/uploads\/2025\/03\/burner-decoration-600x194.jpg 600w, https:\/\/jblcorten.com\/wp-content\/uploads\/2025\/03\/burner-decoration-300x97.jpg 300w, https:\/\/jblcorten.com\/wp-content\/uploads\/2025\/03\/burner-decoration-18x6.jpg 18w\" sizes=\"(max-width: 750px) 100vw, 750px\" \/><\/p>\n<p><img decoding=\"async\" class=\"alignnone wp-image-2574 size-full\" src=\"https:\/\/jblcorten.com\/wp-content\/uploads\/2025\/03\/rectangular-propane-fire-pit-with-tank-inside.jpg\" alt=\"\" width=\"750\" height=\"499\" title=\"\" srcset=\"https:\/\/jblcorten.com\/wp-content\/uploads\/2025\/03\/rectangular-propane-fire-pit-with-tank-inside.jpg 750w, https:\/\/jblcorten.com\/wp-content\/uploads\/2025\/03\/rectangular-propane-fire-pit-with-tank-inside-600x399.jpg 600w, https:\/\/jblcorten.com\/wp-content\/uploads\/2025\/03\/rectangular-propane-fire-pit-with-tank-inside-300x200.jpg 300w, https:\/\/jblcorten.com\/wp-content\/uploads\/2025\/03\/rectangular-propane-fire-pit-with-tank-inside-18x12.jpg 18w\" sizes=\"(max-width: 750px) 100vw, 750px\" \/><\/p>\n<p><strong><span style=\"font-size: 14pt;\">Warum sollten Sie sich f\u00fcr den rechteckigen Gas-Feuerstellentisch entscheiden?<\/span><\/strong><\/p>\n<p>1. Einfach zu bedienen und zu verwenden:<br \/>\nDiese rechteckige Gas-Feuerstelle ist mit einem seitlichen Regelventil ausgestattet, so dass der Benutzer die Gr\u00f6\u00dfe der Flamme einfach einstellen kann, ohne den m\u00fchsamen Anz\u00fcndvorgang.<\/p>\n<p>2. Versteckte Gas-Tank-Design, sch\u00f6n und ordentlich:<br \/>\nIm Inneren der Feuerstelle ist ausreichend Platz f\u00fcr den Gastank vorgesehen, so dass der Gastank im Inneren der Feuerstelle versteckt werden kann, was das Gesamtdesign ordentlicher und sch\u00f6ner macht, ohne die Koordination der Umgebung zu beeintr\u00e4chtigen, und gleichzeitig die Sicherheitsrisiken von nach au\u00dfen sichtbaren Gastanks verringert.<\/p>\n<p>3. Sicher und zuverl\u00e4ssig, reduziert das Brandrisiko:<br \/>\nGasfeuerstellen sind sicherer als herk\u00f6mmliche Holzfeuerstellen und erzeugen keine offenen Flammen oder fliegende Holzkohle, was die Brandgefahr verringert. Die Unterbringung des Gastanks im Inneren erh\u00f6ht nicht nur die Sicherheit, sondern verringert auch die M\u00f6glichkeit, dass der Gastank von der \u00e4u\u00dferen Umgebung beeinflusst wird, was ihn stabiler macht.<\/p>\n<p><img loading=\"lazy\" decoding=\"async\" class=\"alignnone wp-image-2573\" src=\"https:\/\/jblcorten.com\/wp-content\/uploads\/2025\/03\/rectangle-gas-fire-table.jpg\" alt=\"\" width=\"750\" height=\"470\" title=\"\" srcset=\"https:\/\/jblcorten.com\/wp-content\/uploads\/2025\/03\/rectangle-gas-fire-table.jpg 1000w, https:\/\/jblcorten.com\/wp-content\/uploads\/2025\/03\/rectangle-gas-fire-table-600x376.jpg 600w, https:\/\/jblcorten.com\/wp-content\/uploads\/2025\/03\/rectangle-gas-fire-table-300x188.jpg 300w, https:\/\/jblcorten.com\/wp-content\/uploads\/2025\/03\/rectangle-gas-fire-table-768x481.jpg 768w, https:\/\/jblcorten.com\/wp-content\/uploads\/2025\/03\/rectangle-gas-fire-table-18x12.jpg 18w\" sizes=\"(max-width: 750px) 100vw, 750px\" \/><\/p>\n<p><strong><span style=\"font-size: 14pt;\">FAQ:<\/span><\/strong><\/p>\n<p>1.Q:Sind Sie ein Handelsunternehmen oder ein Hersteller?<br \/>\nA: Wir haben unsere eigene Fabrik.<\/p>\n<p>2.Q:Akzeptieren Sie OEM?<br \/>\nA: Ja, das tun wir, viele Designs sind verf\u00fcgbar und wenn Sie sie anpassen m\u00fcssen, ist das kein Problem.<\/p>\n<p>3.Q: Alle Feuerstellen sind f\u00fcr die Verwendung mit Erdgas, kommen sie mit einem Propan-Umr\u00fcstsatz?<br \/>\nA: Ja, wenn Sie es brauchen, k\u00f6nnen wir es anbieten.<\/p>","protected":false},"excerpt":{"rendered":"<p>Das Steuerventil befindet sich an der Seite des rechteckigen Gas-Feuerstellentisches, so dass der Benutzer die Flammenh\u00f6he genau einstellen kann. Das einfache Z\u00fcndsystem sorgt daf\u00fcr, dass die Feuerstelle mit minimalem Aufwand in Gang gesetzt werden kann, wodurch sie sich sowohl f\u00fcr Wohn- als auch f\u00fcr Gesch\u00e4ftsr\u00e4ume eignet.<\/p>","protected":false},"featured_media":2566,"template":"","meta":{"site-sidebar-layout":"default","site-content-layout":"","ast-site-content-layout":"default","site-content-style":"default","site-sidebar-style":"default","ast-global-header-display":"","ast-banner-title-visibility":"","ast-main-header-display":"","ast-hfb-above-header-display":"","ast-hfb-below-header-display":"","ast-hfb-mobile-header-display":"","site-post-title":"","ast-breadcrumbs-content":"","ast-featured-img":"","footer-sml-layout":"","ast-disable-related-posts":"","theme-transparent-header-meta":"default","adv-header-id-meta":"","stick-header-meta":"","header-above-stick-meta":"","header-main-stick-meta":"","header-below-stick-meta":"","astra-migrate-meta-layouts":"set","ast-page-background-enabled":"default","ast-page-background-meta":{"desktop":{"background-color":"var(--ast-global-color-4)","background-image":"","background-repeat":"repeat","background-position":"center center","background-size":"auto","background-attachment":"scroll","background-type":"","background-media":"","overlay-type":"","overlay-color":"","overlay-opacity":"","overlay-gradient":""},"tablet":{"background-color":"","background-image":"","background-repeat":"repeat","background-position":"center center","background-size":"auto","background-attachment":"scroll","background-type":"","background-media":"","overlay-type":"","overlay-color":"","overlay-opacity":"","overlay-gradient":""},"mobile":{"background-color":"","background-image":"","background-repeat":"repeat","background-position":"center center","background-size":"auto","background-attachment":"scroll","background-type":"","background-media":"","overlay-type":"","overlay-color":"","overlay-opacity":"","overlay-gradient":""}},"ast-content-background-meta":{"desktop":{"background-color":"var(--ast-global-color-5)","background-image":"","background-repeat":"repeat","background-position":"center center","background-size":"auto","background-attachment":"scroll","background-type":"","background-media":"","overlay-type":"","overlay-color":"","overlay-opacity":"","overlay-gradient":""},"tablet":{"background-color":"var(--ast-global-color-5)","background-image":"","background-repeat":"repeat","background-position":"center center","background-size":"auto","background-attachment":"scroll","background-type":"","background-media":"","overlay-type":"","overlay-color":"","overlay-opacity":"","overlay-gradient":""},"mobile":{"background-color":"var(--ast-global-color-5)","background-image":"","background-repeat":"repeat","background-position":"center center","background-size":"auto","background-attachment":"scroll","background-type":"","background-media":"","overlay-type":"","overlay-color":"","overlay-opacity":"","overlay-gradient":""}}},"product_brand":[],"product_cat":[29,47],"product_tag":[],"class_list":{"0":"post-2565","1":"product","2":"type-product","3":"status-publish","4":"has-post-thumbnail","6":"product_cat-fire-pit","7":"product_cat-gas-fire-pit","8":"desktop-align-center","9":"tablet-align-left","10":"mobile-align-left","12":"first","13":"instock","14":"shipping-taxable","15":"product-type-simple"},"_links":{"self":[{"href":"https:\/\/jblcorten.com\/de_de_formal\/wp-json\/wp\/v2\/product\/2565","targetHints":{"allow":["GET"]}}],"collection":[{"href":"https:\/\/jblcorten.com\/de_de_formal\/wp-json\/wp\/v2\/product"}],"about":[{"href":"https:\/\/jblcorten.com\/de_de_formal\/wp-json\/wp\/v2\/types\/product"}],"wp:featuredmedia":[{"embeddable":true,"href":"https:\/\/jblcorten.com\/de_de_formal\/wp-json\/wp\/v2\/media\/2566"}],"wp:attachment":[{"href":"https:\/\/jblcorten.com\/de_de_formal\/wp-json\/wp\/v2\/media?parent=2565"}],"wp:term":[{"taxonomy":"product_brand","embeddable":true,"href":"https:\/\/jblcorten.com\/de_de_formal\/wp-json\/wp\/v2\/product_brand?post=2565"},{"taxonomy":"product_cat","embeddable":true,"href":"https:\/\/jblcorten.com\/de_de_formal\/wp-json\/wp\/v2\/product_cat?post=2565"},{"taxonomy":"product_tag","embeddable":true,"href":"https:\/\/jblcorten.com\/de_de_formal\/wp-json\/wp\/v2\/product_tag?post=2565"}],"curies":[{"name":"wp","href":"https:\/\/api.w.org\/{rel}","templated":true}]}}