{"id":2551,"date":"2025-03-25T08:47:31","date_gmt":"2025-03-25T08:47:31","guid":{"rendered":"https:\/\/jblcorten.com\/?post_type=product&#038;p=2551"},"modified":"2025-03-25T08:56:45","modified_gmt":"2025-03-25T08:56:45","slug":"quadratische-erdgas-feuerstelle","status":"publish","type":"product","link":"https:\/\/jblcorten.com\/de_de_formal\/square-natural-gas-fire-pit\/","title":{"rendered":"Quadratische Erdgas-Feuerstelle"},"content":{"rendered":"<h2 style=\"text-align: center;\"><span style=\"font-size: 14pt;\">Quadratische Erdgas-Feuerstelle<\/span><\/h2>\n<p>Die quadratische Erdgas-Feuerstelle ist ein Heizger\u00e4t, das Sch\u00f6nheit und Zweckm\u00e4\u00dfigkeit vereint. Sie ist f\u00fcr H\u00f6fe, Terrassen, G\u00e4rten und Innenr\u00e4ume geeignet. Sie hat ein quadratisches Design mit einer einfachen und gro\u00dfz\u00fcgigen Form. Sie kann nicht nur W\u00e4rme spenden, sondern auch zu einer sch\u00f6nen Kulisse im Haus werden.<\/p>\n<p>Um die Feuerstelle herum sind hochtransparente Glasabdeckungen angebracht, die die Flamme beim Brennen stabiler machen und den Betrachtungseffekt verbessern. Die Flammen durch das Glas springen zu sehen, ist sowohl sicher als auch k\u00fcnstlerisch und l\u00e4sst die Menschen in eine warme Atmosph\u00e4re eintauchen. Dar\u00fcber hinaus kann die Glasabdeckung wirksam verhindern, dass die Flammen vom Wind weggeblasen werden, die Verbrennungseffizienz verbessern und sicherstellen, dass die quadratische Erdgas-Feuerstelle bei allen Wetterbedingungen normal genutzt werden kann.<\/p>\n<p><strong><span style=\"font-size: 14pt;\">Produktspezifikation:<\/span><\/strong><\/p>\n<table>\n<tbody>\n<tr style=\"background-color: #cfcfcf;\">\n<td><strong><b>Produktname<\/b><\/strong><\/td>\n<td>Quadratische Erdgas-Feuerstelle<\/td>\n<\/tr>\n<tr>\n<td><strong><b>Material<\/b><\/strong><\/td>\n<td>Cortenstahl, rostfreier Stahl<\/td>\n<\/tr>\n<tr style=\"background-color: #cfcfcf;\">\n<td><strong><b>Kraftstoff<\/b><\/strong><\/td>\n<td>Erdgas oder Propan<\/td>\n<\/tr>\n<tr>\n<td><strong><b>Gr\u00f6\u00dfe<\/b><\/strong><\/td>\n<td>600*600*400mm\/600*600*600mm (kundenspezifisch)<\/td>\n<\/tr>\n<tr style=\"background-color: #cfcfcf;\">\n<td><strong><b>Oberfl\u00e4chenbehandlung<\/b><\/strong><\/td>\n<td>Vorgerostet, schwarz lackiert, kann angepasst werden<\/td>\n<\/tr>\n<tr>\n<td>Paket<\/td>\n<td>Holzkiste<\/td>\n<\/tr>\n<\/tbody>\n<\/table>\n<p><strong><span style=\"font-size: 14pt;\">Brenner-Dekoration\uff1a<\/span><\/strong><\/p>\n<p>Nat\u00fcrliche Vulkansteine k\u00f6nnen im Inneren der quadratischen Erdgas-Feuerstelle verlegt werden, was nicht nur die Gesamt\u00e4sthetik verbessert, sondern auch den Verbrennungseffekt steigert. Vulkansteine haben eine gute W\u00e4rmespeicherf\u00e4higkeit, k\u00f6nnen die W\u00e4rme gleichm\u00e4\u00dfig verteilen und die Flamme stabiler brennen lassen. Gleichzeitig erg\u00e4nzen sich die nat\u00fcrliche Textur und die Licht- und Schatteneffekte der Flamme und verleihen der Feuerstelle ein nat\u00fcrliches Aussehen und machen sie vielschichtiger und dekorativer. Sie k\u00f6nnen aus verschiedenen Arten von Vulkansteinen w\u00e4hlen.<\/p>\n<p><img fetchpriority=\"high\" decoding=\"async\" class=\"alignnone wp-image-2546\" src=\"https:\/\/jblcorten.com\/wp-content\/uploads\/2025\/03\/burner-decoration.jpg\" alt=\"\" width=\"750\" height=\"242\" title=\"\" srcset=\"https:\/\/jblcorten.com\/wp-content\/uploads\/2025\/03\/burner-decoration.jpg 693w, https:\/\/jblcorten.com\/wp-content\/uploads\/2025\/03\/burner-decoration-600x194.jpg 600w, https:\/\/jblcorten.com\/wp-content\/uploads\/2025\/03\/burner-decoration-300x97.jpg 300w, https:\/\/jblcorten.com\/wp-content\/uploads\/2025\/03\/burner-decoration-18x6.jpg 18w\" sizes=\"(max-width: 750px) 100vw, 750px\" \/><\/p>\n<p><strong><span style=\"font-size: 14pt;\">Warum diese quadratische Erdgas-Feuerstelle w\u00e4hlen?<\/span><\/strong><\/p>\n<ul>\n<li>Sicherheitsschutzglas:<br \/>\nUm die Flamme herum ist transparentes Glas angebracht, das nicht nur Wind wirksam abhalten und die Flamme stabiler machen kann, sondern auch einen Sicherheitsschutz bietet, um versehentlichen Kontakt mit der Flamme zu vermeiden und die Nutzungssicherheit zu verbessern. Der Anblick der brennenden Flamme durch das Glas ist dekorativer und stimmungsvoller.<\/li>\n<\/ul>\n<ul>\n<li>Erdgas als Kraftstoff ist umweltfreundlicher:<br \/>\nDie Verwendung von Erdgas als Brennstoff ist sauberer und umweltfreundlicher als die traditionelle Verbrennung von Holzkohle oder Brennholz. Es entsteht kein Rauch und keine Flugasche, die Luftverschmutzung wird reduziert, die Verbrennung ist stabiler und die Nutzung ist bequemer.<\/li>\n<\/ul>\n<ul>\n<li>Einfach zu bedienen und einstellbare Flamme:<br \/>\nDie Seite der Feuerstelle ist mit einem Steuerventil ausgestattet, mit dem sich der Schalter und die Gr\u00f6\u00dfe der Flamme leicht steuern lassen. Ohne langwierige Bedienung kann das Feuer je nach Bedarf eingestellt werden, was die Nutzung komfortabler macht.<\/li>\n<\/ul>\n<ul>\n<li>Langlebiges Material, anpassungsf\u00e4hig an die Au\u00dfenumgebung:<br \/>\nHergestellt aus hochwertigen, witterungsbest\u00e4ndigen Materialien, ob in nat\u00fcrlicher Rostfarbe oder mit schwarzer Spritzoberfl\u00e4che, hat es eine starke Korrosions- und Wetterbest\u00e4ndigkeit. Es kann lange Zeit im Freien verwendet werden, ist nicht leicht zu rosten oder zu besch\u00e4digen und hat eine lange Nutzungsdauer.<\/li>\n<\/ul>\n<p><img decoding=\"async\" class=\"alignnone wp-image-2549 size-full\" src=\"https:\/\/jblcorten.com\/wp-content\/uploads\/2025\/03\/no-smoke-fire-pit.jpg\" alt=\"\" width=\"750\" height=\"567\" title=\"\" srcset=\"https:\/\/jblcorten.com\/wp-content\/uploads\/2025\/03\/no-smoke-fire-pit.jpg 750w, https:\/\/jblcorten.com\/wp-content\/uploads\/2025\/03\/no-smoke-fire-pit-600x454.jpg 600w, https:\/\/jblcorten.com\/wp-content\/uploads\/2025\/03\/no-smoke-fire-pit-300x227.jpg 300w, https:\/\/jblcorten.com\/wp-content\/uploads\/2025\/03\/no-smoke-fire-pit-16x12.jpg 16w\" sizes=\"(max-width: 750px) 100vw, 750px\" \/><\/p>\n<p><img decoding=\"async\" class=\"alignnone size-full wp-image-2552\" src=\"https:\/\/jblcorten.com\/wp-content\/uploads\/2025\/03\/garden-table-with-fire-pit.jpg\" alt=\"\" width=\"750\" height=\"566\" title=\"\" srcset=\"https:\/\/jblcorten.com\/wp-content\/uploads\/2025\/03\/garden-table-with-fire-pit.jpg 750w, https:\/\/jblcorten.com\/wp-content\/uploads\/2025\/03\/garden-table-with-fire-pit-600x453.jpg 600w, https:\/\/jblcorten.com\/wp-content\/uploads\/2025\/03\/garden-table-with-fire-pit-300x226.jpg 300w, https:\/\/jblcorten.com\/wp-content\/uploads\/2025\/03\/garden-table-with-fire-pit-16x12.jpg 16w\" sizes=\"(max-width: 750px) 100vw, 750px\" \/><\/p>","protected":false},"excerpt":{"rendered":"<p>In Bezug auf die Bedienung ist diese quadratische Erdgas-Feuerstelle einfach und leicht zu bedienen, mit einem Steuerventil an der Seite, die leicht den Gasschalter und Flammengr\u00f6\u00dfe steuern kann.<\/p>\n<p>Der Benutzer kann die H\u00f6he und Intensit\u00e4t der Flamme nach seinen Bed\u00fcrfnissen einstellen, so dass er das warme Licht des Feuers genie\u00dfen kann, w\u00e4hrend er gleichzeitig den Gasverbrauch effektiv kontrolliert und die Wirtschaftlichkeit und Sicherheit des Gebrauchs verbessert.<\/p>","protected":false},"featured_media":2541,"template":"","meta":{"site-sidebar-layout":"default","site-content-layout":"","ast-site-content-layout":"default","site-content-style":"default","site-sidebar-style":"default","ast-global-header-display":"","ast-banner-title-visibility":"","ast-main-header-display":"","ast-hfb-above-header-display":"","ast-hfb-below-header-display":"","ast-hfb-mobile-header-display":"","site-post-title":"","ast-breadcrumbs-content":"","ast-featured-img":"","footer-sml-layout":"","ast-disable-related-posts":"","theme-transparent-header-meta":"default","adv-header-id-meta":"","stick-header-meta":"","header-above-stick-meta":"","header-main-stick-meta":"","header-below-stick-meta":"","astra-migrate-meta-layouts":"set","ast-page-background-enabled":"default","ast-page-background-meta":{"desktop":{"background-color":"var(--ast-global-color-4)","background-image":"","background-repeat":"repeat","background-position":"center center","background-size":"auto","background-attachment":"scroll","background-type":"","background-media":"","overlay-type":"","overlay-color":"","overlay-opacity":"","overlay-gradient":""},"tablet":{"background-color":"","background-image":"","background-repeat":"repeat","background-position":"center center","background-size":"auto","background-attachment":"scroll","background-type":"","background-media":"","overlay-type":"","overlay-color":"","overlay-opacity":"","overlay-gradient":""},"mobile":{"background-color":"","background-image":"","background-repeat":"repeat","background-position":"center center","background-size":"auto","background-attachment":"scroll","background-type":"","background-media":"","overlay-type":"","overlay-color":"","overlay-opacity":"","overlay-gradient":""}},"ast-content-background-meta":{"desktop":{"background-color":"var(--ast-global-color-5)","background-image":"","background-repeat":"repeat","background-position":"center center","background-size":"auto","background-attachment":"scroll","background-type":"","background-media":"","overlay-type":"","overlay-color":"","overlay-opacity":"","overlay-gradient":""},"tablet":{"background-color":"var(--ast-global-color-5)","background-image":"","background-repeat":"repeat","background-position":"center center","background-size":"auto","background-attachment":"scroll","background-type":"","background-media":"","overlay-type":"","overlay-color":"","overlay-opacity":"","overlay-gradient":""},"mobile":{"background-color":"var(--ast-global-color-5)","background-image":"","background-repeat":"repeat","background-position":"center center","background-size":"auto","background-attachment":"scroll","background-type":"","background-media":"","overlay-type":"","overlay-color":"","overlay-opacity":"","overlay-gradient":""}}},"product_brand":[],"product_cat":[29,47],"product_tag":[],"class_list":{"0":"post-2551","1":"product","2":"type-product","3":"status-publish","4":"has-post-thumbnail","6":"product_cat-fire-pit","7":"product_cat-gas-fire-pit","8":"desktop-align-center","9":"tablet-align-left","10":"mobile-align-left","12":"first","13":"instock","14":"shipping-taxable","15":"product-type-simple"},"_links":{"self":[{"href":"https:\/\/jblcorten.com\/de_de_formal\/wp-json\/wp\/v2\/product\/2551","targetHints":{"allow":["GET"]}}],"collection":[{"href":"https:\/\/jblcorten.com\/de_de_formal\/wp-json\/wp\/v2\/product"}],"about":[{"href":"https:\/\/jblcorten.com\/de_de_formal\/wp-json\/wp\/v2\/types\/product"}],"wp:featuredmedia":[{"embeddable":true,"href":"https:\/\/jblcorten.com\/de_de_formal\/wp-json\/wp\/v2\/media\/2541"}],"wp:attachment":[{"href":"https:\/\/jblcorten.com\/de_de_formal\/wp-json\/wp\/v2\/media?parent=2551"}],"wp:term":[{"taxonomy":"product_brand","embeddable":true,"href":"https:\/\/jblcorten.com\/de_de_formal\/wp-json\/wp\/v2\/product_brand?post=2551"},{"taxonomy":"product_cat","embeddable":true,"href":"https:\/\/jblcorten.com\/de_de_formal\/wp-json\/wp\/v2\/product_cat?post=2551"},{"taxonomy":"product_tag","embeddable":true,"href":"https:\/\/jblcorten.com\/de_de_formal\/wp-json\/wp\/v2\/product_tag?post=2551"}],"curies":[{"name":"wp","href":"https:\/\/api.w.org\/{rel}","templated":true}]}}