{"id":2537,"date":"2025-03-25T07:54:34","date_gmt":"2025-03-25T07:54:34","guid":{"rendered":"https:\/\/jblcorten.com\/?post_type=product&#038;p=2537"},"modified":"2025-03-25T07:57:20","modified_gmt":"2025-03-25T07:57:20","slug":"cortenstahl-gas-feuerstelle","status":"publish","type":"product","link":"https:\/\/jblcorten.com\/de_de_formal\/corten-steel-gas-fire-pit\/","title":{"rendered":"Corten Stahl Gas Feuerstelle"},"content":{"rendered":"<h2 style=\"text-align: center;\"><strong><span style=\"font-size: 14pt;\">Corten Stahl Gas Feuerstelle<\/span><\/strong><\/h2>\n<p>Die Gasfeuerstelle aus Cortenstahl ist ein sch\u00f6nes und praktisches Heizger\u00e4t, das sowohl im Innen- als auch im Au\u00dfenbereich verwendet werden kann. Mit ihrer quadratischen Struktur und ihren schlichten Linien erf\u00fcllt diese Feuerstelle praktische Anforderungen und wird zu einer einzigartigen Dekoration im Innenbereich, auf der Terrasse oder im Garten. Dank ihres strapazierf\u00e4higen Cortenstahlmaterials h\u00e4lt sie Wind und Regen im Au\u00dfenbereich stand und bildet mit der Zeit eine nat\u00fcrliche Oxidationsschutzschicht, die ihr eine einzigartige metallische Textur verleiht.<\/p>\n<p>Diese Cortenstahl-Gasfeuerstelle ist in zwei Farben erh\u00e4ltlich: Naturrost und Spr\u00fchschwarz. Der Naturrost bewahrt die einzigartige Oxidationsoberfl\u00e4che von Cortenstahl und sorgt f\u00fcr ein warmes und strukturiertes Erscheinungsbild, das sich perfekt in die nat\u00fcrliche Umgebung einf\u00fcgt. Die Spr\u00fchschwarz-Version ist moderner und eignet sich f\u00fcr verschiedene Wohnstile, wodurch sie dem Raum einen schlichten und hochwertigen optischen Effekt verleiht. Unabh\u00e4ngig davon, f\u00fcr welche Farbe Sie sich entscheiden, kann diese Feuerstelle die Gesamtatmosph\u00e4re Ihres Zuhauses aufwerten.<\/p>\n<p><img fetchpriority=\"high\" decoding=\"async\" class=\"alignnone wp-image-2545\" src=\"https:\/\/jblcorten.com\/wp-content\/uploads\/2025\/03\/propane-outdoor-firepit.jpg\" alt=\"\" width=\"750\" height=\"375\" title=\"\" srcset=\"https:\/\/jblcorten.com\/wp-content\/uploads\/2025\/03\/propane-outdoor-firepit.jpg 1000w, https:\/\/jblcorten.com\/wp-content\/uploads\/2025\/03\/propane-outdoor-firepit-600x300.jpg 600w, https:\/\/jblcorten.com\/wp-content\/uploads\/2025\/03\/propane-outdoor-firepit-300x150.jpg 300w, https:\/\/jblcorten.com\/wp-content\/uploads\/2025\/03\/propane-outdoor-firepit-768x384.jpg 768w, https:\/\/jblcorten.com\/wp-content\/uploads\/2025\/03\/propane-outdoor-firepit-18x9.jpg 18w\" sizes=\"(max-width: 750px) 100vw, 750px\" \/><\/p>\n<p><strong><span style=\"font-size: 14pt;\">Produktspezifikation:<\/span><\/strong><\/p>\n<table>\n<tbody>\n<tr style=\"background-color: #cfcfcf;\">\n<td><strong><b>Produktname<\/b><\/strong><\/td>\n<td>Corten Stahl Gas Feuerstelle<\/td>\n<\/tr>\n<tr>\n<td><strong><b>Material<\/b><\/strong><\/td>\n<td>Cortenstahl, rostfreier Stahl<\/td>\n<\/tr>\n<tr>\n<td><strong><b>Kraftstoff<\/b><\/strong><\/td>\n<td>Erdgas oder Propan<\/td>\n<\/tr>\n<tr>\n<td><strong><b>Gr\u00f6\u00dfe<\/b><\/strong><\/td>\n<td>600 \u00d7 600 \u00d7 400 mm\/600 \u00d7 600 \u00d7 600 mm (kann angepasst werden)<\/td>\n<\/tr>\n<tr>\n<td><strong><b>Technologie<\/b><\/strong><\/td>\n<td>Proofing, Laserschnitt, Biegen, Stanzen, Schwei\u00dfen, Rost<\/td>\n<\/tr>\n<tr>\n<td><strong><b>Oberfl\u00e4chenbehandlung<\/b><\/strong><\/td>\n<td>Vorgerostet, schwarz lackiert, kann angepasst werden<\/td>\n<\/tr>\n<tr>\n<td><strong><b>OEM &amp; ODM<\/b><\/strong><\/td>\n<td>Ma\u00dfgeschneiderter Service ist verf\u00fcgbar.<\/td>\n<\/tr>\n<\/tbody>\n<\/table>\n<p><strong><span style=\"font-size: 14pt;\">Einzelheiten zum Produkt:<\/span><\/strong><\/p>\n<p>Die Gasfeuerstelle aus Cortenstahl kann mit Vulkansteinen bedeckt werden, bei denen es sich um Natursteine handelt, die nicht nur die W\u00e4rme effektiv isolieren und f\u00fcr ein stabileres Brennen der Flammen sorgen, sondern auch die Gesamt\u00e4sthetik weiter verbessern. Die dunklen Farbt\u00f6ne der Vulkansteine stehen in starkem Kontrast zu den brennenden Flammen und erzeugen einen sehr vielschichtigen visuellen Effekt.<\/p>\n<p><img decoding=\"async\" class=\"alignnone wp-image-2546\" src=\"https:\/\/jblcorten.com\/wp-content\/uploads\/2025\/03\/burner-decoration.jpg\" alt=\"\" width=\"750\" height=\"242\" title=\"\" srcset=\"https:\/\/jblcorten.com\/wp-content\/uploads\/2025\/03\/burner-decoration.jpg 693w, https:\/\/jblcorten.com\/wp-content\/uploads\/2025\/03\/burner-decoration-600x194.jpg 600w, https:\/\/jblcorten.com\/wp-content\/uploads\/2025\/03\/burner-decoration-300x97.jpg 300w, https:\/\/jblcorten.com\/wp-content\/uploads\/2025\/03\/burner-decoration-18x6.jpg 18w\" sizes=\"(max-width: 750px) 100vw, 750px\" \/> <img decoding=\"async\" class=\"alignnone wp-image-2547\" src=\"https:\/\/jblcorten.com\/wp-content\/uploads\/2025\/03\/fire-pit-with-gas.jpg\" alt=\"\" width=\"750\" height=\"295\" title=\"\" srcset=\"https:\/\/jblcorten.com\/wp-content\/uploads\/2025\/03\/fire-pit-with-gas.jpg 630w, https:\/\/jblcorten.com\/wp-content\/uploads\/2025\/03\/fire-pit-with-gas-600x236.jpg 600w, https:\/\/jblcorten.com\/wp-content\/uploads\/2025\/03\/fire-pit-with-gas-300x118.jpg 300w, https:\/\/jblcorten.com\/wp-content\/uploads\/2025\/03\/fire-pit-with-gas-18x7.jpg 18w\" sizes=\"(max-width: 750px) 100vw, 750px\" \/><\/p>\n<p><img loading=\"lazy\" decoding=\"async\" class=\"alignnone wp-image-2549 size-full\" src=\"https:\/\/jblcorten.com\/wp-content\/uploads\/2025\/03\/no-smoke-fire-pit.jpg\" alt=\"\" width=\"750\" height=\"567\" title=\"\" srcset=\"https:\/\/jblcorten.com\/wp-content\/uploads\/2025\/03\/no-smoke-fire-pit.jpg 750w, https:\/\/jblcorten.com\/wp-content\/uploads\/2025\/03\/no-smoke-fire-pit-600x454.jpg 600w, https:\/\/jblcorten.com\/wp-content\/uploads\/2025\/03\/no-smoke-fire-pit-300x227.jpg 300w, https:\/\/jblcorten.com\/wp-content\/uploads\/2025\/03\/no-smoke-fire-pit-16x12.jpg 16w\" sizes=\"(max-width: 750px) 100vw, 750px\" \/> <img loading=\"lazy\" decoding=\"async\" class=\"alignnone wp-image-2548 size-full\" src=\"https:\/\/jblcorten.com\/wp-content\/uploads\/2025\/03\/gas-fire-pits-for-sale.jpg\" alt=\"\" width=\"750\" height=\"664\" title=\"\" srcset=\"https:\/\/jblcorten.com\/wp-content\/uploads\/2025\/03\/gas-fire-pits-for-sale.jpg 750w, https:\/\/jblcorten.com\/wp-content\/uploads\/2025\/03\/gas-fire-pits-for-sale-600x531.jpg 600w, https:\/\/jblcorten.com\/wp-content\/uploads\/2025\/03\/gas-fire-pits-for-sale-300x266.jpg 300w, https:\/\/jblcorten.com\/wp-content\/uploads\/2025\/03\/gas-fire-pits-for-sale-14x12.jpg 14w\" sizes=\"(max-width: 750px) 100vw, 750px\" \/><\/p>","protected":false},"excerpt":{"rendered":"<p>Diese Gasfeuerstelle aus Cortenstahl hat eine quadratische Form mit schlichten und eleganten Linien. Sie erf\u00fcllt nicht nur praktische Anforderungen, sondern ist auch eine einzigartige Dekoration f\u00fcr Innenr\u00e4ume, Terrassen oder G\u00e4rten.<\/p>\n<p>Das robuste und langlebige Cortenstahlmaterial macht es widerstandsf\u00e4hig gegen Wind und Regen im Au\u00dfenbereich und bildet mit der Zeit eine nat\u00fcrliche Oxidationsschutzschicht, die eine einzigartige metallische Textur aufweist.<\/p>","protected":false},"featured_media":2539,"template":"","meta":{"site-sidebar-layout":"default","site-content-layout":"","ast-site-content-layout":"default","site-content-style":"default","site-sidebar-style":"default","ast-global-header-display":"","ast-banner-title-visibility":"","ast-main-header-display":"","ast-hfb-above-header-display":"","ast-hfb-below-header-display":"","ast-hfb-mobile-header-display":"","site-post-title":"","ast-breadcrumbs-content":"","ast-featured-img":"","footer-sml-layout":"","ast-disable-related-posts":"","theme-transparent-header-meta":"default","adv-header-id-meta":"","stick-header-meta":"","header-above-stick-meta":"","header-main-stick-meta":"","header-below-stick-meta":"","astra-migrate-meta-layouts":"set","ast-page-background-enabled":"default","ast-page-background-meta":{"desktop":{"background-color":"var(--ast-global-color-4)","background-image":"","background-repeat":"repeat","background-position":"center center","background-size":"auto","background-attachment":"scroll","background-type":"","background-media":"","overlay-type":"","overlay-color":"","overlay-opacity":"","overlay-gradient":""},"tablet":{"background-color":"","background-image":"","background-repeat":"repeat","background-position":"center center","background-size":"auto","background-attachment":"scroll","background-type":"","background-media":"","overlay-type":"","overlay-color":"","overlay-opacity":"","overlay-gradient":""},"mobile":{"background-color":"","background-image":"","background-repeat":"repeat","background-position":"center center","background-size":"auto","background-attachment":"scroll","background-type":"","background-media":"","overlay-type":"","overlay-color":"","overlay-opacity":"","overlay-gradient":""}},"ast-content-background-meta":{"desktop":{"background-color":"var(--ast-global-color-5)","background-image":"","background-repeat":"repeat","background-position":"center center","background-size":"auto","background-attachment":"scroll","background-type":"","background-media":"","overlay-type":"","overlay-color":"","overlay-opacity":"","overlay-gradient":""},"tablet":{"background-color":"var(--ast-global-color-5)","background-image":"","background-repeat":"repeat","background-position":"center center","background-size":"auto","background-attachment":"scroll","background-type":"","background-media":"","overlay-type":"","overlay-color":"","overlay-opacity":"","overlay-gradient":""},"mobile":{"background-color":"var(--ast-global-color-5)","background-image":"","background-repeat":"repeat","background-position":"center center","background-size":"auto","background-attachment":"scroll","background-type":"","background-media":"","overlay-type":"","overlay-color":"","overlay-opacity":"","overlay-gradient":""}}},"product_brand":[],"product_cat":[29,47],"product_tag":[],"class_list":{"0":"post-2537","1":"product","2":"type-product","3":"status-publish","4":"has-post-thumbnail","6":"product_cat-fire-pit","7":"product_cat-gas-fire-pit","8":"desktop-align-center","9":"tablet-align-left","10":"mobile-align-left","12":"first","13":"instock","14":"shipping-taxable","15":"product-type-simple"},"_links":{"self":[{"href":"https:\/\/jblcorten.com\/de_de_formal\/wp-json\/wp\/v2\/product\/2537","targetHints":{"allow":["GET"]}}],"collection":[{"href":"https:\/\/jblcorten.com\/de_de_formal\/wp-json\/wp\/v2\/product"}],"about":[{"href":"https:\/\/jblcorten.com\/de_de_formal\/wp-json\/wp\/v2\/types\/product"}],"wp:featuredmedia":[{"embeddable":true,"href":"https:\/\/jblcorten.com\/de_de_formal\/wp-json\/wp\/v2\/media\/2539"}],"wp:attachment":[{"href":"https:\/\/jblcorten.com\/de_de_formal\/wp-json\/wp\/v2\/media?parent=2537"}],"wp:term":[{"taxonomy":"product_brand","embeddable":true,"href":"https:\/\/jblcorten.com\/de_de_formal\/wp-json\/wp\/v2\/product_brand?post=2537"},{"taxonomy":"product_cat","embeddable":true,"href":"https:\/\/jblcorten.com\/de_de_formal\/wp-json\/wp\/v2\/product_cat?post=2537"},{"taxonomy":"product_tag","embeddable":true,"href":"https:\/\/jblcorten.com\/de_de_formal\/wp-json\/wp\/v2\/product_tag?post=2537"}],"curies":[{"name":"wp","href":"https:\/\/api.w.org\/{rel}","templated":true}]}}