{"id":407,"date":"2024-08-28T09:10:16","date_gmt":"2024-08-28T09:10:16","guid":{"rendered":"https:\/\/jblcorten.com\/?post_type=product&#038;p=407"},"modified":"2025-03-20T08:54:29","modified_gmt":"2025-03-20T08:54:29","slug":"versenkbarer-wandgrill","status":"publish","type":"product","link":"https:\/\/jblcorten.com\/de\/retractable-wall-mounted-grill\/","title":{"rendered":"Versenkbarer wandmontierter Grill"},"content":{"rendered":"<p class=\"prodetails-name\"><span style=\"font-size: 14pt;\"><strong>Versenkbarer Wandgrill - perfekt f\u00fcr das Grillen im Freien<\/strong><\/span><\/p>\n<p class=\"prodetails-name\">Grillen ist seit jeher eine beliebte Art der Zubereitung von Speisen, vor allem im Sommer.<\/p>\n<p class=\"prodetails-name\">Herk\u00f6mmliche Au\u00dfengrills sind sperrig und nehmen oft zu viel Platz weg. Au\u00dferdem erfordern sie viel Wartung, was m\u00fchsam sein kann. An diesem Punkt ist es sehr wichtig, einen versenkbaren Wandgrill zu w\u00e4hlen. Er wird an der Wand montiert und ist au\u00dferdem klappbar. Der versenkbare Wandgrill kann mit Bolzen oder Schrauben an jeder Au\u00dfenwand angebracht werden, und wenn er nicht gebraucht wird, kann er an die Wand geklappt werden, ohne zu viel Platz zu beanspruchen.<\/p>\n<p class=\"prodetails-name\">Der versenkbare Wandgrill kann zum Grillen verschiedener Lebensmittel wie Gem\u00fcse und Fleisch verwendet werden. Das Design des Grills sorgt au\u00dferdem f\u00fcr ein gleichm\u00e4\u00dfiges Garen, so dass die Speisen jedes Mal einwandfrei gegart werden k\u00f6nnen.<\/p>\n<p><strong><span style=\"font-size: 14pt;\">Produktspezifikation:<\/span><\/strong><\/p>\n<div class=\"table-responsive\">\n<table>\n<tbody>\n<tr>\n<td>Produktname<\/td>\n<td>Versenkbarer wandmontierter Grill<\/td>\n<\/tr>\n<tr>\n<td>Material<\/td>\n<td>Cortenstahl \/ wetterfester Stahl<\/td>\n<\/tr>\n<tr>\n<td>Gr\u00f6\u00dfe<\/td>\n<td>Durchmesser: 600\/800\/900\/1000mm, Dicke: 2mm<\/td>\n<\/tr>\n<tr>\n<td>Paket<\/td>\n<td>Innen: Verschlei\u00dffestes Schaumstoffpapier, Au\u00dfen: Karton Schachtel<\/td>\n<\/tr>\n<tr>\n<td>Oberfl\u00e4chenbehandlung<\/td>\n<td>Vorgerostet, kann individuell angepasst werden<\/td>\n<\/tr>\n<\/tbody>\n<\/table>\n<\/div>\n<p><img fetchpriority=\"high\" decoding=\"async\" class=\"alignnone wp-image-411 size-full\" src=\"https:\/\/jblcorten.com\/wp-content\/uploads\/2024\/08\/Retractable-Wall-Mounted-Grill-2.jpg\" alt=\"BBQ-Herd\" width=\"700\" height=\"292\" title=\"\" srcset=\"https:\/\/jblcorten.com\/wp-content\/uploads\/2024\/08\/Retractable-Wall-Mounted-Grill-2.jpg 700w, https:\/\/jblcorten.com\/wp-content\/uploads\/2024\/08\/Retractable-Wall-Mounted-Grill-2-600x250.jpg 600w, https:\/\/jblcorten.com\/wp-content\/uploads\/2024\/08\/Retractable-Wall-Mounted-Grill-2-300x125.jpg 300w\" sizes=\"(max-width: 700px) 100vw, 700px\" \/><\/p>\n<p><img decoding=\"async\" class=\"alignnone wp-image-412 size-full\" src=\"https:\/\/jblcorten.com\/wp-content\/uploads\/2024\/08\/Retractable-Wall-Mounted-Grill.jpg\" alt=\"\" width=\"700\" height=\"470\" title=\"\" srcset=\"https:\/\/jblcorten.com\/wp-content\/uploads\/2024\/08\/Retractable-Wall-Mounted-Grill.jpg 700w, https:\/\/jblcorten.com\/wp-content\/uploads\/2024\/08\/Retractable-Wall-Mounted-Grill-600x403.jpg 600w, https:\/\/jblcorten.com\/wp-content\/uploads\/2024\/08\/Retractable-Wall-Mounted-Grill-300x201.jpg 300w\" sizes=\"(max-width: 700px) 100vw, 700px\" \/><\/p>","protected":false},"excerpt":{"rendered":"<p>Versenkbare, an der Wand befestigte Grills sind im Vergleich zu herk\u00f6mmlichen Grills eine viel bessere Wahl.<br \/>\n1. Platzsparend: Es wird an der Wand installiert, die nicht versehentlich umgesto\u00dfen wird und nicht zu viel Platz einnimmt.<br \/>\n2. Zeit und M\u00fche sparen: Beim Grillen muss man sich nicht mehr b\u00fccken, da der Grillrost entsprechend den Grillgewohnheiten aufgestellt werden kann.<\/p>","protected":false},"featured_media":2438,"template":"","meta":{"site-sidebar-layout":"default","site-content-layout":"","ast-site-content-layout":"default","site-content-style":"default","site-sidebar-style":"default","ast-global-header-display":"","ast-banner-title-visibility":"","ast-main-header-display":"","ast-hfb-above-header-display":"","ast-hfb-below-header-display":"","ast-hfb-mobile-header-display":"","site-post-title":"","ast-breadcrumbs-content":"","ast-featured-img":"","footer-sml-layout":"","ast-disable-related-posts":"","theme-transparent-header-meta":"default","adv-header-id-meta":"","stick-header-meta":"","header-above-stick-meta":"","header-main-stick-meta":"","header-below-stick-meta":"","astra-migrate-meta-layouts":"set","ast-page-background-enabled":"default","ast-page-background-meta":{"desktop":{"background-color":"var(--ast-global-color-4)","background-image":"","background-repeat":"repeat","background-position":"center center","background-size":"auto","background-attachment":"scroll","background-type":"","background-media":"","overlay-type":"","overlay-color":"","overlay-opacity":"","overlay-gradient":""},"tablet":{"background-color":"","background-image":"","background-repeat":"repeat","background-position":"center center","background-size":"auto","background-attachment":"scroll","background-type":"","background-media":"","overlay-type":"","overlay-color":"","overlay-opacity":"","overlay-gradient":""},"mobile":{"background-color":"","background-image":"","background-repeat":"repeat","background-position":"center center","background-size":"auto","background-attachment":"scroll","background-type":"","background-media":"","overlay-type":"","overlay-color":"","overlay-opacity":"","overlay-gradient":""}},"ast-content-background-meta":{"desktop":{"background-color":"var(--ast-global-color-5)","background-image":"","background-repeat":"repeat","background-position":"center center","background-size":"auto","background-attachment":"scroll","background-type":"","background-media":"","overlay-type":"","overlay-color":"","overlay-opacity":"","overlay-gradient":""},"tablet":{"background-color":"var(--ast-global-color-5)","background-image":"","background-repeat":"repeat","background-position":"center center","background-size":"auto","background-attachment":"scroll","background-type":"","background-media":"","overlay-type":"","overlay-color":"","overlay-opacity":"","overlay-gradient":""},"mobile":{"background-color":"var(--ast-global-color-5)","background-image":"","background-repeat":"repeat","background-position":"center center","background-size":"auto","background-attachment":"scroll","background-type":"","background-media":"","overlay-type":"","overlay-color":"","overlay-opacity":"","overlay-gradient":""}}},"product_brand":[],"product_cat":[25],"product_tag":[],"class_list":{"0":"post-407","1":"product","2":"type-product","3":"status-publish","4":"has-post-thumbnail","6":"product_cat-bbq-grill","7":"desktop-align-center","8":"tablet-align-left","9":"mobile-align-left","11":"first","12":"instock","13":"featured","14":"shipping-taxable","15":"product-type-simple"},"_links":{"self":[{"href":"https:\/\/jblcorten.com\/de\/wp-json\/wp\/v2\/product\/407","targetHints":{"allow":["GET"]}}],"collection":[{"href":"https:\/\/jblcorten.com\/de\/wp-json\/wp\/v2\/product"}],"about":[{"href":"https:\/\/jblcorten.com\/de\/wp-json\/wp\/v2\/types\/product"}],"wp:featuredmedia":[{"embeddable":true,"href":"https:\/\/jblcorten.com\/de\/wp-json\/wp\/v2\/media\/2438"}],"wp:attachment":[{"href":"https:\/\/jblcorten.com\/de\/wp-json\/wp\/v2\/media?parent=407"}],"wp:term":[{"taxonomy":"product_brand","embeddable":true,"href":"https:\/\/jblcorten.com\/de\/wp-json\/wp\/v2\/product_brand?post=407"},{"taxonomy":"product_cat","embeddable":true,"href":"https:\/\/jblcorten.com\/de\/wp-json\/wp\/v2\/product_cat?post=407"},{"taxonomy":"product_tag","embeddable":true,"href":"https:\/\/jblcorten.com\/de\/wp-json\/wp\/v2\/product_tag?post=407"}],"curies":[{"name":"wp","href":"https:\/\/api.w.org\/{rel}","templated":true}]}}