{"id":395,"date":"2024-08-23T08:59:14","date_gmt":"2024-08-23T08:59:14","guid":{"rendered":"https:\/\/jblcorten.com\/?post_type=product&#038;p=395"},"modified":"2025-03-21T01:33:16","modified_gmt":"2025-03-21T01:33:16","slug":"cortenholz-kamin","status":"publish","type":"product","link":"https:\/\/jblcorten.com\/de\/corten-fire-pit\/","title":{"rendered":"Corten-Feuerstelle"},"content":{"rendered":"<p><strong><span style=\"font-size: 14pt;\">Corten-Feuerstelle<\/span><\/strong><\/p>\n<p>Unsere Feuerstellen sind aus hochwertigem Cortenstahl gefertigt. Cortenstahl ist eine Stahlsorte, die eine nat\u00fcrliche Patina entwickelt, wenn sie den Elementen ausgesetzt wird. Mit der Zeit f\u00e4rbt er sich langsam rostig rot.<\/p>\n<p>Der Sockel unserer Feuerstelle wird mit einer Halterung geliefert, um die Stabilit\u00e4t und Sicherheit w\u00e4hrend des Gebrauchs zu gew\u00e4hrleisten. Die Feuerstelle ist auch einfach zu bedienen. Legen Sie einfach Holz in die Feuergrube und z\u00fcnden Sie die Flammen an. Abends k\u00f6nnen Sie sich mit Ihren Freunden oder Ihrer Familie am Feuer unterhalten.<\/p>\n<p><strong><span style=\"font-size: 14pt;\">Produktspezifikation:<\/span><\/strong><\/p>\n<table class=\"has-title is-zebra hight-light-first-column all magic-28\" style=\"height: 383px;\" width=\"899\">\n<tbody>\n<tr>\n<td colspan=\"1\" rowspan=\"1\">\n<div class=\"magic-29\" data-spm-anchor-id=\"a2700.details.0.i40.dc561892pzJoXG\">Produktname<\/div>\n<\/td>\n<td colspan=\"1\" rowspan=\"1\">\n<div class=\"magic-30\">Corten-Feuerstelle<\/div>\n<\/td>\n<\/tr>\n<tr>\n<td colspan=\"1\" rowspan=\"1\">\n<div class=\"magic-29\">Material<\/div>\n<\/td>\n<td colspan=\"1\" rowspan=\"1\">\n<div class=\"magic-30\">Cortenstahl<\/div>\n<\/td>\n<\/tr>\n<tr>\n<td colspan=\"1\" rowspan=\"1\">\n<div class=\"magic-31\">Kraftstofftyp<\/div>\n<\/td>\n<td colspan=\"1\" rowspan=\"1\">\n<div class=\"magic-32\">Holz<\/div>\n<\/td>\n<\/tr>\n<tr>\n<td colspan=\"1\" rowspan=\"1\">\n<div class=\"magic-29\">Durchmesser<\/div>\n<\/td>\n<td colspan=\"1\" rowspan=\"1\">\n<div class=\"magic-30\">60cm, 70cm, 80cm, 90cm, 100cm, 110cm, 120cm, etc.<\/div>\n<\/td>\n<\/tr>\n<tr>\n<td colspan=\"1\" rowspan=\"1\">\n<div class=\"magic-29\">Farbe<\/div>\n<\/td>\n<td colspan=\"1\" rowspan=\"1\">\n<div class=\"magic-30\">Nat\u00fcrliche Farbe<\/div>\n<\/td>\n<\/tr>\n<tr>\n<td colspan=\"1\" rowspan=\"1\">\n<div class=\"magic-29\">Dicke<\/div>\n<\/td>\n<td colspan=\"1\" rowspan=\"1\">\n<div class=\"magic-30\">2mm , 3mm<\/div>\n<\/td>\n<\/tr>\n<tr>\n<td colspan=\"1\" rowspan=\"1\">\n<div class=\"magic-29\">Anmeldung<\/div>\n<\/td>\n<td colspan=\"1\" rowspan=\"1\">\n<div class=\"magic-30\">Heizung\/Dekoration<\/div>\n<\/td>\n<\/tr>\n<tr>\n<td colspan=\"1\" rowspan=\"1\">\n<div class=\"magic-31\">Paket<\/div>\n<\/td>\n<td colspan=\"1\" rowspan=\"1\">\n<div class=\"magic-32\">Stahlpalette\/Kartonage<\/div>\n<\/td>\n<\/tr>\n<\/tbody>\n<\/table>\n<p><span style=\"font-size: 14pt;\"><strong>Was ist Cortenstahl?<\/strong><\/span><\/p>\n<p>Cortenstahl ist ein hochfester legierter Stahl, der allen Witterungsbedingungen im Freien standh\u00e4lt. Er besteht aus einer Mischung aus Kupfer, Chrom und Nickel, die eine rostige Au\u00dfenschicht bildet, die ihm nicht nur eine einzigartige Textur verleiht, sondern auch als Schutzschicht dient, um weitere Korrosion zu verhindern. W\u00e4hrend sich der Rost entwickelt, bildet er eine Schutzschicht, die den Stahl versiegelt und ihn sehr widerstandsf\u00e4hig gegen Witterungseinfl\u00fcsse macht.<\/p>\n<p><span style=\"font-size: 14pt;\"><strong>Einzelheiten zum Produkt:<\/strong><\/span><\/p>\n<p><img fetchpriority=\"high\" decoding=\"async\" class=\"alignnone wp-image-2448 size-full\" src=\"https:\/\/jblcorten.com\/wp-content\/uploads\/2024\/08\/fire-bowl.jpg\" alt=\"\" width=\"750\" height=\"500\" title=\"\" srcset=\"https:\/\/jblcorten.com\/wp-content\/uploads\/2024\/08\/fire-bowl.jpg 750w, https:\/\/jblcorten.com\/wp-content\/uploads\/2024\/08\/fire-bowl-600x400.jpg 600w, https:\/\/jblcorten.com\/wp-content\/uploads\/2024\/08\/fire-bowl-300x200.jpg 300w, https:\/\/jblcorten.com\/wp-content\/uploads\/2024\/08\/fire-bowl-18x12.jpg 18w\" sizes=\"(max-width: 750px) 100vw, 750px\" \/><\/p>\n<p>Wir sind ein Hersteller von Cortenstahl-Feuerstellen und unsere Feuerstellen sind individuell anpassbar.<\/p>\n<p><img decoding=\"async\" class=\"alignnone wp-image-2450 size-full\" src=\"https:\/\/jblcorten.com\/wp-content\/uploads\/2024\/08\/round-fire-pit.jpg\" alt=\"\" width=\"750\" height=\"562\" title=\"\" srcset=\"https:\/\/jblcorten.com\/wp-content\/uploads\/2024\/08\/round-fire-pit.jpg 750w, https:\/\/jblcorten.com\/wp-content\/uploads\/2024\/08\/round-fire-pit-600x450.jpg 600w, https:\/\/jblcorten.com\/wp-content\/uploads\/2024\/08\/round-fire-pit-300x225.jpg 300w, https:\/\/jblcorten.com\/wp-content\/uploads\/2024\/08\/round-fire-pit-16x12.jpg 16w\" sizes=\"(max-width: 750px) 100vw, 750px\" \/><\/p>\n<p><strong><span style=\"font-size: 14pt;\">Produkt-Verpackung:<\/span><\/strong><\/p>\n<p><img decoding=\"async\" class=\"alignnone wp-image-2452\" src=\"https:\/\/jblcorten.com\/wp-content\/uploads\/2024\/08\/metal-fire-pit.jpg\" alt=\"\" width=\"750\" height=\"473\" title=\"\" srcset=\"https:\/\/jblcorten.com\/wp-content\/uploads\/2024\/08\/metal-fire-pit.jpg 711w, https:\/\/jblcorten.com\/wp-content\/uploads\/2024\/08\/metal-fire-pit-600x378.jpg 600w, https:\/\/jblcorten.com\/wp-content\/uploads\/2024\/08\/metal-fire-pit-300x189.jpg 300w, https:\/\/jblcorten.com\/wp-content\/uploads\/2024\/08\/metal-fire-pit-18x12.jpg 18w\" sizes=\"(max-width: 750px) 100vw, 750px\" \/><\/p>\n<p>&nbsp;<\/p>","protected":false},"excerpt":{"rendered":"<p>Unsere Corten-Feuerstellen sind aus hochwertigem Cortenstahl gefertigt. Cortenstahl ist eine Stahlsorte, die eine nat\u00fcrliche Patina entwickelt, wenn sie den Elementen ausgesetzt wird. Mit der Zeit f\u00e4rbt er sich langsam rostrot.<\/p>","protected":false},"featured_media":1456,"template":"","meta":{"site-sidebar-layout":"default","site-content-layout":"","ast-site-content-layout":"default","site-content-style":"default","site-sidebar-style":"default","ast-global-header-display":"","ast-banner-title-visibility":"","ast-main-header-display":"","ast-hfb-above-header-display":"","ast-hfb-below-header-display":"","ast-hfb-mobile-header-display":"","site-post-title":"","ast-breadcrumbs-content":"","ast-featured-img":"","footer-sml-layout":"","ast-disable-related-posts":"","theme-transparent-header-meta":"default","adv-header-id-meta":"","stick-header-meta":"","header-above-stick-meta":"","header-main-stick-meta":"","header-below-stick-meta":"","astra-migrate-meta-layouts":"set","ast-page-background-enabled":"default","ast-page-background-meta":{"desktop":{"background-color":"var(--ast-global-color-4)","background-image":"","background-repeat":"repeat","background-position":"center center","background-size":"auto","background-attachment":"scroll","background-type":"","background-media":"","overlay-type":"","overlay-color":"","overlay-opacity":"","overlay-gradient":""},"tablet":{"background-color":"","background-image":"","background-repeat":"repeat","background-position":"center center","background-size":"auto","background-attachment":"scroll","background-type":"","background-media":"","overlay-type":"","overlay-color":"","overlay-opacity":"","overlay-gradient":""},"mobile":{"background-color":"","background-image":"","background-repeat":"repeat","background-position":"center center","background-size":"auto","background-attachment":"scroll","background-type":"","background-media":"","overlay-type":"","overlay-color":"","overlay-opacity":"","overlay-gradient":""}},"ast-content-background-meta":{"desktop":{"background-color":"var(--ast-global-color-5)","background-image":"","background-repeat":"repeat","background-position":"center center","background-size":"auto","background-attachment":"scroll","background-type":"","background-media":"","overlay-type":"","overlay-color":"","overlay-opacity":"","overlay-gradient":""},"tablet":{"background-color":"var(--ast-global-color-5)","background-image":"","background-repeat":"repeat","background-position":"center center","background-size":"auto","background-attachment":"scroll","background-type":"","background-media":"","overlay-type":"","overlay-color":"","overlay-opacity":"","overlay-gradient":""},"mobile":{"background-color":"var(--ast-global-color-5)","background-image":"","background-repeat":"repeat","background-position":"center center","background-size":"auto","background-attachment":"scroll","background-type":"","background-media":"","overlay-type":"","overlay-color":"","overlay-opacity":"","overlay-gradient":""}}},"product_brand":[],"product_cat":[29,45],"product_tag":[],"class_list":{"0":"post-395","1":"product","2":"type-product","3":"status-publish","4":"has-post-thumbnail","6":"product_cat-fire-pit","7":"product_cat-wood-burning-fire-pit","8":"desktop-align-center","9":"tablet-align-left","10":"mobile-align-left","12":"first","13":"instock","14":"featured","15":"shipping-taxable","16":"product-type-simple"},"_links":{"self":[{"href":"https:\/\/jblcorten.com\/de\/wp-json\/wp\/v2\/product\/395","targetHints":{"allow":["GET"]}}],"collection":[{"href":"https:\/\/jblcorten.com\/de\/wp-json\/wp\/v2\/product"}],"about":[{"href":"https:\/\/jblcorten.com\/de\/wp-json\/wp\/v2\/types\/product"}],"wp:featuredmedia":[{"embeddable":true,"href":"https:\/\/jblcorten.com\/de\/wp-json\/wp\/v2\/media\/1456"}],"wp:attachment":[{"href":"https:\/\/jblcorten.com\/de\/wp-json\/wp\/v2\/media?parent=395"}],"wp:term":[{"taxonomy":"product_brand","embeddable":true,"href":"https:\/\/jblcorten.com\/de\/wp-json\/wp\/v2\/product_brand?post=395"},{"taxonomy":"product_cat","embeddable":true,"href":"https:\/\/jblcorten.com\/de\/wp-json\/wp\/v2\/product_cat?post=395"},{"taxonomy":"product_tag","embeddable":true,"href":"https:\/\/jblcorten.com\/de\/wp-json\/wp\/v2\/product_tag?post=395"}],"curies":[{"name":"wp","href":"https:\/\/api.w.org\/{rel}","templated":true}]}}