{"id":3720,"date":"2025-07-16T15:34:36","date_gmt":"2025-07-16T07:34:36","guid":{"rendered":"https:\/\/jblcorten.com\/?post_type=product&#038;p=3720"},"modified":"2025-07-16T15:34:36","modified_gmt":"2025-07-16T07:34:36","slug":"dreibein-feuerstelle","status":"publish","type":"product","link":"https:\/\/jblcorten.com\/de\/tripod-fire-pit\/","title":{"rendered":"Dreibein-Feuerstelle"},"content":{"rendered":"<h2 style=\"text-align: center;\"><span style=\"font-size: 14pt;\">Dreibein-Feuerstelle<\/span><\/h2>\n<p>Der Hauptk\u00f6rper der Dreibein-Feuerstelle besteht aus hochfestem Stahl und ist mit hochtemperaturbest\u00e4ndigem schwarzem Spritzen behandelt. Es kann nicht nur dem kontinuierlichen R\u00f6sten von offenen Flammen mit hoher Temperatur widerstehen, sondern hat auch gute Rost- und Korrosionsschutzf\u00e4higkeiten. Die Bratpfanne wird mit einer Kette in der Mitte des Dreibeins aufgeh\u00e4ngt. Die L\u00e4nge der Kette kann je nach Bedarf eingestellt werden. Der Benutzer kann die H\u00f6he des Kohlenbeckens leicht einstellen, um verschiedene Verwendungszwecke zu erreichen: Er kann es zum Heizen anheben und zum Kochen absenken.<\/p>\n<p>Die dreibeinige Struktur ist mechanisch so konstruiert, dass sie auch auf unebenen B\u00f6den wie Str\u00e4nden, Schlamm und Gras stabil steht und eine sichere Verwendung gew\u00e4hrleistet. Dank der steckbaren Struktur kann das gesamte Kochersystem schnell und ohne Werkzeug demontiert und installiert werden, was den Transport, die Lagerung und den Einsatz vor Ort erleichtert.<\/p>\n<p><img fetchpriority=\"high\" decoding=\"async\" class=\"alignnone size-full wp-image-3721\" src=\"https:\/\/jblcorten.com\/wp-content\/uploads\/2025\/07\/tripod-fire-pit.jpg\" alt=\"Dreibein-Feuerstelle\" width=\"750\" height=\"400\" title=\"\" srcset=\"https:\/\/jblcorten.com\/wp-content\/uploads\/2025\/07\/tripod-fire-pit.jpg 750w, https:\/\/jblcorten.com\/wp-content\/uploads\/2025\/07\/tripod-fire-pit-300x160.jpg 300w, https:\/\/jblcorten.com\/wp-content\/uploads\/2025\/07\/tripod-fire-pit-18x10.jpg 18w, https:\/\/jblcorten.com\/wp-content\/uploads\/2025\/07\/tripod-fire-pit-600x320.jpg 600w\" sizes=\"(max-width: 750px) 100vw, 750px\" \/><\/p>\n<p><strong><span style=\"font-size: 14pt;\">Produktspezifikation:<\/span><\/strong><\/p>\n<table style=\"border-collapse: collapse; width: 100%;\">\n<tbody>\n<tr>\n<td style=\"width: 30.2543%; background-color: #f5f5f5;\">Produktname<\/td>\n<td style=\"width: 69.7457%; background-color: #f5f5f5;\">Dreibein-Feuerstelle<\/td>\n<\/tr>\n<tr>\n<td style=\"width: 30.2543%;\">Material<\/td>\n<td style=\"width: 69.7457%;\">Metall, Stahl<\/td>\n<\/tr>\n<tr>\n<td style=\"width: 30.2543%; background-color: #f5f5f5;\">Farbe<\/td>\n<td style=\"width: 69.7457%; background-color: #f5f5f5;\">Schwarz<\/td>\n<\/tr>\n<tr>\n<td style=\"width: 30.2543%;\">Durchmesser<\/td>\n<td style=\"width: 69.7457%;\">800 mm<\/td>\n<\/tr>\n<tr>\n<td style=\"width: 30.2543%; background-color: #f5f5f5;\">Dicke<\/td>\n<td style=\"width: 69.7457%; background-color: #f5f5f5;\">4 mm \/8 Spurweite<\/td>\n<\/tr>\n<\/tbody>\n<\/table>\n<p><strong><span style=\"font-size: 14pt;\">Produktvorteile:<\/span><\/strong><\/p>\n<ul>\n<li><span style=\"color: #ff9900;\"><strong>Hochtemperatur- und witterungsbest\u00e4ndige Struktur:<\/strong><\/span> Ausgew\u00e4hlter, dicker Stahl mit professioneller, hochtemperaturbest\u00e4ndiger Beschichtung auf der Oberfl\u00e4che h\u00e4lt der Verbrennung mit offener Flamme stand und ist selbst in rauen Umgebungen wie Wind, Sand und Feuchtigkeit stabil und langlebig.<\/li>\n<li><strong><span style=\"color: #ff9900;\">Stabile Dreieckskonstruktion:<\/span> <\/strong>Die Stativstruktur, die mit einer technischen Struktur entworfen wurde, hat eine gleichm\u00e4\u00dfige Kraft und ist f\u00fcr unebenes Gel\u00e4nde wie Gras, Schlamm und Str\u00e4nde geeignet. Es ist nicht leicht zu kippen und gew\u00e4hrleistet eine sichere Verwendung.<\/li>\n<li><strong><span style=\"color: #ff9900;\">Flexibles System zur Einstellung der Kette:<\/span><\/strong> Der Feuertopf wird mit einer robusten Metallkette am Dreibein aufgeh\u00e4ngt, und die Kettenl\u00e4nge kann je nach Kochbedarf oder Heizabstand frei eingestellt werden.<\/li>\n<li><strong><span style=\"color: #ff9900;\">Abnehmbare und tragbare Struktur:<\/span> <\/strong>Die einzelnen Komponenten lassen sich leicht zerlegen und aufbewahren, das Gewicht ist moderat und leicht zu transportieren - die ideale Wahl f\u00fcr professionelle Camping-Enthusiasten und Heimanwender.<\/li>\n<li><strong><span style=\"color: #ff9900;\">Anwendbar auf mehrere Szenarien:<\/span><\/strong> Ob beim Grillen im Garten, beim Campen im Freien, bei Familientreffen oder als Landschaftsdekoration, er kann W\u00e4rme und Weitblick in doppelter Hinsicht bieten.<\/li>\n<\/ul>\n<p><strong><span style=\"font-size: 14pt;\">Einzelheiten zum Produkt:<\/span><\/strong><\/p>\n<p>\u221a Diese Dreibein-Feuerstelle ist individuell anpassbar, mit den allgemeinen Gr\u00f6\u00dfen 800mm, 900mm und 1000mm.<\/p>\n<p><img decoding=\"async\" class=\"alignnone size-full wp-image-3727\" src=\"https:\/\/jblcorten.com\/wp-content\/uploads\/2025\/07\/tripod-bbq-fire-pit.jpg\" alt=\"\" width=\"750\" height=\"750\" title=\"\" srcset=\"https:\/\/jblcorten.com\/wp-content\/uploads\/2025\/07\/tripod-bbq-fire-pit.jpg 750w, https:\/\/jblcorten.com\/wp-content\/uploads\/2025\/07\/tripod-bbq-fire-pit-300x300.jpg 300w, https:\/\/jblcorten.com\/wp-content\/uploads\/2025\/07\/tripod-bbq-fire-pit-150x150.jpg 150w, https:\/\/jblcorten.com\/wp-content\/uploads\/2025\/07\/tripod-bbq-fire-pit-12x12.jpg 12w, https:\/\/jblcorten.com\/wp-content\/uploads\/2025\/07\/tripod-bbq-fire-pit-600x600.jpg 600w, https:\/\/jblcorten.com\/wp-content\/uploads\/2025\/07\/tripod-bbq-fire-pit-100x100.jpg 100w\" sizes=\"(max-width: 750px) 100vw, 750px\" \/><\/p>\n<p>\u221a Diese Feuerstelle Zubeh\u00f6r geh\u00f6ren Feuerschale, Grill, Halterung, Kette, etc.<\/p>\n<p><img decoding=\"async\" class=\"alignnone size-full wp-image-3726\" src=\"https:\/\/jblcorten.com\/wp-content\/uploads\/2025\/07\/hanging-fire-pit.jpg\" alt=\"\" width=\"750\" height=\"500\" title=\"\" srcset=\"https:\/\/jblcorten.com\/wp-content\/uploads\/2025\/07\/hanging-fire-pit.jpg 750w, https:\/\/jblcorten.com\/wp-content\/uploads\/2025\/07\/hanging-fire-pit-300x200.jpg 300w, https:\/\/jblcorten.com\/wp-content\/uploads\/2025\/07\/hanging-fire-pit-18x12.jpg 18w, https:\/\/jblcorten.com\/wp-content\/uploads\/2025\/07\/hanging-fire-pit-600x400.jpg 600w\" sizes=\"(max-width: 750px) 100vw, 750px\" \/><\/p>\n<p><strong><span style=\"font-size: 14pt;\">Produktbilder:<\/span><\/strong><\/p>\n<p><img loading=\"lazy\" decoding=\"async\" class=\"alignnone size-full wp-image-3728\" src=\"https:\/\/jblcorten.com\/wp-content\/uploads\/2025\/07\/fire-pit-cooking-tripod.jpg\" alt=\"Dreibein f\u00fcr die Feuerstelle\" width=\"750\" height=\"422\" title=\"\" srcset=\"https:\/\/jblcorten.com\/wp-content\/uploads\/2025\/07\/fire-pit-cooking-tripod.jpg 750w, https:\/\/jblcorten.com\/wp-content\/uploads\/2025\/07\/fire-pit-cooking-tripod-300x169.jpg 300w, https:\/\/jblcorten.com\/wp-content\/uploads\/2025\/07\/fire-pit-cooking-tripod-18x10.jpg 18w, https:\/\/jblcorten.com\/wp-content\/uploads\/2025\/07\/fire-pit-cooking-tripod-600x338.jpg 600w\" sizes=\"(max-width: 750px) 100vw, 750px\" \/><\/p>\n<p><img loading=\"lazy\" decoding=\"async\" class=\"alignnone size-full wp-image-3729\" src=\"https:\/\/jblcorten.com\/wp-content\/uploads\/2025\/07\/tripod-bbq-and-fire-pit.jpg\" alt=\"Dreibein-Grill und Feuerstelle\" width=\"750\" height=\"562\" title=\"\"><\/p>","protected":false},"excerpt":{"rendered":"<p>Diese dreibeinige Feuerstelle ist aus hochtemperaturbeschichtetem Stahl gefertigt und eignet sich f\u00fcr eine Vielzahl von Szenarien, wie z. B. Lagerfeuer am Strand, Partys im Hinterhof, Kochen beim Camping usw. Die verstellbare Kette steuert die H\u00f6he, die sowohl zum Heizen als auch zum Kochen mit offener Flamme verwendet werden kann. Die Struktur ist stabil und leicht zu tragen, was ihn zu einer idealen Wahl f\u00fcr das Leben im Freien macht.<\/p>","protected":false},"featured_media":3722,"template":"","meta":{"site-sidebar-layout":"default","site-content-layout":"","ast-site-content-layout":"default","site-content-style":"default","site-sidebar-style":"default","ast-global-header-display":"","ast-banner-title-visibility":"","ast-main-header-display":"","ast-hfb-above-header-display":"","ast-hfb-below-header-display":"","ast-hfb-mobile-header-display":"","site-post-title":"","ast-breadcrumbs-content":"","ast-featured-img":"","footer-sml-layout":"","ast-disable-related-posts":"","theme-transparent-header-meta":"default","adv-header-id-meta":"","stick-header-meta":"","header-above-stick-meta":"","header-main-stick-meta":"","header-below-stick-meta":"","astra-migrate-meta-layouts":"set","ast-page-background-enabled":"default","ast-page-background-meta":{"desktop":{"background-color":"var(--ast-global-color-4)","background-image":"","background-repeat":"repeat","background-position":"center center","background-size":"auto","background-attachment":"scroll","background-type":"","background-media":"","overlay-type":"","overlay-color":"","overlay-opacity":"","overlay-gradient":""},"tablet":{"background-color":"","background-image":"","background-repeat":"repeat","background-position":"center center","background-size":"auto","background-attachment":"scroll","background-type":"","background-media":"","overlay-type":"","overlay-color":"","overlay-opacity":"","overlay-gradient":""},"mobile":{"background-color":"","background-image":"","background-repeat":"repeat","background-position":"center center","background-size":"auto","background-attachment":"scroll","background-type":"","background-media":"","overlay-type":"","overlay-color":"","overlay-opacity":"","overlay-gradient":""}},"ast-content-background-meta":{"desktop":{"background-color":"var(--ast-global-color-5)","background-image":"","background-repeat":"repeat","background-position":"center center","background-size":"auto","background-attachment":"scroll","background-type":"","background-media":"","overlay-type":"","overlay-color":"","overlay-opacity":"","overlay-gradient":""},"tablet":{"background-color":"var(--ast-global-color-5)","background-image":"","background-repeat":"repeat","background-position":"center center","background-size":"auto","background-attachment":"scroll","background-type":"","background-media":"","overlay-type":"","overlay-color":"","overlay-opacity":"","overlay-gradient":""},"mobile":{"background-color":"var(--ast-global-color-5)","background-image":"","background-repeat":"repeat","background-position":"center center","background-size":"auto","background-attachment":"scroll","background-type":"","background-media":"","overlay-type":"","overlay-color":"","overlay-opacity":"","overlay-gradient":""}}},"product_brand":[],"product_cat":[29,45],"product_tag":[],"class_list":{"0":"post-3720","1":"product","2":"type-product","3":"status-publish","4":"has-post-thumbnail","6":"product_cat-fire-pit","7":"product_cat-wood-burning-fire-pit","8":"desktop-align-center","9":"tablet-align-left","10":"mobile-align-left","12":"first","13":"instock","14":"shipping-taxable","15":"product-type-simple"},"_links":{"self":[{"href":"https:\/\/jblcorten.com\/de\/wp-json\/wp\/v2\/product\/3720","targetHints":{"allow":["GET"]}}],"collection":[{"href":"https:\/\/jblcorten.com\/de\/wp-json\/wp\/v2\/product"}],"about":[{"href":"https:\/\/jblcorten.com\/de\/wp-json\/wp\/v2\/types\/product"}],"wp:featuredmedia":[{"embeddable":true,"href":"https:\/\/jblcorten.com\/de\/wp-json\/wp\/v2\/media\/3722"}],"wp:attachment":[{"href":"https:\/\/jblcorten.com\/de\/wp-json\/wp\/v2\/media?parent=3720"}],"wp:term":[{"taxonomy":"product_brand","embeddable":true,"href":"https:\/\/jblcorten.com\/de\/wp-json\/wp\/v2\/product_brand?post=3720"},{"taxonomy":"product_cat","embeddable":true,"href":"https:\/\/jblcorten.com\/de\/wp-json\/wp\/v2\/product_cat?post=3720"},{"taxonomy":"product_tag","embeddable":true,"href":"https:\/\/jblcorten.com\/de\/wp-json\/wp\/v2\/product_tag?post=3720"}],"curies":[{"name":"wp","href":"https:\/\/api.w.org\/{rel}","templated":true}]}}